{"id":992,"date":"2024-07-31T09:56:48","date_gmt":"2024-07-31T07:56:48","guid":{"rendered":"https:\/\/blog.sutilweb.eu\/?page_id=992"},"modified":"2024-07-31T09:56:48","modified_gmt":"2024-07-31T07:56:48","slug":"03-quien-puede-beneficiarse-del-marketing-automation","status":"publish","type":"page","link":"https:\/\/sutilweb.eu\/index.php\/seo-marketing\/marketing-automation\/03-quien-puede-beneficiarse-del-marketing-automation\/","title":{"rendered":"03. Quien puede beneficiarse del Marketing Automation"},"content":{"rendered":"\n<p>Hay innumerables formas de utilizar la <strong>automatizaci\u00f3n del marketing<\/strong> para ahorrar tiempo y mejorar tu estrategia de <strong>marketing<\/strong> y las relaciones con los clientes.<\/p>\n\n\n\n<p>Cualquier especialista en <strong>marketing<\/strong> que desee mejorar la comunicaci\u00f3n con los clientes puede simplificar el proceso para lograr este objetivo con la ayuda de la <strong>automatizaci\u00f3n<\/strong>. Sin embargo, la <strong>automatizaci\u00f3n<\/strong> tambi\u00e9n puede ayudar a las empresas para que su <strong>embudo de conversi\u00f3n<\/strong> sea m\u00e1s rentable.<\/p>\n\n\n\n<!--more-->\n\n\n\n<p>Para ser m\u00e1s espec\u00edficos, debes considerar una soluci\u00f3n de <strong>marketing automation<\/strong> si:<\/p>\n\n\n\n<ul class=\"wp-block-list\">\n<li>Ya generas una gran cantidad de <strong>clientes potenciales<\/strong> con regularidad. La <strong>automatizaci\u00f3n de marketing<\/strong> es particularmente poderosa para transformar prospectos en clientes, en gran parte gracias a los <strong>flujos de trabajo<\/strong> de generaci\u00f3n de <strong>leads<\/strong> y el <strong>lead scoring<\/strong>.<\/li>\n\n\n\n<li>Deseas mejorar tu <strong>estrategia de marketing por email<\/strong>. Puedes\u00a0 aumentar significativamente tus tasas de interacci\u00f3n con la ayuda de la <strong>segmentaci\u00f3n din\u00e1mica<\/strong> y la <strong>administraci\u00f3n automatizada<\/strong> de <strong>listas de contactos<\/strong>.<\/li>\n\n\n\n<li>Deseas mejorar tus relaciones con los clientes. Al enviar correos electr\u00f3nicos en respuesta a acciones o caracter\u00edsticas espec\u00edficas, puedes abordar f\u00e1cilmente las necesidades de los clientes individuales en un momento en el que son m\u00e1s receptivos.<\/li>\n<\/ul>\n\n\n\n<h2 class=\"wp-block-heading\">Resumen<\/h2>\n\n\n\n<p>Esto es lo que debes recordar acerca del <strong>marketing automation<\/strong>:<\/p>\n\n\n\n<ul class=\"wp-block-list\">\n<li>Este proceso se refiere a la <strong>automatizaci\u00f3n de tareas repetitivas<\/strong> que pueden abordarse con conjuntos de condiciones predefinidas como: <strong>clientes potenciales calificados<\/strong>, <strong>carritos abandonados<\/strong>, etc.<\/li>\n\n\n\n<li>Estas tareas se automatizan mediante la implementaci\u00f3n de <strong>flujos de trabajo<\/strong> (o <strong>escenarios<\/strong>) en un software de <strong>marketing automation<\/strong>.<\/li>\n\n\n\n<li>Los contactos ingresan a un <strong>escenario<\/strong> despu\u00e9s de que se activa un <strong>punto de entrada<\/strong>.<\/li>\n\n\n\n<li>A partir de ah\u00ed, se filtran a trav\u00e9s de diversas condiciones correspondientes (edad, ubicaci\u00f3n, n\u00famero de compras, etc.) o sus acciones.<\/li>\n\n\n\n<li>Los <strong>flujos de trabajo<\/strong> se crean para completar tareas de acuerdo con las necesidades y caracter\u00edsticas espec\u00edficas de cada contacto que ingresa al proceso.<\/li>\n<\/ul>\n\n\n\n<p>Ahora debes tener una comprensi\u00f3n m\u00e1s clara de lo que es la <strong>automatizaci\u00f3n del marketing<\/strong> y c\u00f3mo puede ser \u00fatil para hacer crecer tu negocio.<\/p>\n","protected":false},"excerpt":{"rendered":"<p>Hay innumerables formas de utilizar la automatizaci\u00f3n del marketing para ahorrar tiempo y mejorar tu estrategia de marketing y las [&hellip;]<\/p>\n","protected":false},"author":1,"featured_media":0,"parent":983,"menu_order":2,"comment_status":"closed","ping_status":"closed","template":"","meta":{"_uag_custom_page_level_css":"","site-sidebar-layout":"default","site-content-layout":"","ast-site-content-layout":"default","site-content-style":"default","site-sidebar-style":"default","ast-global-header-display":"","ast-banner-title-visibility":"","ast-main-header-display":"","ast-hfb-above-header-display":"","ast-hfb-below-header-display":"","ast-hfb-mobile-header-display":"","site-post-title":"","ast-breadcrumbs-content":"","ast-featured-img":"","footer-sml-layout":"","ast-disable-related-posts":"","theme-transparent-header-meta":"","adv-header-id-meta":"","stick-header-meta":"","header-above-stick-meta":"","header-main-stick-meta":"","header-below-stick-meta":"","astra-migrate-meta-layouts":"default","ast-page-background-enabled":"default","ast-page-background-meta":{"desktop":{"background-color":"var(--ast-global-color-4)","background-image":"","background-repeat":"repeat","background-position":"center center","background-size":"auto","background-attachment":"scroll","background-type":"","background-media":"","overlay-type":"","overlay-color":"","overlay-opacity":"","overlay-gradient":""},"tablet":{"background-color":"","background-image":"","background-repeat":"repeat","background-position":"center center","background-size":"auto","background-attachment":"scroll","background-type":"","background-media":"","overlay-type":"","overlay-color":"","overlay-opacity":"","overlay-gradient":""},"mobile":{"background-color":"","background-image":"","background-repeat":"repeat","background-position":"center center","background-size":"auto","background-attachment":"scroll","background-type":"","background-media":"","overlay-type":"","overlay-color":"","overlay-opacity":"","overlay-gradient":""}},"ast-content-background-meta":{"desktop":{"background-color":"var(--ast-global-color-5)","background-image":"","background-repeat":"repeat","background-position":"center center","background-size":"auto","background-attachment":"scroll","background-type":"","background-media":"","overlay-type":"","overlay-color":"","overlay-opacity":"","overlay-gradient":""},"tablet":{"background-color":"var(--ast-global-color-5)","background-image":"","background-repeat":"repeat","background-position":"center center","background-size":"auto","background-attachment":"scroll","background-type":"","background-media":"","overlay-type":"","overlay-color":"","overlay-opacity":"","overlay-gradient":""},"mobile":{"background-color":"var(--ast-global-color-5)","background-image":"","background-repeat":"repeat","background-position":"center center","background-size":"auto","background-attachment":"scroll","background-type":"","background-media":"","overlay-type":"","overlay-color":"","overlay-opacity":"","overlay-gradient":""}},"footnotes":""},"class_list":["post-992","page","type-page","status-publish","hentry"],"uagb_featured_image_src":{"full":false,"thumbnail":false,"medium":false,"medium_large":false,"large":false,"1536x1536":false,"2048x2048":false},"uagb_author_info":{"display_name":"Sutil Web","author_link":"https:\/\/sutilweb.eu\/index.php\/author\/sutilweb\/"},"uagb_comment_info":0,"uagb_excerpt":"Hay innumerables formas de utilizar la automatizaci\u00f3n del marketing para ahorrar tiempo y mejorar tu estrategia de marketing y las [&hellip;]","_links":{"self":[{"href":"https:\/\/sutilweb.eu\/index.php\/wp-json\/wp\/v2\/pages\/992","targetHints":{"allow":["GET"]}}],"collection":[{"href":"https:\/\/sutilweb.eu\/index.php\/wp-json\/wp\/v2\/pages"}],"about":[{"href":"https:\/\/sutilweb.eu\/index.php\/wp-json\/wp\/v2\/types\/page"}],"author":[{"embeddable":true,"href":"https:\/\/sutilweb.eu\/index.php\/wp-json\/wp\/v2\/users\/1"}],"replies":[{"embeddable":true,"href":"https:\/\/sutilweb.eu\/index.php\/wp-json\/wp\/v2\/comments?post=992"}],"version-history":[{"count":2,"href":"https:\/\/sutilweb.eu\/index.php\/wp-json\/wp\/v2\/pages\/992\/revisions"}],"predecessor-version":[{"id":994,"href":"https:\/\/sutilweb.eu\/index.php\/wp-json\/wp\/v2\/pages\/992\/revisions\/994"}],"up":[{"embeddable":true,"href":"https:\/\/sutilweb.eu\/index.php\/wp-json\/wp\/v2\/pages\/983"}],"wp:attachment":[{"href":"https:\/\/sutilweb.eu\/index.php\/wp-json\/wp\/v2\/media?parent=992"}],"curies":[{"name":"wp","href":"https:\/\/api.w.org\/{rel}","templated":true}]}}