{"id":980,"date":"2024-07-31T09:53:29","date_gmt":"2024-07-31T07:53:29","guid":{"rendered":"https:\/\/blog.sutilweb.eu\/?page_id=980"},"modified":"2024-07-31T09:53:30","modified_gmt":"2024-07-31T07:53:30","slug":"08-otros-consejos-para-el-seo-onpage","status":"publish","type":"page","link":"https:\/\/sutilweb.eu\/index.php\/seo-marketing\/consejos-seo-on-page\/08-otros-consejos-para-el-seo-onpage\/","title":{"rendered":"08. Otros consejos para el SEO OnPage"},"content":{"rendered":"\n<p>Os dejamos una serie de consejos para mejorar el <strong>SEO On Page<\/strong>:<\/p>\n\n\n\n<!--more-->\n\n\n\n<h2 class=\"wp-block-heading\">Etiquetas meta<\/h2>\n\n\n\n<p>Existen complementos que permiten al usuario rellenar estos valores desde cualquier p\u00e1gina web. Las 3 principales etiquetas META a rellenar para cada p\u00e1gina son:<\/p>\n\n\n\n<ul class=\"wp-block-list\">\n<li><strong>Title<\/strong>: t\u00edtulo de la p\u00e1gina, importante, debe ser el mismo que en el punto anterior.<\/li>\n\n\n\n<li><strong>Keywords<\/strong>: en <a href=\"https:\/\/www.google.es\/\" target=\"_blank\" rel=\"noreferrer noopener\"><strong>Google<\/strong><\/a>, hoy en d\u00eda no afectan al SEO, se ponen opcionalmente.<\/li>\n\n\n\n<li><strong>Description<\/strong>: descripci\u00f3n resumida de la p\u00e1gina y un dato especialmente importante para <strong>Google<\/strong>, aunque no sirve para posicionar directamente, pero si es un texto atractivo, puede mejora el <strong>CTR<\/strong> de la p\u00e1gina, atraer m\u00e1s visitas, y por tanto mejorar el posicionamiento.<\/li>\n\n\n\n<li>Incorporar programas de ayuda tipo calculadoras y conversores.<\/li>\n\n\n\n<li>Evitar errores <strong>HTML<\/strong>.<\/li>\n\n\n\n<li><strong>Duraci\u00f3n de la sesi\u00f3n<\/strong>: es el tiempo que pasa un usuario en la p\u00e1gina, es un valor importante para el <strong>SEO<\/strong>. A mayor tiempo que pase un usuario en la p\u00e1gina es que \u00e9sta le est\u00e1 ofreciendo contenido de calidad. Se puede medir con <strong>Google Analytics<\/strong>. Un dato importante es que la duraci\u00f3n sea mayor a 30 segundos, que es el tiempo medio que se considera que necesita un usuario para saber si ha encontrado lo que busca y quedarse o irse.<\/li>\n\n\n\n<li>Tener un <strong>Sitemap<\/strong> que cumpla la normativa de los buscadores, \u00e9sto nos lo puede generar alg\u00fan plugin. Se recomienda automatizar el env\u00edo del Sitemap cada vez que se produzca un cambio en el contenido de la web.<\/li>\n\n\n\n<li>Tener enlaces internos que usen palabras clave de forma variada. Los que se conocen como <strong>Interlinking. <\/strong>El art\u00edculo que es la referencia para una palabra clave debe recibir enlaces de otros art\u00edculos que toquen temas relacionados con esa palabra clave principal.<\/li>\n\n\n\n<li>Usar atributo <strong>Title <\/strong>en los enlaces salientes.<\/li>\n\n\n\n<li>Controlar el n\u00famero de enlaces salientes, un n\u00famero excesivo reduce nuestro <strong>Page Rank<\/strong> al transferirlo a las otras p\u00e1ginas web.<\/li>\n\n\n\n<li>Tener una <strong>p\u00e1gina de contacto<\/strong>, si adem\u00e1s \u00e9sta coincide con los datos de registro de <strong>Whois<\/strong> mucho mejor.<\/li>\n\n\n\n<li>Tener <strong>p\u00e1ginas de t\u00e9rminos de servicio y privacidad<\/strong> hacen que Google mejore la autoridad del dominio.<\/li>\n\n\n\n<li>Evitar demasiados enlaces salientes de la p\u00e1gina, sobretodo en la Home, rebajan la autoridad al ceder <strong>PageRank<\/strong> a las web de destino si son <strong>dofllow<\/strong>.<\/li>\n\n\n\n<li>N\u00famero de p\u00e1ginas de la web, es un factor leve pero las p\u00e1ginas con m\u00e1s contenido posicionan mejor.<\/li>\n\n\n\n<li>Clics en <strong>SERPs<\/strong>, mejoran el <strong>SEO<\/strong> de la web por palabra clave que se hizo la b\u00fasqueda.<\/li>\n\n\n\n<li>Se recomienda usar una gram\u00e1tica correcta al escribir,\u00a0 aunque no es un factor probado.<\/li>\n\n\n\n<li>Google es capaz de determinar el nivel de complejidad del texto, y clasificarlo para ver si es para p\u00fablico avanzado o no, lo que no se sabe exactamente es si afecta al SEO<\/li>\n\n\n\n<li>Se cree que Google ha habilitado que editores humanos influyan en las SERPS.<\/li>\n\n\n\n<li><strong>B\u00fasqueda para compra<\/strong>: seg\u00fan estemos buscando servicios o algo que comprar, Google nos mostrar\u00e1 uno u otros resultados para palabras clave similares, es por ello que es interesante saber utilizar <strong>Google Places, <\/strong>donde se da informaci\u00f3n de negocios.<\/li>\n<\/ul>\n","protected":false},"excerpt":{"rendered":"<p>Os dejamos una serie de consejos para mejorar el SEO On Page:<\/p>\n","protected":false},"author":1,"featured_media":0,"parent":956,"menu_order":7,"comment_status":"closed","ping_status":"closed","template":"","meta":{"_uag_custom_page_level_css":"","site-sidebar-layout":"default","site-content-layout":"","ast-site-content-layout":"default","site-content-style":"default","site-sidebar-style":"default","ast-global-header-display":"","ast-banner-title-visibility":"","ast-main-header-display":"","ast-hfb-above-header-display":"","ast-hfb-below-header-display":"","ast-hfb-mobile-header-display":"","site-post-title":"","ast-breadcrumbs-content":"","ast-featured-img":"","footer-sml-layout":"","ast-disable-related-posts":"","theme-transparent-header-meta":"","adv-header-id-meta":"","stick-header-meta":"","header-above-stick-meta":"","header-main-stick-meta":"","header-below-stick-meta":"","astra-migrate-meta-layouts":"default","ast-page-background-enabled":"default","ast-page-background-meta":{"desktop":{"background-color":"var(--ast-global-color-4)","background-image":"","background-repeat":"repeat","background-position":"center center","background-size":"auto","background-attachment":"scroll","background-type":"","background-media":"","overlay-type":"","overlay-color":"","overlay-opacity":"","overlay-gradient":""},"tablet":{"background-color":"","background-image":"","background-repeat":"repeat","background-position":"center center","background-size":"auto","background-attachment":"scroll","background-type":"","background-media":"","overlay-type":"","overlay-color":"","overlay-opacity":"","overlay-gradient":""},"mobile":{"background-color":"","background-image":"","background-repeat":"repeat","background-position":"center center","background-size":"auto","background-attachment":"scroll","background-type":"","background-media":"","overlay-type":"","overlay-color":"","overlay-opacity":"","overlay-gradient":""}},"ast-content-background-meta":{"desktop":{"background-color":"var(--ast-global-color-5)","background-image":"","background-repeat":"repeat","background-position":"center center","background-size":"auto","background-attachment":"scroll","background-type":"","background-media":"","overlay-type":"","overlay-color":"","overlay-opacity":"","overlay-gradient":""},"tablet":{"background-color":"var(--ast-global-color-5)","background-image":"","background-repeat":"repeat","background-position":"center center","background-size":"auto","background-attachment":"scroll","background-type":"","background-media":"","overlay-type":"","overlay-color":"","overlay-opacity":"","overlay-gradient":""},"mobile":{"background-color":"var(--ast-global-color-5)","background-image":"","background-repeat":"repeat","background-position":"center center","background-size":"auto","background-attachment":"scroll","background-type":"","background-media":"","overlay-type":"","overlay-color":"","overlay-opacity":"","overlay-gradient":""}},"footnotes":""},"class_list":["post-980","page","type-page","status-publish","hentry"],"uagb_featured_image_src":{"full":false,"thumbnail":false,"medium":false,"medium_large":false,"large":false,"1536x1536":false,"2048x2048":false},"uagb_author_info":{"display_name":"Sutil Web","author_link":"https:\/\/sutilweb.eu\/index.php\/author\/sutilweb\/"},"uagb_comment_info":0,"uagb_excerpt":"Os dejamos una serie de consejos para mejorar el SEO On Page:","_links":{"self":[{"href":"https:\/\/sutilweb.eu\/index.php\/wp-json\/wp\/v2\/pages\/980","targetHints":{"allow":["GET"]}}],"collection":[{"href":"https:\/\/sutilweb.eu\/index.php\/wp-json\/wp\/v2\/pages"}],"about":[{"href":"https:\/\/sutilweb.eu\/index.php\/wp-json\/wp\/v2\/types\/page"}],"author":[{"embeddable":true,"href":"https:\/\/sutilweb.eu\/index.php\/wp-json\/wp\/v2\/users\/1"}],"replies":[{"embeddable":true,"href":"https:\/\/sutilweb.eu\/index.php\/wp-json\/wp\/v2\/comments?post=980"}],"version-history":[{"count":2,"href":"https:\/\/sutilweb.eu\/index.php\/wp-json\/wp\/v2\/pages\/980\/revisions"}],"predecessor-version":[{"id":982,"href":"https:\/\/sutilweb.eu\/index.php\/wp-json\/wp\/v2\/pages\/980\/revisions\/982"}],"up":[{"embeddable":true,"href":"https:\/\/sutilweb.eu\/index.php\/wp-json\/wp\/v2\/pages\/956"}],"wp:attachment":[{"href":"https:\/\/sutilweb.eu\/index.php\/wp-json\/wp\/v2\/media?parent=980"}],"curies":[{"name":"wp","href":"https:\/\/api.w.org\/{rel}","templated":true}]}}