{"id":959,"date":"2024-07-31T09:48:10","date_gmt":"2024-07-31T07:48:10","guid":{"rendered":"https:\/\/blog.sutilweb.eu\/?page_id=959"},"modified":"2024-07-31T09:48:10","modified_gmt":"2024-07-31T07:48:10","slug":"01-buscar-una-buena-experiencia-de-usuario","status":"publish","type":"page","link":"https:\/\/sutilweb.eu\/index.php\/seo-marketing\/consejos-seo-on-page\/01-buscar-una-buena-experiencia-de-usuario\/","title":{"rendered":"01. Buscar una buena experiencia de usuario"},"content":{"rendered":"\n<p>Cualquier cosa que mejore o facilite una mejor experiencia de usuario har\u00e1 que <strong>Google<\/strong> mejore el posicionamiento de nuestra p\u00e1gina web, por ejemplo:<\/p>\n\n\n\n<!--more-->\n\n\n\n<ul class=\"wp-block-list\">\n<li>Insertar contenido enriquecido de fuentes muy populares como videos de <strong>YouTube<\/strong> o <strong>Tweets<\/strong> en nuestros contenidos mejoran el <strong>SEO<\/strong> de los mismos y tambi\u00e9n hacen que el usuario pase un poco m\u00e1s de tiempo en nuestra p\u00e1gina web lo cual tambi\u00e9n beneficia el posicionamiento.<\/li>\n\n\n\n<li>Si se produce un elevado porcentaje de rebote <strong>Google<\/strong> entiende que a la gente no le interesa la Web porque se va pronto y la penaliza como poco interesante.<\/li>\n\n\n\n<li>P\u00e1gina <strong>User friendly<\/strong>, quiere decir que tengan un dise\u00f1o limpio que facilite la lectura a los usuarios.<\/li>\n\n\n\n<li>La Web debe ser <strong>Responsive<\/strong> y que se adapte a tel\u00e9fonos m\u00f3viles. <strong>Google<\/strong> tiene herramientas propias que te ayudan a verificar este punto.<\/li>\n\n\n\n<li><strong>Comentarios en la p\u00e1gina<\/strong>: a m\u00e1s comentarios y diversidad de <strong>IPs<\/strong> en un art\u00edculo mayores probabilidades deber\u00eda tener este a la hora de posicionar. Tener demasiados comentarios desde una misma <strong>IP<\/strong> puede penalizar ese art\u00edculo porque <strong>Google<\/strong> lo considere <strong>Spam<\/strong>.<\/li>\n\n\n\n<li>Estar en los marcadores (<strong>Bookmarks<\/strong>) de <strong>Google Chrome<\/strong>. No es mala idea poner botones para que nos a\u00f1adan a favoritos.<\/li>\n<\/ul>\n","protected":false},"excerpt":{"rendered":"<p>Cualquier cosa que mejore o facilite una mejor experiencia de usuario har\u00e1 que Google mejore el posicionamiento de nuestra p\u00e1gina [&hellip;]<\/p>\n","protected":false},"author":1,"featured_media":0,"parent":956,"menu_order":0,"comment_status":"closed","ping_status":"closed","template":"","meta":{"_uag_custom_page_level_css":"","site-sidebar-layout":"default","site-content-layout":"","ast-site-content-layout":"default","site-content-style":"default","site-sidebar-style":"default","ast-global-header-display":"","ast-banner-title-visibility":"","ast-main-header-display":"","ast-hfb-above-header-display":"","ast-hfb-below-header-display":"","ast-hfb-mobile-header-display":"","site-post-title":"","ast-breadcrumbs-content":"","ast-featured-img":"","footer-sml-layout":"","ast-disable-related-posts":"","theme-transparent-header-meta":"","adv-header-id-meta":"","stick-header-meta":"","header-above-stick-meta":"","header-main-stick-meta":"","header-below-stick-meta":"","astra-migrate-meta-layouts":"default","ast-page-background-enabled":"default","ast-page-background-meta":{"desktop":{"background-color":"var(--ast-global-color-4)","background-image":"","background-repeat":"repeat","background-position":"center center","background-size":"auto","background-attachment":"scroll","background-type":"","background-media":"","overlay-type":"","overlay-color":"","overlay-opacity":"","overlay-gradient":""},"tablet":{"background-color":"","background-image":"","background-repeat":"repeat","background-position":"center center","background-size":"auto","background-attachment":"scroll","background-type":"","background-media":"","overlay-type":"","overlay-color":"","overlay-opacity":"","overlay-gradient":""},"mobile":{"background-color":"","background-image":"","background-repeat":"repeat","background-position":"center center","background-size":"auto","background-attachment":"scroll","background-type":"","background-media":"","overlay-type":"","overlay-color":"","overlay-opacity":"","overlay-gradient":""}},"ast-content-background-meta":{"desktop":{"background-color":"var(--ast-global-color-5)","background-image":"","background-repeat":"repeat","background-position":"center center","background-size":"auto","background-attachment":"scroll","background-type":"","background-media":"","overlay-type":"","overlay-color":"","overlay-opacity":"","overlay-gradient":""},"tablet":{"background-color":"var(--ast-global-color-5)","background-image":"","background-repeat":"repeat","background-position":"center center","background-size":"auto","background-attachment":"scroll","background-type":"","background-media":"","overlay-type":"","overlay-color":"","overlay-opacity":"","overlay-gradient":""},"mobile":{"background-color":"var(--ast-global-color-5)","background-image":"","background-repeat":"repeat","background-position":"center center","background-size":"auto","background-attachment":"scroll","background-type":"","background-media":"","overlay-type":"","overlay-color":"","overlay-opacity":"","overlay-gradient":""}},"footnotes":""},"class_list":["post-959","page","type-page","status-publish","hentry"],"uagb_featured_image_src":{"full":false,"thumbnail":false,"medium":false,"medium_large":false,"large":false,"1536x1536":false,"2048x2048":false},"uagb_author_info":{"display_name":"Sutil Web","author_link":"https:\/\/sutilweb.eu\/index.php\/author\/sutilweb\/"},"uagb_comment_info":0,"uagb_excerpt":"Cualquier cosa que mejore o facilite una mejor experiencia de usuario har\u00e1 que Google mejore el posicionamiento de nuestra p\u00e1gina [&hellip;]","_links":{"self":[{"href":"https:\/\/sutilweb.eu\/index.php\/wp-json\/wp\/v2\/pages\/959","targetHints":{"allow":["GET"]}}],"collection":[{"href":"https:\/\/sutilweb.eu\/index.php\/wp-json\/wp\/v2\/pages"}],"about":[{"href":"https:\/\/sutilweb.eu\/index.php\/wp-json\/wp\/v2\/types\/page"}],"author":[{"embeddable":true,"href":"https:\/\/sutilweb.eu\/index.php\/wp-json\/wp\/v2\/users\/1"}],"replies":[{"embeddable":true,"href":"https:\/\/sutilweb.eu\/index.php\/wp-json\/wp\/v2\/comments?post=959"}],"version-history":[{"count":2,"href":"https:\/\/sutilweb.eu\/index.php\/wp-json\/wp\/v2\/pages\/959\/revisions"}],"predecessor-version":[{"id":961,"href":"https:\/\/sutilweb.eu\/index.php\/wp-json\/wp\/v2\/pages\/959\/revisions\/961"}],"up":[{"embeddable":true,"href":"https:\/\/sutilweb.eu\/index.php\/wp-json\/wp\/v2\/pages\/956"}],"wp:attachment":[{"href":"https:\/\/sutilweb.eu\/index.php\/wp-json\/wp\/v2\/media?parent=959"}],"curies":[{"name":"wp","href":"https:\/\/api.w.org\/{rel}","templated":true}]}}