{"id":953,"date":"2024-07-31T09:46:24","date_gmt":"2024-07-31T07:46:24","guid":{"rendered":"https:\/\/blog.sutilweb.eu\/?page_id=953"},"modified":"2024-07-31T09:46:25","modified_gmt":"2024-07-31T07:46:25","slug":"10-resumen-seo","status":"publish","type":"page","link":"https:\/\/sutilweb.eu\/index.php\/seo-marketing\/seo-desde-cero\/10-resumen-seo\/","title":{"rendered":"10. Resumen SEO"},"content":{"rendered":"\n<h2 class=\"wp-block-heading\">Lista resumida<\/h2>\n\n\n\n<p>Hagamos un resumen de lo visto hasta ahora a tener en cuenta en el contenido:<\/p>\n\n\n\n<!--more-->\n\n\n\n<ul class=\"wp-block-list\">\n<li><strong>Contenido de calidad<\/strong>: que aporte conocimiento y sea \u00fatil para los usuarios que visitan la Web.<\/li>\n\n\n\n<li><strong>Textos de m\u00e1s de 300 palabras<\/strong>: tienden a posicionar mejor porque se consideran m\u00e1s ricos en contenido. Se recomienda entre 500 y 1.500 palabras.<\/li>\n\n\n\n<li><strong>Sem\u00e1ntica<\/strong>: cada vez se tiene m\u00e1s en cuenta. Si estamos en un contenido financiero la palabra Banco ser\u00e1 interpretada y posicionar\u00e1 en <strong>Google<\/strong> como entidad financiera y no como mueble para sentarse de forma autom\u00e1tica. Usar Bancos y Caja de Ahorro se auto-potencia. Tambi\u00e9n es importante incluir esto en las <strong>META Keyword<\/strong> y <strong>Description<\/strong> .<\/li>\n\n\n\n<li><strong>Contenidos actualizados frecuentemente<\/strong>: <strong>Google<\/strong> prima las p\u00e1ginas que son m\u00e1s actualizadas sobre otras que permanecen m\u00e1s est\u00e1ticas. Si adem\u00e1s a\u00f1adimos contenido a p\u00e1ginas o entradas ya indexadas tambi\u00e9n se considera relevante. Esto ser\u00eda v\u00e1lido por ejemplo para p\u00e1ginas tipo Diccionario que se van enriqueciendo con nuevos t\u00e9rminos.<\/li>\n\n\n\n<li><strong>Contenidos sobre tendencias<\/strong>: a <strong>Google<\/strong> le interesa mostrar contenidos recientes sobre temas que son tendencia.<\/li>\n\n\n\n<li><strong>Contenido multimedia<\/strong>: enriquecen las p\u00e1ginas y hay que pensar que las <strong>SERP\u2019s<\/strong> tienen un espacio reservado en su parte superior para v\u00eddeos de <strong>YouTube<\/strong> que suele estar vac\u00eda. Con lo cual subir v\u00eddeos a <strong>YouTube<\/strong> relacionados con el contenido y usarlos en nuestra p\u00e1gina puede ser una excelente estrategia.<\/li>\n\n\n\n<li><strong>Contenido bien categorizado y organizado<\/strong>: una p\u00e1gina con todos sus contenidos bien estructurados y bien organizada es mejor clasificada que otras.<\/li>\n\n\n\n<li><strong>P\u00e1ginas relacionadas entre s\u00ed<\/strong>: por ejemplo <em>Quienes somos<\/em> enlazado con <em>Contacta<\/em> y ambas con la <em>Home<\/em>.<\/li>\n\n\n\n<li><strong>Uso correcto de las etiquetas de WordPress<\/strong>: tal como explican los expertos, una manera de mejorar tu <strong>SEO<\/strong> es relacionar un fragmento de contenido con otro y esto se consigue a trav\u00e9s etiquetas.<\/li>\n\n\n\n<li>Incluir en el contenido enlaces a p\u00e1ginas de referencia con gran autoridad como <strong>Wikipedia<\/strong>, <strong>Medios de comunicaci\u00f3n<\/strong>, <strong>Organismos internacionales<\/strong>, etc.<\/li>\n\n\n\n<li>Usar <strong>anchor-text<\/strong> con palabras clave en nuestros enlaces salientes.<\/li>\n\n\n\n<li>Incluir <strong>listas y galer\u00edas de im\u00e1genes<\/strong> en algunos post tipo \u201cLas 10 fotos m\u00e1s compartidas en Facebook\u201d.<\/li>\n\n\n\n<li><strong>Contenidos frescos<\/strong>: sobre temas que hace tiempo no tienen informaci\u00f3n actualizada. Google posiciona muy bien las nueva informaci\u00f3n cuando se buscan dichos temas.<\/li>\n\n\n\n<li>Citar a personas concretas del mundo de los blogs y de nuestro sector puede favorecer que compartan nuestros art\u00edculos y eso mejore el <strong>SEO<\/strong>.<\/li>\n<\/ul>\n","protected":false},"excerpt":{"rendered":"<p>Lista resumida Hagamos un resumen de lo visto hasta ahora a tener en cuenta en el contenido:<\/p>\n","protected":false},"author":1,"featured_media":0,"parent":887,"menu_order":9,"comment_status":"closed","ping_status":"closed","template":"","meta":{"_uag_custom_page_level_css":"","site-sidebar-layout":"default","site-content-layout":"","ast-site-content-layout":"default","site-content-style":"default","site-sidebar-style":"default","ast-global-header-display":"","ast-banner-title-visibility":"","ast-main-header-display":"","ast-hfb-above-header-display":"","ast-hfb-below-header-display":"","ast-hfb-mobile-header-display":"","site-post-title":"","ast-breadcrumbs-content":"","ast-featured-img":"","footer-sml-layout":"","ast-disable-related-posts":"","theme-transparent-header-meta":"","adv-header-id-meta":"","stick-header-meta":"","header-above-stick-meta":"","header-main-stick-meta":"","header-below-stick-meta":"","astra-migrate-meta-layouts":"default","ast-page-background-enabled":"default","ast-page-background-meta":{"desktop":{"background-color":"var(--ast-global-color-4)","background-image":"","background-repeat":"repeat","background-position":"center center","background-size":"auto","background-attachment":"scroll","background-type":"","background-media":"","overlay-type":"","overlay-color":"","overlay-opacity":"","overlay-gradient":""},"tablet":{"background-color":"","background-image":"","background-repeat":"repeat","background-position":"center center","background-size":"auto","background-attachment":"scroll","background-type":"","background-media":"","overlay-type":"","overlay-color":"","overlay-opacity":"","overlay-gradient":""},"mobile":{"background-color":"","background-image":"","background-repeat":"repeat","background-position":"center center","background-size":"auto","background-attachment":"scroll","background-type":"","background-media":"","overlay-type":"","overlay-color":"","overlay-opacity":"","overlay-gradient":""}},"ast-content-background-meta":{"desktop":{"background-color":"var(--ast-global-color-5)","background-image":"","background-repeat":"repeat","background-position":"center center","background-size":"auto","background-attachment":"scroll","background-type":"","background-media":"","overlay-type":"","overlay-color":"","overlay-opacity":"","overlay-gradient":""},"tablet":{"background-color":"var(--ast-global-color-5)","background-image":"","background-repeat":"repeat","background-position":"center center","background-size":"auto","background-attachment":"scroll","background-type":"","background-media":"","overlay-type":"","overlay-color":"","overlay-opacity":"","overlay-gradient":""},"mobile":{"background-color":"var(--ast-global-color-5)","background-image":"","background-repeat":"repeat","background-position":"center center","background-size":"auto","background-attachment":"scroll","background-type":"","background-media":"","overlay-type":"","overlay-color":"","overlay-opacity":"","overlay-gradient":""}},"footnotes":""},"class_list":["post-953","page","type-page","status-publish","hentry"],"uagb_featured_image_src":{"full":false,"thumbnail":false,"medium":false,"medium_large":false,"large":false,"1536x1536":false,"2048x2048":false},"uagb_author_info":{"display_name":"Sutil Web","author_link":"https:\/\/sutilweb.eu\/index.php\/author\/sutilweb\/"},"uagb_comment_info":0,"uagb_excerpt":"Lista resumida Hagamos un resumen de lo visto hasta ahora a tener en cuenta en el contenido:","_links":{"self":[{"href":"https:\/\/sutilweb.eu\/index.php\/wp-json\/wp\/v2\/pages\/953","targetHints":{"allow":["GET"]}}],"collection":[{"href":"https:\/\/sutilweb.eu\/index.php\/wp-json\/wp\/v2\/pages"}],"about":[{"href":"https:\/\/sutilweb.eu\/index.php\/wp-json\/wp\/v2\/types\/page"}],"author":[{"embeddable":true,"href":"https:\/\/sutilweb.eu\/index.php\/wp-json\/wp\/v2\/users\/1"}],"replies":[{"embeddable":true,"href":"https:\/\/sutilweb.eu\/index.php\/wp-json\/wp\/v2\/comments?post=953"}],"version-history":[{"count":2,"href":"https:\/\/sutilweb.eu\/index.php\/wp-json\/wp\/v2\/pages\/953\/revisions"}],"predecessor-version":[{"id":955,"href":"https:\/\/sutilweb.eu\/index.php\/wp-json\/wp\/v2\/pages\/953\/revisions\/955"}],"up":[{"embeddable":true,"href":"https:\/\/sutilweb.eu\/index.php\/wp-json\/wp\/v2\/pages\/887"}],"wp:attachment":[{"href":"https:\/\/sutilweb.eu\/index.php\/wp-json\/wp\/v2\/media?parent=953"}],"curies":[{"name":"wp","href":"https:\/\/api.w.org\/{rel}","templated":true}]}}