{"id":944,"date":"2024-07-31T09:43:48","date_gmt":"2024-07-31T07:43:48","guid":{"rendered":"https:\/\/blog.sutilweb.eu\/?page_id=944"},"modified":"2024-07-31T09:43:48","modified_gmt":"2024-07-31T07:43:48","slug":"07-elementos-relacionados-con-el-dominio","status":"publish","type":"page","link":"https:\/\/sutilweb.eu\/index.php\/seo-marketing\/seo-desde-cero\/07-elementos-relacionados-con-el-dominio\/","title":{"rendered":"07. Elementos relacionados con el dominio"},"content":{"rendered":"\n<h2 class=\"wp-block-heading\">Nombre del dominio web<\/h2>\n\n\n\n<p>Es el primer factor y el m\u00e1s importante de todos, si hay una palabra que sea fundamental para nosotros debe estar en el nombre de la p\u00e1gina Web. A d\u00eda&nbsp;de hoy (2018) no es tan importante incluir <strong>keywords<\/strong> en el dominio. Si la palabra clave est\u00e1 al principio mejor, si tiene la combinaci\u00f3n de palabras claves exacta tambi\u00e9n mejor (<strong>Exact Match Domain<\/strong>). Cuanto m\u00e1s pr\u00f3ximas est\u00e9n a la ra\u00edz del dominio mejor.<\/p>\n\n\n\n<!--more-->\n\n\n\n<h2 class=\"wp-block-heading\">Antig\u00fcedad del dominio<\/h2>\n\n\n\n<p>A m\u00e1s antiguo mejor. No es vital pero cuanto m\u00e1s antiguo mejor, si adem\u00e1s se combina con actualizaciones frecuentes es m\u00e1s potente todav\u00eda. Un estudio&nbsp;publicado por <strong>Ahrefs<\/strong> revela que las p\u00e1ginas web antiguas dominan la primera p\u00e1gina de los resultados de b\u00fasqueda de <strong>Google<\/strong> y l as nuevas, con menos de un a\u00f1o de vida, representan \u00fanicamente el 0.3% de las diez principales p\u00e1ginas de resultados del motor de b\u00fasqueda para 2 millones de palabras clave seleccionadas al azar.<\/p>\n\n\n\n<h2 class=\"wp-block-heading\">Registro del dominio<\/h2>\n\n\n\n<p>Si se han pagado 4 a\u00f1os en vez de uno mejor y si lo ha tenido una sola entidad tambi\u00e9n mejor. Tener un <strong>whois p\u00fablico<\/strong> y un historial limpio de penalizaciones.<\/p>\n\n\n\n<h2 class=\"wp-block-heading\">Extensi\u00f3n del dominio<\/h2>\n\n\n\n<p>Es importante la extensi\u00f3n del dominio en el \u00e1mbito de la territorialidad. Una p\u00e1gina ser\u00e1 m\u00e1s relevante en el Google espa\u00f1ol si tiene el dominio <strong>.es<\/strong>. Las nuevas extensiones de nombres <strong>TLD<\/strong> posicionan igual que las tradicionales.<\/p>\n\n\n\n<h2 class=\"wp-block-heading\">Palabras clave encadenadas en las URL<\/h2>\n\n\n\n<p>por ejemplo para posicionar SEO y herramientas es eficaz: <em>midominio.com\/seo\/herramientas<\/em> .<\/p>\n\n\n\n<h2 class=\"wp-block-heading\">Palabra clave en subdominios<\/h2>\n\n\n\n<p>Como el caso anterior. Aunque hay que tener en cuenta que los subdominios posicionan por separado como si fueran webs independientes.<\/p>\n\n\n\n<h2 class=\"wp-block-heading\">Dominio con o sin www<\/h2>\n\n\n\n<p>Debe haber un dominio por defecto con www o sin www, <strong>WordPress<\/strong> lo genera por defecto con www y en <strong>Google Search Console<\/strong> podemos confirmar uno u otro. Es indiferente en cuanto al <strong>SEO<\/strong> utilizar el dominio con www o sin www lo que no hay que hacer es cambiarlo al cabo del tiempo porque genera problemas en los buscadores.<\/p>\n\n\n\n<h2 class=\"wp-block-heading\">URL de las p\u00e1ginas<\/h2>\n\n\n\n<p>Es el 2\u00ba criterio en importancia para <strong>Google<\/strong> , el nombre de la p\u00e1gina. Las p\u00e1ginas que se llaman <em>midominio.com\/modules.php?name=ejer&amp;op=53<\/em>, no posicionan tan bien como las <strong>URL descriptivas<\/strong> o <strong>permalinks<\/strong>.<\/p>\n\n\n\n<h2 class=\"wp-block-heading\">T\u00edtulo de la p\u00e1gina<\/h2>\n\n\n\n<p>El t\u00edtulo de la p\u00e1gina es el nombre que le damos nosotros y puede coincidir en que sean las mismas palabras o similares que la direcci\u00f3n. En una b\u00fasqueda <strong>Google<\/strong> da relevancia al <strong>t\u00edtulo<\/strong>, cuando las palabras del <strong>t\u00edtulo<\/strong> coinciden con las de la <strong>b\u00fasqueda <\/strong>las destaca en negrita.<\/p>\n","protected":false},"excerpt":{"rendered":"<p>Nombre del dominio web Es el primer factor y el m\u00e1s importante de todos, si hay una palabra que sea [&hellip;]<\/p>\n","protected":false},"author":1,"featured_media":0,"parent":887,"menu_order":6,"comment_status":"closed","ping_status":"closed","template":"","meta":{"_uag_custom_page_level_css":"","site-sidebar-layout":"default","site-content-layout":"","ast-site-content-layout":"default","site-content-style":"default","site-sidebar-style":"default","ast-global-header-display":"","ast-banner-title-visibility":"","ast-main-header-display":"","ast-hfb-above-header-display":"","ast-hfb-below-header-display":"","ast-hfb-mobile-header-display":"","site-post-title":"","ast-breadcrumbs-content":"","ast-featured-img":"","footer-sml-layout":"","ast-disable-related-posts":"","theme-transparent-header-meta":"","adv-header-id-meta":"","stick-header-meta":"","header-above-stick-meta":"","header-main-stick-meta":"","header-below-stick-meta":"","astra-migrate-meta-layouts":"default","ast-page-background-enabled":"default","ast-page-background-meta":{"desktop":{"background-color":"var(--ast-global-color-4)","background-image":"","background-repeat":"repeat","background-position":"center center","background-size":"auto","background-attachment":"scroll","background-type":"","background-media":"","overlay-type":"","overlay-color":"","overlay-opacity":"","overlay-gradient":""},"tablet":{"background-color":"","background-image":"","background-repeat":"repeat","background-position":"center center","background-size":"auto","background-attachment":"scroll","background-type":"","background-media":"","overlay-type":"","overlay-color":"","overlay-opacity":"","overlay-gradient":""},"mobile":{"background-color":"","background-image":"","background-repeat":"repeat","background-position":"center center","background-size":"auto","background-attachment":"scroll","background-type":"","background-media":"","overlay-type":"","overlay-color":"","overlay-opacity":"","overlay-gradient":""}},"ast-content-background-meta":{"desktop":{"background-color":"var(--ast-global-color-5)","background-image":"","background-repeat":"repeat","background-position":"center center","background-size":"auto","background-attachment":"scroll","background-type":"","background-media":"","overlay-type":"","overlay-color":"","overlay-opacity":"","overlay-gradient":""},"tablet":{"background-color":"var(--ast-global-color-5)","background-image":"","background-repeat":"repeat","background-position":"center center","background-size":"auto","background-attachment":"scroll","background-type":"","background-media":"","overlay-type":"","overlay-color":"","overlay-opacity":"","overlay-gradient":""},"mobile":{"background-color":"var(--ast-global-color-5)","background-image":"","background-repeat":"repeat","background-position":"center center","background-size":"auto","background-attachment":"scroll","background-type":"","background-media":"","overlay-type":"","overlay-color":"","overlay-opacity":"","overlay-gradient":""}},"footnotes":""},"class_list":["post-944","page","type-page","status-publish","hentry"],"uagb_featured_image_src":{"full":false,"thumbnail":false,"medium":false,"medium_large":false,"large":false,"1536x1536":false,"2048x2048":false},"uagb_author_info":{"display_name":"Sutil Web","author_link":"https:\/\/sutilweb.eu\/index.php\/author\/sutilweb\/"},"uagb_comment_info":0,"uagb_excerpt":"Nombre del dominio web Es el primer factor y el m\u00e1s importante de todos, si hay una palabra que sea [&hellip;]","_links":{"self":[{"href":"https:\/\/sutilweb.eu\/index.php\/wp-json\/wp\/v2\/pages\/944","targetHints":{"allow":["GET"]}}],"collection":[{"href":"https:\/\/sutilweb.eu\/index.php\/wp-json\/wp\/v2\/pages"}],"about":[{"href":"https:\/\/sutilweb.eu\/index.php\/wp-json\/wp\/v2\/types\/page"}],"author":[{"embeddable":true,"href":"https:\/\/sutilweb.eu\/index.php\/wp-json\/wp\/v2\/users\/1"}],"replies":[{"embeddable":true,"href":"https:\/\/sutilweb.eu\/index.php\/wp-json\/wp\/v2\/comments?post=944"}],"version-history":[{"count":2,"href":"https:\/\/sutilweb.eu\/index.php\/wp-json\/wp\/v2\/pages\/944\/revisions"}],"predecessor-version":[{"id":946,"href":"https:\/\/sutilweb.eu\/index.php\/wp-json\/wp\/v2\/pages\/944\/revisions\/946"}],"up":[{"embeddable":true,"href":"https:\/\/sutilweb.eu\/index.php\/wp-json\/wp\/v2\/pages\/887"}],"wp:attachment":[{"href":"https:\/\/sutilweb.eu\/index.php\/wp-json\/wp\/v2\/media?parent=944"}],"curies":[{"name":"wp","href":"https:\/\/api.w.org\/{rel}","templated":true}]}}