{"id":941,"date":"2024-07-31T09:42:56","date_gmt":"2024-07-31T07:42:56","guid":{"rendered":"https:\/\/blog.sutilweb.eu\/?page_id=941"},"modified":"2024-07-31T09:42:57","modified_gmt":"2024-07-31T07:42:57","slug":"06-seo-onpage","status":"publish","type":"page","link":"https:\/\/sutilweb.eu\/index.php\/seo-marketing\/seo-desde-cero\/06-seo-onpage\/","title":{"rendered":"06. SEO OnPage"},"content":{"rendered":"\n<p>En este cap\u00edtulo vamos a explicar todos aquellos factores que influyen en el posicionamiento de una p\u00e1gina web en funci\u00f3n de su estructura y contenido, por ello se realiza una divisi\u00f3n de los factores en funci\u00f3n de dichos conceptos.<\/p>\n\n\n\n<!--more-->\n\n\n\n<h2 class=\"wp-block-heading\">Estructura de la web<\/h2>\n\n\n\n<h3 class=\"wp-block-heading\">Estructura de las p\u00e1ginas de la web<\/h3>\n\n\n\n<p>En la estructura de p\u00e1ginas cada concepto clave que queramos resaltar en nuestra Web deber\u00eda tener su propia p\u00e1gina con su <strong>t\u00edtulo<\/strong>, <strong>descripci\u00f3n<\/strong> y <strong>contenidos<\/strong> donde abunden referencias al concepto. Una p\u00e1gina bien estructurada posicionar\u00e1 mejor.<\/p>\n\n\n\n<p>Existen dos tipos de estructuras web: <strong>horizontal<\/strong> y <strong>vertical<\/strong>. Dentro de la <strong>estructura vertical<\/strong> una que se debe conocer es la <strong>estructura de silo<\/strong> donde las p\u00e1ginas se organizan de forma jer\u00e1rquica seg\u00fan su contenido. Si el segundo nivel de la estructura se compone de p\u00e1ginas que ampl\u00edan el contenido de la p\u00e1gina del nivel superior generando adem\u00e1s <strong>keywords long tails<\/strong> respecto a la superior entonces estamos ante una forma muy potente de posicionar p\u00e1ginas.<\/p>\n\n\n\n<p>Un excelente ejemplo de esta estructura es la <a href=\"https:\/\/www.40defiebre.com\/guia-seo\" target=\"_blank\" rel=\"noreferrer noopener\">Gu\u00eda SEO<\/a> de <strong>40 de Fiebre<\/strong> y que ocupa las primeras posiciones de las <strong>SERPs<\/strong> por varias palabras clave.<\/p>\n\n\n\n<h3 class=\"wp-block-heading\">Art\u00edculos pilar<\/h3>\n\n\n\n<p>Son aquellos art\u00edculos que interesan posicionar con prioridad sobre otros contenidos. En una <strong>estructura de silo<\/strong> ser\u00edan los art\u00edculos de referencia que estar\u00edan en la posici\u00f3n superior.<\/p>\n\n\n\n<p>Si tenemos un blog con muchos art\u00edculos podemos usar <a href=\"https:\/\/analytics.google.com\/analytics\/web\/\" target=\"_blank\" rel=\"noreferrer noopener\">Google Analytics<\/a> para ver cuales son los m\u00e1s importantes y m\u00e1s visitas que son los que m\u00e1s tr\u00e1fico traen a la p\u00e1gina web. El plugin <strong>Yoast SEO Premium<\/strong> ofrece al escribir cuales son los art\u00edculos recomendados que se deber\u00e1n enlazar para hacer el <strong>interlinking<\/strong> dentro de nuestra web.<\/p>\n\n\n\n<p>Una estrategia para mejorar el <strong>SEO<\/strong> de estos art\u00edculos es a\u00f1adirlos en la p\u00e1gina de Inicio o en los men\u00fas. Estos enlaces del men\u00fa pueden salir tambi\u00e9n como informaci\u00f3n ampliada si alguien hace un a b\u00fasqueda de nuestro nombre. Si hacen referencia a nuestra especialidad se pueden poner en la p\u00e1gina Acerca de.<\/p>\n\n\n\n<h3 class=\"wp-block-heading\">Optimizar p\u00e1ginas de categor\u00edas y etiquetas<\/h3>\n\n\n\n<p>Las p\u00e1ginas de <strong>categor\u00eda<\/strong> y <strong>etiquetas<\/strong> (<strong>tags<\/strong>) posicionan muy bien si se configuran de forma correcta. Para adecuar la <strong>p\u00e1gina de categor\u00edas y\/o etiquetas<\/strong> para el <strong>SEO<\/strong> se introduce un art\u00edculo en la cabecera de las mismas que est\u00e9 totalmente optimizado para el <strong>SEO<\/strong>, <strong>palabras clave<\/strong>, ponerlas en <strong>negrita<\/strong> y en <strong>H2<\/strong>, im\u00e1genes con <strong>ALT<\/strong>, etc.. Debajo del art\u00edculo <strong>SEO<\/strong>se visualizan los art\u00edculos de la categor\u00eda.<\/p>\n\n\n\n<p>Este sistema funciona muy bien para posicionar porque cumple con dos requisitos de <strong>Google<\/strong>:<\/p>\n\n\n\n<ul class=\"wp-block-list\">\n<li>Contenido <strong>SEO<\/strong> (el de la cabecera).<\/li>\n\n\n\n<li>Refresco continuo al incorporar autom\u00e1ticamente los nuevos art\u00edculos que se van generando para la <strong>categor\u00eda<\/strong> o la <strong>etiqueta<\/strong>.<\/li>\n<\/ul>\n\n\n\n<p>La precauci\u00f3n que se debe tener es evitar que el nombre de la categor\u00eda canibalice las palabras clave que tenemos bien posicionadas con otro art\u00edculo de la Web o entre ambas taxonom\u00edas.<\/p>\n\n\n\n<p>Crear muchas etiquetas para cada entrada para posicionar por la palabra clave de la etiqueta no suele dar resultados si al final tenemos muchas entradas con una sola etiqueta. Este sistema no tienen el refresco continuo y no es bien posicionado por <strong>Google.<\/strong><\/p>\n","protected":false},"excerpt":{"rendered":"<p>En este cap\u00edtulo vamos a explicar todos aquellos factores que influyen en el posicionamiento de una p\u00e1gina web en funci\u00f3n [&hellip;]<\/p>\n","protected":false},"author":1,"featured_media":0,"parent":887,"menu_order":5,"comment_status":"closed","ping_status":"closed","template":"","meta":{"_uag_custom_page_level_css":"","site-sidebar-layout":"default","site-content-layout":"","ast-site-content-layout":"default","site-content-style":"default","site-sidebar-style":"default","ast-global-header-display":"","ast-banner-title-visibility":"","ast-main-header-display":"","ast-hfb-above-header-display":"","ast-hfb-below-header-display":"","ast-hfb-mobile-header-display":"","site-post-title":"","ast-breadcrumbs-content":"","ast-featured-img":"","footer-sml-layout":"","ast-disable-related-posts":"","theme-transparent-header-meta":"","adv-header-id-meta":"","stick-header-meta":"","header-above-stick-meta":"","header-main-stick-meta":"","header-below-stick-meta":"","astra-migrate-meta-layouts":"default","ast-page-background-enabled":"default","ast-page-background-meta":{"desktop":{"background-color":"var(--ast-global-color-4)","background-image":"","background-repeat":"repeat","background-position":"center center","background-size":"auto","background-attachment":"scroll","background-type":"","background-media":"","overlay-type":"","overlay-color":"","overlay-opacity":"","overlay-gradient":""},"tablet":{"background-color":"","background-image":"","background-repeat":"repeat","background-position":"center center","background-size":"auto","background-attachment":"scroll","background-type":"","background-media":"","overlay-type":"","overlay-color":"","overlay-opacity":"","overlay-gradient":""},"mobile":{"background-color":"","background-image":"","background-repeat":"repeat","background-position":"center center","background-size":"auto","background-attachment":"scroll","background-type":"","background-media":"","overlay-type":"","overlay-color":"","overlay-opacity":"","overlay-gradient":""}},"ast-content-background-meta":{"desktop":{"background-color":"var(--ast-global-color-5)","background-image":"","background-repeat":"repeat","background-position":"center center","background-size":"auto","background-attachment":"scroll","background-type":"","background-media":"","overlay-type":"","overlay-color":"","overlay-opacity":"","overlay-gradient":""},"tablet":{"background-color":"var(--ast-global-color-5)","background-image":"","background-repeat":"repeat","background-position":"center center","background-size":"auto","background-attachment":"scroll","background-type":"","background-media":"","overlay-type":"","overlay-color":"","overlay-opacity":"","overlay-gradient":""},"mobile":{"background-color":"var(--ast-global-color-5)","background-image":"","background-repeat":"repeat","background-position":"center center","background-size":"auto","background-attachment":"scroll","background-type":"","background-media":"","overlay-type":"","overlay-color":"","overlay-opacity":"","overlay-gradient":""}},"footnotes":""},"class_list":["post-941","page","type-page","status-publish","hentry"],"uagb_featured_image_src":{"full":false,"thumbnail":false,"medium":false,"medium_large":false,"large":false,"1536x1536":false,"2048x2048":false},"uagb_author_info":{"display_name":"Sutil Web","author_link":"https:\/\/sutilweb.eu\/index.php\/author\/sutilweb\/"},"uagb_comment_info":0,"uagb_excerpt":"En este cap\u00edtulo vamos a explicar todos aquellos factores que influyen en el posicionamiento de una p\u00e1gina web en funci\u00f3n [&hellip;]","_links":{"self":[{"href":"https:\/\/sutilweb.eu\/index.php\/wp-json\/wp\/v2\/pages\/941","targetHints":{"allow":["GET"]}}],"collection":[{"href":"https:\/\/sutilweb.eu\/index.php\/wp-json\/wp\/v2\/pages"}],"about":[{"href":"https:\/\/sutilweb.eu\/index.php\/wp-json\/wp\/v2\/types\/page"}],"author":[{"embeddable":true,"href":"https:\/\/sutilweb.eu\/index.php\/wp-json\/wp\/v2\/users\/1"}],"replies":[{"embeddable":true,"href":"https:\/\/sutilweb.eu\/index.php\/wp-json\/wp\/v2\/comments?post=941"}],"version-history":[{"count":2,"href":"https:\/\/sutilweb.eu\/index.php\/wp-json\/wp\/v2\/pages\/941\/revisions"}],"predecessor-version":[{"id":943,"href":"https:\/\/sutilweb.eu\/index.php\/wp-json\/wp\/v2\/pages\/941\/revisions\/943"}],"up":[{"embeddable":true,"href":"https:\/\/sutilweb.eu\/index.php\/wp-json\/wp\/v2\/pages\/887"}],"wp:attachment":[{"href":"https:\/\/sutilweb.eu\/index.php\/wp-json\/wp\/v2\/media?parent=941"}],"curies":[{"name":"wp","href":"https:\/\/api.w.org\/{rel}","templated":true}]}}