{"id":938,"date":"2024-07-31T09:41:31","date_gmt":"2024-07-31T07:41:31","guid":{"rendered":"https:\/\/blog.sutilweb.eu\/?page_id=938"},"modified":"2024-07-31T09:41:31","modified_gmt":"2024-07-31T07:41:31","slug":"05-protocolo-seo","status":"publish","type":"page","link":"https:\/\/sutilweb.eu\/index.php\/seo-marketing\/seo-desde-cero\/05-protocolo-seo\/","title":{"rendered":"05. Protocolo SEO"},"content":{"rendered":"\n<p>Este es el aut\u00e9ntico secreto para conseguir que tu <strong>estrategia de Posicionamiento SEO<\/strong> funcione: Tener un <strong>Protocolo SEO<\/strong>.<\/p>\n\n\n\n<!--more-->\n\n\n\n<p>Se le puede llamar <strong>lista de tareas<\/strong>, <strong>checklist<\/strong> o como se quiera, al final consiste en documentar la lista de acciones de <strong>SEO OnPage<\/strong> y <strong>SEO OffPage<\/strong> que se van a realizar para posicionar una p\u00e1gina Web y un contenido concreto.<\/p>\n\n\n\n<p>Cuanto m\u00e1s detallado sea y m\u00e1s f\u00e1cil de marcar mejor, se puede usar <strong>Microsoft Access<\/strong>, muy c\u00f3modo para el seguimiento o un documento de <strong>Google Drive<\/strong> , un <strong>Excel<\/strong> o las tareas tipo <strong>check<\/strong> de <strong>Evernote<\/strong> , lo que sea m\u00e1s c\u00f3modo.<\/p>\n\n\n\n<p>Cuando se descubre una t\u00e9cnica o concepto nuevos, o un sitio de <strong>alto Domain Authority<\/strong> como <a href=\"https:\/\/about.me\/\" target=\"_blank\" rel=\"noreferrer noopener\"><strong>about.me<\/strong><\/a> que te da un enlace (<strong>backlink<\/strong>) <strong>dofollow<\/strong> gratis se a\u00f1ade al protocolo y la efectividad ir\u00e1 mejorando.<\/p>\n\n\n\n<p>El protocolo permite una econom\u00eda mental importante y ser mucho m\u00e1s productivo y efectivo, cuando m\u00e1s detalles cada paso mejor.<\/p>\n","protected":false},"excerpt":{"rendered":"<p>Este es el aut\u00e9ntico secreto para conseguir que tu estrategia de Posicionamiento SEO funcione: Tener un Protocolo SEO.<\/p>\n","protected":false},"author":1,"featured_media":0,"parent":887,"menu_order":4,"comment_status":"closed","ping_status":"closed","template":"","meta":{"_uag_custom_page_level_css":"","site-sidebar-layout":"default","site-content-layout":"","ast-site-content-layout":"default","site-content-style":"default","site-sidebar-style":"default","ast-global-header-display":"","ast-banner-title-visibility":"","ast-main-header-display":"","ast-hfb-above-header-display":"","ast-hfb-below-header-display":"","ast-hfb-mobile-header-display":"","site-post-title":"","ast-breadcrumbs-content":"","ast-featured-img":"","footer-sml-layout":"","ast-disable-related-posts":"","theme-transparent-header-meta":"","adv-header-id-meta":"","stick-header-meta":"","header-above-stick-meta":"","header-main-stick-meta":"","header-below-stick-meta":"","astra-migrate-meta-layouts":"default","ast-page-background-enabled":"default","ast-page-background-meta":{"desktop":{"background-color":"var(--ast-global-color-4)","background-image":"","background-repeat":"repeat","background-position":"center center","background-size":"auto","background-attachment":"scroll","background-type":"","background-media":"","overlay-type":"","overlay-color":"","overlay-opacity":"","overlay-gradient":""},"tablet":{"background-color":"","background-image":"","background-repeat":"repeat","background-position":"center center","background-size":"auto","background-attachment":"scroll","background-type":"","background-media":"","overlay-type":"","overlay-color":"","overlay-opacity":"","overlay-gradient":""},"mobile":{"background-color":"","background-image":"","background-repeat":"repeat","background-position":"center center","background-size":"auto","background-attachment":"scroll","background-type":"","background-media":"","overlay-type":"","overlay-color":"","overlay-opacity":"","overlay-gradient":""}},"ast-content-background-meta":{"desktop":{"background-color":"var(--ast-global-color-5)","background-image":"","background-repeat":"repeat","background-position":"center center","background-size":"auto","background-attachment":"scroll","background-type":"","background-media":"","overlay-type":"","overlay-color":"","overlay-opacity":"","overlay-gradient":""},"tablet":{"background-color":"var(--ast-global-color-5)","background-image":"","background-repeat":"repeat","background-position":"center center","background-size":"auto","background-attachment":"scroll","background-type":"","background-media":"","overlay-type":"","overlay-color":"","overlay-opacity":"","overlay-gradient":""},"mobile":{"background-color":"var(--ast-global-color-5)","background-image":"","background-repeat":"repeat","background-position":"center center","background-size":"auto","background-attachment":"scroll","background-type":"","background-media":"","overlay-type":"","overlay-color":"","overlay-opacity":"","overlay-gradient":""}},"footnotes":""},"class_list":["post-938","page","type-page","status-publish","hentry"],"uagb_featured_image_src":{"full":false,"thumbnail":false,"medium":false,"medium_large":false,"large":false,"1536x1536":false,"2048x2048":false},"uagb_author_info":{"display_name":"Sutil Web","author_link":"https:\/\/sutilweb.eu\/index.php\/author\/sutilweb\/"},"uagb_comment_info":0,"uagb_excerpt":"Este es el aut\u00e9ntico secreto para conseguir que tu estrategia de Posicionamiento SEO funcione: Tener un Protocolo SEO.","_links":{"self":[{"href":"https:\/\/sutilweb.eu\/index.php\/wp-json\/wp\/v2\/pages\/938","targetHints":{"allow":["GET"]}}],"collection":[{"href":"https:\/\/sutilweb.eu\/index.php\/wp-json\/wp\/v2\/pages"}],"about":[{"href":"https:\/\/sutilweb.eu\/index.php\/wp-json\/wp\/v2\/types\/page"}],"author":[{"embeddable":true,"href":"https:\/\/sutilweb.eu\/index.php\/wp-json\/wp\/v2\/users\/1"}],"replies":[{"embeddable":true,"href":"https:\/\/sutilweb.eu\/index.php\/wp-json\/wp\/v2\/comments?post=938"}],"version-history":[{"count":2,"href":"https:\/\/sutilweb.eu\/index.php\/wp-json\/wp\/v2\/pages\/938\/revisions"}],"predecessor-version":[{"id":940,"href":"https:\/\/sutilweb.eu\/index.php\/wp-json\/wp\/v2\/pages\/938\/revisions\/940"}],"up":[{"embeddable":true,"href":"https:\/\/sutilweb.eu\/index.php\/wp-json\/wp\/v2\/pages\/887"}],"wp:attachment":[{"href":"https:\/\/sutilweb.eu\/index.php\/wp-json\/wp\/v2\/media?parent=938"}],"curies":[{"name":"wp","href":"https:\/\/api.w.org\/{rel}","templated":true}]}}