{"id":911,"date":"2024-07-31T09:30:34","date_gmt":"2024-07-31T07:30:34","guid":{"rendered":"https:\/\/blog.sutilweb.eu\/?page_id=911"},"modified":"2024-07-31T09:30:34","modified_gmt":"2024-07-31T07:30:34","slug":"01-evolucion-de-la-web-de-la-pagina-web-a-la-aplicacion-web","status":"publish","type":"page","link":"https:\/\/sutilweb.eu\/index.php\/otros\/como-funciona-la-web\/01-evolucion-de-la-web-de-la-pagina-web-a-la-aplicacion-web\/","title":{"rendered":"01. Evoluci\u00f3n de la web: de la p\u00e1gina web a la aplicaci\u00f3n web"},"content":{"rendered":"\n<p>Cuando <strong>Tim Berners-Lee<\/strong> public\u00f3 la primera p\u00e1gina web a finales de 1990, la web era muy distinta a como la conocemos en la actualidad, las webs s\u00f3lo ten\u00edan texto. En los 25 a\u00f1os de historia de la web, <strong>HTML<\/strong> ha evolucionado, desarroll\u00e1ndose sucesivas versiones.<\/p>\n\n\n\n<!--more-->\n\n\n\n<p>A la versi\u00f3n inicial del lenguaje se a\u00f1adieron nuevas caracter\u00edsticas, como las <strong>im\u00e1genes,<\/strong> las <strong>tablas,<\/strong> o los <strong>marcos,<\/strong> los cuales permit\u00edan dividir las p\u00e1ginas web en varias partes.<\/p>\n\n\n\n<h2 class=\"wp-block-heading\">Una nueva disciplina: el dise\u00f1o web<\/h2>\n\n\n\n<p>Las p\u00e1ginas web fueron evolucionando, y cada vez conten\u00edan m\u00e1s <strong>im\u00e1genes.<\/strong> Los <strong>dise\u00f1adores gr\u00e1ficos<\/strong> se incorporaron al desarrollo de las p\u00e1ginas web, y se desarroll\u00f3 una nueva disciplina, el <strong>dise\u00f1o<\/strong> w<strong>e<\/strong>b.<\/p>\n\n\n\n<p>Los navegadores web cada fueron siendo m\u00e1s potentes, y las conexiones m\u00e1s r\u00e1pidas, por lo que las p\u00e1ginas web cada vez mostraban m\u00e1s informaci\u00f3n.<\/p>\n\n\n\n<h2 class=\"wp-block-heading\">Aparici\u00f3n de los formularios<\/h2>\n\n\n\n<p>Cuando aparecen los <strong>formularios<\/strong> en las p\u00e1ginas web, estas comienzan a cambiar. Estos permit\u00edan un mayor grado de interacci\u00f3n entre el usuario y las p\u00e1ginas web.<\/p>\n\n\n\n<h2 class=\"wp-block-heading\">Audio, video y animaciones<\/h2>\n\n\n\n<p>Adem\u00e1s, <strong>HTML<\/strong> incluy\u00f3 la posibilidad de incluir nuevos tipos de contenido a las web, como <strong>audio, video<\/strong> y <strong>animaciones.<\/strong> Y los navegadores web se volvieron m\u00e1s r\u00e1pidos y potentes. Todo ello ayud\u00f3 a que las p\u00e1ginas web se transformaran en aplicaciones web, en ingl\u00e9s web apps, que permiten realizar a trav\u00e9s de una p\u00e1gina web las mismas tareas que tradicionalmente se realizaban con un software instalado en un ordenador a partir de un CD.<\/p>\n\n\n\n<p>Hoy en d\u00eda, a trav\u00e9s de una p\u00e1gina web podemos enviar correos, jugar a juegos, editar fotograf\u00edas, ver videos, o editarlos, todo ello a trav\u00e9s de una p\u00e1gina web.<\/p>\n\n\n\n<h2 class=\"wp-block-heading\">Ventajas de las aplicaciones web<\/h2>\n\n\n\n<p>Una de las mayores ventajas de una aplicaci\u00f3n web es que no necesita actualizarse por parte del usuario final. Cada vez que un usuario visita una aplicaci\u00f3n web est\u00e1 haciendo uso de la \u00faltima versi\u00f3n disponible.<\/p>\n\n\n\n<p>Otra de las ventajas es la independencia de dispositivo, que permite que las aplicaciones web puedan ser usadas desde cualquier dispositivo que disponga de un navegador web, como un ordenador, una tablet o un tlfo m\u00f3vil. Esto se consigue con la adaptaci\u00f3n de aplicaciones web al dispositivo en el que se est\u00e1n ejecutando en cada momento.<\/p>\n\n\n\n<p>Otra ventaja importante es la <strong>ubicuidad.<\/strong> A las aplicaciones web se puede acceder y trabajar con la misma informaci\u00f3n desde cualquier sitio. Esta ventaja se resume en el concepto de <strong>computaci\u00f3n en la nube<\/strong> o <strong>cloud computing,<\/strong> que hace que el concepto de ordenador personal pueda desaparecer en breve, ya que cualquier ordenador o dispositivo se comportar\u00e1 como si fuera nuestro ordenador personal.<\/p>\n\n\n\n<h2 class=\"wp-block-heading\">Grado de complejidad<\/h2>\n\n\n\n<p>Las aplicaciones web son complejas de desarrollar, ya que hace falta tener conocimientos de <strong>programaci\u00f3n<\/strong> y de manejo de <strong>bases de datos<\/strong>.<\/p>\n\n\n\n<h2 class=\"wp-block-heading\">Mercado de aplicaciones web<\/h2>\n\n\n\n<p>Son <strong>repositorios<\/strong> donde se pueden depositar aplicaciones para que puedan ser usadas por otras personas. 2 de los mercados m\u00e1s populares son el <a href=\"https:\/\/chrome.google.com\/webstore\/category\/extensions?hl=es\" target=\"_blank\" rel=\"noreferrer noopener\"><strong>Google Chrome Web Store<\/strong><\/a> y el <a href=\"https:\/\/support.mozilla.org\/es\/products\/firefox-os\/marketplace\" target=\"_blank\" rel=\"noreferrer noopener\"><strong>Firefox Marketplace<\/strong><\/a>.<\/p>\n","protected":false},"excerpt":{"rendered":"<p>Cuando Tim Berners-Lee public\u00f3 la primera p\u00e1gina web a finales de 1990, la web era muy distinta a como la [&hellip;]<\/p>\n","protected":false},"author":1,"featured_media":0,"parent":907,"menu_order":0,"comment_status":"closed","ping_status":"closed","template":"","meta":{"_uag_custom_page_level_css":"","site-sidebar-layout":"default","site-content-layout":"","ast-site-content-layout":"default","site-content-style":"default","site-sidebar-style":"default","ast-global-header-display":"","ast-banner-title-visibility":"","ast-main-header-display":"","ast-hfb-above-header-display":"","ast-hfb-below-header-display":"","ast-hfb-mobile-header-display":"","site-post-title":"","ast-breadcrumbs-content":"","ast-featured-img":"","footer-sml-layout":"","ast-disable-related-posts":"","theme-transparent-header-meta":"","adv-header-id-meta":"","stick-header-meta":"","header-above-stick-meta":"","header-main-stick-meta":"","header-below-stick-meta":"","astra-migrate-meta-layouts":"default","ast-page-background-enabled":"default","ast-page-background-meta":{"desktop":{"background-color":"var(--ast-global-color-4)","background-image":"","background-repeat":"repeat","background-position":"center center","background-size":"auto","background-attachment":"scroll","background-type":"","background-media":"","overlay-type":"","overlay-color":"","overlay-opacity":"","overlay-gradient":""},"tablet":{"background-color":"","background-image":"","background-repeat":"repeat","background-position":"center center","background-size":"auto","background-attachment":"scroll","background-type":"","background-media":"","overlay-type":"","overlay-color":"","overlay-opacity":"","overlay-gradient":""},"mobile":{"background-color":"","background-image":"","background-repeat":"repeat","background-position":"center center","background-size":"auto","background-attachment":"scroll","background-type":"","background-media":"","overlay-type":"","overlay-color":"","overlay-opacity":"","overlay-gradient":""}},"ast-content-background-meta":{"desktop":{"background-color":"var(--ast-global-color-5)","background-image":"","background-repeat":"repeat","background-position":"center center","background-size":"auto","background-attachment":"scroll","background-type":"","background-media":"","overlay-type":"","overlay-color":"","overlay-opacity":"","overlay-gradient":""},"tablet":{"background-color":"var(--ast-global-color-5)","background-image":"","background-repeat":"repeat","background-position":"center center","background-size":"auto","background-attachment":"scroll","background-type":"","background-media":"","overlay-type":"","overlay-color":"","overlay-opacity":"","overlay-gradient":""},"mobile":{"background-color":"var(--ast-global-color-5)","background-image":"","background-repeat":"repeat","background-position":"center center","background-size":"auto","background-attachment":"scroll","background-type":"","background-media":"","overlay-type":"","overlay-color":"","overlay-opacity":"","overlay-gradient":""}},"footnotes":""},"class_list":["post-911","page","type-page","status-publish","hentry"],"uagb_featured_image_src":{"full":false,"thumbnail":false,"medium":false,"medium_large":false,"large":false,"1536x1536":false,"2048x2048":false},"uagb_author_info":{"display_name":"Sutil Web","author_link":"https:\/\/sutilweb.eu\/index.php\/author\/sutilweb\/"},"uagb_comment_info":0,"uagb_excerpt":"Cuando Tim Berners-Lee public\u00f3 la primera p\u00e1gina web a finales de 1990, la web era muy distinta a como la [&hellip;]","_links":{"self":[{"href":"https:\/\/sutilweb.eu\/index.php\/wp-json\/wp\/v2\/pages\/911","targetHints":{"allow":["GET"]}}],"collection":[{"href":"https:\/\/sutilweb.eu\/index.php\/wp-json\/wp\/v2\/pages"}],"about":[{"href":"https:\/\/sutilweb.eu\/index.php\/wp-json\/wp\/v2\/types\/page"}],"author":[{"embeddable":true,"href":"https:\/\/sutilweb.eu\/index.php\/wp-json\/wp\/v2\/users\/1"}],"replies":[{"embeddable":true,"href":"https:\/\/sutilweb.eu\/index.php\/wp-json\/wp\/v2\/comments?post=911"}],"version-history":[{"count":2,"href":"https:\/\/sutilweb.eu\/index.php\/wp-json\/wp\/v2\/pages\/911\/revisions"}],"predecessor-version":[{"id":913,"href":"https:\/\/sutilweb.eu\/index.php\/wp-json\/wp\/v2\/pages\/911\/revisions\/913"}],"up":[{"embeddable":true,"href":"https:\/\/sutilweb.eu\/index.php\/wp-json\/wp\/v2\/pages\/907"}],"wp:attachment":[{"href":"https:\/\/sutilweb.eu\/index.php\/wp-json\/wp\/v2\/media?parent=911"}],"curies":[{"name":"wp","href":"https:\/\/api.w.org\/{rel}","templated":true}]}}