{"id":895,"date":"2024-07-31T09:24:51","date_gmt":"2024-07-31T07:24:51","guid":{"rendered":"https:\/\/blog.sutilweb.eu\/?page_id=895"},"modified":"2024-07-31T09:24:51","modified_gmt":"2024-07-31T07:24:51","slug":"01-historia-de-internet-su-nacimiento","status":"publish","type":"page","link":"https:\/\/sutilweb.eu\/index.php\/otros\/historia-de-la-web\/01-historia-de-internet-su-nacimiento\/","title":{"rendered":"01. Historia de Internet, su nacimiento"},"content":{"rendered":"\n<p>Como todo sabemos, <strong>Internet<\/strong> ha supuesto un gran avance para la humanidad.<\/p>\n\n\n\n<!--more-->\n\n\n\n<h2 class=\"wp-block-heading\">Quien invent\u00f3 Internet<\/h2>\n\n\n\n<p>No se puede se\u00f1alar a una sola persona como el <strong>padre de Internet<\/strong>, sino que fue el trabajo de muchos durante muchos a\u00f1os lo que desemboc\u00f3 en el nacimiento de <strong>Internet<\/strong>, la red de redes, la madre de todas las redes, la red de comunicaciones, la cual naci\u00f3 a partir de una red de ordenadores llamada <strong>ARPANet.<\/strong><\/p>\n\n\n\n<p>El nacimiento de <strong>Internet<\/strong> se sit\u00faa en el a\u00f1o 1969, y es un mito que se creara por los militares para poder disponer de una red de comunicaciones que soportara un ataque nuclear. El proyecto <strong>ARPANet<\/strong> no ten\u00eda fines militares, sino facilitar la comunicaci\u00f3n entre los cient\u00edficos y compartir el conocimiento que generaban.<\/p>\n\n\n\n<p>Algunos enlaces para saber m\u00e1s acerca del nacimiento de Internet son los siguientes:<\/p>\n\n\n\n<ul class=\"wp-block-list\">\n<li><a href=\"https:\/\/www.microsiervos.com\/archivo\/internet\/el-verdadero-origen-de-internet.html\" target=\"_blank\" rel=\"noreferrer noopener\">https:\/\/www.microsiervos.com\/archivo\/internet\/el-verdadero-origen-de-internet.html<\/a><\/li>\n<\/ul>\n\n\n\n<p>En este art\u00edculo se explica el origen de la confusi\u00f3n sobre el origen de <strong>Internet.<\/strong><\/p>\n\n\n\n<h2 class=\"wp-block-heading\">T\u00e9rminos a conocer<\/h2>\n\n\n\n<p>Algunos de los t\u00e9rminos que se deber\u00edan conocer son:<\/p>\n\n\n\n<ul class=\"wp-block-list\">\n<li>Time-Sharing<\/li>\n\n\n\n<li>Darpa<\/li>\n\n\n\n<li>ARPANet<\/li>\n\n\n\n<li>IMP<\/li>\n\n\n\n<li>NCP<\/li>\n<\/ul>\n\n\n\n<p>En el sitio web <a href=\"https:\/\/www.internethalloffame.org\/\" target=\"_blank\" rel=\"noreferrer noopener\">https:\/\/www.internethalloffame.org\/<\/a> encontramos una lista enorme de personas que contribuyeron de forma significativa al desarrollo y nacimiento de <strong>Internet.<\/strong> En diciembre de 1966, <strong>Arpa,<\/strong> la agencia de proyectos de investigaci\u00f3n avanzados del Dpto de Defensa de EEUU inicia el programa de comunicaciones y el dise\u00f1o de <strong>ARPANet,<\/strong> bajo las \u00f3rdenes de <strong>Lawrence Roberts.<\/strong> En los siguientes a\u00f1os se continu\u00f3 con el dise\u00f1o de <strong>ARPANet,<\/strong> y el 29 de octubre de 1969 a las 22:30 se realiza la primera transmisi\u00f3n entre dos nodos de la red <strong>ARPANet<\/strong> entre la Universidad de California y el SRI. Cada nodo dispon\u00eda de su propio <strong>IMP (Interface Message Procesor),<\/strong> que era un ordenador encargado de gestionar la comunicaci\u00f3n entre los ordenadores de la red, es el equivalente a los actuales <strong>routers.<\/strong><\/p>\n\n\n\n<p>A finales de diciembre de 1969 tambi\u00e9n conectaron a <strong>ARPANet<\/strong> la Universidad de California y la Universidad de Utah, con lo que se conoce como el primer <strong>ARPANet.<\/strong><\/p>\n\n\n\n<p>En los siguiente a\u00f1os <strong>ARPANet<\/strong> sigui\u00f3 creciendo, extendi\u00e9ndose por todo EEUU. En el a\u00f1o 1973, un enlace por sat\u00e9lite conect\u00f3 Norsar, la red de detecci\u00f3n de terremotos en Noruega a Internet, por lo que Noruega fue el primer pa\u00eds en conectarse a <strong>ARPANet.<\/strong><\/p>\n\n\n\n<p>Casi al mismo tiempo se estableci\u00f3 otra vez terrestre con Londres, y en 1974 <strong>Vinton Cerf,<\/strong> junto con <strong>Robert Kahn<\/strong> (otros de los padres del Internet) A <strong>Protocol for Packet Network Intercommunication<\/strong>, en el que se propone el protocolo <strong>TCP,<\/strong> que es el protocolo que permite la interconexi\u00f3n de redes heterog\u00e9neas, es decir, redes con diferentes protocolos y formas de funcionar. En este art\u00edculo se definen conceptos como:<\/p>\n\n\n\n<ul class=\"wp-block-list\">\n<li>TCP<\/li>\n\n\n\n<li>Gateway<\/li>\n\n\n\n<li>Port<\/li>\n<\/ul>\n","protected":false},"excerpt":{"rendered":"<p>Como todo sabemos, Internet ha supuesto un gran avance para la humanidad.<\/p>\n","protected":false},"author":1,"featured_media":0,"parent":891,"menu_order":0,"comment_status":"closed","ping_status":"closed","template":"","meta":{"_uag_custom_page_level_css":"","site-sidebar-layout":"default","site-content-layout":"","ast-site-content-layout":"default","site-content-style":"default","site-sidebar-style":"default","ast-global-header-display":"","ast-banner-title-visibility":"","ast-main-header-display":"","ast-hfb-above-header-display":"","ast-hfb-below-header-display":"","ast-hfb-mobile-header-display":"","site-post-title":"","ast-breadcrumbs-content":"","ast-featured-img":"","footer-sml-layout":"","ast-disable-related-posts":"","theme-transparent-header-meta":"","adv-header-id-meta":"","stick-header-meta":"","header-above-stick-meta":"","header-main-stick-meta":"","header-below-stick-meta":"","astra-migrate-meta-layouts":"default","ast-page-background-enabled":"default","ast-page-background-meta":{"desktop":{"background-color":"var(--ast-global-color-4)","background-image":"","background-repeat":"repeat","background-position":"center center","background-size":"auto","background-attachment":"scroll","background-type":"","background-media":"","overlay-type":"","overlay-color":"","overlay-opacity":"","overlay-gradient":""},"tablet":{"background-color":"","background-image":"","background-repeat":"repeat","background-position":"center center","background-size":"auto","background-attachment":"scroll","background-type":"","background-media":"","overlay-type":"","overlay-color":"","overlay-opacity":"","overlay-gradient":""},"mobile":{"background-color":"","background-image":"","background-repeat":"repeat","background-position":"center center","background-size":"auto","background-attachment":"scroll","background-type":"","background-media":"","overlay-type":"","overlay-color":"","overlay-opacity":"","overlay-gradient":""}},"ast-content-background-meta":{"desktop":{"background-color":"var(--ast-global-color-5)","background-image":"","background-repeat":"repeat","background-position":"center center","background-size":"auto","background-attachment":"scroll","background-type":"","background-media":"","overlay-type":"","overlay-color":"","overlay-opacity":"","overlay-gradient":""},"tablet":{"background-color":"var(--ast-global-color-5)","background-image":"","background-repeat":"repeat","background-position":"center center","background-size":"auto","background-attachment":"scroll","background-type":"","background-media":"","overlay-type":"","overlay-color":"","overlay-opacity":"","overlay-gradient":""},"mobile":{"background-color":"var(--ast-global-color-5)","background-image":"","background-repeat":"repeat","background-position":"center center","background-size":"auto","background-attachment":"scroll","background-type":"","background-media":"","overlay-type":"","overlay-color":"","overlay-opacity":"","overlay-gradient":""}},"footnotes":""},"class_list":["post-895","page","type-page","status-publish","hentry"],"uagb_featured_image_src":{"full":false,"thumbnail":false,"medium":false,"medium_large":false,"large":false,"1536x1536":false,"2048x2048":false},"uagb_author_info":{"display_name":"Sutil Web","author_link":"https:\/\/sutilweb.eu\/index.php\/author\/sutilweb\/"},"uagb_comment_info":0,"uagb_excerpt":"Como todo sabemos, Internet ha supuesto un gran avance para la humanidad.","_links":{"self":[{"href":"https:\/\/sutilweb.eu\/index.php\/wp-json\/wp\/v2\/pages\/895","targetHints":{"allow":["GET"]}}],"collection":[{"href":"https:\/\/sutilweb.eu\/index.php\/wp-json\/wp\/v2\/pages"}],"about":[{"href":"https:\/\/sutilweb.eu\/index.php\/wp-json\/wp\/v2\/types\/page"}],"author":[{"embeddable":true,"href":"https:\/\/sutilweb.eu\/index.php\/wp-json\/wp\/v2\/users\/1"}],"replies":[{"embeddable":true,"href":"https:\/\/sutilweb.eu\/index.php\/wp-json\/wp\/v2\/comments?post=895"}],"version-history":[{"count":2,"href":"https:\/\/sutilweb.eu\/index.php\/wp-json\/wp\/v2\/pages\/895\/revisions"}],"predecessor-version":[{"id":897,"href":"https:\/\/sutilweb.eu\/index.php\/wp-json\/wp\/v2\/pages\/895\/revisions\/897"}],"up":[{"embeddable":true,"href":"https:\/\/sutilweb.eu\/index.php\/wp-json\/wp\/v2\/pages\/891"}],"wp:attachment":[{"href":"https:\/\/sutilweb.eu\/index.php\/wp-json\/wp\/v2\/media?parent=895"}],"curies":[{"name":"wp","href":"https:\/\/api.w.org\/{rel}","templated":true}]}}