{"id":4601,"date":"2025-03-04T10:12:10","date_gmt":"2025-03-04T09:12:10","guid":{"rendered":"https:\/\/sutilweb.eu\/?page_id=4601"},"modified":"2025-03-04T10:12:11","modified_gmt":"2025-03-04T09:12:11","slug":"01-introduccion-al-seo","status":"publish","type":"page","link":"https:\/\/sutilweb.eu\/index.php\/seo-marketing\/seo-desde-cero\/01-introduccion-al-seo\/","title":{"rendered":"01. Introducci\u00f3n al SEO"},"content":{"rendered":"\n<p>Si est\u00e1s leyendo este tutorial es porque, sin duda, reconoces la importancia que tienen los&nbsp;<strong>buscadores<\/strong>&nbsp;para todos nosotros. Se han convertido en unas herramientas imprescindibles pr\u00e1cticamente en cualquier \u00e1mbito de nuestras vidas. Debido a la capacidad de extraer cualquier tipo de informaci\u00f3n a los usuarios, las&nbsp;<strong>empresas<\/strong>&nbsp;han entendido que en los&nbsp;<strong>buscadores<\/strong>&nbsp;se encuentra la oportunidad para captar la atenci\u00f3n de los potenciales clientes, para ello, dichas&nbsp;<strong>empresas<\/strong>&nbsp;necesitan saber como funcionan los&nbsp;<strong>buscadores<\/strong>, como conocerlos a fondo, de modo que puedan controlar aquellos&nbsp;<strong>factores<\/strong>&nbsp;que influyen en que sus&nbsp;<strong>sitios web<\/strong>&nbsp;sean lo m\u00e1s visibles posibles, y de esta manera obtener las m\u00e1ximas&nbsp;<strong>visitas<\/strong>&nbsp;de&nbsp;<strong>clientes potenciales<\/strong>.<\/p>\n\n\n\n<p>La tarea de comprender los entresijos de los&nbsp;<strong>algoritmos de b\u00fasqueda<\/strong>&nbsp;y de adaptar las&nbsp;<strong>p\u00e1ginas web<\/strong>&nbsp;para obtener&nbsp;<strong>mayor visibilidad<\/strong>&nbsp;en los&nbsp;<strong>buscadores<\/strong>&nbsp;se conoce como&nbsp;<strong>SEO<\/strong>, por sus siglas inglesas&nbsp;<strong>Search Engine Optimization<\/strong>, o traducido al espa\u00f1ol,&nbsp;<strong>posicionamiento en buscadores<\/strong>.<\/p>\n\n\n\n<h2 class=\"wp-block-heading\">Qu\u00e9 es el SEO<\/h2>\n\n\n\n<p>El&nbsp;<strong>SEO<\/strong>&nbsp;es el conjunto de t\u00e9cnicas, dentro y fuera del sitio web, que se usan para mejorar el posicionamiento de un contenido en los resultados que devuelve un buscador al introducir una determinada palabra clave.&nbsp;<strong>SEO<\/strong>&nbsp;corresponde a las siglas&nbsp;<strong>Search Engine Optimization<\/strong>, que traducido al espa\u00f1ol significa&nbsp;<strong>Optimizaci\u00f3n para los motores de b\u00fasqueda<\/strong>.<\/p>\n\n\n\n<p>El&nbsp;<strong>SEO<\/strong>&nbsp;consiste en una serie de t\u00e9cnicas que podemos aplicar a nuestra p\u00e1gina web (<strong>SEO On Page<\/strong>) y otras acciones que podemos hacer en otros sitios de Internet (<strong>SEO Off Page<\/strong>) que tienen como objetivo que cuando se hace una b\u00fasqueda en&nbsp;<a href=\"https:\/\/google.es\/\" target=\"_blank\" rel=\"noreferrer noopener\"><strong>Google<\/strong>&nbsp;<\/a>por las palabras claves trabajadas con el&nbsp;<strong>SEO On Page<\/strong>&nbsp;y el&nbsp;<strong>SEO Off Page<\/strong>&nbsp;nuestra p\u00e1gina web aparezca en las primeras posiciones de las p\u00e1ginas de resultados, tambi\u00e9n conocidas como&nbsp;<strong>SERPs<\/strong>.<\/p>\n\n\n\n<h2 class=\"wp-block-heading\">\u00bfPor qu\u00e9 es importante estar bien posicionado?<\/h2>\n\n\n\n<p>A d\u00eda de hoy:<\/p>\n\n\n\n<ul class=\"wp-block-list\">\n<li><strong>Google<\/strong>\u00a0acapara el 90% de las b\u00fasquedas en Espa\u00f1a.<\/li>\n\n\n\n<li>El 61% de los internautas hace clic en los 3 primeros resultados.<\/li>\n\n\n\n<li>El 85% de los internautas no pasan de la 1\u00aa p\u00e1gina de resultados.<\/li>\n<\/ul>\n\n\n\n<p>Dado que Google tiene m\u00e1s del 90% de la cuota de mercado de b\u00fasquedas, se habla de&nbsp;<strong>posicionamiento en Google&nbsp;<\/strong>o&nbsp;<strong>SEO en Google.&nbsp;<\/strong>Otros nombres utilizados frecuentemente para referirse al&nbsp;<strong>SEO<\/strong>&nbsp;son:&nbsp;<strong>Posicionamiento Web<\/strong>,&nbsp;<strong>Posicionamiento en buscadores<\/strong>&nbsp;o&nbsp;<strong>Posicionamiento en Internet<\/strong>.<\/p>\n\n\n\n<p>Normalmente, el&nbsp;<strong>SEO<\/strong>&nbsp;no es un objetivo en s\u00ed mismo, sino una parte de la estrategia de&nbsp;<strong>marketing online<\/strong>, el cual suele constar de 3 elementos:<\/p>\n\n\n\n<ul class=\"wp-block-list\">\n<li><strong>Impresiones<\/strong>, que se logran mediante el\u00a0<strong>SEO<\/strong>.<\/li>\n\n\n\n<li><strong>CTR<\/strong>, nos interesa que este ratio sea lo m\u00e1s alto posible, y que los visitantes hagan clic en el contenido que hemos posicionado.<\/li>\n\n\n\n<li><strong>Conversiones<\/strong>, visitas a nuestra p\u00e1gina web que se pasan a ser\u00a0<strong>clientes<\/strong>\u00a0o\u00a0<strong>leads<\/strong>.<\/li>\n<\/ul>\n\n\n\n<p>La alternativa es el&nbsp;<strong>posicionamiento patrocinado,&nbsp;<\/strong>tambi\u00e9n conocido como&nbsp;<strong>SEM,&nbsp;<\/strong>por el cual una entidad paga a&nbsp;<strong>Google&nbsp;<\/strong>para que su p\u00e1gina web salga en las primeras posiciones del buscador, por encima del denominado&nbsp;<strong>posicionamiento org\u00e1nico<\/strong>, que es el que estamos viendo.<\/p>\n","protected":false},"excerpt":{"rendered":"<p>Si est\u00e1s leyendo este tutorial es porque, sin duda, reconoces la importancia que tienen los&nbsp;buscadores&nbsp;para todos nosotros. Se han convertido [&hellip;]<\/p>\n","protected":false},"author":1,"featured_media":0,"parent":887,"menu_order":0,"comment_status":"closed","ping_status":"closed","template":"","meta":{"_uag_custom_page_level_css":"","site-sidebar-layout":"default","site-content-layout":"","ast-site-content-layout":"default","site-content-style":"default","site-sidebar-style":"default","ast-global-header-display":"","ast-banner-title-visibility":"","ast-main-header-display":"","ast-hfb-above-header-display":"","ast-hfb-below-header-display":"","ast-hfb-mobile-header-display":"","site-post-title":"","ast-breadcrumbs-content":"","ast-featured-img":"","footer-sml-layout":"","ast-disable-related-posts":"","theme-transparent-header-meta":"","adv-header-id-meta":"","stick-header-meta":"","header-above-stick-meta":"","header-main-stick-meta":"","header-below-stick-meta":"","astra-migrate-meta-layouts":"default","ast-page-background-enabled":"default","ast-page-background-meta":{"desktop":{"background-color":"var(--ast-global-color-4)","background-image":"","background-repeat":"repeat","background-position":"center center","background-size":"auto","background-attachment":"scroll","background-type":"","background-media":"","overlay-type":"","overlay-color":"","overlay-opacity":"","overlay-gradient":""},"tablet":{"background-color":"","background-image":"","background-repeat":"repeat","background-position":"center center","background-size":"auto","background-attachment":"scroll","background-type":"","background-media":"","overlay-type":"","overlay-color":"","overlay-opacity":"","overlay-gradient":""},"mobile":{"background-color":"","background-image":"","background-repeat":"repeat","background-position":"center center","background-size":"auto","background-attachment":"scroll","background-type":"","background-media":"","overlay-type":"","overlay-color":"","overlay-opacity":"","overlay-gradient":""}},"ast-content-background-meta":{"desktop":{"background-color":"var(--ast-global-color-5)","background-image":"","background-repeat":"repeat","background-position":"center center","background-size":"auto","background-attachment":"scroll","background-type":"","background-media":"","overlay-type":"","overlay-color":"","overlay-opacity":"","overlay-gradient":""},"tablet":{"background-color":"var(--ast-global-color-5)","background-image":"","background-repeat":"repeat","background-position":"center center","background-size":"auto","background-attachment":"scroll","background-type":"","background-media":"","overlay-type":"","overlay-color":"","overlay-opacity":"","overlay-gradient":""},"mobile":{"background-color":"var(--ast-global-color-5)","background-image":"","background-repeat":"repeat","background-position":"center center","background-size":"auto","background-attachment":"scroll","background-type":"","background-media":"","overlay-type":"","overlay-color":"","overlay-opacity":"","overlay-gradient":""}},"footnotes":""},"class_list":["post-4601","page","type-page","status-publish","hentry"],"uagb_featured_image_src":{"full":false,"thumbnail":false,"medium":false,"medium_large":false,"large":false,"1536x1536":false,"2048x2048":false},"uagb_author_info":{"display_name":"Sutil Web","author_link":"https:\/\/sutilweb.eu\/index.php\/author\/sutilweb\/"},"uagb_comment_info":0,"uagb_excerpt":"Si est\u00e1s leyendo este tutorial es porque, sin duda, reconoces la importancia que tienen los&nbsp;buscadores&nbsp;para todos nosotros. Se han convertido [&hellip;]","_links":{"self":[{"href":"https:\/\/sutilweb.eu\/index.php\/wp-json\/wp\/v2\/pages\/4601","targetHints":{"allow":["GET"]}}],"collection":[{"href":"https:\/\/sutilweb.eu\/index.php\/wp-json\/wp\/v2\/pages"}],"about":[{"href":"https:\/\/sutilweb.eu\/index.php\/wp-json\/wp\/v2\/types\/page"}],"author":[{"embeddable":true,"href":"https:\/\/sutilweb.eu\/index.php\/wp-json\/wp\/v2\/users\/1"}],"replies":[{"embeddable":true,"href":"https:\/\/sutilweb.eu\/index.php\/wp-json\/wp\/v2\/comments?post=4601"}],"version-history":[{"count":1,"href":"https:\/\/sutilweb.eu\/index.php\/wp-json\/wp\/v2\/pages\/4601\/revisions"}],"predecessor-version":[{"id":4602,"href":"https:\/\/sutilweb.eu\/index.php\/wp-json\/wp\/v2\/pages\/4601\/revisions\/4602"}],"up":[{"embeddable":true,"href":"https:\/\/sutilweb.eu\/index.php\/wp-json\/wp\/v2\/pages\/887"}],"wp:attachment":[{"href":"https:\/\/sutilweb.eu\/index.php\/wp-json\/wp\/v2\/media?parent=4601"}],"curies":[{"name":"wp","href":"https:\/\/api.w.org\/{rel}","templated":true}]}}