{"id":4599,"date":"2025-03-04T10:10:43","date_gmt":"2025-03-04T09:10:43","guid":{"rendered":"https:\/\/sutilweb.eu\/?page_id=4599"},"modified":"2025-03-04T10:10:44","modified_gmt":"2025-03-04T09:10:44","slug":"03-seo-vs-sem","status":"publish","type":"page","link":"https:\/\/sutilweb.eu\/index.php\/seo-marketing\/seo-desde-cero\/03-seo-vs-sem\/","title":{"rendered":"03. SEO vs SEM"},"content":{"rendered":"\n<p>En general se considera que una estrategia&nbsp;<strong>SEO<\/strong>&nbsp;de&nbsp;<strong>posicionamiento org\u00e1nico<\/strong>&nbsp;es m\u00e1s eficaz que una estrategia&nbsp;<strong>SEM<\/strong>&nbsp;de&nbsp;<strong>posicionamiento de pago a medio plazo<\/strong>. Aunque es muy importante destacar que ambas son compatibles y pueden coexistir, es m\u00e1s, es recomendable.<\/p>\n\n\n\n<h2 class=\"wp-block-heading\">Ventajas del SEO<\/h2>\n\n\n\n<ul class=\"wp-block-list\">\n<li>Si se hace bien es permanente durante mucho tiempo, a\u00f1os incluso.<\/li>\n\n\n\n<li>Mejora la calidad y usabilidad de la p\u00e1gina web de la entidad.<\/li>\n\n\n\n<li>Potencia la reputaci\u00f3n de la entidad al estar en las primeras posiciones.<\/li>\n<\/ul>\n\n\n\n<h2 class=\"wp-block-heading\">C\u00f3mo hacer un proyecto SEO<\/h2>\n\n\n\n<p>Para empezar un proyecto&nbsp;<strong>SEO<\/strong>&nbsp;haremos un documento donde reflejaremos<\/p>\n\n\n\n<ul class=\"wp-block-list\">\n<li>Las necesidades del cliente y sus objetivos de posicionamiento<\/li>\n\n\n\n<li>Las palabras claves por las que quiere figurar en las primeras posiciones de las\u00a0<strong>SERP\u2019s<\/strong>.<\/li>\n\n\n\n<li>Lla competencia existente.<\/li>\n\n\n\n<li>El periodo de tiempo necesario para ello.<\/li>\n<\/ul>\n\n\n\n<p>Una de las primeras preguntas que suelen hacer los clientes interesados en un&nbsp;<strong>proyecto SEO<\/strong>&nbsp;es cu\u00e1nto le va a costar. Sin embargo esto es imposible de contestar sin un an\u00e1lisis previo. Deberemos saber por cuantas palabras claves quiere competir, no es lo mismo 1 que 10, tambi\u00e9n es necesario tener en cuenta el n\u00famero de resultados que devuelven las palabras claves y si hay un factor geogr\u00e1fico, por ejemplo \u201cneveras Matar\u00f3\u201d devuelve 61.000 resultados y \u201cneveras Barcelona\u201d 510.000, l\u00f3gicamente en el segundo caso siempre es necesario un mayor trabajo para lograr resultados.<\/p>\n\n\n\n<p>Un&nbsp;<strong>proyecto SEO<\/strong>&nbsp;tiene una&nbsp;<strong>l\u00ednea de tiempo<\/strong>, no por entrar muchos contenidos al principio vamos a estar enseguida posicionados en las primeras p\u00e1ginas de&nbsp;<a href=\"https:\/\/google.es\/\"><strong>Google<\/strong>&nbsp;<\/a>, suele llevar un tiempo que se alarga o se acorta en funci\u00f3n de los recursos que se inviertan.<\/p>\n\n\n\n<p>No vale la pena hacer an\u00e1lisis a p\u00e1ginas que se est\u00e1n empezando a construir o que tengan menos de 3 meses de presencia en Internet, para empezar a realizar estudio y pruebas debemos esperar como m\u00ednimo 3 meses, no desde que registramos la Web, sino despu\u00e9s de haber introducido todos los contenidos y optimizaciones relevantes.<\/p>\n\n\n\n<p>Veamos ejemplos de ello:<\/p>\n\n\n\n<ul class=\"wp-block-list\">\n<li>Para p\u00e1gina nuevas o con pocos meses de antig\u00fcedad aunque est\u00e9n bien dise\u00f1adas y con amplios contenidos, los conceptos van a tardar meses en empezar a \u201csubir\u201d en\u00a0<strong>Google,<\/strong>\u00a0y solo lo har\u00e1n si se trabajan bien todos los aspectos comentados en este art\u00edculo. Ser\u00e1 un resultado lento pero seguro.<\/li>\n\n\n\n<li>En una p\u00e1gina \u201cnueva\u201d, es decir que tenga entre 3 y 6 meses se puede posicionar r\u00e1pido un art\u00edculo si tiene muchas visitas, hemos comprobado como una noticia con 500 visitas en 24 horas aparece en a las 36 horas en 1\u00aa p\u00e1gina de\u00a0<strong>Google<\/strong>\u00a0sobre m\u00e1s de 1.000.000 de referencias, pero cuando baja el n\u00famero de visitas a las 48-72 horas el art\u00edculo cae hasta la 7\u00aa-8\u00aa p\u00e1gina.<\/li>\n\n\n\n<li>En una Web bien dise\u00f1ada con una media de 2.000 visitas mensuales, incorporaci\u00f3n semanal de contenidos, al cabo de un a\u00f1o todas las noticias que se a\u00f1adan suelen aparecer en las primeras p\u00e1ginas de Google a las 48 horas si 2 palabras claves est\u00e1n en la direcci\u00f3n de la p\u00e1gina y en el t\u00edtulo, despu\u00e9s cae un poco.<\/li>\n<\/ul>\n\n\n\n<p>Estos son resultados experimentales que pueden estar sujetos a variaci\u00f3n por los cambios de criterio de&nbsp;<strong>Google<\/strong>.<\/p>\n","protected":false},"excerpt":{"rendered":"<p>En general se considera que una estrategia&nbsp;SEO&nbsp;de&nbsp;posicionamiento org\u00e1nico&nbsp;es m\u00e1s eficaz que una estrategia&nbsp;SEM&nbsp;de&nbsp;posicionamiento de pago a medio plazo. Aunque es [&hellip;]<\/p>\n","protected":false},"author":1,"featured_media":0,"parent":887,"menu_order":2,"comment_status":"closed","ping_status":"closed","template":"","meta":{"_uag_custom_page_level_css":"","site-sidebar-layout":"default","site-content-layout":"","ast-site-content-layout":"default","site-content-style":"default","site-sidebar-style":"default","ast-global-header-display":"","ast-banner-title-visibility":"","ast-main-header-display":"","ast-hfb-above-header-display":"","ast-hfb-below-header-display":"","ast-hfb-mobile-header-display":"","site-post-title":"","ast-breadcrumbs-content":"","ast-featured-img":"","footer-sml-layout":"","ast-disable-related-posts":"","theme-transparent-header-meta":"","adv-header-id-meta":"","stick-header-meta":"","header-above-stick-meta":"","header-main-stick-meta":"","header-below-stick-meta":"","astra-migrate-meta-layouts":"default","ast-page-background-enabled":"default","ast-page-background-meta":{"desktop":{"background-color":"var(--ast-global-color-4)","background-image":"","background-repeat":"repeat","background-position":"center center","background-size":"auto","background-attachment":"scroll","background-type":"","background-media":"","overlay-type":"","overlay-color":"","overlay-opacity":"","overlay-gradient":""},"tablet":{"background-color":"","background-image":"","background-repeat":"repeat","background-position":"center center","background-size":"auto","background-attachment":"scroll","background-type":"","background-media":"","overlay-type":"","overlay-color":"","overlay-opacity":"","overlay-gradient":""},"mobile":{"background-color":"","background-image":"","background-repeat":"repeat","background-position":"center center","background-size":"auto","background-attachment":"scroll","background-type":"","background-media":"","overlay-type":"","overlay-color":"","overlay-opacity":"","overlay-gradient":""}},"ast-content-background-meta":{"desktop":{"background-color":"var(--ast-global-color-5)","background-image":"","background-repeat":"repeat","background-position":"center center","background-size":"auto","background-attachment":"scroll","background-type":"","background-media":"","overlay-type":"","overlay-color":"","overlay-opacity":"","overlay-gradient":""},"tablet":{"background-color":"var(--ast-global-color-5)","background-image":"","background-repeat":"repeat","background-position":"center center","background-size":"auto","background-attachment":"scroll","background-type":"","background-media":"","overlay-type":"","overlay-color":"","overlay-opacity":"","overlay-gradient":""},"mobile":{"background-color":"var(--ast-global-color-5)","background-image":"","background-repeat":"repeat","background-position":"center center","background-size":"auto","background-attachment":"scroll","background-type":"","background-media":"","overlay-type":"","overlay-color":"","overlay-opacity":"","overlay-gradient":""}},"footnotes":""},"class_list":["post-4599","page","type-page","status-publish","hentry"],"uagb_featured_image_src":{"full":false,"thumbnail":false,"medium":false,"medium_large":false,"large":false,"1536x1536":false,"2048x2048":false},"uagb_author_info":{"display_name":"Sutil Web","author_link":"https:\/\/sutilweb.eu\/index.php\/author\/sutilweb\/"},"uagb_comment_info":0,"uagb_excerpt":"En general se considera que una estrategia&nbsp;SEO&nbsp;de&nbsp;posicionamiento org\u00e1nico&nbsp;es m\u00e1s eficaz que una estrategia&nbsp;SEM&nbsp;de&nbsp;posicionamiento de pago a medio plazo. Aunque es [&hellip;]","_links":{"self":[{"href":"https:\/\/sutilweb.eu\/index.php\/wp-json\/wp\/v2\/pages\/4599","targetHints":{"allow":["GET"]}}],"collection":[{"href":"https:\/\/sutilweb.eu\/index.php\/wp-json\/wp\/v2\/pages"}],"about":[{"href":"https:\/\/sutilweb.eu\/index.php\/wp-json\/wp\/v2\/types\/page"}],"author":[{"embeddable":true,"href":"https:\/\/sutilweb.eu\/index.php\/wp-json\/wp\/v2\/users\/1"}],"replies":[{"embeddable":true,"href":"https:\/\/sutilweb.eu\/index.php\/wp-json\/wp\/v2\/comments?post=4599"}],"version-history":[{"count":1,"href":"https:\/\/sutilweb.eu\/index.php\/wp-json\/wp\/v2\/pages\/4599\/revisions"}],"predecessor-version":[{"id":4600,"href":"https:\/\/sutilweb.eu\/index.php\/wp-json\/wp\/v2\/pages\/4599\/revisions\/4600"}],"up":[{"embeddable":true,"href":"https:\/\/sutilweb.eu\/index.php\/wp-json\/wp\/v2\/pages\/887"}],"wp:attachment":[{"href":"https:\/\/sutilweb.eu\/index.php\/wp-json\/wp\/v2\/media?parent=4599"}],"curies":[{"name":"wp","href":"https:\/\/api.w.org\/{rel}","templated":true}]}}