{"id":4547,"date":"2025-03-03T12:18:27","date_gmt":"2025-03-03T11:18:27","guid":{"rendered":"https:\/\/sutilweb.eu\/?page_id=4547"},"modified":"2025-03-03T12:18:28","modified_gmt":"2025-03-03T11:18:28","slug":"06-como-hacer-las-funciones-del-community-manager","status":"publish","type":"page","link":"https:\/\/sutilweb.eu\/index.php\/seo-marketing\/community-manager\/06-como-hacer-las-funciones-del-community-manager\/","title":{"rendered":"06. Como hacer las funciones del Community Manager"},"content":{"rendered":"\n<p>La labor principal que realiza el&nbsp;<strong>Community Manager<\/strong>&nbsp;es la de ayudar a que se cumplan los objetivos del&nbsp;<strong>plan de marketing digital<\/strong>. Lo hace conectando con el&nbsp;<strong>p\u00fablico objetivo<\/strong>, aumentando el alcance con el p\u00fablico objetivo. Para hacer eso hay un elemento imprescindible que es el&nbsp;<strong>hashtag<\/strong>.<\/p>\n\n\n\n<p>Los hashtag permiten tener esa expansi\u00f3n y hacer que nuestra marca o la marca que representemos gane. Un hashtag es una&nbsp;<strong>palabra clave<\/strong>&nbsp;o una&nbsp;<strong>frase clave<\/strong>&nbsp;que utilizan los usuarios en Internet para clasificar contenido. Es mucho m\u00e1s sencillo la b\u00fasqueda de informaci\u00f3n bajo una etiqueta que bajo la masa de contenidos que hay en Internet. Los hashtags van a permitir que se produzca m\u00e1s interacci\u00f3n entre contenido y usuarios interesados en dicho contenido.<\/p>\n\n\n\n<p>Si estamos buscando panader\u00eda o panes, haciendo clic en ese hashtag accederemos a panader\u00edas. Esto aplicado a cualquier tipo de proyecto en Internet hace que sea un elemento clave para los Community Manager, los cuales deben saber utilizar esta herramienta perfectamente.<\/p>\n\n\n\n<p>Un hashtag se construye con el s\u00edmbolo de la almohadilla seguido de la palabra clave que deseemos remarcar. Son una herramienta de comunicaci\u00f3n efectiva que permite clasificar e identificar cierto contenido y que sirve adem\u00e1s de&nbsp;<strong>hiperv\u00ednculo<\/strong>, ya que si hacemos clic en ellos, iremos a ciertas comunidades de usuarios relacionados con dicho hashtag.<\/p>\n\n\n\n<h2 class=\"wp-block-heading\">Motivos para utilizar los hashtag<\/h2>\n\n\n\n<p>El primer motivo es que&nbsp;<strong>mejora nuestra visibilidad<\/strong>, llegamos a mucha m\u00e1s gente y por lo tanto tendremos m\u00e1s impacto. Aumenta la interacci\u00f3n de nuestro p\u00fablico, es decir, nuestro&nbsp;<strong>engagement<\/strong>,&nbsp;<strong>KPI<\/strong>&nbsp;imprescindible en marketing digital. Si lo comparamos con aquellos que no incluyen hashtags en sus publicaciones, la diferencia ser\u00e1 mas que notable en t\u00e9rminos de audiencia.<\/p>\n\n\n\n<p>Otra de las bondades es que&nbsp;<strong>facilita la localizaci\u00f3n de nuestra audiencia<\/strong>. Estamos localizando a nuestro cliente ideal a trav\u00e9s de estas etiquetas.<\/p>\n\n\n\n<h2 class=\"wp-block-heading\">Consejos pr\u00e1cticos<\/h2>\n\n\n\n<h3 class=\"wp-block-heading\">No exceder el n\u00famero de hashtags<\/h3>\n\n\n\n<p>El primer consejo es&nbsp;<strong>no exceder el uso de hashtags<\/strong>. Las estrategias de marketing digital cambian constantemente, porque se ajustan a esos comportamientos de las personas en las redes sociales. Antes se cre\u00eda que cuantos mas hashtags se incluyeran en un art\u00edculo, mayor ser\u00eda el alcance. Est\u00e1 comprobado que no es as\u00ed.<\/p>\n\n\n\n<h3 class=\"wp-block-heading\">Combinar hashtags<\/h3>\n\n\n\n<p>El segundo consejo es&nbsp;<strong>combinar hashtag de alta y baja competencia<\/strong>. Si hacemos una combinaci\u00f3n, equilibraremos nuestro perfil y tendremos mejor visibilidad. Esto sobretodo es un consejo muy \u00fatil para aquellas cuentas con menos de 5.000 seguidores por ejm en Instagram, nos ayudar\u00e1n a crecer. Un ejemplo, si estamos hablando de marketing digital, la palabra&nbsp;<strong><em>#marketing&nbsp;<\/em><\/strong>ser\u00eda un hashtag de alta densidad, marketing lo utiliza millones de personas, si por el contrario ponemos&nbsp;<em><strong>#marketingdigitalponferrada<\/strong><\/em><strong>&nbsp;<\/strong>estamos acotando y se tratar\u00eda de un hashtag de baja densidad. Mezclar ambos es muy buena idea para enriquecer nuestros contenidos.<\/p>\n\n\n\n<h3 class=\"wp-block-heading\">Usar las recomendaciones de la plataforma en la que nos encontremos<\/h3>\n\n\n\n<p>Usa siempre las recomendaciones de la plataforma en la que nos encontremos. Todas las redes sociales sacan partido de los hashtags porque le interesan que los usuarios pasen cada vez m\u00e1s tiempo en sus plataformas, por lo que hay que prestar atenci\u00f3n a nuestras redes y escoger nuestro contenido, naveguemos en la red social y veamos cuantos hashtags se est\u00e1n utilizando.<\/p>\n\n\n\n<h3 class=\"wp-block-heading\">Publicaciones de los influencers<\/h3>\n\n\n\n<p>Otro consejo es prestar atenci\u00f3n a las&nbsp;<strong>publicaciones de los influencers<\/strong>, porque son un excelente punto de partida para iniciar ese estudio de los hashtags, por lo tanto es conveniente seguir a los influencers de nuestro nicho, por ejm, si estamos hablando de marketing digital, busquemos el influencer con m\u00e1s seguidores en el tema, tomemos nota de los hashtags que utiliza y la frecuencia con que los usa (en una semana, en un mes\u2026), de esta manera vemos de los temas que m\u00e1s hablan, y apliquemos esta t\u00e9cnica, o similar a nuestra propia cuenta, siempre manteniendo nuestra propia originalidad y esencia.<\/p>\n\n\n\n<h3 class=\"wp-block-heading\">Revisar tendencias<\/h3>\n\n\n\n<p>Importante&nbsp;<strong>revisar siempre las tendencias,<\/strong>&nbsp;siempre que hay un tema en tendencia, analizarlo y estudiar la mejor forma de vincularlo a nuestra marca. Si estamos hablando de un evento mundial, una copa del Mundo, apliqu\u00e9moslo al marketing si fuera posible, y trat\u00e9moslo con ese hashtag, que va a venir muy bien para aumentar tanto credibilidad como visibilidad.<\/p>\n\n\n\n<h3 class=\"wp-block-heading\">Hashtags distintos para cada red social<\/h3>\n\n\n\n<p>Muy importante, la mala praxis de hacer un hashtag o una publicaci\u00f3n, copiarla y pegarla en todas las redes sociales con el mismo texto y formato, cada red social se utiliza para un contexto, y cada hashtag se utiliza para contextos diferentes en cada red social.<\/p>\n\n\n\n<h3 class=\"wp-block-heading\">Definir nuestro objetivo y p\u00fablico objetivo<\/h3>\n\n\n\n<p>Antes de definir esa palabra clave para esa b\u00fasqueda que vayamos a realizar, hay que tener claro cual es nuestro&nbsp;<strong>objetivo<\/strong>&nbsp;y nuestro&nbsp;<strong>p\u00fablico objetivo<\/strong>, lo que nos permitir\u00e1 crear los hashtags m\u00e1s adecuados a nuestra estrategia. El Community Manager, como dijimos en anteriores cap\u00edtulos, es un profesional del marketing digital, y si no hacemos correctamente nuestro trabajo, al final nuestra estrategia no se va a aplicar bien, por lo tanto elegir los hashtags siempre que tengamos claro cual es nuestro p\u00fablico objetivo.<\/p>\n\n\n\n<h3 class=\"wp-block-heading\">Hashtags de la competencia<\/h3>\n\n\n\n<p>Investiguemos los hashtags de la competencia y de los seguidores y hagamos una lista junto a los nuestros. Apoyarnos mucho en los buscadores de los hashtags para que podamos conocer cuales de aquellos son m\u00e1s utilizados para los usuarios. Muy importante evitar utilizar etiquetas que no tengan nada que ver con nuestros productos y servicios, vamos a generar una imagen para nuestro target o p\u00fablico objetivo, y sobretodo para la red social. Importante tambi\u00e9n no incluir espacios, ni caracteres especiales, ni acentos\u2026 Tratemos de crear esos hashtag de creaci\u00f3n propia cortos y f\u00e1ciles de recordar.<\/p>\n\n\n\n<h3 class=\"wp-block-heading\">Perfil p\u00fablico en redes sociales<\/h3>\n\n\n\n<p>Para que los hashtags tengan un rendimiento muy alto es necesario que nuestro perfil sea p\u00fablico.<\/p>\n\n\n\n<h3 class=\"wp-block-heading\">Mejores d\u00edas y horas para publicar<\/h3>\n\n\n\n<p>Importante, tratar de publicar a las mejores horas y d\u00edas. El mismo hashtag publicado a horas diferentes del d\u00eda y en d\u00edas diferentes tienen repercusiones diferentes.<\/p>\n\n\n\n<h2 class=\"wp-block-heading\">Cuantos hashtags incluir<\/h2>\n\n\n\n<p>Cada red social tiene un l\u00edmite m\u00e1ximo de hashtags. Un n\u00famero excesivo de los mismos puede hacer que perdamos popularidad y visibilidad en vez de ganar, tienen que ser los concretos.<\/p>\n\n\n\n<h3 class=\"wp-block-heading\">Hashtags en Instagram<\/h3>\n\n\n\n<p>En Instagram hay un m\u00e1ximo de 30 hashtag, aunque lo recomendable es de 9 a 15, pero lo que desde aqu\u00ed recomendamos es de 3 a 9, y en esos 3 a 9, elegir la mitad o menos de la mitad que sean hashtag de alta frecuencia, y el resto hashtag de media frecuencia, y 1 o 2 hashtag de creaci\u00f3n propia. En esta red social los hashtags tienen gran importancia. Es una de las plataformas m\u00e1s activas con este tipo de t\u00e9cnica. No s\u00f3lo permite a\u00f1adir hashtags en las publicaciones, sino tambi\u00e9n se pueden incluir en las historias. Esto lo diferencia de las dem\u00e1s redes sociales.<\/p>\n\n\n\n<h3 class=\"wp-block-heading\">Hashtags en X (antigua Twitter)<\/h3>\n\n\n\n<p>En X no es recomendable publicar m\u00e1s de 1 o 2 hashtags. Es la plataforma que cre\u00f3 este tipo de pr\u00e1ctica. Y por supuesto, el perfil tiene que ser p\u00fablico.<\/p>\n\n\n\n<h3 class=\"wp-block-heading\">Hashtags en Facebook<\/h3>\n\n\n\n<p>En Facebook es recomendable utilizar 1 o 2 hashtags. Se ha convertido en una de las redes sociales en las que los hashtags tienen mas peso. Se pueden utilizar unas 15, pero lo dicho, nosotros recomendamos utilizar 1 o 2 como mucho.. Cuando publicamos, s\u00f3lo se muestran los primeros hashtags, el resto no se visualizan. Tampoco es recomendable poner la etiqueta en el t\u00edtulo del v\u00eddeo. En definitiva, el uso de hashtags en Facebook no tiene gran repercusi\u00f3n.<\/p>\n\n\n\n<h3 class=\"wp-block-heading\">Hashtags en Youtube<\/h3>\n\n\n\n<p>En Youtube utilizar como m\u00e1ximo 3 hashtag, recomendable utilizar 2.<\/p>\n\n\n\n<h3 class=\"wp-block-heading\">Hashtags en LinkedIn<\/h3>\n\n\n\n<p>En LinkedIn, dependiendo del sector aplicar 1 o 2 hashtags.<\/p>\n","protected":false},"excerpt":{"rendered":"<p>La labor principal que realiza el&nbsp;Community Manager&nbsp;es la de ayudar a que se cumplan los objetivos del&nbsp;plan de marketing digital. [&hellip;]<\/p>\n","protected":false},"author":1,"featured_media":0,"parent":1998,"menu_order":5,"comment_status":"closed","ping_status":"closed","template":"","meta":{"_uag_custom_page_level_css":"","site-sidebar-layout":"default","site-content-layout":"","ast-site-content-layout":"default","site-content-style":"default","site-sidebar-style":"default","ast-global-header-display":"","ast-banner-title-visibility":"","ast-main-header-display":"","ast-hfb-above-header-display":"","ast-hfb-below-header-display":"","ast-hfb-mobile-header-display":"","site-post-title":"","ast-breadcrumbs-content":"","ast-featured-img":"","footer-sml-layout":"","ast-disable-related-posts":"","theme-transparent-header-meta":"","adv-header-id-meta":"","stick-header-meta":"","header-above-stick-meta":"","header-main-stick-meta":"","header-below-stick-meta":"","astra-migrate-meta-layouts":"default","ast-page-background-enabled":"default","ast-page-background-meta":{"desktop":{"background-color":"var(--ast-global-color-4)","background-image":"","background-repeat":"repeat","background-position":"center center","background-size":"auto","background-attachment":"scroll","background-type":"","background-media":"","overlay-type":"","overlay-color":"","overlay-opacity":"","overlay-gradient":""},"tablet":{"background-color":"","background-image":"","background-repeat":"repeat","background-position":"center center","background-size":"auto","background-attachment":"scroll","background-type":"","background-media":"","overlay-type":"","overlay-color":"","overlay-opacity":"","overlay-gradient":""},"mobile":{"background-color":"","background-image":"","background-repeat":"repeat","background-position":"center center","background-size":"auto","background-attachment":"scroll","background-type":"","background-media":"","overlay-type":"","overlay-color":"","overlay-opacity":"","overlay-gradient":""}},"ast-content-background-meta":{"desktop":{"background-color":"var(--ast-global-color-5)","background-image":"","background-repeat":"repeat","background-position":"center center","background-size":"auto","background-attachment":"scroll","background-type":"","background-media":"","overlay-type":"","overlay-color":"","overlay-opacity":"","overlay-gradient":""},"tablet":{"background-color":"var(--ast-global-color-5)","background-image":"","background-repeat":"repeat","background-position":"center center","background-size":"auto","background-attachment":"scroll","background-type":"","background-media":"","overlay-type":"","overlay-color":"","overlay-opacity":"","overlay-gradient":""},"mobile":{"background-color":"var(--ast-global-color-5)","background-image":"","background-repeat":"repeat","background-position":"center center","background-size":"auto","background-attachment":"scroll","background-type":"","background-media":"","overlay-type":"","overlay-color":"","overlay-opacity":"","overlay-gradient":""}},"footnotes":""},"class_list":["post-4547","page","type-page","status-publish","hentry"],"uagb_featured_image_src":{"full":false,"thumbnail":false,"medium":false,"medium_large":false,"large":false,"1536x1536":false,"2048x2048":false},"uagb_author_info":{"display_name":"Sutil Web","author_link":"https:\/\/sutilweb.eu\/index.php\/author\/sutilweb\/"},"uagb_comment_info":0,"uagb_excerpt":"La labor principal que realiza el&nbsp;Community Manager&nbsp;es la de ayudar a que se cumplan los objetivos del&nbsp;plan de marketing digital. [&hellip;]","_links":{"self":[{"href":"https:\/\/sutilweb.eu\/index.php\/wp-json\/wp\/v2\/pages\/4547","targetHints":{"allow":["GET"]}}],"collection":[{"href":"https:\/\/sutilweb.eu\/index.php\/wp-json\/wp\/v2\/pages"}],"about":[{"href":"https:\/\/sutilweb.eu\/index.php\/wp-json\/wp\/v2\/types\/page"}],"author":[{"embeddable":true,"href":"https:\/\/sutilweb.eu\/index.php\/wp-json\/wp\/v2\/users\/1"}],"replies":[{"embeddable":true,"href":"https:\/\/sutilweb.eu\/index.php\/wp-json\/wp\/v2\/comments?post=4547"}],"version-history":[{"count":1,"href":"https:\/\/sutilweb.eu\/index.php\/wp-json\/wp\/v2\/pages\/4547\/revisions"}],"predecessor-version":[{"id":4548,"href":"https:\/\/sutilweb.eu\/index.php\/wp-json\/wp\/v2\/pages\/4547\/revisions\/4548"}],"up":[{"embeddable":true,"href":"https:\/\/sutilweb.eu\/index.php\/wp-json\/wp\/v2\/pages\/1998"}],"wp:attachment":[{"href":"https:\/\/sutilweb.eu\/index.php\/wp-json\/wp\/v2\/media?parent=4547"}],"curies":[{"name":"wp","href":"https:\/\/api.w.org\/{rel}","templated":true}]}}