{"id":4173,"date":"2024-10-11T12:57:02","date_gmt":"2024-10-11T10:57:02","guid":{"rendered":"https:\/\/blog.sutilweb.eu\/?page_id=4173"},"modified":"2024-10-11T12:57:04","modified_gmt":"2024-10-11T10:57:04","slug":"12-marketing-de-contenidos","status":"publish","type":"page","link":"https:\/\/sutilweb.eu\/index.php\/seo-marketing\/marketing-digital\/12-marketing-de-contenidos\/","title":{"rendered":"12. Marketing de Contenidos"},"content":{"rendered":"\n<p>El <strong>marketing de contenidos<\/strong> es <em><strong>la estrategia de marketing que se puede centrar en crear, publicar y distribuir contenido relevante para tu audiencia objetivo con el prop\u00f3sito de atraer nuevos clientes de una forma no intrusiva<\/strong><\/em>.<\/p>\n\n\n\n<p>No se debe publicar cualquier cosa, sino, como hemos comentado, contenido relevante. \u00bfQue contenido podemos publicar?, publicaciones relevantes que aporten valor de manera no intrusiva, como por ejm, <strong>consejos<\/strong>, <strong>tips<\/strong>, <strong>tutoriales<\/strong>, <strong>ejemplos<\/strong>&#8230; Nos estamos dando a conocer, explicando que conocimientos poseemos y en que podemos ayudar a nuestros clientes potenciales.<\/p>\n\n\n\n<p>Es posible que usuarios entren en nuestra web, lean nuestro contenido y est\u00e9n interesados en contratar nuestros servicios porque les hemos ayudado de alguna forma. <\/p>\n\n\n\n<h2 class=\"wp-block-heading\">Qu\u00e9 podemos hacer<\/h2>\n\n\n\n<p>El marketing de contenidos se puede hacer de diversas formas:<\/p>\n\n\n\n<ul class=\"wp-block-list\">\n<li>Redes Sociales<\/li>\n\n\n\n<li>Blogs<\/li>\n\n\n\n<li>V\u00eddeos<\/li>\n\n\n\n<li>Ebooks Webinars<\/li>\n\n\n\n<li>Podcasts<\/li>\n\n\n\n<li>Testimoniales<\/li>\n\n\n\n<li>Infograf\u00edas<\/li>\n\n\n\n<li>Memes<\/li>\n<\/ul>\n\n\n\n<h2 class=\"wp-block-heading\">Bondades del marketing de contenidos<\/h2>\n\n\n\n<p>Algunas de las bondades que nos brinda son:<\/p>\n\n\n\n<ul class=\"wp-block-list\">\n<li>Mejora el SEO, atrae m\u00e1s tr\u00e1fico y m\u00e1s clientes<\/li>\n\n\n\n<li>Aumenta el reconocimiento de marca<\/li>\n\n\n\n<li>Mejora la reputaci\u00f3n y nos diferencia de la competencia porque nos va a poner como un experto en la materia<\/li>\n\n\n\n<li>Fideliza clientes<\/li>\n\n\n\n<li>Estrategia menos costosa a largo plazo, no funciona a corto plazo, para ello habr\u00eda que hacer publicidad pagada<\/li>\n\n\n\n<li>Funciona con todo<\/li>\n\n\n\n<li>Es la entrada para una estrategia inbound<\/li>\n<\/ul>\n\n\n\n<h2 class=\"wp-block-heading\">Qu\u00e9 publicaremos<\/h2>\n\n\n\n<p>Lo primero que debemos <strong>saber es quien es nuestro p\u00fablico<\/strong>, lo siguiente es <strong>ser creativo con los mensajes<\/strong>, si puedes, hazlo como un <strong>Storytelling<\/strong> (cuenta como un cuento), investigar y escuchar las opiniones de los usuarios nos va a permitir mejorar. Crea contenido \u00fatil para los usuarios, que los aporte valor. Ofrece informaci\u00f3n para ser compartida. Minimicemos los mensajes comerciales. Funciona muy bien a medio\/largo plazo.<\/p>\n\n\n\n<h2 class=\"wp-block-heading\">Calendario de publicaciones<\/h2>\n\n\n\n<p>Tendremos que crear un <strong>calendario de publicaciones<\/strong>, que podemos crear en una hoja de <strong>Excel<\/strong>, donde crearemos un calendario con las distintas semanas donde vamos a publicar, y los d\u00edas que publicaremos cada semana, con una categor\u00eda distinta cada d\u00eda, y un contenido para cada categor\u00eda.<\/p>\n\n\n\n<h2 class=\"wp-block-heading\">Emailing<\/h2>\n\n\n\n<p>El <strong>emailing<\/strong> consiste en el env\u00edo pre-aprobado de informaci\u00f3n de valor para el cliente o consumidor. Funciona mejor cuanto m\u00e1s atractiva es la informaci\u00f3n, oferta o comunicaci\u00f3n para el p\u00fablico a quien va dirigido.<\/p>\n\n\n\n<p>Son campa\u00f1as de bajo costo, la inversi\u00f3n es m\u00ednima. El tiempo de entrega es instant\u00e1neo dentro o fuera de la localidad. La ejecuci\u00f3n tambi\u00e9n es inmediata y permite los ajustes. Es posible medir, hacer comparaciones y realizar seguimiento. Y podremos saber cuantas personas leen los correos enviados y hacen clic en los links.<\/p>\n\n\n\n<p><\/p>\n","protected":false},"excerpt":{"rendered":"<p>El marketing de contenidos es la estrategia de marketing que se puede centrar en crear, publicar y distribuir contenido relevante [&hellip;]<\/p>\n","protected":false},"author":1,"featured_media":0,"parent":3933,"menu_order":11,"comment_status":"closed","ping_status":"closed","template":"","meta":{"_uag_custom_page_level_css":"","site-sidebar-layout":"default","site-content-layout":"","ast-site-content-layout":"default","site-content-style":"default","site-sidebar-style":"default","ast-global-header-display":"","ast-banner-title-visibility":"","ast-main-header-display":"","ast-hfb-above-header-display":"","ast-hfb-below-header-display":"","ast-hfb-mobile-header-display":"","site-post-title":"","ast-breadcrumbs-content":"","ast-featured-img":"","footer-sml-layout":"","ast-disable-related-posts":"","theme-transparent-header-meta":"","adv-header-id-meta":"","stick-header-meta":"","header-above-stick-meta":"","header-main-stick-meta":"","header-below-stick-meta":"","astra-migrate-meta-layouts":"default","ast-page-background-enabled":"default","ast-page-background-meta":{"desktop":{"background-color":"var(--ast-global-color-4)","background-image":"","background-repeat":"repeat","background-position":"center center","background-size":"auto","background-attachment":"scroll","background-type":"","background-media":"","overlay-type":"","overlay-color":"","overlay-opacity":"","overlay-gradient":""},"tablet":{"background-color":"","background-image":"","background-repeat":"repeat","background-position":"center center","background-size":"auto","background-attachment":"scroll","background-type":"","background-media":"","overlay-type":"","overlay-color":"","overlay-opacity":"","overlay-gradient":""},"mobile":{"background-color":"","background-image":"","background-repeat":"repeat","background-position":"center center","background-size":"auto","background-attachment":"scroll","background-type":"","background-media":"","overlay-type":"","overlay-color":"","overlay-opacity":"","overlay-gradient":""}},"ast-content-background-meta":{"desktop":{"background-color":"var(--ast-global-color-5)","background-image":"","background-repeat":"repeat","background-position":"center center","background-size":"auto","background-attachment":"scroll","background-type":"","background-media":"","overlay-type":"","overlay-color":"","overlay-opacity":"","overlay-gradient":""},"tablet":{"background-color":"var(--ast-global-color-5)","background-image":"","background-repeat":"repeat","background-position":"center center","background-size":"auto","background-attachment":"scroll","background-type":"","background-media":"","overlay-type":"","overlay-color":"","overlay-opacity":"","overlay-gradient":""},"mobile":{"background-color":"var(--ast-global-color-5)","background-image":"","background-repeat":"repeat","background-position":"center center","background-size":"auto","background-attachment":"scroll","background-type":"","background-media":"","overlay-type":"","overlay-color":"","overlay-opacity":"","overlay-gradient":""}},"footnotes":""},"class_list":["post-4173","page","type-page","status-publish","hentry"],"uagb_featured_image_src":{"full":false,"thumbnail":false,"medium":false,"medium_large":false,"large":false,"1536x1536":false,"2048x2048":false},"uagb_author_info":{"display_name":"Sutil Web","author_link":"https:\/\/sutilweb.eu\/index.php\/author\/sutilweb\/"},"uagb_comment_info":0,"uagb_excerpt":"El marketing de contenidos es la estrategia de marketing que se puede centrar en crear, publicar y distribuir contenido relevante [&hellip;]","_links":{"self":[{"href":"https:\/\/sutilweb.eu\/index.php\/wp-json\/wp\/v2\/pages\/4173","targetHints":{"allow":["GET"]}}],"collection":[{"href":"https:\/\/sutilweb.eu\/index.php\/wp-json\/wp\/v2\/pages"}],"about":[{"href":"https:\/\/sutilweb.eu\/index.php\/wp-json\/wp\/v2\/types\/page"}],"author":[{"embeddable":true,"href":"https:\/\/sutilweb.eu\/index.php\/wp-json\/wp\/v2\/users\/1"}],"replies":[{"embeddable":true,"href":"https:\/\/sutilweb.eu\/index.php\/wp-json\/wp\/v2\/comments?post=4173"}],"version-history":[{"count":25,"href":"https:\/\/sutilweb.eu\/index.php\/wp-json\/wp\/v2\/pages\/4173\/revisions"}],"predecessor-version":[{"id":4311,"href":"https:\/\/sutilweb.eu\/index.php\/wp-json\/wp\/v2\/pages\/4173\/revisions\/4311"}],"up":[{"embeddable":true,"href":"https:\/\/sutilweb.eu\/index.php\/wp-json\/wp\/v2\/pages\/3933"}],"wp:attachment":[{"href":"https:\/\/sutilweb.eu\/index.php\/wp-json\/wp\/v2\/media?parent=4173"}],"curies":[{"name":"wp","href":"https:\/\/api.w.org\/{rel}","templated":true}]}}