{"id":4163,"date":"2024-10-11T12:54:40","date_gmt":"2024-10-11T10:54:40","guid":{"rendered":"https:\/\/blog.sutilweb.eu\/?page_id=4163"},"modified":"2024-10-11T12:54:41","modified_gmt":"2024-10-11T10:54:41","slug":"11-perfil-de-negocio-de-google","status":"publish","type":"page","link":"https:\/\/sutilweb.eu\/index.php\/seo-marketing\/marketing-digital\/11-perfil-de-negocio-de-google\/","title":{"rendered":"11. Perfil de negocio de Google"},"content":{"rendered":"\n<p>Anteriormente denominado <strong>Google My Business<\/strong>, si buscamos una empresa, arriba a la derecha aparecer\u00e1 el perfil de negocio de <strong>Google<\/strong>. Esto funciona muy bien para negocios f\u00edsicos. Si tenemos un negocio f\u00edsico es importante registrarnos en el perfil de negocio de Google, es gratis.<\/p>\n\n\n\n<p>Cuando, como usuario haces una b\u00fasqueda por ejm de un restaurante, aparecer\u00e1n aquellos perfiles cercanos que est\u00e9n registrados en Google.<\/p>\n\n\n\n<h2 class=\"wp-block-heading\">Registro<\/h2>\n\n\n\n<p>Como hemos comentado, el registro es gratis, se puede acceder a trav\u00e9s de la siguiente URL, <a href=\"https:\/\/www.google.com\/intl\/es_es\/business\/\" target=\"_blank\" rel=\"noreferrer noopener\">https:\/\/www.google.com\/intl\/es_es\/business\/<\/a>. Con esto es suficiente.<\/p>\n\n\n\n<p><\/p>\n","protected":false},"excerpt":{"rendered":"<p>Anteriormente denominado Google My Business, si buscamos una empresa, arriba a la derecha aparecer\u00e1 el perfil de negocio de Google. [&hellip;]<\/p>\n","protected":false},"author":1,"featured_media":0,"parent":3933,"menu_order":10,"comment_status":"closed","ping_status":"closed","template":"","meta":{"_uag_custom_page_level_css":"","site-sidebar-layout":"default","site-content-layout":"","ast-site-content-layout":"default","site-content-style":"default","site-sidebar-style":"default","ast-global-header-display":"","ast-banner-title-visibility":"","ast-main-header-display":"","ast-hfb-above-header-display":"","ast-hfb-below-header-display":"","ast-hfb-mobile-header-display":"","site-post-title":"","ast-breadcrumbs-content":"","ast-featured-img":"","footer-sml-layout":"","ast-disable-related-posts":"","theme-transparent-header-meta":"","adv-header-id-meta":"","stick-header-meta":"","header-above-stick-meta":"","header-main-stick-meta":"","header-below-stick-meta":"","astra-migrate-meta-layouts":"default","ast-page-background-enabled":"default","ast-page-background-meta":{"desktop":{"background-color":"var(--ast-global-color-4)","background-image":"","background-repeat":"repeat","background-position":"center center","background-size":"auto","background-attachment":"scroll","background-type":"","background-media":"","overlay-type":"","overlay-color":"","overlay-opacity":"","overlay-gradient":""},"tablet":{"background-color":"","background-image":"","background-repeat":"repeat","background-position":"center center","background-size":"auto","background-attachment":"scroll","background-type":"","background-media":"","overlay-type":"","overlay-color":"","overlay-opacity":"","overlay-gradient":""},"mobile":{"background-color":"","background-image":"","background-repeat":"repeat","background-position":"center center","background-size":"auto","background-attachment":"scroll","background-type":"","background-media":"","overlay-type":"","overlay-color":"","overlay-opacity":"","overlay-gradient":""}},"ast-content-background-meta":{"desktop":{"background-color":"var(--ast-global-color-5)","background-image":"","background-repeat":"repeat","background-position":"center center","background-size":"auto","background-attachment":"scroll","background-type":"","background-media":"","overlay-type":"","overlay-color":"","overlay-opacity":"","overlay-gradient":""},"tablet":{"background-color":"var(--ast-global-color-5)","background-image":"","background-repeat":"repeat","background-position":"center center","background-size":"auto","background-attachment":"scroll","background-type":"","background-media":"","overlay-type":"","overlay-color":"","overlay-opacity":"","overlay-gradient":""},"mobile":{"background-color":"var(--ast-global-color-5)","background-image":"","background-repeat":"repeat","background-position":"center center","background-size":"auto","background-attachment":"scroll","background-type":"","background-media":"","overlay-type":"","overlay-color":"","overlay-opacity":"","overlay-gradient":""}},"footnotes":""},"class_list":["post-4163","page","type-page","status-publish","hentry"],"uagb_featured_image_src":{"full":false,"thumbnail":false,"medium":false,"medium_large":false,"large":false,"1536x1536":false,"2048x2048":false},"uagb_author_info":{"display_name":"Sutil Web","author_link":"https:\/\/sutilweb.eu\/index.php\/author\/sutilweb\/"},"uagb_comment_info":0,"uagb_excerpt":"Anteriormente denominado Google My Business, si buscamos una empresa, arriba a la derecha aparecer\u00e1 el perfil de negocio de Google. [&hellip;]","_links":{"self":[{"href":"https:\/\/sutilweb.eu\/index.php\/wp-json\/wp\/v2\/pages\/4163","targetHints":{"allow":["GET"]}}],"collection":[{"href":"https:\/\/sutilweb.eu\/index.php\/wp-json\/wp\/v2\/pages"}],"about":[{"href":"https:\/\/sutilweb.eu\/index.php\/wp-json\/wp\/v2\/types\/page"}],"author":[{"embeddable":true,"href":"https:\/\/sutilweb.eu\/index.php\/wp-json\/wp\/v2\/users\/1"}],"replies":[{"embeddable":true,"href":"https:\/\/sutilweb.eu\/index.php\/wp-json\/wp\/v2\/comments?post=4163"}],"version-history":[{"count":10,"href":"https:\/\/sutilweb.eu\/index.php\/wp-json\/wp\/v2\/pages\/4163\/revisions"}],"predecessor-version":[{"id":4310,"href":"https:\/\/sutilweb.eu\/index.php\/wp-json\/wp\/v2\/pages\/4163\/revisions\/4310"}],"up":[{"embeddable":true,"href":"https:\/\/sutilweb.eu\/index.php\/wp-json\/wp\/v2\/pages\/3933"}],"wp:attachment":[{"href":"https:\/\/sutilweb.eu\/index.php\/wp-json\/wp\/v2\/media?parent=4163"}],"curies":[{"name":"wp","href":"https:\/\/api.w.org\/{rel}","templated":true}]}}