{"id":4097,"date":"2024-10-11T12:46:45","date_gmt":"2024-10-11T10:46:45","guid":{"rendered":"https:\/\/blog.sutilweb.eu\/?page_id=4097"},"modified":"2024-10-11T12:46:46","modified_gmt":"2024-10-11T10:46:46","slug":"08-redes-sociales","status":"publish","type":"page","link":"https:\/\/sutilweb.eu\/index.php\/seo-marketing\/marketing-digital\/08-redes-sociales\/","title":{"rendered":"08. Redes Sociales"},"content":{"rendered":"\n<p>Una de las primeras preguntas que nos hacemos los emprendedores es, \u00bfen qu\u00e9 red social vamos a estar?, NO hay que estar en todas las redes sociales, tan s\u00f3lo en las que est\u00e9n tus clientes. Hay que analizar donde est\u00e1 nuestro p\u00fablico, en <strong>Instagram<\/strong>, <strong>Tiktok<\/strong>&#8230;<\/p>\n\n\n\n<h2 class=\"wp-block-heading\">Qu\u00e9 y cuando publicar<\/h2>\n\n\n\n<p>Debemos hacer <strong>Marketing de Contenidos<\/strong> y preparar un <strong>calendario de publicaciones<\/strong>.<\/p>\n\n\n\n<h2 class=\"wp-block-heading\">Facebook<\/h2>\n\n\n\n<p>En <strong><a href=\"https:\/\/www.facebook.com\/sutilweb\" target=\"_blank\" rel=\"noreferrer noopener\">Facebook<\/a><\/strong> principalmente est\u00e1n varones de entre 25 a 34 a\u00f1os, por lo que si nuestro p\u00fablico objetivo es el comprendido entre los varones de dicha edad, esta es tu red social.<\/p>\n\n\n\n<h2 class=\"wp-block-heading\">Instagram<\/h2>\n\n\n\n<p>En <strong>Instagram<\/strong> se encuentra tanto los varones como mujeres, principalmente con edades comprendidas entre los 18-34 a\u00f1os.<\/p>\n\n\n\n<h2 class=\"wp-block-heading\">Tiktok<\/h2>\n\n\n\n<p>Principalmente el p\u00fablico es joven, entre los 18 y los 24 a\u00f1os.<\/p>\n\n\n\n<h2 class=\"wp-block-heading\">Facebook para empresas<\/h2>\n\n\n\n<p>Si vamos a comenzar con <strong>Facebook<\/strong> es conveniente crear nuestra <strong>Fanpage<\/strong>, es decir, la p\u00e1gina de empresa o de negocios. Una vez creada tenemos que configurar algunas cosas importantes:<\/p>\n\n\n\n<ul class=\"wp-block-list\">\n<li>Logo<\/li>\n\n\n\n<li>Portada<\/li>\n\n\n\n<li>Informaci\u00f3n de negocio<\/li>\n\n\n\n<li>Cambiar la URL por defecto por una URL amigable<\/li>\n\n\n\n<li>Agregar un segundo administrador<\/li>\n\n\n\n<li>Integrarlo con <strong>Instagram<\/strong> y con <strong>WhatsApp Business<\/strong><\/li>\n<\/ul>\n\n\n\n<p>Con una sola cuenta personal, una persona puede tener todas las <strong>Fanpages<\/strong> que necesite.<\/p>\n\n\n\n<h3 class=\"wp-block-heading\">Como vender en Facebook<\/h3>\n\n\n\n<p>Lo primero que debemos hacer es crear contenido:<\/p>\n\n\n\n<ul class=\"wp-block-list\">\n<li><strong>Reels<\/strong><\/li>\n\n\n\n<li><strong>Historias<\/strong><\/li>\n\n\n\n<li><strong>Posts<\/strong><\/li>\n<\/ul>\n\n\n\n<p>El <strong>alcance org\u00e1nico<\/strong> en Facebook es muy bajo, cuando publicamos, pocas personas van a ver esas publicaciones. Si queremos llegar a m\u00e1s personas debemos pagar a Facebook para que muestre nuestra Fanpage a mucho m\u00e1s p\u00fablico.<\/p>\n\n\n\n<h2 class=\"wp-block-heading\">Instagram<\/h2>\n\n\n\n<p>El contenido que debemos crear es, en orden de prioridad el siguiente:<\/p>\n\n\n\n<ul class=\"wp-block-list\">\n<li><strong>Reels<\/strong><\/li>\n\n\n\n<li><strong>Historias<\/strong><\/li>\n\n\n\n<li><strong>Carrusels<\/strong><\/li>\n\n\n\n<li><strong>Posts<\/strong><\/li>\n<\/ul>\n\n\n\n<p>Las medidas para crear contenido son las siguientes:<\/p>\n\n\n\n<ul class=\"wp-block-list\">\n<li>Post imagen cuadrado: 1080 x 1080 px<\/li>\n\n\n\n<li>Post imagen vertical: 1080 x 1350 px<\/li>\n\n\n\n<li>Reels + Historias: 9:16 &#8211; 1080 x 1920 px<\/li>\n<\/ul>\n\n\n\n<p>El alcance, aunque es mayor que en Facebook, es muy bajo, por lo que si queremos llegar a m\u00e1s p\u00fablico debemos pagar a Meta.<\/p>\n\n\n\n<h3 class=\"wp-block-heading\">Reels en Instagram<\/h3>\n\n\n\n<p>Los Reels tienen prioridad para el alcance, de preferencia deben ser cortos, entre 5 y 15 segundos, lo mejor es publicar a diario, o por lo menos 3 veces por semana. Puedes publicar Reels todos los d\u00edas, y las historias, puedes publicar 3 por d\u00eda. Se pueden editar los videos con el editor propio de Instagram, con <strong><a href=\"https:\/\/www.canva.com\/\" target=\"_blank\" rel=\"noreferrer noopener\">Canva<\/a><\/strong>, <strong><a href=\"https:\/\/www.capcut.com\/es-es\/\" target=\"_blank\" rel=\"noreferrer noopener\">Capcut<\/a><\/strong>&#8230; Analiza las tendencias en tu sector, e importante poner una descripci\u00f3n a nuestro video, e incluir <strong>hashtags<\/strong>. Mira que horarios son los mejores para publicar, desde la plataforma <strong>Business Suite<\/strong> de <strong>Meta <\/strong>te facilitar\u00e1n los mejores horarios.<\/p>\n\n\n\n<h2 class=\"wp-block-heading\">Meta Ads<\/h2>\n\n\n\n<p>Es la plataforma mediante la cual pagamos a Meta (que incluye Facebook, Instagram y WhatsApp) para que visualice nuestro contenido a m\u00e1s p\u00fablico. Los anuncios se configuran en el administrador de anuncios de Meta, tambi\u00e9n conocido en ingl\u00e9s como el Ads Manager. Desde esta plataforma configuramos nuestras campa\u00f1as de publicidad en Meta Ads. <\/p>\n\n\n\n<p>Una campa\u00f1a se conforma de 3 cosas:<\/p>\n\n\n\n<ul class=\"wp-block-list\">\n<li><strong>Campa\u00f1a<\/strong>: es donde elegimos el objetivo, por ejm, si queremos mensajes elegimos el objetivo de interacci\u00f3n, si queremos ventas elegimos el objetivo de ventas.<\/li>\n\n\n\n<li><strong>Conjunto de anuncios<\/strong>: vamos a colocar el presupuesto (cuanto queremos invertir), como m\u00ednimo la plataforma nos indica 1 euro al d\u00eda, pero con esta cantidad no llegamos a un p\u00fablico grande, por lo que recomendamos poner 2 euros al d\u00eda. Tambi\u00e9n vamos a elegir la segmentaci\u00f3n, es decir, que zona geogr\u00e1fica, que rango de edad, que intereses (solteros, casados, gustos), que horario y que d\u00eda, y en que plataforma (Facebook, Instagram).<\/li>\n\n\n\n<li><strong>Anuncios<\/strong>: pondremos la foto o el video con los textos que deseamos mostrar.<\/li>\n<\/ul>\n\n\n\n<h2 class=\"wp-block-heading\">Tiktok para negocios<\/h2>\n\n\n\n<p>Hay que tener en cuenta ciertos par\u00e1metros:<\/p>\n\n\n\n<ul class=\"wp-block-list\">\n<li>Crear nuestra cuenta de empresa correctamente<\/li>\n\n\n\n<li>Equilibrio entre calidad y cantidad<\/li>\n\n\n\n<li>Recordar que es la plataforma preferida para entretenimiento<\/li>\n\n\n\n<li>Integrar con Instagram y Youbute.<\/li>\n<\/ul>\n\n\n\n<h3 class=\"wp-block-heading\">Como vender en Tiktok<\/h3>\n\n\n\n<p>Con respecto al contenido, este es el orden que deber\u00edamos seguir:<\/p>\n\n\n\n<ul class=\"wp-block-list\">\n<li>Contenido vertical<\/li>\n\n\n\n<li>Historias<\/li>\n\n\n\n<li>Carrusels<\/li>\n\n\n\n<li>Posts<\/li>\n<\/ul>\n\n\n\n<p>Las medidas son similares a Instagram y su alcance es m\u00e1s alto.<\/p>\n","protected":false},"excerpt":{"rendered":"<p>Una de las primeras preguntas que nos hacemos los emprendedores es, \u00bfen qu\u00e9 red social vamos a estar?, NO hay [&hellip;]<\/p>\n","protected":false},"author":1,"featured_media":0,"parent":3933,"menu_order":7,"comment_status":"closed","ping_status":"closed","template":"","meta":{"_uag_custom_page_level_css":"","site-sidebar-layout":"default","site-content-layout":"","ast-site-content-layout":"default","site-content-style":"default","site-sidebar-style":"default","ast-global-header-display":"","ast-banner-title-visibility":"","ast-main-header-display":"","ast-hfb-above-header-display":"","ast-hfb-below-header-display":"","ast-hfb-mobile-header-display":"","site-post-title":"","ast-breadcrumbs-content":"","ast-featured-img":"","footer-sml-layout":"","ast-disable-related-posts":"","theme-transparent-header-meta":"","adv-header-id-meta":"","stick-header-meta":"","header-above-stick-meta":"","header-main-stick-meta":"","header-below-stick-meta":"","astra-migrate-meta-layouts":"default","ast-page-background-enabled":"default","ast-page-background-meta":{"desktop":{"background-color":"var(--ast-global-color-4)","background-image":"","background-repeat":"repeat","background-position":"center center","background-size":"auto","background-attachment":"scroll","background-type":"","background-media":"","overlay-type":"","overlay-color":"","overlay-opacity":"","overlay-gradient":""},"tablet":{"background-color":"","background-image":"","background-repeat":"repeat","background-position":"center center","background-size":"auto","background-attachment":"scroll","background-type":"","background-media":"","overlay-type":"","overlay-color":"","overlay-opacity":"","overlay-gradient":""},"mobile":{"background-color":"","background-image":"","background-repeat":"repeat","background-position":"center center","background-size":"auto","background-attachment":"scroll","background-type":"","background-media":"","overlay-type":"","overlay-color":"","overlay-opacity":"","overlay-gradient":""}},"ast-content-background-meta":{"desktop":{"background-color":"var(--ast-global-color-5)","background-image":"","background-repeat":"repeat","background-position":"center center","background-size":"auto","background-attachment":"scroll","background-type":"","background-media":"","overlay-type":"","overlay-color":"","overlay-opacity":"","overlay-gradient":""},"tablet":{"background-color":"var(--ast-global-color-5)","background-image":"","background-repeat":"repeat","background-position":"center center","background-size":"auto","background-attachment":"scroll","background-type":"","background-media":"","overlay-type":"","overlay-color":"","overlay-opacity":"","overlay-gradient":""},"mobile":{"background-color":"var(--ast-global-color-5)","background-image":"","background-repeat":"repeat","background-position":"center center","background-size":"auto","background-attachment":"scroll","background-type":"","background-media":"","overlay-type":"","overlay-color":"","overlay-opacity":"","overlay-gradient":""}},"footnotes":""},"class_list":["post-4097","page","type-page","status-publish","hentry"],"uagb_featured_image_src":{"full":false,"thumbnail":false,"medium":false,"medium_large":false,"large":false,"1536x1536":false,"2048x2048":false},"uagb_author_info":{"display_name":"Sutil Web","author_link":"https:\/\/sutilweb.eu\/index.php\/author\/sutilweb\/"},"uagb_comment_info":0,"uagb_excerpt":"Una de las primeras preguntas que nos hacemos los emprendedores es, \u00bfen qu\u00e9 red social vamos a estar?, NO hay [&hellip;]","_links":{"self":[{"href":"https:\/\/sutilweb.eu\/index.php\/wp-json\/wp\/v2\/pages\/4097","targetHints":{"allow":["GET"]}}],"collection":[{"href":"https:\/\/sutilweb.eu\/index.php\/wp-json\/wp\/v2\/pages"}],"about":[{"href":"https:\/\/sutilweb.eu\/index.php\/wp-json\/wp\/v2\/types\/page"}],"author":[{"embeddable":true,"href":"https:\/\/sutilweb.eu\/index.php\/wp-json\/wp\/v2\/users\/1"}],"replies":[{"embeddable":true,"href":"https:\/\/sutilweb.eu\/index.php\/wp-json\/wp\/v2\/comments?post=4097"}],"version-history":[{"count":46,"href":"https:\/\/sutilweb.eu\/index.php\/wp-json\/wp\/v2\/pages\/4097\/revisions"}],"predecessor-version":[{"id":4306,"href":"https:\/\/sutilweb.eu\/index.php\/wp-json\/wp\/v2\/pages\/4097\/revisions\/4306"}],"up":[{"embeddable":true,"href":"https:\/\/sutilweb.eu\/index.php\/wp-json\/wp\/v2\/pages\/3933"}],"wp:attachment":[{"href":"https:\/\/sutilweb.eu\/index.php\/wp-json\/wp\/v2\/media?parent=4097"}],"curies":[{"name":"wp","href":"https:\/\/api.w.org\/{rel}","templated":true}]}}