{"id":4023,"date":"2024-10-09T11:02:36","date_gmt":"2024-10-09T09:02:36","guid":{"rendered":"https:\/\/blog.sutilweb.eu\/?page_id=4023"},"modified":"2024-10-09T11:02:37","modified_gmt":"2024-10-09T09:02:37","slug":"05-la-ia-y-el-marketing-digital","status":"publish","type":"page","link":"https:\/\/sutilweb.eu\/index.php\/seo-marketing\/marketing-digital\/05-la-ia-y-el-marketing-digital\/","title":{"rendered":"05. La IA y el Marketing Digital"},"content":{"rendered":"\n<p>La IA nos permite:<\/p>\n\n\n\n<ul class=\"wp-block-list\">\n<li>Ahorrar tiempo<\/li>\n\n\n\n<li>Generar inspiraci\u00f3n<\/li>\n\n\n\n<li>Crear nuestros primeros borradores: tenemos que ir depurando, mejorando, darle nuestro estilo, nuestro toque, la personalidad que le queramos dar a nuestra IA.<\/li>\n<\/ul>\n\n\n\n<p>Algunas de las herramientas IA que podemos utilizar son: <\/p>\n\n\n\n<ul class=\"wp-block-list\">\n<li><a href=\"https:\/\/chatgpt.com\/\" target=\"_blank\" rel=\"noreferrer noopener\">ChatGPT<\/a><\/li>\n\n\n\n<li><a href=\"https:\/\/gemini.google.com\/?hl=es\" target=\"_blank\" rel=\"noreferrer noopener\">Gemini<\/a><\/li>\n\n\n\n<li><a href=\"https:\/\/copilot.microsoft.com\/?msockid=1be515d97eab6a5f285300dc7f806b4f\" target=\"_blank\" rel=\"noreferrer noopener\">Copilot<\/a><\/li>\n\n\n\n<li><a href=\"https:\/\/www.canva.com\/\" target=\"_blank\" rel=\"noreferrer noopener\">Canva<\/a><\/li>\n\n\n\n<li><a href=\"https:\/\/leonardo.ai\/\" target=\"_blank\" rel=\"noreferrer noopener\">Leonardo ai<\/a><\/li>\n\n\n\n<li><a href=\"https:\/\/openai.com\/index\/dall-e\/\">Dall-e<\/a><\/li>\n<\/ul>\n\n\n\n<h2 class=\"wp-block-heading\">Prompt en IA<\/h2>\n\n\n\n<p>Un prompt en ia son una serie de instrucciones que se le facilita a la IA para lograr que esta realice una determinada acci\u00f3n.<\/p>\n\n\n\n<h3 class=\"wp-block-heading\">Ejemplos de prompt<\/h3>\n\n\n\n<ul class=\"wp-block-list\">\n<li>Soy mec\u00e1nico, me puedes facilitar una idea f\u00e1cil y simple de c\u00f3mo conseguir clientes en redes sociales.<\/li>\n\n\n\n<li>Soy electricista aut\u00f3nomo, me puedes crear un copy para mi anuncio de Linkedin, divide en p\u00e1rrafos y agrega emoticonos<\/li>\n<\/ul>\n\n\n\n<p>Es importante, como hemos comentado m\u00e1s arriba, dar nuestro propio a los art\u00edculos  que creemos con la IA.<\/p>\n","protected":false},"excerpt":{"rendered":"<p>La IA nos permite: Algunas de las herramientas IA que podemos utilizar son: Prompt en IA Un prompt en ia [&hellip;]<\/p>\n","protected":false},"author":1,"featured_media":0,"parent":3933,"menu_order":4,"comment_status":"closed","ping_status":"closed","template":"","meta":{"_uag_custom_page_level_css":"","site-sidebar-layout":"default","site-content-layout":"","ast-site-content-layout":"default","site-content-style":"default","site-sidebar-style":"default","ast-global-header-display":"","ast-banner-title-visibility":"","ast-main-header-display":"","ast-hfb-above-header-display":"","ast-hfb-below-header-display":"","ast-hfb-mobile-header-display":"","site-post-title":"","ast-breadcrumbs-content":"","ast-featured-img":"","footer-sml-layout":"","ast-disable-related-posts":"","theme-transparent-header-meta":"","adv-header-id-meta":"","stick-header-meta":"","header-above-stick-meta":"","header-main-stick-meta":"","header-below-stick-meta":"","astra-migrate-meta-layouts":"default","ast-page-background-enabled":"default","ast-page-background-meta":{"desktop":{"background-color":"var(--ast-global-color-4)","background-image":"","background-repeat":"repeat","background-position":"center center","background-size":"auto","background-attachment":"scroll","background-type":"","background-media":"","overlay-type":"","overlay-color":"","overlay-opacity":"","overlay-gradient":""},"tablet":{"background-color":"","background-image":"","background-repeat":"repeat","background-position":"center center","background-size":"auto","background-attachment":"scroll","background-type":"","background-media":"","overlay-type":"","overlay-color":"","overlay-opacity":"","overlay-gradient":""},"mobile":{"background-color":"","background-image":"","background-repeat":"repeat","background-position":"center center","background-size":"auto","background-attachment":"scroll","background-type":"","background-media":"","overlay-type":"","overlay-color":"","overlay-opacity":"","overlay-gradient":""}},"ast-content-background-meta":{"desktop":{"background-color":"var(--ast-global-color-5)","background-image":"","background-repeat":"repeat","background-position":"center center","background-size":"auto","background-attachment":"scroll","background-type":"","background-media":"","overlay-type":"","overlay-color":"","overlay-opacity":"","overlay-gradient":""},"tablet":{"background-color":"var(--ast-global-color-5)","background-image":"","background-repeat":"repeat","background-position":"center center","background-size":"auto","background-attachment":"scroll","background-type":"","background-media":"","overlay-type":"","overlay-color":"","overlay-opacity":"","overlay-gradient":""},"mobile":{"background-color":"var(--ast-global-color-5)","background-image":"","background-repeat":"repeat","background-position":"center center","background-size":"auto","background-attachment":"scroll","background-type":"","background-media":"","overlay-type":"","overlay-color":"","overlay-opacity":"","overlay-gradient":""}},"footnotes":""},"class_list":["post-4023","page","type-page","status-publish","hentry"],"uagb_featured_image_src":{"full":false,"thumbnail":false,"medium":false,"medium_large":false,"large":false,"1536x1536":false,"2048x2048":false},"uagb_author_info":{"display_name":"Sutil Web","author_link":"https:\/\/sutilweb.eu\/index.php\/author\/sutilweb\/"},"uagb_comment_info":0,"uagb_excerpt":"La IA nos permite: Algunas de las herramientas IA que podemos utilizar son: Prompt en IA Un prompt en ia [&hellip;]","_links":{"self":[{"href":"https:\/\/sutilweb.eu\/index.php\/wp-json\/wp\/v2\/pages\/4023","targetHints":{"allow":["GET"]}}],"collection":[{"href":"https:\/\/sutilweb.eu\/index.php\/wp-json\/wp\/v2\/pages"}],"about":[{"href":"https:\/\/sutilweb.eu\/index.php\/wp-json\/wp\/v2\/types\/page"}],"author":[{"embeddable":true,"href":"https:\/\/sutilweb.eu\/index.php\/wp-json\/wp\/v2\/users\/1"}],"replies":[{"embeddable":true,"href":"https:\/\/sutilweb.eu\/index.php\/wp-json\/wp\/v2\/comments?post=4023"}],"version-history":[{"count":12,"href":"https:\/\/sutilweb.eu\/index.php\/wp-json\/wp\/v2\/pages\/4023\/revisions"}],"predecessor-version":[{"id":4061,"href":"https:\/\/sutilweb.eu\/index.php\/wp-json\/wp\/v2\/pages\/4023\/revisions\/4061"}],"up":[{"embeddable":true,"href":"https:\/\/sutilweb.eu\/index.php\/wp-json\/wp\/v2\/pages\/3933"}],"wp:attachment":[{"href":"https:\/\/sutilweb.eu\/index.php\/wp-json\/wp\/v2\/media?parent=4023"}],"curies":[{"name":"wp","href":"https:\/\/api.w.org\/{rel}","templated":true}]}}