{"id":4000,"date":"2024-10-04T17:06:00","date_gmt":"2024-10-04T15:06:00","guid":{"rendered":"https:\/\/blog.sutilweb.eu\/?page_id=4000"},"modified":"2024-10-04T17:06:06","modified_gmt":"2024-10-04T15:06:06","slug":"04-el-consumidor-actual","status":"publish","type":"page","link":"https:\/\/sutilweb.eu\/index.php\/seo-marketing\/marketing-digital\/04-el-consumidor-actual\/","title":{"rendered":"04. El consumidor actual"},"content":{"rendered":"\n<p>El <strong>consumidor actual<\/strong> est\u00e1 en <strong>Internet <\/strong>y se trata de un <strong>consumidor m\u00f3vil<\/strong>, es un consumidor que busca y compara, tambi\u00e9n los clientes actuales opinan y se quejan, conf\u00edan m\u00e1s en las personas que en las empresas, es decir, nos vamos a fiar m\u00e1s de lo que nos pueda decir una persona que de lo que nos quiera decir una empresa, cuyo objetivo es vendernos un producto o servicio. Los clientes actuales protegen sus datos y son infieles a las marcas por la competencia, si algo no les gusta buscan en otro sitio, es impaciente y se aburre r\u00e1pido porque al acceder de forma sencilla a todo lo que ofrece Internet, es poseedor de gran cantidad de informaci\u00f3n. A los clientes les gusta ser protagonistas, les encanta el env\u00edo gratis, buscan rese\u00f1as y reviews y si no est\u00e1n conforme piden reembolso (devoluci\u00f3n), tambi\u00e9n suelen elegir la manera que tienen de comunicarse con el vendedor (tel\u00e9fono, email, WhatsApp&#8230;).<\/p>\n\n\n\n<h2 class=\"wp-block-heading\">Rese\u00f1as de clientes<\/h2>\n\n\n\n<p>Es importante que tengamos rese\u00f1as de clientes, hacen que posibles clientes se animen a adquirir nuestros productos o servicios. Lo pueden hacer en nuestro blog, en nuestras redes sociales o en nuestra cuenta de <strong>Google Business<\/strong>.<\/p>\n","protected":false},"excerpt":{"rendered":"<p>El consumidor actual est\u00e1 en Internet y se trata de un consumidor m\u00f3vil, es un consumidor que busca y compara, [&hellip;]<\/p>\n","protected":false},"author":1,"featured_media":0,"parent":3933,"menu_order":3,"comment_status":"closed","ping_status":"closed","template":"","meta":{"_uag_custom_page_level_css":"","site-sidebar-layout":"default","site-content-layout":"","ast-site-content-layout":"default","site-content-style":"default","site-sidebar-style":"default","ast-global-header-display":"","ast-banner-title-visibility":"","ast-main-header-display":"","ast-hfb-above-header-display":"","ast-hfb-below-header-display":"","ast-hfb-mobile-header-display":"","site-post-title":"","ast-breadcrumbs-content":"","ast-featured-img":"","footer-sml-layout":"","ast-disable-related-posts":"","theme-transparent-header-meta":"","adv-header-id-meta":"","stick-header-meta":"","header-above-stick-meta":"","header-main-stick-meta":"","header-below-stick-meta":"","astra-migrate-meta-layouts":"default","ast-page-background-enabled":"default","ast-page-background-meta":{"desktop":{"background-color":"var(--ast-global-color-4)","background-image":"","background-repeat":"repeat","background-position":"center center","background-size":"auto","background-attachment":"scroll","background-type":"","background-media":"","overlay-type":"","overlay-color":"","overlay-opacity":"","overlay-gradient":""},"tablet":{"background-color":"","background-image":"","background-repeat":"repeat","background-position":"center center","background-size":"auto","background-attachment":"scroll","background-type":"","background-media":"","overlay-type":"","overlay-color":"","overlay-opacity":"","overlay-gradient":""},"mobile":{"background-color":"","background-image":"","background-repeat":"repeat","background-position":"center center","background-size":"auto","background-attachment":"scroll","background-type":"","background-media":"","overlay-type":"","overlay-color":"","overlay-opacity":"","overlay-gradient":""}},"ast-content-background-meta":{"desktop":{"background-color":"var(--ast-global-color-5)","background-image":"","background-repeat":"repeat","background-position":"center center","background-size":"auto","background-attachment":"scroll","background-type":"","background-media":"","overlay-type":"","overlay-color":"","overlay-opacity":"","overlay-gradient":""},"tablet":{"background-color":"var(--ast-global-color-5)","background-image":"","background-repeat":"repeat","background-position":"center center","background-size":"auto","background-attachment":"scroll","background-type":"","background-media":"","overlay-type":"","overlay-color":"","overlay-opacity":"","overlay-gradient":""},"mobile":{"background-color":"var(--ast-global-color-5)","background-image":"","background-repeat":"repeat","background-position":"center center","background-size":"auto","background-attachment":"scroll","background-type":"","background-media":"","overlay-type":"","overlay-color":"","overlay-opacity":"","overlay-gradient":""}},"footnotes":""},"class_list":["post-4000","page","type-page","status-publish","hentry"],"uagb_featured_image_src":{"full":false,"thumbnail":false,"medium":false,"medium_large":false,"large":false,"1536x1536":false,"2048x2048":false},"uagb_author_info":{"display_name":"Sutil Web","author_link":"https:\/\/sutilweb.eu\/index.php\/author\/sutilweb\/"},"uagb_comment_info":0,"uagb_excerpt":"El consumidor actual est\u00e1 en Internet y se trata de un consumidor m\u00f3vil, es un consumidor que busca y compara, [&hellip;]","_links":{"self":[{"href":"https:\/\/sutilweb.eu\/index.php\/wp-json\/wp\/v2\/pages\/4000","targetHints":{"allow":["GET"]}}],"collection":[{"href":"https:\/\/sutilweb.eu\/index.php\/wp-json\/wp\/v2\/pages"}],"about":[{"href":"https:\/\/sutilweb.eu\/index.php\/wp-json\/wp\/v2\/types\/page"}],"author":[{"embeddable":true,"href":"https:\/\/sutilweb.eu\/index.php\/wp-json\/wp\/v2\/users\/1"}],"replies":[{"embeddable":true,"href":"https:\/\/sutilweb.eu\/index.php\/wp-json\/wp\/v2\/comments?post=4000"}],"version-history":[{"count":22,"href":"https:\/\/sutilweb.eu\/index.php\/wp-json\/wp\/v2\/pages\/4000\/revisions"}],"predecessor-version":[{"id":4022,"href":"https:\/\/sutilweb.eu\/index.php\/wp-json\/wp\/v2\/pages\/4000\/revisions\/4022"}],"up":[{"embeddable":true,"href":"https:\/\/sutilweb.eu\/index.php\/wp-json\/wp\/v2\/pages\/3933"}],"wp:attachment":[{"href":"https:\/\/sutilweb.eu\/index.php\/wp-json\/wp\/v2\/media?parent=4000"}],"curies":[{"name":"wp","href":"https:\/\/api.w.org\/{rel}","templated":true}]}}