{"id":3973,"date":"2024-10-03T17:48:54","date_gmt":"2024-10-03T15:48:54","guid":{"rendered":"https:\/\/blog.sutilweb.eu\/?page_id=3973"},"modified":"2024-10-03T17:48:54","modified_gmt":"2024-10-03T15:48:54","slug":"03-tendencias-del-marketing-digital","status":"publish","type":"page","link":"https:\/\/sutilweb.eu\/index.php\/seo-marketing\/marketing-digital\/03-tendencias-del-marketing-digital\/","title":{"rendered":"03. Tendencias del Marketing Digital"},"content":{"rendered":"\n<p>Muchas personas les tienen miedo a los datos, n\u00fameros, estad\u00edsticas&#8230; estas personas no quieren entender que los datos son sus mejores amigos. La forma m\u00e1s f\u00e1cil de tomar decisiones es con datos.<\/p>\n\n\n\n<p>Los datos nos ayudan a entender el mercado y los consumidores para tomar mejores decisiones. Nos permiten responder a preguntas como en qu\u00e9 red social deber\u00eda estar mi negocio, que buscan y valoran nuestros clientes, tendr\u00e1 mi negocio \u00e9xito&#8230;<\/p>\n\n\n\n<h2 class=\"wp-block-heading\">Agentes motivadores a la hora de comprar en Internet<\/h2>\n\n\n\n<p>El principal motivador para que la gente compre en l\u00ednea es el env\u00edo gratis, por lo tanto es interesante considerar esta opci\u00f3n en nuestro negocio. A nuestros clientes les gustan los cupones y descuentos, que nuestras pol\u00edticas de reembolso sean sencillas, que el proceso de compra sea sencillo, que tengamos reviews de otros clientes, que la entrega sea al d\u00eda siguiente o menos&#8230; <\/p>\n\n\n\n<h2 class=\"wp-block-heading\">Categor\u00edas m\u00e1s vendidas en Internet<\/h2>\n\n\n\n<p>Las categor\u00edas m\u00e1s vendidas en Internet son los productos electr\u00f3nicos, ropa, comida, bebida, herramientas, muebles, medios f\u00edsicos (cds m\u00fasica, videojuegos&#8230;), art\u00edculos del hogar, art\u00edculos de lujo&#8230; Si queremos vender ropa por Internet es bastante probable que nos vaya bien, ya que la ropa se vende muy bien, lo \u00fanico, no vamos a ser los \u00fanicos, habr\u00e1 mucha competencia, y como nos vamos a diferenciar de dicha competencia, mediante nuestra <strong>propuesta de valor<\/strong>, que es la que tendremos que pensar.<\/p>\n\n\n\n<h2 class=\"wp-block-heading\">M\u00e9todos de pago<\/h2>\n\n\n\n<p>Casi el 50% de los m\u00e9todos de pago corresponden a Wallets digitales, le siguen las tarjetas de cr\u00e9dito y d\u00e9bito, transferencias, pago en efectivo y otros m\u00e9todos.<\/p>\n\n\n\n<h2 class=\"wp-block-heading\">Como conocer nuestro negocio<\/h2>\n\n\n\n<p>Antiguamente, las personas sab\u00edan de nuestro negocio por anuncios en radio o televisi\u00f3n, en la actualidad, los clientes utilizan los buscadores, en especial el buscador de Google, en segundo lugar la publicidad en televisi\u00f3n, y en tercer lugar la publicidad en redes sociales, en cuarto lugar el boca a boca, por lo que es importante dar un buen servicio, porque el boca a boca sigue siendo una raz\u00f3n de peso para captar clientes.<\/p>\n\n\n\n<h2 class=\"wp-block-heading\">Principales razones por las que utilizamos redes sociales<\/h2>\n\n\n\n<p>La principal raz\u00f3n es para mantenerse en contacto con amigos y familia, pero tambi\u00e9n se utiliza para buscar servicios o comprar.<\/p>\n\n\n\n<h2 class=\"wp-block-heading\">Las redes sociales m\u00e1s utilizadas<\/h2>\n\n\n\n<p>La primera red social m\u00e1s utilizada sigue siendo Facebook, seguida de Youtube, en tercer lugar WhatsApp, en cuarto lugar Instagram y en quinto lugar Tiktok.<\/p>\n\n\n\n<h2 class=\"wp-block-heading\">La red social preferida de la gente<\/h2>\n\n\n\n<p>Sin lugar a dudas la red social preferida es Instagram, seguida de WhatsApp y Facebook.<\/p>\n\n\n\n<h2 class=\"wp-block-heading\">En qu\u00e9 red social se pasa mas tiempo<\/h2>\n\n\n\n<p>La red social que encabeza este filtro es Tiktok, seguida de Youtube y Facebook.<\/p>\n\n\n\n<h2 class=\"wp-block-heading\">Qu\u00e9 redes sociales redirigen mas personas a los sitios web<\/h2>\n\n\n\n<p>En primer lugar est\u00e1 Facebook, seguida de Instagram, Pinterest y X (Twitter).<\/p>\n","protected":false},"excerpt":{"rendered":"<p>Muchas personas les tienen miedo a los datos, n\u00fameros, estad\u00edsticas&#8230; estas personas no quieren entender que los datos son sus [&hellip;]<\/p>\n","protected":false},"author":1,"featured_media":0,"parent":3933,"menu_order":2,"comment_status":"closed","ping_status":"closed","template":"","meta":{"_uag_custom_page_level_css":"","site-sidebar-layout":"default","site-content-layout":"","ast-site-content-layout":"default","site-content-style":"default","site-sidebar-style":"default","ast-global-header-display":"","ast-banner-title-visibility":"","ast-main-header-display":"","ast-hfb-above-header-display":"","ast-hfb-below-header-display":"","ast-hfb-mobile-header-display":"","site-post-title":"","ast-breadcrumbs-content":"","ast-featured-img":"","footer-sml-layout":"","ast-disable-related-posts":"","theme-transparent-header-meta":"","adv-header-id-meta":"","stick-header-meta":"","header-above-stick-meta":"","header-main-stick-meta":"","header-below-stick-meta":"","astra-migrate-meta-layouts":"default","ast-page-background-enabled":"default","ast-page-background-meta":{"desktop":{"background-color":"var(--ast-global-color-4)","background-image":"","background-repeat":"repeat","background-position":"center center","background-size":"auto","background-attachment":"scroll","background-type":"","background-media":"","overlay-type":"","overlay-color":"","overlay-opacity":"","overlay-gradient":""},"tablet":{"background-color":"","background-image":"","background-repeat":"repeat","background-position":"center center","background-size":"auto","background-attachment":"scroll","background-type":"","background-media":"","overlay-type":"","overlay-color":"","overlay-opacity":"","overlay-gradient":""},"mobile":{"background-color":"","background-image":"","background-repeat":"repeat","background-position":"center center","background-size":"auto","background-attachment":"scroll","background-type":"","background-media":"","overlay-type":"","overlay-color":"","overlay-opacity":"","overlay-gradient":""}},"ast-content-background-meta":{"desktop":{"background-color":"var(--ast-global-color-5)","background-image":"","background-repeat":"repeat","background-position":"center center","background-size":"auto","background-attachment":"scroll","background-type":"","background-media":"","overlay-type":"","overlay-color":"","overlay-opacity":"","overlay-gradient":""},"tablet":{"background-color":"var(--ast-global-color-5)","background-image":"","background-repeat":"repeat","background-position":"center center","background-size":"auto","background-attachment":"scroll","background-type":"","background-media":"","overlay-type":"","overlay-color":"","overlay-opacity":"","overlay-gradient":""},"mobile":{"background-color":"var(--ast-global-color-5)","background-image":"","background-repeat":"repeat","background-position":"center center","background-size":"auto","background-attachment":"scroll","background-type":"","background-media":"","overlay-type":"","overlay-color":"","overlay-opacity":"","overlay-gradient":""}},"footnotes":""},"class_list":["post-3973","page","type-page","status-publish","hentry"],"uagb_featured_image_src":{"full":false,"thumbnail":false,"medium":false,"medium_large":false,"large":false,"1536x1536":false,"2048x2048":false},"uagb_author_info":{"display_name":"Sutil Web","author_link":"https:\/\/sutilweb.eu\/index.php\/author\/sutilweb\/"},"uagb_comment_info":0,"uagb_excerpt":"Muchas personas les tienen miedo a los datos, n\u00fameros, estad\u00edsticas&#8230; estas personas no quieren entender que los datos son sus [&hellip;]","_links":{"self":[{"href":"https:\/\/sutilweb.eu\/index.php\/wp-json\/wp\/v2\/pages\/3973","targetHints":{"allow":["GET"]}}],"collection":[{"href":"https:\/\/sutilweb.eu\/index.php\/wp-json\/wp\/v2\/pages"}],"about":[{"href":"https:\/\/sutilweb.eu\/index.php\/wp-json\/wp\/v2\/types\/page"}],"author":[{"embeddable":true,"href":"https:\/\/sutilweb.eu\/index.php\/wp-json\/wp\/v2\/users\/1"}],"replies":[{"embeddable":true,"href":"https:\/\/sutilweb.eu\/index.php\/wp-json\/wp\/v2\/comments?post=3973"}],"version-history":[{"count":24,"href":"https:\/\/sutilweb.eu\/index.php\/wp-json\/wp\/v2\/pages\/3973\/revisions"}],"predecessor-version":[{"id":3999,"href":"https:\/\/sutilweb.eu\/index.php\/wp-json\/wp\/v2\/pages\/3973\/revisions\/3999"}],"up":[{"embeddable":true,"href":"https:\/\/sutilweb.eu\/index.php\/wp-json\/wp\/v2\/pages\/3933"}],"wp:attachment":[{"href":"https:\/\/sutilweb.eu\/index.php\/wp-json\/wp\/v2\/media?parent=3973"}],"curies":[{"name":"wp","href":"https:\/\/api.w.org\/{rel}","templated":true}]}}