{"id":3854,"date":"2024-10-03T10:05:07","date_gmt":"2024-10-03T08:05:07","guid":{"rendered":"https:\/\/blog.sutilweb.eu\/?page_id=3854"},"modified":"2024-10-03T10:05:09","modified_gmt":"2024-10-03T08:05:09","slug":"45-como-crear-promociones-en-prestashop-8-y-aumentar-tus-ventas","status":"publish","type":"page","link":"https:\/\/sutilweb.eu\/index.php\/cmss-frameworks\/prestashop\/prestashop-8\/45-como-crear-promociones-en-prestashop-8-y-aumentar-tus-ventas\/","title":{"rendered":"45. C\u00f3mo crear promociones en PrestaShop 8 y aumentar tus ventas"},"content":{"rendered":"\n<p>Para crear promociones en Prestashop, dentro de nuestro Back Office seguimos la ruta <em><strong>VENDER ->Cat\u00e1logo -> Descuentos<\/strong><\/em>, y accedemos a la pesta\u00f1a <em><strong>Reglas de precio del cat\u00e1logo<\/strong><\/em>, que son promociones a nivel global de la tienda, lo que quiere decir que vamos a configurar ciertos par\u00e1metros para hacer dicha promoci\u00f3n o descuento en todos los art\u00edculos. Para ello pulsamos el bot\u00f3n <em><strong>A\u00f1adir una nueva regla de precio al cat\u00e1logo<\/strong><\/em> y vemos todas las opciones que hay:<\/p>\n\n\n\n<ul class=\"wp-block-list\">\n<li>Nombre: por ejm <em>Black Friday<\/em><\/li>\n\n\n\n<li>Moneda<\/li>\n\n\n\n<li>Pa\u00eds<\/li>\n\n\n\n<li>Grupo<\/li>\n\n\n\n<li>A partir de (cantidad)<\/li>\n\n\n\n<li>Precio (imp. excl.)<\/li>\n\n\n\n<li>Mantener precio inicial\n<ul class=\"wp-block-list\">\n<li>Desde<\/li>\n\n\n\n<li>A<\/li>\n\n\n\n<li>Tipo de descuento<\/li>\n\n\n\n<li>Descuento con o sin impuestos<\/li>\n\n\n\n<li>Descuento<\/li>\n<\/ul>\n<\/li>\n<\/ul>\n\n\n\n<p>Ya tenemos especificada la regla de descuento, ahora queda especificar sobre qu\u00e9 la va a hacer. Para ello hacemos clic en el bot\u00f3n que aparecer\u00e1 m\u00e1s abajo <em><strong>A\u00f1adir una nueva condici\u00f3n de grupo<\/strong><\/em>, donde a\u00f1adiremos las condiciones que queremos que se cumplan, y nos encontraremos con las siguientes:<\/p>\n\n\n\n<ul class=\"wp-block-list\">\n<li>Categor\u00eda<\/li>\n\n\n\n<li>Marca<\/li>\n\n\n\n<li>Proveedor<\/li>\n\n\n\n<li>Atributos<\/li>\n\n\n\n<li>Caracter\u00edsticas<\/li>\n<\/ul>\n","protected":false},"excerpt":{"rendered":"<p>Para crear promociones en Prestashop, dentro de nuestro Back Office seguimos la ruta VENDER ->Cat\u00e1logo -> Descuentos, y accedemos a [&hellip;]<\/p>\n","protected":false},"author":1,"featured_media":0,"parent":2580,"menu_order":44,"comment_status":"closed","ping_status":"closed","template":"","meta":{"_uag_custom_page_level_css":"","site-sidebar-layout":"default","site-content-layout":"","ast-site-content-layout":"default","site-content-style":"default","site-sidebar-style":"default","ast-global-header-display":"","ast-banner-title-visibility":"","ast-main-header-display":"","ast-hfb-above-header-display":"","ast-hfb-below-header-display":"","ast-hfb-mobile-header-display":"","site-post-title":"","ast-breadcrumbs-content":"","ast-featured-img":"","footer-sml-layout":"","ast-disable-related-posts":"","theme-transparent-header-meta":"","adv-header-id-meta":"","stick-header-meta":"","header-above-stick-meta":"","header-main-stick-meta":"","header-below-stick-meta":"","astra-migrate-meta-layouts":"default","ast-page-background-enabled":"default","ast-page-background-meta":{"desktop":{"background-color":"var(--ast-global-color-4)","background-image":"","background-repeat":"repeat","background-position":"center center","background-size":"auto","background-attachment":"scroll","background-type":"","background-media":"","overlay-type":"","overlay-color":"","overlay-opacity":"","overlay-gradient":""},"tablet":{"background-color":"","background-image":"","background-repeat":"repeat","background-position":"center center","background-size":"auto","background-attachment":"scroll","background-type":"","background-media":"","overlay-type":"","overlay-color":"","overlay-opacity":"","overlay-gradient":""},"mobile":{"background-color":"","background-image":"","background-repeat":"repeat","background-position":"center center","background-size":"auto","background-attachment":"scroll","background-type":"","background-media":"","overlay-type":"","overlay-color":"","overlay-opacity":"","overlay-gradient":""}},"ast-content-background-meta":{"desktop":{"background-color":"var(--ast-global-color-5)","background-image":"","background-repeat":"repeat","background-position":"center center","background-size":"auto","background-attachment":"scroll","background-type":"","background-media":"","overlay-type":"","overlay-color":"","overlay-opacity":"","overlay-gradient":""},"tablet":{"background-color":"var(--ast-global-color-5)","background-image":"","background-repeat":"repeat","background-position":"center center","background-size":"auto","background-attachment":"scroll","background-type":"","background-media":"","overlay-type":"","overlay-color":"","overlay-opacity":"","overlay-gradient":""},"mobile":{"background-color":"var(--ast-global-color-5)","background-image":"","background-repeat":"repeat","background-position":"center center","background-size":"auto","background-attachment":"scroll","background-type":"","background-media":"","overlay-type":"","overlay-color":"","overlay-opacity":"","overlay-gradient":""}},"footnotes":""},"class_list":["post-3854","page","type-page","status-publish","hentry"],"uagb_featured_image_src":{"full":false,"thumbnail":false,"medium":false,"medium_large":false,"large":false,"1536x1536":false,"2048x2048":false},"uagb_author_info":{"display_name":"Sutil Web","author_link":"https:\/\/sutilweb.eu\/index.php\/author\/sutilweb\/"},"uagb_comment_info":0,"uagb_excerpt":"Para crear promociones en Prestashop, dentro de nuestro Back Office seguimos la ruta VENDER ->Cat\u00e1logo -> Descuentos, y accedemos a [&hellip;]","_links":{"self":[{"href":"https:\/\/sutilweb.eu\/index.php\/wp-json\/wp\/v2\/pages\/3854","targetHints":{"allow":["GET"]}}],"collection":[{"href":"https:\/\/sutilweb.eu\/index.php\/wp-json\/wp\/v2\/pages"}],"about":[{"href":"https:\/\/sutilweb.eu\/index.php\/wp-json\/wp\/v2\/types\/page"}],"author":[{"embeddable":true,"href":"https:\/\/sutilweb.eu\/index.php\/wp-json\/wp\/v2\/users\/1"}],"replies":[{"embeddable":true,"href":"https:\/\/sutilweb.eu\/index.php\/wp-json\/wp\/v2\/comments?post=3854"}],"version-history":[{"count":12,"href":"https:\/\/sutilweb.eu\/index.php\/wp-json\/wp\/v2\/pages\/3854\/revisions"}],"predecessor-version":[{"id":3866,"href":"https:\/\/sutilweb.eu\/index.php\/wp-json\/wp\/v2\/pages\/3854\/revisions\/3866"}],"up":[{"embeddable":true,"href":"https:\/\/sutilweb.eu\/index.php\/wp-json\/wp\/v2\/pages\/2580"}],"wp:attachment":[{"href":"https:\/\/sutilweb.eu\/index.php\/wp-json\/wp\/v2\/media?parent=3854"}],"curies":[{"name":"wp","href":"https:\/\/api.w.org\/{rel}","templated":true}]}}