{"id":3821,"date":"2024-10-03T09:34:32","date_gmt":"2024-10-03T07:34:32","guid":{"rendered":"https:\/\/blog.sutilweb.eu\/?page_id=3821"},"modified":"2024-10-03T09:34:33","modified_gmt":"2024-10-03T07:34:33","slug":"43-configuracion-seo-de-productos-categorias-marcas-y-cms-en-prestashop-8","status":"publish","type":"page","link":"https:\/\/sutilweb.eu\/index.php\/cmss-frameworks\/prestashop\/prestashop-8\/43-configuracion-seo-de-productos-categorias-marcas-y-cms-en-prestashop-8\/","title":{"rendered":"43. Configuraci\u00f3n SEO de productos, categor\u00edas, marcas y CMS en PrestaShop 8"},"content":{"rendered":"\n<p>En este cap\u00edtulo veremos como optimizar las partes como son los productos, categor\u00edas, marcas y p\u00e1ginas CMS de nuestro <strong>Prestashop<\/strong>. Para ello es sencillo, tan s\u00f3lo tenemos que ir al <strong>producto<\/strong>, <strong>categor\u00eda<\/strong>, <strong>marca<\/strong>&#8230; y editar la pesta\u00f1a <strong><em>SEO<\/em><\/strong>, donde encontraremos algunos par\u00e1metros que podremos cambiar, y que son:<\/p>\n\n\n\n<ul class=\"wp-block-list\">\n<li>Meta-t\u00edtulo<\/li>\n\n\n\n<li>Meta descripci\u00f3n<\/li>\n\n\n\n<li>URL amigable<\/li>\n\n\n\n<li>P\u00e1gina de redirecci\u00f3n<\/li>\n<\/ul>\n","protected":false},"excerpt":{"rendered":"<p>En este cap\u00edtulo veremos como optimizar las partes como son los productos, categor\u00edas, marcas y p\u00e1ginas CMS de nuestro Prestashop. [&hellip;]<\/p>\n","protected":false},"author":1,"featured_media":0,"parent":2580,"menu_order":42,"comment_status":"closed","ping_status":"closed","template":"","meta":{"_uag_custom_page_level_css":"","site-sidebar-layout":"default","site-content-layout":"","ast-site-content-layout":"default","site-content-style":"default","site-sidebar-style":"default","ast-global-header-display":"","ast-banner-title-visibility":"","ast-main-header-display":"","ast-hfb-above-header-display":"","ast-hfb-below-header-display":"","ast-hfb-mobile-header-display":"","site-post-title":"","ast-breadcrumbs-content":"","ast-featured-img":"","footer-sml-layout":"","ast-disable-related-posts":"","theme-transparent-header-meta":"","adv-header-id-meta":"","stick-header-meta":"","header-above-stick-meta":"","header-main-stick-meta":"","header-below-stick-meta":"","astra-migrate-meta-layouts":"default","ast-page-background-enabled":"default","ast-page-background-meta":{"desktop":{"background-color":"var(--ast-global-color-4)","background-image":"","background-repeat":"repeat","background-position":"center center","background-size":"auto","background-attachment":"scroll","background-type":"","background-media":"","overlay-type":"","overlay-color":"","overlay-opacity":"","overlay-gradient":""},"tablet":{"background-color":"","background-image":"","background-repeat":"repeat","background-position":"center center","background-size":"auto","background-attachment":"scroll","background-type":"","background-media":"","overlay-type":"","overlay-color":"","overlay-opacity":"","overlay-gradient":""},"mobile":{"background-color":"","background-image":"","background-repeat":"repeat","background-position":"center center","background-size":"auto","background-attachment":"scroll","background-type":"","background-media":"","overlay-type":"","overlay-color":"","overlay-opacity":"","overlay-gradient":""}},"ast-content-background-meta":{"desktop":{"background-color":"var(--ast-global-color-5)","background-image":"","background-repeat":"repeat","background-position":"center center","background-size":"auto","background-attachment":"scroll","background-type":"","background-media":"","overlay-type":"","overlay-color":"","overlay-opacity":"","overlay-gradient":""},"tablet":{"background-color":"var(--ast-global-color-5)","background-image":"","background-repeat":"repeat","background-position":"center center","background-size":"auto","background-attachment":"scroll","background-type":"","background-media":"","overlay-type":"","overlay-color":"","overlay-opacity":"","overlay-gradient":""},"mobile":{"background-color":"var(--ast-global-color-5)","background-image":"","background-repeat":"repeat","background-position":"center center","background-size":"auto","background-attachment":"scroll","background-type":"","background-media":"","overlay-type":"","overlay-color":"","overlay-opacity":"","overlay-gradient":""}},"footnotes":""},"class_list":["post-3821","page","type-page","status-publish","hentry"],"uagb_featured_image_src":{"full":false,"thumbnail":false,"medium":false,"medium_large":false,"large":false,"1536x1536":false,"2048x2048":false},"uagb_author_info":{"display_name":"Sutil Web","author_link":"https:\/\/sutilweb.eu\/index.php\/author\/sutilweb\/"},"uagb_comment_info":0,"uagb_excerpt":"En este cap\u00edtulo veremos como optimizar las partes como son los productos, categor\u00edas, marcas y p\u00e1ginas CMS de nuestro Prestashop. [&hellip;]","_links":{"self":[{"href":"https:\/\/sutilweb.eu\/index.php\/wp-json\/wp\/v2\/pages\/3821","targetHints":{"allow":["GET"]}}],"collection":[{"href":"https:\/\/sutilweb.eu\/index.php\/wp-json\/wp\/v2\/pages"}],"about":[{"href":"https:\/\/sutilweb.eu\/index.php\/wp-json\/wp\/v2\/types\/page"}],"author":[{"embeddable":true,"href":"https:\/\/sutilweb.eu\/index.php\/wp-json\/wp\/v2\/users\/1"}],"replies":[{"embeddable":true,"href":"https:\/\/sutilweb.eu\/index.php\/wp-json\/wp\/v2\/comments?post=3821"}],"version-history":[{"count":7,"href":"https:\/\/sutilweb.eu\/index.php\/wp-json\/wp\/v2\/pages\/3821\/revisions"}],"predecessor-version":[{"id":3831,"href":"https:\/\/sutilweb.eu\/index.php\/wp-json\/wp\/v2\/pages\/3821\/revisions\/3831"}],"up":[{"embeddable":true,"href":"https:\/\/sutilweb.eu\/index.php\/wp-json\/wp\/v2\/pages\/2580"}],"wp:attachment":[{"href":"https:\/\/sutilweb.eu\/index.php\/wp-json\/wp\/v2\/media?parent=3821"}],"curies":[{"name":"wp","href":"https:\/\/api.w.org\/{rel}","templated":true}]}}