{"id":3780,"date":"2024-10-02T17:11:50","date_gmt":"2024-10-02T15:11:50","guid":{"rendered":"https:\/\/blog.sutilweb.eu\/?page_id=3780"},"modified":"2024-10-02T17:11:52","modified_gmt":"2024-10-02T15:11:52","slug":"40-dominando-la-configuracion-basica-de-seo-en-prestashop-8","status":"publish","type":"page","link":"https:\/\/sutilweb.eu\/index.php\/cmss-frameworks\/prestashop\/prestashop-8\/40-dominando-la-configuracion-basica-de-seo-en-prestashop-8\/","title":{"rendered":"40. Dominando la Configuraci\u00f3n B\u00e1sica de SEO en PrestaShop 8"},"content":{"rendered":"\n<p>En este cap\u00edtulo veremos la configuraci\u00f3n m\u00e1s b\u00e1sica de SEO para Prestashop. Para ello vamos a nuestro Back Office y seguimos la ruta <em><strong>CONFIGURAR -> Par\u00e1metros de la tienda -> Tr\u00e1fico &amp; SEO<\/strong><\/em>, dentro de esta p\u00e1gina podemos ver muchos par\u00e1metros para configurar a nivel de SEO. <\/p>\n\n\n\n<p>Comenzamos con la configuraci\u00f3n de las URLs, cuya pesta\u00f1a tiene el mismo nombre: <em><strong>Configuraci\u00f3n de  las URLs<\/strong><\/em>. Encontraremos diferentes par\u00e1metros:<\/p>\n\n\n\n<ul class=\"wp-block-list\">\n<li><em><strong>URL amigable<\/strong><\/em>: activar esta casilla para que se muestren URLs amigables. para <strong>Google<\/strong> es muy importante encontrar URLs amigables.<\/li>\n\n\n\n<li><em><strong>URL acentuada<\/strong><\/em>: permiter URLs con acentos, no es conveniente tenerla activa. Es importante tan s\u00f3lo utilizar guiones medios y barras, nada m\u00e1s.<\/li>\n\n\n\n<li><em><strong>Redirigir a la URL can\u00f3nica<\/strong><\/em>: por defecto Prestashop lo trae con un 302, lo mejor es dejarlo con un 301, que es una redirecci\u00f3n permanente y no temporal.<\/li>\n\n\n\n<li><em><strong>Desactivar la opci\u00f3n Multiviews de Apache<\/strong><\/em>: por defecto lo vamos a dejar desactivado<\/li>\n\n\n\n<li><em><strong>Desactivar el m\u00f3dulo mod_security de Apache<\/strong><\/em>: por defecto lo vamos a dejar desactivado.<\/li>\n<\/ul>\n\n\n\n<p>M\u00e1s abajo, despu\u00e9s de la configuraci\u00f3n de las URLs nos encontraremos con la pesta\u00f1a <em><strong>Establecer URL de la tienda<\/strong><\/em>, que por defecto se crea cuando hacemos nuestra instalaci\u00f3n de Prestashop.<\/p>\n\n\n\n<p>Y la \u00faltima pesta\u00f1a que encontramos es la pesta\u00f1a <em><strong>Generaci\u00f3n de archivos robots<\/strong><\/em>, y haremos clic en el bot\u00f3n <em><strong>Generar el archivo robots.txt<\/strong><\/em> ya que por defecto no viene generado, y al generarlo, podremos entrar dentro de la URL que terminar\u00e1 con <a href=\"#\">https:\/\/.midomino.com\/robots.txt<\/a>. <\/p>\n","protected":false},"excerpt":{"rendered":"<p>En este cap\u00edtulo veremos la configuraci\u00f3n m\u00e1s b\u00e1sica de SEO para Prestashop. Para ello vamos a nuestro Back Office y [&hellip;]<\/p>\n","protected":false},"author":1,"featured_media":0,"parent":2580,"menu_order":39,"comment_status":"closed","ping_status":"closed","template":"","meta":{"_uag_custom_page_level_css":"","site-sidebar-layout":"default","site-content-layout":"","ast-site-content-layout":"default","site-content-style":"default","site-sidebar-style":"default","ast-global-header-display":"","ast-banner-title-visibility":"","ast-main-header-display":"","ast-hfb-above-header-display":"","ast-hfb-below-header-display":"","ast-hfb-mobile-header-display":"","site-post-title":"","ast-breadcrumbs-content":"","ast-featured-img":"","footer-sml-layout":"","ast-disable-related-posts":"","theme-transparent-header-meta":"","adv-header-id-meta":"","stick-header-meta":"","header-above-stick-meta":"","header-main-stick-meta":"","header-below-stick-meta":"","astra-migrate-meta-layouts":"default","ast-page-background-enabled":"default","ast-page-background-meta":{"desktop":{"background-color":"var(--ast-global-color-4)","background-image":"","background-repeat":"repeat","background-position":"center center","background-size":"auto","background-attachment":"scroll","background-type":"","background-media":"","overlay-type":"","overlay-color":"","overlay-opacity":"","overlay-gradient":""},"tablet":{"background-color":"","background-image":"","background-repeat":"repeat","background-position":"center center","background-size":"auto","background-attachment":"scroll","background-type":"","background-media":"","overlay-type":"","overlay-color":"","overlay-opacity":"","overlay-gradient":""},"mobile":{"background-color":"","background-image":"","background-repeat":"repeat","background-position":"center center","background-size":"auto","background-attachment":"scroll","background-type":"","background-media":"","overlay-type":"","overlay-color":"","overlay-opacity":"","overlay-gradient":""}},"ast-content-background-meta":{"desktop":{"background-color":"var(--ast-global-color-5)","background-image":"","background-repeat":"repeat","background-position":"center center","background-size":"auto","background-attachment":"scroll","background-type":"","background-media":"","overlay-type":"","overlay-color":"","overlay-opacity":"","overlay-gradient":""},"tablet":{"background-color":"var(--ast-global-color-5)","background-image":"","background-repeat":"repeat","background-position":"center center","background-size":"auto","background-attachment":"scroll","background-type":"","background-media":"","overlay-type":"","overlay-color":"","overlay-opacity":"","overlay-gradient":""},"mobile":{"background-color":"var(--ast-global-color-5)","background-image":"","background-repeat":"repeat","background-position":"center center","background-size":"auto","background-attachment":"scroll","background-type":"","background-media":"","overlay-type":"","overlay-color":"","overlay-opacity":"","overlay-gradient":""}},"footnotes":""},"class_list":["post-3780","page","type-page","status-publish","hentry"],"uagb_featured_image_src":{"full":false,"thumbnail":false,"medium":false,"medium_large":false,"large":false,"1536x1536":false,"2048x2048":false},"uagb_author_info":{"display_name":"Sutil Web","author_link":"https:\/\/sutilweb.eu\/index.php\/author\/sutilweb\/"},"uagb_comment_info":0,"uagb_excerpt":"En este cap\u00edtulo veremos la configuraci\u00f3n m\u00e1s b\u00e1sica de SEO para Prestashop. Para ello vamos a nuestro Back Office y [&hellip;]","_links":{"self":[{"href":"https:\/\/sutilweb.eu\/index.php\/wp-json\/wp\/v2\/pages\/3780","targetHints":{"allow":["GET"]}}],"collection":[{"href":"https:\/\/sutilweb.eu\/index.php\/wp-json\/wp\/v2\/pages"}],"about":[{"href":"https:\/\/sutilweb.eu\/index.php\/wp-json\/wp\/v2\/types\/page"}],"author":[{"embeddable":true,"href":"https:\/\/sutilweb.eu\/index.php\/wp-json\/wp\/v2\/users\/1"}],"replies":[{"embeddable":true,"href":"https:\/\/sutilweb.eu\/index.php\/wp-json\/wp\/v2\/comments?post=3780"}],"version-history":[{"count":19,"href":"https:\/\/sutilweb.eu\/index.php\/wp-json\/wp\/v2\/pages\/3780\/revisions"}],"predecessor-version":[{"id":3799,"href":"https:\/\/sutilweb.eu\/index.php\/wp-json\/wp\/v2\/pages\/3780\/revisions\/3799"}],"up":[{"embeddable":true,"href":"https:\/\/sutilweb.eu\/index.php\/wp-json\/wp\/v2\/pages\/2580"}],"wp:attachment":[{"href":"https:\/\/sutilweb.eu\/index.php\/wp-json\/wp\/v2\/media?parent=3780"}],"curies":[{"name":"wp","href":"https:\/\/api.w.org\/{rel}","templated":true}]}}