{"id":3736,"date":"2024-10-02T12:51:55","date_gmt":"2024-10-02T10:51:55","guid":{"rendered":"https:\/\/blog.sutilweb.eu\/?page_id=3736"},"modified":"2024-10-02T12:51:56","modified_gmt":"2024-10-02T10:51:56","slug":"36-dominar-el-administrador-de-modulos-en-prestashop-8","status":"publish","type":"page","link":"https:\/\/sutilweb.eu\/index.php\/cmss-frameworks\/prestashop\/prestashop-8\/36-dominar-el-administrador-de-modulos-en-prestashop-8\/","title":{"rendered":"36. Dominar el administrador de m\u00f3dulos en PrestaShop 8"},"content":{"rendered":"\n<p>En este cap\u00edtulo vamos a ver como administrar los m\u00f3dulos en <strong>Prestashop<\/strong>. Para ello, dentro del <strong>Back Office<\/strong>, seguimos la ruta <em><strong>PERSONALIZAR -> M\u00f3dulos -> Administrador de m\u00f3dulos<\/strong><\/em>. <\/p>\n\n\n\n<p>En esta secci\u00f3n veremos todos los m\u00f3dulos instalados en nuestro Prestashop, los cuales podremos activar, desactivar, instalar, desinstalar y reinicializar, que son las diferentes acciones que veremos m\u00e1s adelante en la gesti\u00f3n de m\u00f3dulos.<\/p>\n\n\n\n<p>Los m\u00f3dulos los podemos filtar mediante un buscador que viene, tambi\u00e9n podemos filtrar por categor\u00eda o por estado.<\/p>\n\n\n\n<p>Adem\u00e1s de la pesta\u00f1a <em><strong>M\u00f3dulos<\/strong><\/em> que encontramos la primera, est\u00e1n las pesta\u00f1as <em><strong>Alertas<\/strong><\/em> y <em><strong>Actualizaciones<\/strong><\/em>.<\/p>\n","protected":false},"excerpt":{"rendered":"<p>En este cap\u00edtulo vamos a ver como administrar los m\u00f3dulos en Prestashop. Para ello, dentro del Back Office, seguimos la [&hellip;]<\/p>\n","protected":false},"author":1,"featured_media":0,"parent":2580,"menu_order":35,"comment_status":"closed","ping_status":"closed","template":"","meta":{"_uag_custom_page_level_css":"","site-sidebar-layout":"default","site-content-layout":"","ast-site-content-layout":"default","site-content-style":"default","site-sidebar-style":"default","ast-global-header-display":"","ast-banner-title-visibility":"","ast-main-header-display":"","ast-hfb-above-header-display":"","ast-hfb-below-header-display":"","ast-hfb-mobile-header-display":"","site-post-title":"","ast-breadcrumbs-content":"","ast-featured-img":"","footer-sml-layout":"","ast-disable-related-posts":"","theme-transparent-header-meta":"","adv-header-id-meta":"","stick-header-meta":"","header-above-stick-meta":"","header-main-stick-meta":"","header-below-stick-meta":"","astra-migrate-meta-layouts":"default","ast-page-background-enabled":"default","ast-page-background-meta":{"desktop":{"background-color":"var(--ast-global-color-4)","background-image":"","background-repeat":"repeat","background-position":"center center","background-size":"auto","background-attachment":"scroll","background-type":"","background-media":"","overlay-type":"","overlay-color":"","overlay-opacity":"","overlay-gradient":""},"tablet":{"background-color":"","background-image":"","background-repeat":"repeat","background-position":"center center","background-size":"auto","background-attachment":"scroll","background-type":"","background-media":"","overlay-type":"","overlay-color":"","overlay-opacity":"","overlay-gradient":""},"mobile":{"background-color":"","background-image":"","background-repeat":"repeat","background-position":"center center","background-size":"auto","background-attachment":"scroll","background-type":"","background-media":"","overlay-type":"","overlay-color":"","overlay-opacity":"","overlay-gradient":""}},"ast-content-background-meta":{"desktop":{"background-color":"var(--ast-global-color-5)","background-image":"","background-repeat":"repeat","background-position":"center center","background-size":"auto","background-attachment":"scroll","background-type":"","background-media":"","overlay-type":"","overlay-color":"","overlay-opacity":"","overlay-gradient":""},"tablet":{"background-color":"var(--ast-global-color-5)","background-image":"","background-repeat":"repeat","background-position":"center center","background-size":"auto","background-attachment":"scroll","background-type":"","background-media":"","overlay-type":"","overlay-color":"","overlay-opacity":"","overlay-gradient":""},"mobile":{"background-color":"var(--ast-global-color-5)","background-image":"","background-repeat":"repeat","background-position":"center center","background-size":"auto","background-attachment":"scroll","background-type":"","background-media":"","overlay-type":"","overlay-color":"","overlay-opacity":"","overlay-gradient":""}},"footnotes":""},"class_list":["post-3736","page","type-page","status-publish","hentry"],"uagb_featured_image_src":{"full":false,"thumbnail":false,"medium":false,"medium_large":false,"large":false,"1536x1536":false,"2048x2048":false},"uagb_author_info":{"display_name":"Sutil Web","author_link":"https:\/\/sutilweb.eu\/index.php\/author\/sutilweb\/"},"uagb_comment_info":0,"uagb_excerpt":"En este cap\u00edtulo vamos a ver como administrar los m\u00f3dulos en Prestashop. Para ello, dentro del Back Office, seguimos la [&hellip;]","_links":{"self":[{"href":"https:\/\/sutilweb.eu\/index.php\/wp-json\/wp\/v2\/pages\/3736","targetHints":{"allow":["GET"]}}],"collection":[{"href":"https:\/\/sutilweb.eu\/index.php\/wp-json\/wp\/v2\/pages"}],"about":[{"href":"https:\/\/sutilweb.eu\/index.php\/wp-json\/wp\/v2\/types\/page"}],"author":[{"embeddable":true,"href":"https:\/\/sutilweb.eu\/index.php\/wp-json\/wp\/v2\/users\/1"}],"replies":[{"embeddable":true,"href":"https:\/\/sutilweb.eu\/index.php\/wp-json\/wp\/v2\/comments?post=3736"}],"version-history":[{"count":13,"href":"https:\/\/sutilweb.eu\/index.php\/wp-json\/wp\/v2\/pages\/3736\/revisions"}],"predecessor-version":[{"id":3749,"href":"https:\/\/sutilweb.eu\/index.php\/wp-json\/wp\/v2\/pages\/3736\/revisions\/3749"}],"up":[{"embeddable":true,"href":"https:\/\/sutilweb.eu\/index.php\/wp-json\/wp\/v2\/pages\/2580"}],"wp:attachment":[{"href":"https:\/\/sutilweb.eu\/index.php\/wp-json\/wp\/v2\/media?parent=3736"}],"curies":[{"name":"wp","href":"https:\/\/api.w.org\/{rel}","templated":true}]}}