{"id":3710,"date":"2024-10-02T12:27:14","date_gmt":"2024-10-02T10:27:14","guid":{"rendered":"https:\/\/blog.sutilweb.eu\/?page_id=3710"},"modified":"2024-10-02T12:27:16","modified_gmt":"2024-10-02T10:27:16","slug":"34-aprender-a-cambiar-posiciones-de-los-modulos-en-prestashop-8","status":"publish","type":"page","link":"https:\/\/sutilweb.eu\/index.php\/cmss-frameworks\/prestashop\/prestashop-8\/34-aprender-a-cambiar-posiciones-de-los-modulos-en-prestashop-8\/","title":{"rendered":"34. Aprender a Cambiar Posiciones de los M\u00f3dulos en PrestaShop 8"},"content":{"rendered":"\n<p>En este cap\u00edtulo vamos a configurar las posiciones de los m\u00f3dulos que hemos estado viendo hasta ahora. Para ello vamos a seguir la ruta <em><strong>PERSONALIZAR -> Dise\u00f1o -> Posiciones<\/strong><\/em>, donde nos aparecer\u00e1n todos los m\u00f3dulos con todas las posiciones. La p\u00e1gina que se nos mostrar\u00e1 es algo compleja ya que tiene nombres espec\u00edficos, y puede haber hooks que nos cueste encontrar. <\/p>\n\n\n\n<p>Por ejm, para ver las posiciones del <strong>Home<\/strong>, en el buscador que encontraremos en la p\u00e1gina de posiciones, escribimos <strong>displayHome<\/strong>, y nos mostrar\u00e1 el Hook displayHome, con todos los m\u00f3dulos incluidos en dicho Hook, los cuales, con tan s\u00f3lo arrastrar podremos modificar su posici\u00f3n.<\/p>\n\n\n\n<p>Para ver las categor\u00edas, el Hook asociado a las mismas es <em><strong>displayLeftColumn<\/strong><\/em>, el cual mostrar\u00e1 los m\u00f3dulos de las categor\u00edas.<\/p>\n\n\n\n<p>Para ver los productos tenemos que buscar el Hook <em><strong>displayFooterProduct<\/strong><\/em>.<\/p>\n\n\n\n<p>Para ver el footer Newsletter tenemos que buscar el Hook <em><strong>displayFooterBefore<\/strong><\/em>, y para ver el footer, buscamos el Hook <em><strong>displayFooter<\/strong><\/em>, donde aparecer\u00e1n los m\u00f3dulos del footer..<\/p>\n\n\n\n<p>Como podemos ver, es sencillo siempre y cuando sepamos buscar el nombre del Hook que necesitemos.<\/p>\n","protected":false},"excerpt":{"rendered":"<p>En este cap\u00edtulo vamos a configurar las posiciones de los m\u00f3dulos que hemos estado viendo hasta ahora. Para ello vamos [&hellip;]<\/p>\n","protected":false},"author":1,"featured_media":0,"parent":2580,"menu_order":33,"comment_status":"closed","ping_status":"closed","template":"","meta":{"_uag_custom_page_level_css":"","site-sidebar-layout":"default","site-content-layout":"","ast-site-content-layout":"default","site-content-style":"default","site-sidebar-style":"default","ast-global-header-display":"","ast-banner-title-visibility":"","ast-main-header-display":"","ast-hfb-above-header-display":"","ast-hfb-below-header-display":"","ast-hfb-mobile-header-display":"","site-post-title":"","ast-breadcrumbs-content":"","ast-featured-img":"","footer-sml-layout":"","ast-disable-related-posts":"","theme-transparent-header-meta":"","adv-header-id-meta":"","stick-header-meta":"","header-above-stick-meta":"","header-main-stick-meta":"","header-below-stick-meta":"","astra-migrate-meta-layouts":"default","ast-page-background-enabled":"default","ast-page-background-meta":{"desktop":{"background-color":"var(--ast-global-color-4)","background-image":"","background-repeat":"repeat","background-position":"center center","background-size":"auto","background-attachment":"scroll","background-type":"","background-media":"","overlay-type":"","overlay-color":"","overlay-opacity":"","overlay-gradient":""},"tablet":{"background-color":"","background-image":"","background-repeat":"repeat","background-position":"center center","background-size":"auto","background-attachment":"scroll","background-type":"","background-media":"","overlay-type":"","overlay-color":"","overlay-opacity":"","overlay-gradient":""},"mobile":{"background-color":"","background-image":"","background-repeat":"repeat","background-position":"center center","background-size":"auto","background-attachment":"scroll","background-type":"","background-media":"","overlay-type":"","overlay-color":"","overlay-opacity":"","overlay-gradient":""}},"ast-content-background-meta":{"desktop":{"background-color":"var(--ast-global-color-5)","background-image":"","background-repeat":"repeat","background-position":"center center","background-size":"auto","background-attachment":"scroll","background-type":"","background-media":"","overlay-type":"","overlay-color":"","overlay-opacity":"","overlay-gradient":""},"tablet":{"background-color":"var(--ast-global-color-5)","background-image":"","background-repeat":"repeat","background-position":"center center","background-size":"auto","background-attachment":"scroll","background-type":"","background-media":"","overlay-type":"","overlay-color":"","overlay-opacity":"","overlay-gradient":""},"mobile":{"background-color":"var(--ast-global-color-5)","background-image":"","background-repeat":"repeat","background-position":"center center","background-size":"auto","background-attachment":"scroll","background-type":"","background-media":"","overlay-type":"","overlay-color":"","overlay-opacity":"","overlay-gradient":""}},"footnotes":""},"class_list":["post-3710","page","type-page","status-publish","hentry"],"uagb_featured_image_src":{"full":false,"thumbnail":false,"medium":false,"medium_large":false,"large":false,"1536x1536":false,"2048x2048":false},"uagb_author_info":{"display_name":"Sutil Web","author_link":"https:\/\/sutilweb.eu\/index.php\/author\/sutilweb\/"},"uagb_comment_info":0,"uagb_excerpt":"En este cap\u00edtulo vamos a configurar las posiciones de los m\u00f3dulos que hemos estado viendo hasta ahora. Para ello vamos [&hellip;]","_links":{"self":[{"href":"https:\/\/sutilweb.eu\/index.php\/wp-json\/wp\/v2\/pages\/3710","targetHints":{"allow":["GET"]}}],"collection":[{"href":"https:\/\/sutilweb.eu\/index.php\/wp-json\/wp\/v2\/pages"}],"about":[{"href":"https:\/\/sutilweb.eu\/index.php\/wp-json\/wp\/v2\/types\/page"}],"author":[{"embeddable":true,"href":"https:\/\/sutilweb.eu\/index.php\/wp-json\/wp\/v2\/users\/1"}],"replies":[{"embeddable":true,"href":"https:\/\/sutilweb.eu\/index.php\/wp-json\/wp\/v2\/comments?post=3710"}],"version-history":[{"count":16,"href":"https:\/\/sutilweb.eu\/index.php\/wp-json\/wp\/v2\/pages\/3710\/revisions"}],"predecessor-version":[{"id":3726,"href":"https:\/\/sutilweb.eu\/index.php\/wp-json\/wp\/v2\/pages\/3710\/revisions\/3726"}],"up":[{"embeddable":true,"href":"https:\/\/sutilweb.eu\/index.php\/wp-json\/wp\/v2\/pages\/2580"}],"wp:attachment":[{"href":"https:\/\/sutilweb.eu\/index.php\/wp-json\/wp\/v2\/media?parent=3710"}],"curies":[{"name":"wp","href":"https:\/\/api.w.org\/{rel}","templated":true}]}}