{"id":3664,"date":"2024-10-02T11:46:08","date_gmt":"2024-10-02T09:46:08","guid":{"rendered":"https:\/\/blog.sutilweb.eu\/?page_id=3664"},"modified":"2024-10-02T11:46:10","modified_gmt":"2024-10-02T09:46:10","slug":"32-como-personalizar-productos-en-prestashop-8","status":"publish","type":"page","link":"https:\/\/sutilweb.eu\/index.php\/cmss-frameworks\/prestashop\/prestashop-8\/32-como-personalizar-productos-en-prestashop-8\/","title":{"rendered":"32. C\u00f3mo Personalizar Productos en PrestaShop 8"},"content":{"rendered":"\n<p>La ruta que debemos seguir es <em><strong>Dise\u00f1o -> Tema y logotipo -> P\u00e1ginas configuraci\u00f3n -> Product page<\/strong><\/em> <em><strong>-> PRODUCT MANAGEMENT<\/strong><\/em>, desde esta secci\u00f3n podemos ver todo lo que podemos modificar. Encontraremos:<\/p>\n\n\n\n<ul class=\"wp-block-list\">\n<li>Catalog: nos permite gestionar nuestro cat\u00e1logo y nuestras categor\u00edas y productos.<\/li>\n\n\n\n<li>Stock: nos lleva a la p\u00e1gina de stock de productos.<\/li>\n\n\n\n<li>Product Attributes: nos llevar\u00e1 a la secci\u00f3n de combinaciones de atributos.<\/li>\n<\/ul>\n\n\n\n<p>Desde la ruta <em><strong>Dise\u00f1o -> Tema y logotipo -> P\u00e1ginas configuraci\u00f3n -> Product page<\/strong><\/em> <em><strong>-> PRODUCT DETAIL<\/strong><\/em> podemos ver otros m\u00f3dulos, que son:<\/p>\n\n\n\n<ul class=\"wp-block-list\">\n<li>Confianza y seguridad del cliente<\/li>\n\n\n\n<li>Botones de compartir en redes sociales<\/li>\n\n\n\n<li>Comentarios sobre el producto<\/li>\n<\/ul>\n\n\n\n<p>Desde la ruta <em><strong>Dise\u00f1o -> Tema y logotipo -> P\u00e1ginas configuraci\u00f3n -> Product page<\/strong><\/em> <em><strong>-> PRODUCT BLOCK<\/strong><\/em> que son otros m\u00f3dulos que tenemos en Prestashop, dentro de la ficha de productos, para incentivar que el cliente siga comprando o que si no es el producto que estaba buscando, mostrarle otras variedades de productos que quiz\u00e1 sean lo que s\u00ed quiera, para ello disponemos de 3 m\u00f3dulos:<\/p>\n\n\n\n<ul class=\"wp-block-list\">\n<li>Productos en la misma categor\u00eda: mostrar\u00e1 productos de la misma categor\u00eda.<\/li>\n\n\n\n<li>Bloque de productos vistos: mostrar\u00e1 los productos m\u00e1s vistos, y mostrar\u00e1 los productos en los que en mi sesi\u00f3n de usuario he ido accediendo, mostrar\u00e1 los productos que yo haya visto en la tienda.<\/li>\n\n\n\n<li>Ventas cruzadas: mostrar\u00eda los productos relacionados.<\/li>\n<\/ul>\n","protected":false},"excerpt":{"rendered":"<p>La ruta que debemos seguir es Dise\u00f1o -> Tema y logotipo -> P\u00e1ginas configuraci\u00f3n -> Product page -> PRODUCT MANAGEMENT, [&hellip;]<\/p>\n","protected":false},"author":1,"featured_media":0,"parent":2580,"menu_order":31,"comment_status":"closed","ping_status":"closed","template":"","meta":{"_uag_custom_page_level_css":"","site-sidebar-layout":"default","site-content-layout":"","ast-site-content-layout":"default","site-content-style":"default","site-sidebar-style":"default","ast-global-header-display":"","ast-banner-title-visibility":"","ast-main-header-display":"","ast-hfb-above-header-display":"","ast-hfb-below-header-display":"","ast-hfb-mobile-header-display":"","site-post-title":"","ast-breadcrumbs-content":"","ast-featured-img":"","footer-sml-layout":"","ast-disable-related-posts":"","theme-transparent-header-meta":"","adv-header-id-meta":"","stick-header-meta":"","header-above-stick-meta":"","header-main-stick-meta":"","header-below-stick-meta":"","astra-migrate-meta-layouts":"default","ast-page-background-enabled":"default","ast-page-background-meta":{"desktop":{"background-color":"var(--ast-global-color-4)","background-image":"","background-repeat":"repeat","background-position":"center center","background-size":"auto","background-attachment":"scroll","background-type":"","background-media":"","overlay-type":"","overlay-color":"","overlay-opacity":"","overlay-gradient":""},"tablet":{"background-color":"","background-image":"","background-repeat":"repeat","background-position":"center center","background-size":"auto","background-attachment":"scroll","background-type":"","background-media":"","overlay-type":"","overlay-color":"","overlay-opacity":"","overlay-gradient":""},"mobile":{"background-color":"","background-image":"","background-repeat":"repeat","background-position":"center center","background-size":"auto","background-attachment":"scroll","background-type":"","background-media":"","overlay-type":"","overlay-color":"","overlay-opacity":"","overlay-gradient":""}},"ast-content-background-meta":{"desktop":{"background-color":"var(--ast-global-color-5)","background-image":"","background-repeat":"repeat","background-position":"center center","background-size":"auto","background-attachment":"scroll","background-type":"","background-media":"","overlay-type":"","overlay-color":"","overlay-opacity":"","overlay-gradient":""},"tablet":{"background-color":"var(--ast-global-color-5)","background-image":"","background-repeat":"repeat","background-position":"center center","background-size":"auto","background-attachment":"scroll","background-type":"","background-media":"","overlay-type":"","overlay-color":"","overlay-opacity":"","overlay-gradient":""},"mobile":{"background-color":"var(--ast-global-color-5)","background-image":"","background-repeat":"repeat","background-position":"center center","background-size":"auto","background-attachment":"scroll","background-type":"","background-media":"","overlay-type":"","overlay-color":"","overlay-opacity":"","overlay-gradient":""}},"footnotes":""},"class_list":["post-3664","page","type-page","status-publish","hentry"],"uagb_featured_image_src":{"full":false,"thumbnail":false,"medium":false,"medium_large":false,"large":false,"1536x1536":false,"2048x2048":false},"uagb_author_info":{"display_name":"Sutil Web","author_link":"https:\/\/sutilweb.eu\/index.php\/author\/sutilweb\/"},"uagb_comment_info":0,"uagb_excerpt":"La ruta que debemos seguir es Dise\u00f1o -> Tema y logotipo -> P\u00e1ginas configuraci\u00f3n -> Product page -> PRODUCT MANAGEMENT, [&hellip;]","_links":{"self":[{"href":"https:\/\/sutilweb.eu\/index.php\/wp-json\/wp\/v2\/pages\/3664","targetHints":{"allow":["GET"]}}],"collection":[{"href":"https:\/\/sutilweb.eu\/index.php\/wp-json\/wp\/v2\/pages"}],"about":[{"href":"https:\/\/sutilweb.eu\/index.php\/wp-json\/wp\/v2\/types\/page"}],"author":[{"embeddable":true,"href":"https:\/\/sutilweb.eu\/index.php\/wp-json\/wp\/v2\/users\/1"}],"replies":[{"embeddable":true,"href":"https:\/\/sutilweb.eu\/index.php\/wp-json\/wp\/v2\/comments?post=3664"}],"version-history":[{"count":22,"href":"https:\/\/sutilweb.eu\/index.php\/wp-json\/wp\/v2\/pages\/3664\/revisions"}],"predecessor-version":[{"id":3687,"href":"https:\/\/sutilweb.eu\/index.php\/wp-json\/wp\/v2\/pages\/3664\/revisions\/3687"}],"up":[{"embeddable":true,"href":"https:\/\/sutilweb.eu\/index.php\/wp-json\/wp\/v2\/pages\/2580"}],"wp:attachment":[{"href":"https:\/\/sutilweb.eu\/index.php\/wp-json\/wp\/v2\/media?parent=3664"}],"curies":[{"name":"wp","href":"https:\/\/api.w.org\/{rel}","templated":true}]}}