{"id":3609,"date":"2024-10-02T10:50:49","date_gmt":"2024-10-02T08:50:49","guid":{"rendered":"https:\/\/blog.sutilweb.eu\/?page_id=3609"},"modified":"2024-10-02T10:50:50","modified_gmt":"2024-10-02T08:50:50","slug":"30-personalizar-categoria-en-prestashop-8","status":"publish","type":"page","link":"https:\/\/sutilweb.eu\/index.php\/cmss-frameworks\/prestashop\/prestashop-8\/30-personalizar-categoria-en-prestashop-8\/","title":{"rendered":"30. Personalizar Categor\u00eda en PrestaShop 8"},"content":{"rendered":"\n<p>En este cap\u00edtulo vamos a ver como configurar las categor\u00edas a nivel de plantilla. Para ello, dentro de nuestro Back Office seguimos la ruta <em><strong>PERSONALIZAR -> Dise\u00f1o -> Tema y Logotipo -> P\u00e1ginas configuraci\u00f3n<\/strong><\/em>, donde encontraremos diferentes p\u00e1ginas de configuraci\u00f3n, en nuestro caso hacemos clic en <em><strong>Category page<\/strong><\/em>.<\/p>\n\n\n\n<p>En la p\u00e1gina de categor\u00edas encontramos tres bloques en su configuraci\u00f3n:<\/p>\n\n\n\n<ul class=\"wp-block-list\">\n<li>Contenido de la categor\u00eda<\/li>\n\n\n\n<li>Navegaci\u00f3n (columna izquierda): en el que tenemos dos m\u00f3dulos asociados, el m\u00f3dulo de subcategor\u00edas asociado a su categor\u00eda padre, y un segundo m\u00f3dulo de filtro, donde podremos a\u00f1adir m\u00e1s o menos filtros.<\/li>\n<\/ul>\n\n\n\n<p>En este cap\u00edtulo nos centramos en el m\u00f3dulo de las subcategor\u00edas, con lo que hacemos clic en <em><strong>NAVEGATION COLUMN<\/strong><\/em> y nos aparecer\u00e1 una p\u00e1gina donde podremos configurar el entorno de las subcategor\u00edas, desde el cual podemos configurar desde donde queremos que aparezca la subcategor\u00eda (desde la ra\u00edz, desde la categor\u00eda actual, desde la categor\u00eda padre, o desde la categor\u00eda actual a no ser que no haya subcategor\u00edas, con lo que se mostrar\u00eda la categor\u00eda padre de la categor\u00eda actual), tambi\u00e9n podemos mostrar la profundidad m\u00e1xima, que por defecto es 4, un tercer par\u00e1metro nos permite elegir como vamos a ordenar estas subcategor\u00edas, si por nombre o por posici\u00f3n, por \u00faltimo elegir si el orden o posici\u00f3n ser\u00e1 ascendente o descendente.<\/p>\n\n\n\n<p>En la secci\u00f3n de contenido de la categor\u00eda nos permitir\u00e1 mostrar cuantos productos queremos mostrar, por defecto Prestashop muestra 12 productos. Tambi\u00e9n nos permite mostrar como lo vamos a ordenar, si por precio, por marca, por fecha de creaci\u00f3n, fecha de modificaci\u00f3n, por marca&#8230; Tenemos diferentes tipos de opciones de ordenaci\u00f3n de los productos en las categor\u00edas. <\/p>\n","protected":false},"excerpt":{"rendered":"<p>En este cap\u00edtulo vamos a ver como configurar las categor\u00edas a nivel de plantilla. Para ello, dentro de nuestro Back [&hellip;]<\/p>\n","protected":false},"author":1,"featured_media":0,"parent":2580,"menu_order":29,"comment_status":"closed","ping_status":"closed","template":"","meta":{"_uag_custom_page_level_css":"","site-sidebar-layout":"default","site-content-layout":"","ast-site-content-layout":"default","site-content-style":"default","site-sidebar-style":"default","ast-global-header-display":"","ast-banner-title-visibility":"","ast-main-header-display":"","ast-hfb-above-header-display":"","ast-hfb-below-header-display":"","ast-hfb-mobile-header-display":"","site-post-title":"","ast-breadcrumbs-content":"","ast-featured-img":"","footer-sml-layout":"","ast-disable-related-posts":"","theme-transparent-header-meta":"","adv-header-id-meta":"","stick-header-meta":"","header-above-stick-meta":"","header-main-stick-meta":"","header-below-stick-meta":"","astra-migrate-meta-layouts":"default","ast-page-background-enabled":"default","ast-page-background-meta":{"desktop":{"background-color":"var(--ast-global-color-4)","background-image":"","background-repeat":"repeat","background-position":"center center","background-size":"auto","background-attachment":"scroll","background-type":"","background-media":"","overlay-type":"","overlay-color":"","overlay-opacity":"","overlay-gradient":""},"tablet":{"background-color":"","background-image":"","background-repeat":"repeat","background-position":"center center","background-size":"auto","background-attachment":"scroll","background-type":"","background-media":"","overlay-type":"","overlay-color":"","overlay-opacity":"","overlay-gradient":""},"mobile":{"background-color":"","background-image":"","background-repeat":"repeat","background-position":"center center","background-size":"auto","background-attachment":"scroll","background-type":"","background-media":"","overlay-type":"","overlay-color":"","overlay-opacity":"","overlay-gradient":""}},"ast-content-background-meta":{"desktop":{"background-color":"var(--ast-global-color-5)","background-image":"","background-repeat":"repeat","background-position":"center center","background-size":"auto","background-attachment":"scroll","background-type":"","background-media":"","overlay-type":"","overlay-color":"","overlay-opacity":"","overlay-gradient":""},"tablet":{"background-color":"var(--ast-global-color-5)","background-image":"","background-repeat":"repeat","background-position":"center center","background-size":"auto","background-attachment":"scroll","background-type":"","background-media":"","overlay-type":"","overlay-color":"","overlay-opacity":"","overlay-gradient":""},"mobile":{"background-color":"var(--ast-global-color-5)","background-image":"","background-repeat":"repeat","background-position":"center center","background-size":"auto","background-attachment":"scroll","background-type":"","background-media":"","overlay-type":"","overlay-color":"","overlay-opacity":"","overlay-gradient":""}},"footnotes":""},"class_list":["post-3609","page","type-page","status-publish","hentry"],"uagb_featured_image_src":{"full":false,"thumbnail":false,"medium":false,"medium_large":false,"large":false,"1536x1536":false,"2048x2048":false},"uagb_author_info":{"display_name":"Sutil Web","author_link":"https:\/\/sutilweb.eu\/index.php\/author\/sutilweb\/"},"uagb_comment_info":0,"uagb_excerpt":"En este cap\u00edtulo vamos a ver como configurar las categor\u00edas a nivel de plantilla. Para ello, dentro de nuestro Back [&hellip;]","_links":{"self":[{"href":"https:\/\/sutilweb.eu\/index.php\/wp-json\/wp\/v2\/pages\/3609","targetHints":{"allow":["GET"]}}],"collection":[{"href":"https:\/\/sutilweb.eu\/index.php\/wp-json\/wp\/v2\/pages"}],"about":[{"href":"https:\/\/sutilweb.eu\/index.php\/wp-json\/wp\/v2\/types\/page"}],"author":[{"embeddable":true,"href":"https:\/\/sutilweb.eu\/index.php\/wp-json\/wp\/v2\/users\/1"}],"replies":[{"embeddable":true,"href":"https:\/\/sutilweb.eu\/index.php\/wp-json\/wp\/v2\/comments?post=3609"}],"version-history":[{"count":24,"href":"https:\/\/sutilweb.eu\/index.php\/wp-json\/wp\/v2\/pages\/3609\/revisions"}],"predecessor-version":[{"id":3639,"href":"https:\/\/sutilweb.eu\/index.php\/wp-json\/wp\/v2\/pages\/3609\/revisions\/3639"}],"up":[{"embeddable":true,"href":"https:\/\/sutilweb.eu\/index.php\/wp-json\/wp\/v2\/pages\/2580"}],"wp:attachment":[{"href":"https:\/\/sutilweb.eu\/index.php\/wp-json\/wp\/v2\/media?parent=3609"}],"curies":[{"name":"wp","href":"https:\/\/api.w.org\/{rel}","templated":true}]}}