{"id":3588,"date":"2024-10-01T20:38:16","date_gmt":"2024-10-01T18:38:16","guid":{"rendered":"https:\/\/blog.sutilweb.eu\/?page_id=3588"},"modified":"2024-10-01T20:38:17","modified_gmt":"2024-10-01T18:38:17","slug":"29-configurar-slider-prestashop-8","status":"publish","type":"page","link":"https:\/\/sutilweb.eu\/index.php\/cmss-frameworks\/prestashop\/prestashop-8\/29-configurar-slider-prestashop-8\/","title":{"rendered":"29. Configurar Slider PrestaShop 8"},"content":{"rendered":"\n<p>En este cap\u00edtulo vamos a ver como configurar el Slider principal de nuestra web. Para ello nos dirigimos al Back Office, y seguimos la ruta <em><strong>PERSONALIZAR -> M\u00f3dulos -> Administrador de m\u00f3dulos<\/strong><\/em> y buscamos el m\u00f3dulo <em><strong>Carrusel de im\u00e1genes<\/strong><\/em><strong>. <\/strong>Entramos en la p\u00e1gina del carrusel y encontraremos varias partes que podemos configurar, entre ellas la velocidad del carrusel, que es cada cuanto tiempo va a pasar entre una imagen y otra. O pausar la transici\u00f3n cuando pasemos el bot\u00f3n por encima, o repetir indefinidamente el carrusel.<\/p>\n\n\n\n<p>M\u00e1s abajo de la p\u00e1gina encontramos las diapositivas que trae Prestashop por defecto, las cuales podemos modificar, eliminar, a\u00f1adir&#8230; El texto, por defecto siempre lo va a poner en la parte izquierda y en blanco, por lo que si creamos un dise\u00f1o propio, tener \u00e9sto en cuenta. Le vamos a poner un t\u00edtulo, una url de destino, una leyenda y una descripci\u00f3n que es el texto que aparecer\u00e1 en el banner, y elegiremos si lo tenemos o no activado el banner.<\/p>\n\n\n\n<p>El tama\u00f1o del banner es de 1,100 x 340 pixeles.<\/p>\n\n\n\n<p>Ojo, no es recomendable poner muchos banners en la web, ya que cuantas m\u00e1s im\u00e1genes carguemos en la portada, nuestra web ir\u00e1 m\u00e1s lenta y perjudicar\u00e1 al rendimiento del usuario, por lo que se recomienda como mucho 4 slides.<\/p>\n","protected":false},"excerpt":{"rendered":"<p>En este cap\u00edtulo vamos a ver como configurar el Slider principal de nuestra web. Para ello nos dirigimos al Back [&hellip;]<\/p>\n","protected":false},"author":1,"featured_media":0,"parent":2580,"menu_order":28,"comment_status":"closed","ping_status":"closed","template":"","meta":{"_uag_custom_page_level_css":"","site-sidebar-layout":"default","site-content-layout":"","ast-site-content-layout":"default","site-content-style":"default","site-sidebar-style":"default","ast-global-header-display":"","ast-banner-title-visibility":"","ast-main-header-display":"","ast-hfb-above-header-display":"","ast-hfb-below-header-display":"","ast-hfb-mobile-header-display":"","site-post-title":"","ast-breadcrumbs-content":"","ast-featured-img":"","footer-sml-layout":"","ast-disable-related-posts":"","theme-transparent-header-meta":"","adv-header-id-meta":"","stick-header-meta":"","header-above-stick-meta":"","header-main-stick-meta":"","header-below-stick-meta":"","astra-migrate-meta-layouts":"default","ast-page-background-enabled":"default","ast-page-background-meta":{"desktop":{"background-color":"var(--ast-global-color-4)","background-image":"","background-repeat":"repeat","background-position":"center center","background-size":"auto","background-attachment":"scroll","background-type":"","background-media":"","overlay-type":"","overlay-color":"","overlay-opacity":"","overlay-gradient":""},"tablet":{"background-color":"","background-image":"","background-repeat":"repeat","background-position":"center center","background-size":"auto","background-attachment":"scroll","background-type":"","background-media":"","overlay-type":"","overlay-color":"","overlay-opacity":"","overlay-gradient":""},"mobile":{"background-color":"","background-image":"","background-repeat":"repeat","background-position":"center center","background-size":"auto","background-attachment":"scroll","background-type":"","background-media":"","overlay-type":"","overlay-color":"","overlay-opacity":"","overlay-gradient":""}},"ast-content-background-meta":{"desktop":{"background-color":"var(--ast-global-color-5)","background-image":"","background-repeat":"repeat","background-position":"center center","background-size":"auto","background-attachment":"scroll","background-type":"","background-media":"","overlay-type":"","overlay-color":"","overlay-opacity":"","overlay-gradient":""},"tablet":{"background-color":"var(--ast-global-color-5)","background-image":"","background-repeat":"repeat","background-position":"center center","background-size":"auto","background-attachment":"scroll","background-type":"","background-media":"","overlay-type":"","overlay-color":"","overlay-opacity":"","overlay-gradient":""},"mobile":{"background-color":"var(--ast-global-color-5)","background-image":"","background-repeat":"repeat","background-position":"center center","background-size":"auto","background-attachment":"scroll","background-type":"","background-media":"","overlay-type":"","overlay-color":"","overlay-opacity":"","overlay-gradient":""}},"footnotes":""},"class_list":["post-3588","page","type-page","status-publish","hentry"],"uagb_featured_image_src":{"full":false,"thumbnail":false,"medium":false,"medium_large":false,"large":false,"1536x1536":false,"2048x2048":false},"uagb_author_info":{"display_name":"Sutil Web","author_link":"https:\/\/sutilweb.eu\/index.php\/author\/sutilweb\/"},"uagb_comment_info":0,"uagb_excerpt":"En este cap\u00edtulo vamos a ver como configurar el Slider principal de nuestra web. Para ello nos dirigimos al Back [&hellip;]","_links":{"self":[{"href":"https:\/\/sutilweb.eu\/index.php\/wp-json\/wp\/v2\/pages\/3588","targetHints":{"allow":["GET"]}}],"collection":[{"href":"https:\/\/sutilweb.eu\/index.php\/wp-json\/wp\/v2\/pages"}],"about":[{"href":"https:\/\/sutilweb.eu\/index.php\/wp-json\/wp\/v2\/types\/page"}],"author":[{"embeddable":true,"href":"https:\/\/sutilweb.eu\/index.php\/wp-json\/wp\/v2\/users\/1"}],"replies":[{"embeddable":true,"href":"https:\/\/sutilweb.eu\/index.php\/wp-json\/wp\/v2\/comments?post=3588"}],"version-history":[{"count":20,"href":"https:\/\/sutilweb.eu\/index.php\/wp-json\/wp\/v2\/pages\/3588\/revisions"}],"predecessor-version":[{"id":3608,"href":"https:\/\/sutilweb.eu\/index.php\/wp-json\/wp\/v2\/pages\/3588\/revisions\/3608"}],"up":[{"embeddable":true,"href":"https:\/\/sutilweb.eu\/index.php\/wp-json\/wp\/v2\/pages\/2580"}],"wp:attachment":[{"href":"https:\/\/sutilweb.eu\/index.php\/wp-json\/wp\/v2\/media?parent=3588"}],"curies":[{"name":"wp","href":"https:\/\/api.w.org\/{rel}","templated":true}]}}