{"id":3576,"date":"2024-10-01T20:25:41","date_gmt":"2024-10-01T18:25:41","guid":{"rendered":"https:\/\/blog.sutilweb.eu\/?page_id=3576"},"modified":"2024-10-01T20:25:41","modified_gmt":"2024-10-01T18:25:41","slug":"28-configurar-menu-prestashop-8","status":"publish","type":"page","link":"https:\/\/sutilweb.eu\/index.php\/cmss-frameworks\/prestashop\/prestashop-8\/28-configurar-menu-prestashop-8\/","title":{"rendered":"28. Configurar Men\u00fa PrestaShop 8"},"content":{"rendered":"\n<p>Para configurar nuestro men\u00fa debemos seguir la ruta <em><strong>PERSONALIZAR -> M\u00f3dulos -> Administraci\u00f3n de m\u00f3dulos<\/strong><\/em>, el cual nos llevar\u00e1 a la p\u00e1gina de los distintos m\u00f3dulos existentes en <strong>Prestashop<\/strong>, entre los que est\u00e1n el men\u00fa, que podemos buscar directamente en el buscador que encontraremos en esta p\u00e1gina, que encontraremos con el nombre de <em><strong>Men\u00fa principal<\/strong><\/em> y que vamos a configurar haciendo clic en el bot\u00f3n <em><strong>Configurar<\/strong><\/em>.<\/p>\n\n\n\n<p>Nos abrir\u00e1 otra p\u00e1gina donde tenemos una parte derecha con todos los enlaces que podemos incluir a nuestro men\u00fa, y una parte izquierda donde ir\u00e1n apareciendo todos los enlaces que queremos aparezcan en nuestro men\u00fa.<\/p>\n\n\n\n<p>Podemos enlazar a una p\u00e1gina que se encuentra en otro servidor u otra p\u00e1gina que creemos de manera manual, para ello tenemos la pesta\u00f1a <em><strong>A\u00f1adir un nuevo enlace<\/strong><\/em>, la cual rellenamos y cuando terminemos de crearla, aparecer\u00e1 arriba en la pesta\u00f1a <em><strong>Elementos disponibles<\/strong><\/em>, disponible para agregarla a nuestro men\u00fa.<\/p>\n","protected":false},"excerpt":{"rendered":"<p>Para configurar nuestro men\u00fa debemos seguir la ruta PERSONALIZAR -> M\u00f3dulos -> Administraci\u00f3n de m\u00f3dulos, el cual nos llevar\u00e1 a [&hellip;]<\/p>\n","protected":false},"author":1,"featured_media":0,"parent":2580,"menu_order":27,"comment_status":"closed","ping_status":"closed","template":"","meta":{"_uag_custom_page_level_css":"","site-sidebar-layout":"default","site-content-layout":"","ast-site-content-layout":"default","site-content-style":"default","site-sidebar-style":"default","ast-global-header-display":"","ast-banner-title-visibility":"","ast-main-header-display":"","ast-hfb-above-header-display":"","ast-hfb-below-header-display":"","ast-hfb-mobile-header-display":"","site-post-title":"","ast-breadcrumbs-content":"","ast-featured-img":"","footer-sml-layout":"","ast-disable-related-posts":"","theme-transparent-header-meta":"","adv-header-id-meta":"","stick-header-meta":"","header-above-stick-meta":"","header-main-stick-meta":"","header-below-stick-meta":"","astra-migrate-meta-layouts":"default","ast-page-background-enabled":"default","ast-page-background-meta":{"desktop":{"background-color":"var(--ast-global-color-4)","background-image":"","background-repeat":"repeat","background-position":"center center","background-size":"auto","background-attachment":"scroll","background-type":"","background-media":"","overlay-type":"","overlay-color":"","overlay-opacity":"","overlay-gradient":""},"tablet":{"background-color":"","background-image":"","background-repeat":"repeat","background-position":"center center","background-size":"auto","background-attachment":"scroll","background-type":"","background-media":"","overlay-type":"","overlay-color":"","overlay-opacity":"","overlay-gradient":""},"mobile":{"background-color":"","background-image":"","background-repeat":"repeat","background-position":"center center","background-size":"auto","background-attachment":"scroll","background-type":"","background-media":"","overlay-type":"","overlay-color":"","overlay-opacity":"","overlay-gradient":""}},"ast-content-background-meta":{"desktop":{"background-color":"var(--ast-global-color-5)","background-image":"","background-repeat":"repeat","background-position":"center center","background-size":"auto","background-attachment":"scroll","background-type":"","background-media":"","overlay-type":"","overlay-color":"","overlay-opacity":"","overlay-gradient":""},"tablet":{"background-color":"var(--ast-global-color-5)","background-image":"","background-repeat":"repeat","background-position":"center center","background-size":"auto","background-attachment":"scroll","background-type":"","background-media":"","overlay-type":"","overlay-color":"","overlay-opacity":"","overlay-gradient":""},"mobile":{"background-color":"var(--ast-global-color-5)","background-image":"","background-repeat":"repeat","background-position":"center center","background-size":"auto","background-attachment":"scroll","background-type":"","background-media":"","overlay-type":"","overlay-color":"","overlay-opacity":"","overlay-gradient":""}},"footnotes":""},"class_list":["post-3576","page","type-page","status-publish","hentry"],"uagb_featured_image_src":{"full":false,"thumbnail":false,"medium":false,"medium_large":false,"large":false,"1536x1536":false,"2048x2048":false},"uagb_author_info":{"display_name":"Sutil Web","author_link":"https:\/\/sutilweb.eu\/index.php\/author\/sutilweb\/"},"uagb_comment_info":0,"uagb_excerpt":"Para configurar nuestro men\u00fa debemos seguir la ruta PERSONALIZAR -> M\u00f3dulos -> Administraci\u00f3n de m\u00f3dulos, el cual nos llevar\u00e1 a [&hellip;]","_links":{"self":[{"href":"https:\/\/sutilweb.eu\/index.php\/wp-json\/wp\/v2\/pages\/3576","targetHints":{"allow":["GET"]}}],"collection":[{"href":"https:\/\/sutilweb.eu\/index.php\/wp-json\/wp\/v2\/pages"}],"about":[{"href":"https:\/\/sutilweb.eu\/index.php\/wp-json\/wp\/v2\/types\/page"}],"author":[{"embeddable":true,"href":"https:\/\/sutilweb.eu\/index.php\/wp-json\/wp\/v2\/users\/1"}],"replies":[{"embeddable":true,"href":"https:\/\/sutilweb.eu\/index.php\/wp-json\/wp\/v2\/comments?post=3576"}],"version-history":[{"count":11,"href":"https:\/\/sutilweb.eu\/index.php\/wp-json\/wp\/v2\/pages\/3576\/revisions"}],"predecessor-version":[{"id":3587,"href":"https:\/\/sutilweb.eu\/index.php\/wp-json\/wp\/v2\/pages\/3576\/revisions\/3587"}],"up":[{"embeddable":true,"href":"https:\/\/sutilweb.eu\/index.php\/wp-json\/wp\/v2\/pages\/2580"}],"wp:attachment":[{"href":"https:\/\/sutilweb.eu\/index.php\/wp-json\/wp\/v2\/media?parent=3576"}],"curies":[{"name":"wp","href":"https:\/\/api.w.org\/{rel}","templated":true}]}}