{"id":3557,"date":"2024-10-01T20:12:59","date_gmt":"2024-10-01T18:12:59","guid":{"rendered":"https:\/\/blog.sutilweb.eu\/?page_id=3557"},"modified":"2024-10-01T20:12:59","modified_gmt":"2024-10-01T18:12:59","slug":"27-personalizar-plantilla-prestashop-8","status":"publish","type":"page","link":"https:\/\/sutilweb.eu\/index.php\/cmss-frameworks\/prestashop\/prestashop-8\/27-personalizar-plantilla-prestashop-8\/","title":{"rendered":"27. Personalizar Plantilla PrestaShop 8"},"content":{"rendered":"\n<p>En este cap\u00edtulo vamos a ver como personalizar nuestro Prestashop, para ello, dentro de nuestro Back Office seguimos la ruta <em><strong>PERSONALIZAR -> Dise\u00f1o -> Tema y Logotipo<\/strong><\/em>. Desde esta zona vamos a poder personalizar ciertas partes de nuestra plantilla. <\/p>\n\n\n\n<p>Cuando instalamos nuestro Prestashop, por defecto nos instala una plantilla, denominada <em><strong>Classic<\/strong><\/em>, que se trata de un tema sencillo y funcional en el que tenemos algunas partes que podemos configurar.<\/p>\n\n\n\n<p>Si deseamos instalar otras plantillas, hacemos clic en el bot\u00f3n <em><strong>A\u00f1adir nuevo tema<\/strong><\/em>, que encontraremos dentro de la p\u00e1gina que muestra esta plantilla.<\/p>\n\n\n\n<p>La p\u00e1gina que se nos mostrar\u00e1 tiene mas o menos el aspecto siguiente.<\/p>\n\n\n\n<figure class=\"wp-block-image size-large\"><img loading=\"lazy\" decoding=\"async\" width=\"1024\" height=\"542\" src=\"https:\/\/blog.sutilweb.eu\/wp-content\/uploads\/2024\/10\/Temas-en-Prestashop-8-1024x542.png\" alt=\"\" class=\"wp-image-3569\" srcset=\"https:\/\/sutilweb.eu\/wp-content\/uploads\/2024\/10\/Temas-en-Prestashop-8-1024x542.png 1024w, https:\/\/sutilweb.eu\/wp-content\/uploads\/2024\/10\/Temas-en-Prestashop-8-300x159.png 300w, https:\/\/sutilweb.eu\/wp-content\/uploads\/2024\/10\/Temas-en-Prestashop-8-768x407.png 768w, https:\/\/sutilweb.eu\/wp-content\/uploads\/2024\/10\/Temas-en-Prestashop-8-1536x813.png 1536w, https:\/\/sutilweb.eu\/wp-content\/uploads\/2024\/10\/Temas-en-Prestashop-8-2048x1084.png 2048w, https:\/\/sutilweb.eu\/wp-content\/uploads\/2024\/10\/Temas-en-Prestashop-8-1320x699.png 1320w\" sizes=\"auto, (max-width: 1024px) 100vw, 1024px\" \/><\/figure>\n\n\n\n<p>Desde esta p\u00e1gina podemos modificar el logo de la cabecera, el logo para los correos electr\u00f3nicos, el logo para las facturas, el favicon.<\/p>\n\n\n\n<h2 class=\"wp-block-heading\">Configurar nuestro dise\u00f1o de p\u00e1gina<\/h2>\n\n\n\n<p>Otra de las cosas que podemos realizar es configurar nuestro dise\u00f1o de p\u00e1gina, como va a estar estructurada nuestra p\u00e1gina. Para ello, dentro de la misma p\u00e1gina en la que estamos, abajo del todo nos aparece <em><strong>Configurar tu dise\u00f1o de p\u00e1gina -> Seleccionar dise\u00f1o<\/strong><\/em>, y nos llevar\u00e1 a una p\u00e1gina donde podremos realizar las modificaciones pertinentes para cada tipolog\u00eda de p\u00e1gina.<\/p>\n","protected":false},"excerpt":{"rendered":"<p>En este cap\u00edtulo vamos a ver como personalizar nuestro Prestashop, para ello, dentro de nuestro Back Office seguimos la ruta [&hellip;]<\/p>\n","protected":false},"author":1,"featured_media":0,"parent":2580,"menu_order":26,"comment_status":"closed","ping_status":"closed","template":"","meta":{"_uag_custom_page_level_css":"","site-sidebar-layout":"default","site-content-layout":"","ast-site-content-layout":"default","site-content-style":"default","site-sidebar-style":"default","ast-global-header-display":"","ast-banner-title-visibility":"","ast-main-header-display":"","ast-hfb-above-header-display":"","ast-hfb-below-header-display":"","ast-hfb-mobile-header-display":"","site-post-title":"","ast-breadcrumbs-content":"","ast-featured-img":"","footer-sml-layout":"","ast-disable-related-posts":"","theme-transparent-header-meta":"","adv-header-id-meta":"","stick-header-meta":"","header-above-stick-meta":"","header-main-stick-meta":"","header-below-stick-meta":"","astra-migrate-meta-layouts":"default","ast-page-background-enabled":"default","ast-page-background-meta":{"desktop":{"background-color":"var(--ast-global-color-4)","background-image":"","background-repeat":"repeat","background-position":"center center","background-size":"auto","background-attachment":"scroll","background-type":"","background-media":"","overlay-type":"","overlay-color":"","overlay-opacity":"","overlay-gradient":""},"tablet":{"background-color":"","background-image":"","background-repeat":"repeat","background-position":"center center","background-size":"auto","background-attachment":"scroll","background-type":"","background-media":"","overlay-type":"","overlay-color":"","overlay-opacity":"","overlay-gradient":""},"mobile":{"background-color":"","background-image":"","background-repeat":"repeat","background-position":"center center","background-size":"auto","background-attachment":"scroll","background-type":"","background-media":"","overlay-type":"","overlay-color":"","overlay-opacity":"","overlay-gradient":""}},"ast-content-background-meta":{"desktop":{"background-color":"var(--ast-global-color-5)","background-image":"","background-repeat":"repeat","background-position":"center center","background-size":"auto","background-attachment":"scroll","background-type":"","background-media":"","overlay-type":"","overlay-color":"","overlay-opacity":"","overlay-gradient":""},"tablet":{"background-color":"var(--ast-global-color-5)","background-image":"","background-repeat":"repeat","background-position":"center center","background-size":"auto","background-attachment":"scroll","background-type":"","background-media":"","overlay-type":"","overlay-color":"","overlay-opacity":"","overlay-gradient":""},"mobile":{"background-color":"var(--ast-global-color-5)","background-image":"","background-repeat":"repeat","background-position":"center center","background-size":"auto","background-attachment":"scroll","background-type":"","background-media":"","overlay-type":"","overlay-color":"","overlay-opacity":"","overlay-gradient":""}},"footnotes":""},"class_list":["post-3557","page","type-page","status-publish","hentry"],"uagb_featured_image_src":{"full":false,"thumbnail":false,"medium":false,"medium_large":false,"large":false,"1536x1536":false,"2048x2048":false},"uagb_author_info":{"display_name":"Sutil Web","author_link":"https:\/\/sutilweb.eu\/index.php\/author\/sutilweb\/"},"uagb_comment_info":0,"uagb_excerpt":"En este cap\u00edtulo vamos a ver como personalizar nuestro Prestashop, para ello, dentro de nuestro Back Office seguimos la ruta [&hellip;]","_links":{"self":[{"href":"https:\/\/sutilweb.eu\/index.php\/wp-json\/wp\/v2\/pages\/3557","targetHints":{"allow":["GET"]}}],"collection":[{"href":"https:\/\/sutilweb.eu\/index.php\/wp-json\/wp\/v2\/pages"}],"about":[{"href":"https:\/\/sutilweb.eu\/index.php\/wp-json\/wp\/v2\/types\/page"}],"author":[{"embeddable":true,"href":"https:\/\/sutilweb.eu\/index.php\/wp-json\/wp\/v2\/users\/1"}],"replies":[{"embeddable":true,"href":"https:\/\/sutilweb.eu\/index.php\/wp-json\/wp\/v2\/comments?post=3557"}],"version-history":[{"count":17,"href":"https:\/\/sutilweb.eu\/index.php\/wp-json\/wp\/v2\/pages\/3557\/revisions"}],"predecessor-version":[{"id":3575,"href":"https:\/\/sutilweb.eu\/index.php\/wp-json\/wp\/v2\/pages\/3557\/revisions\/3575"}],"up":[{"embeddable":true,"href":"https:\/\/sutilweb.eu\/index.php\/wp-json\/wp\/v2\/pages\/2580"}],"wp:attachment":[{"href":"https:\/\/sutilweb.eu\/index.php\/wp-json\/wp\/v2\/media?parent=3557"}],"curies":[{"name":"wp","href":"https:\/\/api.w.org\/{rel}","templated":true}]}}