{"id":351,"date":"2024-05-21T12:33:05","date_gmt":"2024-05-21T10:33:05","guid":{"rendered":"https:\/\/blog.sutilweb.eu\/?page_id=351"},"modified":"2024-05-21T12:33:05","modified_gmt":"2024-05-21T10:33:05","slug":"16-listas-ordenadas-desordenadas-y-de-definicion","status":"publish","type":"page","link":"https:\/\/sutilweb.eu\/index.php\/lenguajes\/html5\/html5-practico\/16-listas-ordenadas-desordenadas-y-de-definicion\/","title":{"rendered":"16. Listas ordenadas, desordenadas y de definici\u00f3n"},"content":{"rendered":"\n<p>Existen 3 tipos de listas. Generalmente los desarrolladores usamos dos tipos de listas, las <strong>ordenadas<\/strong> y&nbsp; las <strong>desordenadas, <\/strong>y despu\u00e9s existe una tercera lista, denominada <strong>lista de definici\u00f3n<\/strong>.<\/p>\n\n\n\n<h2 class=\"wp-block-heading\">Listas ordenadas<\/h2>\n\n\n\n<p>Su etiqueta es <strong><em>&lt;ol&gt;<\/em><\/strong> (ordened list). Cada uno de los elementos (items) que componen esta lista utilizan la etiqueta <strong><em>&lt;li&gt;<\/em><\/strong> (list item).<\/p>\n\n\n\n<p><strong>Ejm<\/strong><\/p>\n\n\n\n<pre class=\"wp-block-preformatted\">&lt;ol&gt;\n  &lt;li&gt;Enero&lt;\/li&gt;\n  &lt;li&gt;Febrero&lt;\/li&gt;\n  &lt;li&gt;Marzo&lt;\/li&gt;\n&lt;\/ol&gt;<\/pre>\n\n\n\n<p>Si queremos que nuestra lista empezara en un n\u00famero diferente incluimos el atributo <strong><em>start<\/em><\/strong> con el n\u00famero por el que queramos que empiece. Para tener una lista con el orden inverso agregamos un atributo denominado <strong><em>reversed<\/em><\/strong>. Mediante el atributo <strong><em>type<\/em><\/strong> cambiamos el tipo en que se mostrar\u00e1n los n\u00fameros (ar\u00e1bicos, romanos&#8230;)<\/p>\n\n\n\n<h2 class=\"wp-block-heading\">Listas desordenadas<\/h2>\n\n\n\n<p>Son las famosas listas con <strong>vi\u00f1etas<\/strong> (o con <strong>bullets),<\/strong> se usan mediante la etiqueta <strong><em>&lt;ul&gt;<\/em><\/strong> (unoredered list).<\/p>\n\n\n\n<p><strong>Ejm<\/strong><\/p>\n\n\n\n<pre class=\"wp-block-preformatted\">&lt;ul&gt;\n  &lt;li&gt;Enero&lt;\/li&gt;\n  &lt;li&gt;Febrero&lt;\/li&gt;\n&lt;\/ul&gt;<\/pre>\n\n\n\n<p>Podemos tambi\u00e9n utilizar el atributo <strong><em>type,<\/em><\/strong> el cual tiene algunos valores que podemos dar a nuestro tipo de lista. Los <strong>tipos de lista<\/strong> son:<\/p>\n\n\n\n<ul class=\"wp-block-list\">\n<li><em>type=\u00bbdisc\u00bb<\/em><\/li>\n\n\n\n<li><em>type=\u00bbsquare\u00bb<\/em><\/li>\n\n\n\n<li><em>type=\u00bbcircle\u00bb<\/em><\/li>\n<\/ul>\n\n\n\n<h2 class=\"wp-block-heading\">Listas de definici\u00f3n<\/h2>\n\n\n\n<p>Son las menos utilizadas, se utilizan para <strong>glosarios de t\u00e9rminos.<\/strong> Tienen la siguiente sintaxis.<\/p>\n\n\n\n<p><strong>Ejm<\/strong><\/p>\n\n\n\n<pre class=\"wp-block-preformatted\">&lt;dl&gt; (definition list)\n  &lt;dt&gt;T\u00e9rmino&lt;\/dt&gt; (definition term)\n  &lt;dd&gt;Definici\u00f3n del t\u00e9rmino&lt;\/dd&gt; (definition data)\n&lt;\/dl&gt;<\/pre>\n\n\n\n<p>Habr\u00e1 una peque\u00f1a indentaci\u00f3n entre <strong><em>&lt;dt&gt;<\/em><\/strong> y <strong><em>&lt;dd&gt;.<\/em><\/strong><\/p>\n","protected":false},"excerpt":{"rendered":"<p>Existen 3 tipos de listas. Generalmente los desarrolladores usamos dos tipos de listas, las ordenadas y&nbsp; las desordenadas, y despu\u00e9s [&hellip;]<\/p>\n","protected":false},"author":1,"featured_media":0,"parent":89,"menu_order":15,"comment_status":"closed","ping_status":"closed","template":"","meta":{"_uag_custom_page_level_css":"","site-sidebar-layout":"default","site-content-layout":"","ast-site-content-layout":"default","site-content-style":"default","site-sidebar-style":"default","ast-global-header-display":"","ast-banner-title-visibility":"","ast-main-header-display":"","ast-hfb-above-header-display":"","ast-hfb-below-header-display":"","ast-hfb-mobile-header-display":"","site-post-title":"","ast-breadcrumbs-content":"","ast-featured-img":"","footer-sml-layout":"","ast-disable-related-posts":"","theme-transparent-header-meta":"","adv-header-id-meta":"","stick-header-meta":"","header-above-stick-meta":"","header-main-stick-meta":"","header-below-stick-meta":"","astra-migrate-meta-layouts":"default","ast-page-background-enabled":"default","ast-page-background-meta":{"desktop":{"background-color":"var(--ast-global-color-4)","background-image":"","background-repeat":"repeat","background-position":"center center","background-size":"auto","background-attachment":"scroll","background-type":"","background-media":"","overlay-type":"","overlay-color":"","overlay-opacity":"","overlay-gradient":""},"tablet":{"background-color":"","background-image":"","background-repeat":"repeat","background-position":"center center","background-size":"auto","background-attachment":"scroll","background-type":"","background-media":"","overlay-type":"","overlay-color":"","overlay-opacity":"","overlay-gradient":""},"mobile":{"background-color":"","background-image":"","background-repeat":"repeat","background-position":"center center","background-size":"auto","background-attachment":"scroll","background-type":"","background-media":"","overlay-type":"","overlay-color":"","overlay-opacity":"","overlay-gradient":""}},"ast-content-background-meta":{"desktop":{"background-color":"var(--ast-global-color-5)","background-image":"","background-repeat":"repeat","background-position":"center center","background-size":"auto","background-attachment":"scroll","background-type":"","background-media":"","overlay-type":"","overlay-color":"","overlay-opacity":"","overlay-gradient":""},"tablet":{"background-color":"var(--ast-global-color-5)","background-image":"","background-repeat":"repeat","background-position":"center center","background-size":"auto","background-attachment":"scroll","background-type":"","background-media":"","overlay-type":"","overlay-color":"","overlay-opacity":"","overlay-gradient":""},"mobile":{"background-color":"var(--ast-global-color-5)","background-image":"","background-repeat":"repeat","background-position":"center center","background-size":"auto","background-attachment":"scroll","background-type":"","background-media":"","overlay-type":"","overlay-color":"","overlay-opacity":"","overlay-gradient":""}},"footnotes":""},"class_list":["post-351","page","type-page","status-publish","hentry"],"uagb_featured_image_src":{"full":false,"thumbnail":false,"medium":false,"medium_large":false,"large":false,"1536x1536":false,"2048x2048":false},"uagb_author_info":{"display_name":"Sutil Web","author_link":"https:\/\/sutilweb.eu\/index.php\/author\/sutilweb\/"},"uagb_comment_info":0,"uagb_excerpt":"Existen 3 tipos de listas. Generalmente los desarrolladores usamos dos tipos de listas, las ordenadas y&nbsp; las desordenadas, y despu\u00e9s [&hellip;]","_links":{"self":[{"href":"https:\/\/sutilweb.eu\/index.php\/wp-json\/wp\/v2\/pages\/351","targetHints":{"allow":["GET"]}}],"collection":[{"href":"https:\/\/sutilweb.eu\/index.php\/wp-json\/wp\/v2\/pages"}],"about":[{"href":"https:\/\/sutilweb.eu\/index.php\/wp-json\/wp\/v2\/types\/page"}],"author":[{"embeddable":true,"href":"https:\/\/sutilweb.eu\/index.php\/wp-json\/wp\/v2\/users\/1"}],"replies":[{"embeddable":true,"href":"https:\/\/sutilweb.eu\/index.php\/wp-json\/wp\/v2\/comments?post=351"}],"version-history":[{"count":2,"href":"https:\/\/sutilweb.eu\/index.php\/wp-json\/wp\/v2\/pages\/351\/revisions"}],"predecessor-version":[{"id":353,"href":"https:\/\/sutilweb.eu\/index.php\/wp-json\/wp\/v2\/pages\/351\/revisions\/353"}],"up":[{"embeddable":true,"href":"https:\/\/sutilweb.eu\/index.php\/wp-json\/wp\/v2\/pages\/89"}],"wp:attachment":[{"href":"https:\/\/sutilweb.eu\/index.php\/wp-json\/wp\/v2\/media?parent=351"}],"curies":[{"name":"wp","href":"https:\/\/api.w.org\/{rel}","templated":true}]}}