{"id":3336,"date":"2024-09-30T17:26:01","date_gmt":"2024-09-30T15:26:01","guid":{"rendered":"https:\/\/blog.sutilweb.eu\/?page_id=3336"},"modified":"2024-09-30T17:26:03","modified_gmt":"2024-09-30T15:26:03","slug":"18-grupos-de-clientes-en-prestashop-8","status":"publish","type":"page","link":"https:\/\/sutilweb.eu\/index.php\/cmss-frameworks\/prestashop\/prestashop-8\/18-grupos-de-clientes-en-prestashop-8\/","title":{"rendered":"18. Grupos de Clientes en PrestaShop 8"},"content":{"rendered":"\n<p>Para gestionar los grupos de clientes accedemos a nuestro Back Office, y dentro de \u00e9ste, a la ruta <em><strong>Par\u00e1metros de la tienda -> Configuraci\u00f3n de clientes<\/strong><\/em><strong>. <\/strong>Dentro de dicha pesta\u00f1a ir\u00edamos a <em><strong>Grupo.<\/strong><\/em><\/p>\n\n\n\n<p>Un grupo de clientes es donde nosotros asociamos a los clientes para, dentro de este grupo podemos asociar muchas cosas dentro de nuestro Prestashop, como aplicar descuentos, aplicar que este grupo s\u00f3lo tenga acceso a ciertas partes de la tienda, que el grupo tenga otros precios o pueda ver cosas m\u00e1s espec\u00edficas. Es decir, que si asociamos nuestros clientes por grupos podemos mejorar esa atenci\u00f3n interna para nuestros diferentes clientes puedan optar a diferentes cosas dentro de nuestra tienda.<\/p>\n\n\n\n<p>La pesta\u00f1a que se nos mostrar\u00e1 es la siguiente.<\/p>\n\n\n\n<figure class=\"wp-block-image size-large\"><img loading=\"lazy\" decoding=\"async\" width=\"1024\" height=\"685\" src=\"https:\/\/blog.sutilweb.eu\/wp-content\/uploads\/2024\/09\/Grupos-de-clientes-1024x685.png\" alt=\"\" class=\"wp-image-3344\" srcset=\"https:\/\/sutilweb.eu\/wp-content\/uploads\/2024\/09\/Grupos-de-clientes-1024x685.png 1024w, https:\/\/sutilweb.eu\/wp-content\/uploads\/2024\/09\/Grupos-de-clientes-300x201.png 300w, https:\/\/sutilweb.eu\/wp-content\/uploads\/2024\/09\/Grupos-de-clientes-768x514.png 768w, https:\/\/sutilweb.eu\/wp-content\/uploads\/2024\/09\/Grupos-de-clientes-1536x1028.png 1536w, https:\/\/sutilweb.eu\/wp-content\/uploads\/2024\/09\/Grupos-de-clientes-2048x1370.png 2048w, https:\/\/sutilweb.eu\/wp-content\/uploads\/2024\/09\/Grupos-de-clientes-1320x883.png 1320w\" sizes=\"auto, (max-width: 1024px) 100vw, 1024px\" \/><\/figure>\n\n\n\n<h2 class=\"wp-block-heading\">3 grupos por defecto<\/h2>\n\n\n\n<p>Prestashop por defecto tiene ya tres grupos creados, como se puede ver en la imagen:<\/p>\n\n\n\n<ul class=\"wp-block-list\">\n<li>Visitante<\/li>\n\n\n\n<li>Invitado<\/li>\n\n\n\n<li>Cliente<\/li>\n<\/ul>\n\n\n\n<p>Estos grupos no se pueden eliminar, porque son la base para trabajar en ellos. Los dos primeros grupos (Visitante e Invitado) los gestiona Prestashop cuando accedemos a la tienda y no nos hemos logeado. Los invitados son aquellas compras en las que el usuario no se ha registrado, y ya son invitados, y los clientes son aquellos que se registran.<\/p>\n\n\n\n<p>Si hacemos clic en el bot\u00f3n <em><strong>Modificar<\/strong><\/em> de cada grupo nos aparecer\u00e1n una serie de par\u00e1metros que podemos modificar, entre ellos el <em><strong>nombre<\/strong><\/em>, el cual podr\u00edamos cambiar, tambi\u00e9n un descuento global para toda la tienda si queremos que este grupo tenga un descuento. <em><strong>M\u00e9todo de visualizaci\u00f3n de precios<\/strong><\/em>, que indica si vienen los impuestos incluidos o no, <em><strong>Mostrar precios<\/strong><\/em>, <em><strong>Descuentos por categor\u00eda<\/strong><\/em>, en el cual podemos aplicar un descuento a un grupo de una categor\u00eda espec\u00edfica, y luego est\u00e1n los m\u00f3dulos autorizados para que vean ciertas partes de la web. Por defecto dichos m\u00f3dulos est\u00e1n todos activos, pero si tenemos m\u00f3dulos en los cuales no queremos que este grupo de clientes los vean, lo podemos deshabilitar desde aqu\u00ed.<\/p>\n\n\n\n<p>Como ejm vamos a crear un nuevo grupo denominado VIP, en  el que vamos a tener un dto del 2% en toda la tienda con los impuestos incluidos, y s\u00ed queremos mostrar el precio. Para ello simplemente hacemos clic en el bot\u00f3n <em><strong>Nuevo grupo<\/strong><\/em>, que se encuentra arriba a la derecha de nuestro Prestashop, y rellenamos los campos con los valores comentados. De esta sencilla forma tendr\u00edamos un nuevo grupo de clientes VIP.<\/p>\n\n\n\n<p><\/p>\n\n\n\n<p>a<\/p>\n","protected":false},"excerpt":{"rendered":"<p>Para gestionar los grupos de clientes accedemos a nuestro Back Office, y dentro de \u00e9ste, a la ruta Par\u00e1metros de [&hellip;]<\/p>\n","protected":false},"author":1,"featured_media":0,"parent":2580,"menu_order":17,"comment_status":"closed","ping_status":"closed","template":"","meta":{"_uag_custom_page_level_css":"","site-sidebar-layout":"default","site-content-layout":"","ast-site-content-layout":"default","site-content-style":"default","site-sidebar-style":"default","ast-global-header-display":"","ast-banner-title-visibility":"","ast-main-header-display":"","ast-hfb-above-header-display":"","ast-hfb-below-header-display":"","ast-hfb-mobile-header-display":"","site-post-title":"","ast-breadcrumbs-content":"","ast-featured-img":"","footer-sml-layout":"","ast-disable-related-posts":"","theme-transparent-header-meta":"","adv-header-id-meta":"","stick-header-meta":"","header-above-stick-meta":"","header-main-stick-meta":"","header-below-stick-meta":"","astra-migrate-meta-layouts":"default","ast-page-background-enabled":"default","ast-page-background-meta":{"desktop":{"background-color":"var(--ast-global-color-4)","background-image":"","background-repeat":"repeat","background-position":"center center","background-size":"auto","background-attachment":"scroll","background-type":"","background-media":"","overlay-type":"","overlay-color":"","overlay-opacity":"","overlay-gradient":""},"tablet":{"background-color":"","background-image":"","background-repeat":"repeat","background-position":"center center","background-size":"auto","background-attachment":"scroll","background-type":"","background-media":"","overlay-type":"","overlay-color":"","overlay-opacity":"","overlay-gradient":""},"mobile":{"background-color":"","background-image":"","background-repeat":"repeat","background-position":"center center","background-size":"auto","background-attachment":"scroll","background-type":"","background-media":"","overlay-type":"","overlay-color":"","overlay-opacity":"","overlay-gradient":""}},"ast-content-background-meta":{"desktop":{"background-color":"var(--ast-global-color-5)","background-image":"","background-repeat":"repeat","background-position":"center center","background-size":"auto","background-attachment":"scroll","background-type":"","background-media":"","overlay-type":"","overlay-color":"","overlay-opacity":"","overlay-gradient":""},"tablet":{"background-color":"var(--ast-global-color-5)","background-image":"","background-repeat":"repeat","background-position":"center center","background-size":"auto","background-attachment":"scroll","background-type":"","background-media":"","overlay-type":"","overlay-color":"","overlay-opacity":"","overlay-gradient":""},"mobile":{"background-color":"var(--ast-global-color-5)","background-image":"","background-repeat":"repeat","background-position":"center center","background-size":"auto","background-attachment":"scroll","background-type":"","background-media":"","overlay-type":"","overlay-color":"","overlay-opacity":"","overlay-gradient":""}},"footnotes":""},"class_list":["post-3336","page","type-page","status-publish","hentry"],"uagb_featured_image_src":{"full":false,"thumbnail":false,"medium":false,"medium_large":false,"large":false,"1536x1536":false,"2048x2048":false},"uagb_author_info":{"display_name":"Sutil Web","author_link":"https:\/\/sutilweb.eu\/index.php\/author\/sutilweb\/"},"uagb_comment_info":0,"uagb_excerpt":"Para gestionar los grupos de clientes accedemos a nuestro Back Office, y dentro de \u00e9ste, a la ruta Par\u00e1metros de [&hellip;]","_links":{"self":[{"href":"https:\/\/sutilweb.eu\/index.php\/wp-json\/wp\/v2\/pages\/3336","targetHints":{"allow":["GET"]}}],"collection":[{"href":"https:\/\/sutilweb.eu\/index.php\/wp-json\/wp\/v2\/pages"}],"about":[{"href":"https:\/\/sutilweb.eu\/index.php\/wp-json\/wp\/v2\/types\/page"}],"author":[{"embeddable":true,"href":"https:\/\/sutilweb.eu\/index.php\/wp-json\/wp\/v2\/users\/1"}],"replies":[{"embeddable":true,"href":"https:\/\/sutilweb.eu\/index.php\/wp-json\/wp\/v2\/comments?post=3336"}],"version-history":[{"count":25,"href":"https:\/\/sutilweb.eu\/index.php\/wp-json\/wp\/v2\/pages\/3336\/revisions"}],"predecessor-version":[{"id":3362,"href":"https:\/\/sutilweb.eu\/index.php\/wp-json\/wp\/v2\/pages\/3336\/revisions\/3362"}],"up":[{"embeddable":true,"href":"https:\/\/sutilweb.eu\/index.php\/wp-json\/wp\/v2\/pages\/2580"}],"wp:attachment":[{"href":"https:\/\/sutilweb.eu\/index.php\/wp-json\/wp\/v2\/media?parent=3336"}],"curies":[{"name":"wp","href":"https:\/\/api.w.org\/{rel}","templated":true}]}}