{"id":3278,"date":"2024-09-30T16:55:06","date_gmt":"2024-09-30T14:55:06","guid":{"rendered":"https:\/\/blog.sutilweb.eu\/?page_id=3278"},"modified":"2024-09-30T16:55:08","modified_gmt":"2024-09-30T14:55:08","slug":"15-gestion-de-producto-virtual-en-prestashop-8","status":"publish","type":"page","link":"https:\/\/sutilweb.eu\/index.php\/cmss-frameworks\/prestashop\/prestashop-8\/15-gestion-de-producto-virtual-en-prestashop-8\/","title":{"rendered":"15. Gesti\u00f3n de Producto Virtual en PrestaShop 8"},"content":{"rendered":"\n<p>Un <strong>producto virtual<\/strong> es aquel que no es f\u00edsico, no es tangible, y puede ser cualquier tipo de archivo, cualquier software&#8230; <\/p>\n\n\n\n<p>Como ejm para ver como se crear y gestiona un producto virtual, crearemos un archivo con instrucciones sobre como montar un robot de cocina. Para ello seguimos la ruta <em><strong>Cat\u00e1logo -> Productos -> Nuevo -> Producto virtual<\/strong><\/em>, y nos env\u00eda a la ventana de <em>Producto virtual<\/em>.<\/p>\n\n\n\n<figure class=\"wp-block-image size-large\"><img loading=\"lazy\" decoding=\"async\" width=\"1024\" height=\"565\" src=\"https:\/\/blog.sutilweb.eu\/wp-content\/uploads\/2024\/09\/Producto-virtual-1-1024x565.png\" alt=\"\" class=\"wp-image-3300\" srcset=\"https:\/\/sutilweb.eu\/wp-content\/uploads\/2024\/09\/Producto-virtual-1-1024x565.png 1024w, https:\/\/sutilweb.eu\/wp-content\/uploads\/2024\/09\/Producto-virtual-1-300x165.png 300w, https:\/\/sutilweb.eu\/wp-content\/uploads\/2024\/09\/Producto-virtual-1-768x424.png 768w, https:\/\/sutilweb.eu\/wp-content\/uploads\/2024\/09\/Producto-virtual-1-1536x847.png 1536w, https:\/\/sutilweb.eu\/wp-content\/uploads\/2024\/09\/Producto-virtual-1-2048x1130.png 2048w, https:\/\/sutilweb.eu\/wp-content\/uploads\/2024\/09\/Producto-virtual-1-1320x728.png 1320w\" sizes=\"auto, (max-width: 1024px) 100vw, 1024px\" \/><\/figure>\n\n\n\n<figure class=\"wp-block-image size-large\"><img loading=\"lazy\" decoding=\"async\" width=\"1024\" height=\"397\" src=\"https:\/\/blog.sutilweb.eu\/wp-content\/uploads\/2024\/09\/Producto-virtual-2-1024x397.png\" alt=\"\" class=\"wp-image-3301\" srcset=\"https:\/\/sutilweb.eu\/wp-content\/uploads\/2024\/09\/Producto-virtual-2-1024x397.png 1024w, https:\/\/sutilweb.eu\/wp-content\/uploads\/2024\/09\/Producto-virtual-2-300x116.png 300w, https:\/\/sutilweb.eu\/wp-content\/uploads\/2024\/09\/Producto-virtual-2-768x298.png 768w, https:\/\/sutilweb.eu\/wp-content\/uploads\/2024\/09\/Producto-virtual-2-1536x596.png 1536w, https:\/\/sutilweb.eu\/wp-content\/uploads\/2024\/09\/Producto-virtual-2-2048x795.png 2048w, https:\/\/sutilweb.eu\/wp-content\/uploads\/2024\/09\/Producto-virtual-2-1320x512.png 1320w\" sizes=\"auto, (max-width: 1024px) 100vw, 1024px\" \/><\/figure>\n\n\n\n<p>Cambian algunas cosas de un producto est\u00e1ndar a un producto virtual, una de ellas es que el producto virtual no puede tener combinaciones, tiene que ser como un producto simple, y la forma de crear un producto virtual es similar a la de crear un producto simple.<\/p>\n\n\n\n<p>Nos fijaremos en la pesta\u00f1a <em><strong>Producto virtual<\/strong><\/em>, donde tenemos una opci\u00f3n que es <em><strong>A\u00f1adir producto descargable<\/strong><\/em>. Puede ser que el cliente compre un producto virtual y se lo enviemos despu\u00e9s (por ejm una consultor\u00eda), o bien que cuando compre el producto, directamente se lo pueda descargar, que suele ser lo m\u00e1s habitual. Le damos al bot\u00f3n <em>S\u00ed<\/em>, y nos aparecer\u00e1n una serie de campos, que son los siguientes:<\/p>\n\n\n\n<figure class=\"wp-block-image size-large\"><img loading=\"lazy\" decoding=\"async\" width=\"1024\" height=\"513\" src=\"https:\/\/blog.sutilweb.eu\/wp-content\/uploads\/2024\/09\/Producto-virtual-3-1024x513.png\" alt=\"\" class=\"wp-image-3309\" srcset=\"https:\/\/sutilweb.eu\/wp-content\/uploads\/2024\/09\/Producto-virtual-3-1024x513.png 1024w, https:\/\/sutilweb.eu\/wp-content\/uploads\/2024\/09\/Producto-virtual-3-300x150.png 300w, https:\/\/sutilweb.eu\/wp-content\/uploads\/2024\/09\/Producto-virtual-3-768x385.png 768w, https:\/\/sutilweb.eu\/wp-content\/uploads\/2024\/09\/Producto-virtual-3-1320x661.png 1320w, https:\/\/sutilweb.eu\/wp-content\/uploads\/2024\/09\/Producto-virtual-3.png 1380w\" sizes=\"auto, (max-width: 1024px) 100vw, 1024px\" \/><\/figure>\n\n\n\n<p>El cliente podr\u00e1 descargarse en el momento de que el pedido se muestre como <em>pagado<\/em> en nuestro Prestashop, mientras tanto no ser\u00e1 accesible por el cliente.<\/p>\n\n\n\n<p>Una vez tenemos subido el archivo, tenemos las preferencias de disponibilidad, que es la disponibilidad de cuando tengamos o no stock.<\/p>\n","protected":false},"excerpt":{"rendered":"<p>Un producto virtual es aquel que no es f\u00edsico, no es tangible, y puede ser cualquier tipo de archivo, cualquier [&hellip;]<\/p>\n","protected":false},"author":1,"featured_media":0,"parent":2580,"menu_order":14,"comment_status":"closed","ping_status":"closed","template":"","meta":{"_uag_custom_page_level_css":"","site-sidebar-layout":"default","site-content-layout":"","ast-site-content-layout":"default","site-content-style":"default","site-sidebar-style":"default","ast-global-header-display":"","ast-banner-title-visibility":"","ast-main-header-display":"","ast-hfb-above-header-display":"","ast-hfb-below-header-display":"","ast-hfb-mobile-header-display":"","site-post-title":"","ast-breadcrumbs-content":"","ast-featured-img":"","footer-sml-layout":"","ast-disable-related-posts":"","theme-transparent-header-meta":"","adv-header-id-meta":"","stick-header-meta":"","header-above-stick-meta":"","header-main-stick-meta":"","header-below-stick-meta":"","astra-migrate-meta-layouts":"default","ast-page-background-enabled":"default","ast-page-background-meta":{"desktop":{"background-color":"var(--ast-global-color-4)","background-image":"","background-repeat":"repeat","background-position":"center center","background-size":"auto","background-attachment":"scroll","background-type":"","background-media":"","overlay-type":"","overlay-color":"","overlay-opacity":"","overlay-gradient":""},"tablet":{"background-color":"","background-image":"","background-repeat":"repeat","background-position":"center center","background-size":"auto","background-attachment":"scroll","background-type":"","background-media":"","overlay-type":"","overlay-color":"","overlay-opacity":"","overlay-gradient":""},"mobile":{"background-color":"","background-image":"","background-repeat":"repeat","background-position":"center center","background-size":"auto","background-attachment":"scroll","background-type":"","background-media":"","overlay-type":"","overlay-color":"","overlay-opacity":"","overlay-gradient":""}},"ast-content-background-meta":{"desktop":{"background-color":"var(--ast-global-color-5)","background-image":"","background-repeat":"repeat","background-position":"center center","background-size":"auto","background-attachment":"scroll","background-type":"","background-media":"","overlay-type":"","overlay-color":"","overlay-opacity":"","overlay-gradient":""},"tablet":{"background-color":"var(--ast-global-color-5)","background-image":"","background-repeat":"repeat","background-position":"center center","background-size":"auto","background-attachment":"scroll","background-type":"","background-media":"","overlay-type":"","overlay-color":"","overlay-opacity":"","overlay-gradient":""},"mobile":{"background-color":"var(--ast-global-color-5)","background-image":"","background-repeat":"repeat","background-position":"center center","background-size":"auto","background-attachment":"scroll","background-type":"","background-media":"","overlay-type":"","overlay-color":"","overlay-opacity":"","overlay-gradient":""}},"footnotes":""},"class_list":["post-3278","page","type-page","status-publish","hentry"],"uagb_featured_image_src":{"full":false,"thumbnail":false,"medium":false,"medium_large":false,"large":false,"1536x1536":false,"2048x2048":false},"uagb_author_info":{"display_name":"Sutil Web","author_link":"https:\/\/sutilweb.eu\/index.php\/author\/sutilweb\/"},"uagb_comment_info":0,"uagb_excerpt":"Un producto virtual es aquel que no es f\u00edsico, no es tangible, y puede ser cualquier tipo de archivo, cualquier [&hellip;]","_links":{"self":[{"href":"https:\/\/sutilweb.eu\/index.php\/wp-json\/wp\/v2\/pages\/3278","targetHints":{"allow":["GET"]}}],"collection":[{"href":"https:\/\/sutilweb.eu\/index.php\/wp-json\/wp\/v2\/pages"}],"about":[{"href":"https:\/\/sutilweb.eu\/index.php\/wp-json\/wp\/v2\/types\/page"}],"author":[{"embeddable":true,"href":"https:\/\/sutilweb.eu\/index.php\/wp-json\/wp\/v2\/users\/1"}],"replies":[{"embeddable":true,"href":"https:\/\/sutilweb.eu\/index.php\/wp-json\/wp\/v2\/comments?post=3278"}],"version-history":[{"count":19,"href":"https:\/\/sutilweb.eu\/index.php\/wp-json\/wp\/v2\/pages\/3278\/revisions"}],"predecessor-version":[{"id":3315,"href":"https:\/\/sutilweb.eu\/index.php\/wp-json\/wp\/v2\/pages\/3278\/revisions\/3315"}],"up":[{"embeddable":true,"href":"https:\/\/sutilweb.eu\/index.php\/wp-json\/wp\/v2\/pages\/2580"}],"wp:attachment":[{"href":"https:\/\/sutilweb.eu\/index.php\/wp-json\/wp\/v2\/media?parent=3278"}],"curies":[{"name":"wp","href":"https:\/\/api.w.org\/{rel}","templated":true}]}}