{"id":3102,"date":"2024-09-23T13:37:17","date_gmt":"2024-09-23T11:37:17","guid":{"rendered":"https:\/\/blog.sutilweb.eu\/?page_id=3102"},"modified":"2024-09-23T13:37:18","modified_gmt":"2024-09-23T11:37:18","slug":"12-gestion-de-productos-en-prestashop-8","status":"publish","type":"page","link":"https:\/\/sutilweb.eu\/index.php\/cmss-frameworks\/prestashop\/prestashop-8\/12-gestion-de-productos-en-prestashop-8\/","title":{"rendered":"12. Gesti\u00f3n de productos en Prestashop 8"},"content":{"rendered":"\n<p>En este cap\u00edtulo vamos a ver como gestionar un producto normal, denominado producto simple, que es como son la mayor\u00eda de los productos de nuestra tienda. La ruta a seguir es <em><strong>Cat\u00e1logo -&gt; Productos<\/strong><\/em>, donde encontraremos todos los productos de nuestro cat\u00e1logo, y un bot\u00f3n <em><strong>Crear un producto nuevo<\/strong> <\/em>o <em><strong>Importar una lista de productos<\/strong> <\/em>, hacemos clic en crear un producto nuevo y nos va a aparecer el tipo de producto que queremos crear (est\u00e1ndar, y comenzamos a crear nuestro producto. Veremos la siguiente p\u00e1gina.<\/p>\n\n\n\n<figure class=\"wp-block-image size-large\"><img loading=\"lazy\" decoding=\"async\" width=\"1024\" height=\"529\" src=\"https:\/\/blog.sutilweb.eu\/wp-content\/uploads\/2024\/09\/Productos-en-Prestashop-1024x529.png\" alt=\"\" class=\"wp-image-3149\" srcset=\"https:\/\/sutilweb.eu\/wp-content\/uploads\/2024\/09\/Productos-en-Prestashop-1024x529.png 1024w, https:\/\/sutilweb.eu\/wp-content\/uploads\/2024\/09\/Productos-en-Prestashop-300x155.png 300w, https:\/\/sutilweb.eu\/wp-content\/uploads\/2024\/09\/Productos-en-Prestashop-768x396.png 768w, https:\/\/sutilweb.eu\/wp-content\/uploads\/2024\/09\/Productos-en-Prestashop-1536x793.png 1536w, https:\/\/sutilweb.eu\/wp-content\/uploads\/2024\/09\/Productos-en-Prestashop-2048x1057.png 2048w, https:\/\/sutilweb.eu\/wp-content\/uploads\/2024\/09\/Productos-en-Prestashop-1320x681.png 1320w\" sizes=\"auto, (max-width: 1024px) 100vw, 1024px\" \/><\/figure>\n\n\n\n<figure class=\"wp-block-image size-large\"><img loading=\"lazy\" decoding=\"async\" width=\"1024\" height=\"540\" src=\"https:\/\/blog.sutilweb.eu\/wp-content\/uploads\/2024\/09\/Productos-1024x540.png\" alt=\"\" class=\"wp-image-3110\" srcset=\"https:\/\/sutilweb.eu\/wp-content\/uploads\/2024\/09\/Productos-1024x540.png 1024w, https:\/\/sutilweb.eu\/wp-content\/uploads\/2024\/09\/Productos-300x158.png 300w, https:\/\/sutilweb.eu\/wp-content\/uploads\/2024\/09\/Productos-768x405.png 768w, https:\/\/sutilweb.eu\/wp-content\/uploads\/2024\/09\/Productos-1536x810.png 1536w, https:\/\/sutilweb.eu\/wp-content\/uploads\/2024\/09\/Productos-2048x1080.png 2048w, https:\/\/sutilweb.eu\/wp-content\/uploads\/2024\/09\/Productos-1320x696.png 1320w\" sizes=\"auto, (max-width: 1024px) 100vw, 1024px\" \/><\/figure>\n\n\n\n<figure class=\"wp-block-image size-large\"><img loading=\"lazy\" decoding=\"async\" width=\"1024\" height=\"540\" src=\"https:\/\/blog.sutilweb.eu\/wp-content\/uploads\/2024\/09\/Productos-1-1024x540.png\" alt=\"\" class=\"wp-image-3111\" srcset=\"https:\/\/sutilweb.eu\/wp-content\/uploads\/2024\/09\/Productos-1-1024x540.png 1024w, https:\/\/sutilweb.eu\/wp-content\/uploads\/2024\/09\/Productos-1-300x158.png 300w, https:\/\/sutilweb.eu\/wp-content\/uploads\/2024\/09\/Productos-1-768x405.png 768w, https:\/\/sutilweb.eu\/wp-content\/uploads\/2024\/09\/Productos-1-1536x810.png 1536w, https:\/\/sutilweb.eu\/wp-content\/uploads\/2024\/09\/Productos-1-2048x1080.png 2048w, https:\/\/sutilweb.eu\/wp-content\/uploads\/2024\/09\/Productos-1-1320x696.png 1320w\" sizes=\"auto, (max-width: 1024px) 100vw, 1024px\" \/><\/figure>\n\n\n\n<p>Lo primero que tendremos que elegir es qu\u00e9 tipo de producto queremos, si un <strong>producto est\u00e1ndar<\/strong>, <strong>producto con combinaciones<\/strong>, <strong>pack de productos<\/strong> o <strong>producto virtual<\/strong>.<\/p>\n\n\n\n<p>En nuestro caso vamos a elegir el tipo de producto <strong>Producto est\u00e1ndar<\/strong>.<\/p>\n\n\n\n<p>Siguiendo el ejm de la tienda que estamos creando, vamos a crear un producto denominado <em>Lego Ejemplo1<strong>.<\/strong><\/em> Despu\u00e9s tenemos que seleccionar el tipo de producto.<\/p>\n\n\n\n<p>Tenemos diferentes tipos de pesta\u00f1as con muchas opciones que iremos viendo. <\/p>\n\n\n\n<h2 class=\"wp-block-heading\">Ajustes b\u00e1sicos<\/h2>\n\n\n\n<h3 class=\"wp-block-heading\">Nombre del producto<\/h3>\n\n\n\n<p>Lo primero que tenemos que crear es el nombre del producto.<\/p>\n\n\n\n<h3 class=\"wp-block-heading\">Im\u00e1genes<\/h3>\n\n\n\n<p>Lo primero que vamos a hacer es subir las im\u00e1genes de nuestro producto. Si pinchamos en cualquiera de las im\u00e1genes que hayamos subido, aparecer\u00e1 un men\u00fa contextual con varias opciones, entre ellas si queremos que dicha imagen sea la imagen de portada, incluir una leyenda en la imagen, que es esa peque\u00f1a descripci\u00f3n SEO.<\/p>\n\n\n\n<h3 class=\"wp-block-heading\">Resumen<\/h3>\n\n\n\n<p>Lo siguiente que haremos ser\u00e1 incluir un peque\u00f1o resumen de nuestro producto en la casilla <em><strong>Resumen<\/strong><\/em>, la cual permite tambi\u00e9n incluir texto en negrita, en cursiva, enlaces&#8230;<\/p>\n\n\n\n<h3 class=\"wp-block-heading\">Descripci\u00f3n<\/h3>\n\n\n\n<p>En este campo incluiremos la descripci\u00f3n del producto en s\u00ed, donde, cuanto mejor texto tengamos, m\u00e1s f\u00e1cil ser\u00e1 de entender para todo aquel cliente.<\/p>\n\n\n\n<h3 class=\"wp-block-heading\">Caracter\u00edsticas<\/h3>\n\n\n\n<p>Lo siguiente es asociar las caracter\u00edsticas, que las encontramos en la pesta\u00f1a <em><strong>Datos<\/strong><\/em>. para ello, si no sabemos como asociarlas, podemos ir al cap\u00edtulo en el que explicamos c\u00f3mo se hac\u00eda (pinchando <a href=\"https:\/\/blog.sutilweb.eu\/index.php\/cmss\/prestashop\/prestashop-8\/11-configurar-caracteristicas-en-prestashop-8\/\">aqu\u00ed<\/a>). En nuestro caso vamos a asociar las caracter\u00edsticas que creamos en el cap\u00edtulo anterior <em>N\u00famero de piezas<\/em> y elegimos el valor predeterminado que queremos asociar a dicha caracter\u00edstica, en nuestro caso vamos a decirle que sea <em>>2000.<\/em> Se puede incluir un valor personalizado en el campo creado para ello. A\u00f1adimos la segunda caracter\u00edstica que es <em>Edad recomendada<\/em>, en nuestro caso elegiremos el valor <em>>9 a\u00f1os<\/em>. <\/p>\n\n\n\n<h4 class=\"wp-block-heading\">Varias caracter\u00edsticas iguales<\/h4>\n\n\n\n<p>Podemos elegir varias caracter\u00edsticas iguales, por ejm, para los colores, podemos incluir la misma caracter\u00edstica con distintos valores.<\/p>\n\n\n\n<h3 class=\"wp-block-heading\">Marca<\/h3>\n\n\n\n<p>Lo siguiente es asociar la marca, para ello, en el campo <em><strong>Marca<\/strong><\/em> elegimos la marca que necesitemos. Si la marca no est\u00e1 creada, tendremos que crearla desde la casilla <em><strong>Marcas y Proveedores<\/strong><\/em>, que vimos en anteriores cap\u00edtulos (para ir al cap\u00edtulo pincha en el <a href=\"https:\/\/blog.sutilweb.eu\/index.php\/cmss\/prestashop\/prestashop-8\/08-configurar-marcas-en-prestashop-8\/\">enlace<\/a>).<\/p>\n\n\n\n<h3 class=\"wp-block-heading\">Producto relacionado<\/h3>\n\n\n\n<p>Este campo lo veremos m\u00e1s adelante.<\/p>\n\n\n\n<h2 class=\"wp-block-heading\">Precio<\/h2>\n\n\n\n<p>En la casilla <em><strong>Precio<\/strong><\/em> pondremos el precio que deseemos, puede ser un precio con impuestos, o un precio sin impuestos. Si ponemos el precio en la casilla <em><strong>Impuestos incluidos<\/strong><\/em> tenemos tambi\u00e9n que asociar dicho precio a la casilla <em><strong>Regla de impuestos<\/strong><\/em> que vimos en cap\u00edtulos anteriores (pincha en el <a href=\"https:\/\/blog.sutilweb.eu\/index.php\/cmss\/prestashop\/prestashop-8\/03-configurar-impuestos-en-prestashop-8\/\">enlace<\/a> para acceder al cap\u00edtulo que explica los impuestos).<\/p>\n\n\n\n<h2 class=\"wp-block-heading\">Categor\u00edas<\/h2>\n\n\n\n<p> En la pesta\u00f1a <em><strong>Descripci\u00f3n<\/strong><\/em> encontramos el campo <em><strong>Categor\u00edas<\/strong><\/em>, y que tiene la categor\u00eda <em>Inicio<\/em> incluida por defecto. Dicha categor\u00eda lo que significa es que este producto se va a marcar como destacado, en un producto en el que el m\u00f3dulo de destacados de la Home va a aparecer. Es recomendable si queremos que este producto sea uno de los destacados de nuestra tienda. Podemos tener muchos productos, pero destacados algunos.<\/p>\n\n\n\n<p>Dentro de las categor\u00edas elegiremos la categor\u00eda que m\u00e1s se adapte a nuestro producto, y de no estar creada la podemos crear aqu\u00ed mismo, mediante el bot\u00f3n <em><strong>A\u00f1adir categor\u00edas<\/strong><\/em> que encontraremos.<\/p>\n\n\n\n<h2 class=\"wp-block-heading\">Stocks<\/h2>\n\n\n\n<p>En la pesta\u00f1a <em><strong>Stocks<\/strong><\/em> podremos incluir las cantidades disponibles del producto. Encontraremos varios ajustes, como <em><strong>Cantidad<\/strong><\/em>, donde indicaremos la cantidad que tenemos en stock, <em><strong>Cantidad m\u00ednima para la venta<\/strong><\/em>, que es cuanto queremos vender de m\u00ednimo. Si tenemos en el almac\u00e9n el producto almacenado en alg\u00fan lugar, lo podemos asociar desde esta pesta\u00f1a, desde el campo <em><strong>Ubicaci\u00f3n de stock<\/strong><\/em>. Tenemos la opci\u00f3n <em><strong>Nivel bajo de stock<\/strong><\/em> desde la cual decidimos con cuanto stock el nivel va a ser bajo, y que nos env\u00ede v\u00eda email un aviso. Cuando el producto va llegando al nivel bajo de stock lo indica en la tienda con el t\u00edpico aviso <em>Quedan pocos productos<\/em> o texto parecido.<\/p>\n\n\n\n<p>En el campo <em><strong>Preferencias de disponibilidad<\/strong><\/em> podremos denegar el pedido, permitir el pedido sin stock, y utilizar un comportamiento determinado (denegar pedido).<\/p>\n\n\n\n<p>Despu\u00e9s encontramos las etiquetas cuando el producto se encuentra en stock (como <em>En stock, Disponibles&#8230;)<\/em> y las etiquetas que se encuentran cuando no hay stock del producto, y la fecha de disponibilidad, que es a partir de cuando estar\u00e1 disponible dicho producto.<\/p>\n\n\n\n<p>Estos campos tambi\u00e9n se pueden configurar a nivel global en Prestashop, lo veremos m\u00e1s adelante.<\/p>\n\n\n\n<h2 class=\"wp-block-heading\">Transporte<\/h2>\n\n\n\n<p>En esta ficha hay que calcular bien el peso del producto para despu\u00e9s calcular el transporte, y tambi\u00e9n la anchura, altura y profundidad del producto, para calcular bien el precio del transporte.<\/p>\n\n\n\n<h3 class=\"wp-block-heading\">Plazo de entrega<\/h3>\n\n\n\n<p>En la casilla <em><strong>Plazo de entrega<\/strong><\/em> (aunque se puede configurar de manera global), pondremos el plazo de entrega que deseemos. La entrega de este producto se puede hacer de forma predeterminada (como el resto de productos) o s\u00f3lo para este producto, porque sea m\u00e1s dif\u00edcil de conseguir, o cualquier otro motivo.<\/p>\n\n\n\n<h3 class=\"wp-block-heading\">Gastos de env\u00edo<\/h3>\n\n\n\n<p>Este campo es un gasto de env\u00edo adicional al que vimos en cap\u00edtulos anteriores (pincha en el <a href=\"https:\/\/blog.sutilweb.eu\/index.php\/cmss\/prestashop\/prestashop-8\/05-configurar-transportistas-en-prestashop-8\/\">enlace<\/a> para ir al cap\u00edtulo de env\u00edos). <\/p>\n\n\n\n<h3 class=\"wp-block-heading\">Transportistas disponibles<\/h3>\n\n\n\n<p>En este campo (por defecto <em>Todos<\/em>) elegimos los transportistas disponibles para este producto.<\/p>\n\n\n\n<h2 class=\"wp-block-heading\">Precio<\/h2>\n\n\n\n<p>En la casilla <em><strong>Precio<\/strong><\/em> que ya vimos antes, hay varios campos interesantes como son:<\/p>\n\n\n\n<h3 class=\"wp-block-heading\">Precio venta por unidad<\/h3>\n\n\n\n<p>El precio de venta por unidad indica que si, por ejm, vendemos una caja de leche, con 12 unidades la caja, en este campo podemos poner precio distinto si la leche se compra por unidad, en vez de la caja completa. <\/p>\n\n\n\n<h3 class=\"wp-block-heading\">Oferta<\/h3>\n\n\n\n<p>Hay un campo donde podemos indicar que el art\u00edculo est\u00e1 en oferta.<\/p>\n\n\n\n<h3 class=\"wp-block-heading\">Precio de coste<\/h3>\n\n\n\n<p>Este es el precio que nos cuesta a nosotros, para a nivel interno saber el beneficio que vamos a tener por ese producto. El precio de coste es sin descuento.<\/p>\n\n\n\n<h3 class=\"wp-block-heading\">Precios espec\u00edficos<\/h3>\n\n\n\n<p>Esta pesta\u00f1a la veremos m\u00e1s adelante.<\/p>\n\n\n\n<h3 class=\"wp-block-heading\">Gesti\u00f3n de prioridades<\/h3>\n\n\n\n<p>Igualmente, este campo se ver\u00e1 en cap\u00edtulos posteriores.<\/p>\n\n\n\n<h2 class=\"wp-block-heading\">Pesta\u00f1a <em>SEO<\/em><\/h2>\n\n\n\n<p>En esta pesta\u00f1a podremos configurar todas las opciones que tenemos para optimizar el SEO de la p\u00e1gina del producto. Encontraremos el meta-t\u00edtulo, que no debe sobrepasar los 70 caracteres, la meta-descripci\u00f3n, que no debe sobrepasar los 160 caracteres. La URL amigable deber\u00eda ser el nombre del producto separado por guiones si se trata de un nombre compuesto.<\/p>\n\n\n\n<h3 class=\"wp-block-heading\">P\u00e1gina de redirecci\u00f3n<\/h3>\n\n\n\n<p>Cuando tenemos un producto desactivado, Prestashop redirecciona por defecto a una p\u00e1gina 404<\/p>\n\n\n\n<h2 class=\"wp-block-heading\">Pesta\u00f1a <em>Opciones<\/em><\/h2>\n\n\n\n<p>En esta pesta\u00f1a podemos decir a nuestro Prestashop donde queremos que se muestre nuestro producto, si en toda la tienda, s\u00f3lo en el cat\u00e1logo, s\u00f3lo en los estados de b\u00fasqueda u oculto. <\/p>\n\n\n\n<p>Podemos hacer que dicho producto no est\u00e9 disponible para pedidos, por el motivo que sea, si lo desactivamos el producto no se mostrar\u00e1. Tambi\u00e9n podemos hacer que aparezca o no el precio, y existe otra opci\u00f3n en la que nos dice que s\u00f3lo se vende en web, no en tienda f\u00edsica.<\/p>\n\n\n\n<h3 class=\"wp-block-heading\">Etiquetas<\/h3>\n\n\n\n<p>En el campo <em><strong>Etiquetas<\/strong><\/em> podemos incluir todas las etiquetas que queramos para el producto.<\/p>\n\n\n\n<h3 class=\"wp-block-heading\">Condici\u00f3n y referencias<\/h3>\n\n\n\n<p>En este campo nos fijaremos sobretodo en la opci\u00f3n <em><strong>Estado<\/strong><\/em>, donde podemos tener un producto nuevo, utilizado o reacondicionado. Lo podemos tener de forma interna oculto o visible.<\/p>\n\n\n\n<h3 class=\"wp-block-heading\">Personalizaci\u00f3n<\/h3>\n\n\n\n<p>Desde este campo podemos personalizar el producto, como ejm, si tenemos una taza que estamos vendiendo, y queremos personalizarla para cada cliente, en el campo <em><strong>Personalizaci\u00f3n<\/strong><\/em> le decimos a nuestro cliente que ponga el texto que desee y ser\u00e1 el que aparezca en dicha taza. En el campo <em><strong>Etiqueta<\/strong><\/em> le diremos por ejm <em>Escribe tu nombre<\/em>, y en el campo <em><strong>Tipo<\/strong><\/em> elegimos el tipo de etiqueta que va a ser (texto, archivo&#8230;), y por \u00faltimo decidir si es o no requerido.<\/p>\n\n\n\n<h3 class=\"wp-block-heading\">Archivos adjuntos<\/h3>\n\n\n\n<p>Si por ejm, tenemos un producto que hay que montarlo, en esta pesta\u00f1a podemos incluir el PDF que muestre como se monta ese producto, para esto sirve este campo. Podemos a\u00f1adir tantos ficheros como queramos para nuestro producto.<\/p>\n\n\n\n<h3 class=\"wp-block-heading\">Proveedores<\/h3>\n\n\n\n<p>Aqu\u00ed elegimos que proveedores queremos para este producto, teniendo la opci\u00f3n tambi\u00e9n de elegir un proveedor predeterminado para dicho art\u00edculo. Esto es a nivel interno, no se ve en la tienda. Podemos incluirle la referencia de proveedor de dicho producto.<\/p>\n\n\n\n<p>El producto, por defecto aparece en linea, pero podemos marcar la opci\u00f3n <em><strong>Fuera de linea<\/strong><\/em> para que el producto no se muestre en la tienda.<\/p>\n","protected":false},"excerpt":{"rendered":"<p>En este cap\u00edtulo vamos a ver como gestionar un producto normal, denominado producto simple, que es como son la mayor\u00eda [&hellip;]<\/p>\n","protected":false},"author":1,"featured_media":0,"parent":2580,"menu_order":11,"comment_status":"closed","ping_status":"closed","template":"","meta":{"_uag_custom_page_level_css":"","site-sidebar-layout":"default","site-content-layout":"","ast-site-content-layout":"default","site-content-style":"default","site-sidebar-style":"default","ast-global-header-display":"","ast-banner-title-visibility":"","ast-main-header-display":"","ast-hfb-above-header-display":"","ast-hfb-below-header-display":"","ast-hfb-mobile-header-display":"","site-post-title":"","ast-breadcrumbs-content":"","ast-featured-img":"","footer-sml-layout":"","ast-disable-related-posts":"","theme-transparent-header-meta":"","adv-header-id-meta":"","stick-header-meta":"","header-above-stick-meta":"","header-main-stick-meta":"","header-below-stick-meta":"","astra-migrate-meta-layouts":"default","ast-page-background-enabled":"default","ast-page-background-meta":{"desktop":{"background-color":"var(--ast-global-color-4)","background-image":"","background-repeat":"repeat","background-position":"center center","background-size":"auto","background-attachment":"scroll","background-type":"","background-media":"","overlay-type":"","overlay-color":"","overlay-opacity":"","overlay-gradient":""},"tablet":{"background-color":"","background-image":"","background-repeat":"repeat","background-position":"center center","background-size":"auto","background-attachment":"scroll","background-type":"","background-media":"","overlay-type":"","overlay-color":"","overlay-opacity":"","overlay-gradient":""},"mobile":{"background-color":"","background-image":"","background-repeat":"repeat","background-position":"center center","background-size":"auto","background-attachment":"scroll","background-type":"","background-media":"","overlay-type":"","overlay-color":"","overlay-opacity":"","overlay-gradient":""}},"ast-content-background-meta":{"desktop":{"background-color":"var(--ast-global-color-5)","background-image":"","background-repeat":"repeat","background-position":"center center","background-size":"auto","background-attachment":"scroll","background-type":"","background-media":"","overlay-type":"","overlay-color":"","overlay-opacity":"","overlay-gradient":""},"tablet":{"background-color":"var(--ast-global-color-5)","background-image":"","background-repeat":"repeat","background-position":"center center","background-size":"auto","background-attachment":"scroll","background-type":"","background-media":"","overlay-type":"","overlay-color":"","overlay-opacity":"","overlay-gradient":""},"mobile":{"background-color":"var(--ast-global-color-5)","background-image":"","background-repeat":"repeat","background-position":"center center","background-size":"auto","background-attachment":"scroll","background-type":"","background-media":"","overlay-type":"","overlay-color":"","overlay-opacity":"","overlay-gradient":""}},"footnotes":""},"class_list":["post-3102","page","type-page","status-publish","hentry"],"uagb_featured_image_src":{"full":false,"thumbnail":false,"medium":false,"medium_large":false,"large":false,"1536x1536":false,"2048x2048":false},"uagb_author_info":{"display_name":"Sutil Web","author_link":"https:\/\/sutilweb.eu\/index.php\/author\/sutilweb\/"},"uagb_comment_info":0,"uagb_excerpt":"En este cap\u00edtulo vamos a ver como gestionar un producto normal, denominado producto simple, que es como son la mayor\u00eda [&hellip;]","_links":{"self":[{"href":"https:\/\/sutilweb.eu\/index.php\/wp-json\/wp\/v2\/pages\/3102","targetHints":{"allow":["GET"]}}],"collection":[{"href":"https:\/\/sutilweb.eu\/index.php\/wp-json\/wp\/v2\/pages"}],"about":[{"href":"https:\/\/sutilweb.eu\/index.php\/wp-json\/wp\/v2\/types\/page"}],"author":[{"embeddable":true,"href":"https:\/\/sutilweb.eu\/index.php\/wp-json\/wp\/v2\/users\/1"}],"replies":[{"embeddable":true,"href":"https:\/\/sutilweb.eu\/index.php\/wp-json\/wp\/v2\/comments?post=3102"}],"version-history":[{"count":114,"href":"https:\/\/sutilweb.eu\/index.php\/wp-json\/wp\/v2\/pages\/3102\/revisions"}],"predecessor-version":[{"id":3255,"href":"https:\/\/sutilweb.eu\/index.php\/wp-json\/wp\/v2\/pages\/3102\/revisions\/3255"}],"up":[{"embeddable":true,"href":"https:\/\/sutilweb.eu\/index.php\/wp-json\/wp\/v2\/pages\/2580"}],"wp:attachment":[{"href":"https:\/\/sutilweb.eu\/index.php\/wp-json\/wp\/v2\/media?parent=3102"}],"curies":[{"name":"wp","href":"https:\/\/api.w.org\/{rel}","templated":true}]}}