{"id":3081,"date":"2024-09-12T12:06:59","date_gmt":"2024-09-12T10:06:59","guid":{"rendered":"https:\/\/blog.sutilweb.eu\/?page_id=3081"},"modified":"2024-09-12T12:06:59","modified_gmt":"2024-09-12T10:06:59","slug":"11-configurar-caracteristicas-en-prestashop-8","status":"publish","type":"page","link":"https:\/\/sutilweb.eu\/index.php\/cmss-frameworks\/prestashop\/prestashop-8\/11-configurar-caracteristicas-en-prestashop-8\/","title":{"rendered":"11. Configurar caracter\u00edsticas en Prestashop 8"},"content":{"rendered":"\n<p>Para gestionar las caracter\u00edsticas, la ruta es <em><strong>Cat\u00e1logo -> Atributos y Caracter\u00edsticas<\/strong><\/em>, y veremos que junto a la pesta\u00f1a <em><strong>Atributos<\/strong><\/em> encontraremos la pesta\u00f1a <em><strong>Caracter\u00edsticas<\/strong><\/em>. Hacemos clic en dicha pesta\u00f1a y a partir de ella podremos gestionarlas. <\/p>\n\n\n\n<p>Las caracter\u00edsticas en s\u00ed son todos esos elementos que van a crear digamos la ficha t\u00e9cnica de cada producto. En nuestro caso vamos a crear dos caracter\u00edsticas, la edad para la que es nuestro producto, y un n\u00famero de piezas que posee dicho producto. Para otro tipo de caracter\u00edsticas, como un ordenador, podr\u00edan ser la RAM, la CPU, la tarjeta gr\u00e1fica&#8230; Es decir, que para cada producto que tengamos en nuestra tienda tendremos que crear unas caracter\u00edsticas u otras. Esto es muy recomendable que lo creemos para poder crear la ficha t\u00e9cnica de nuestro producto. Al tener la ficha t\u00e9cnica bien creada se podr\u00e1n crear los filtros en las categor\u00edas. Esto es muy importante a la hora que el usuario pueda filtrar. Es bastante tedioso de construir en s\u00ed, pero una vez hecho es bastante \u00fatil para el usuario para poder llegar al producto de forma m\u00e1s sencilla.<\/p>\n\n\n\n<p>Dentro de la pesta\u00f1a <em><strong>Caracter\u00edsticas<\/strong><\/em> existe un bot\u00f3n <em><strong>A\u00f1adir nueva caracter\u00edstica<\/strong><\/em> que es el que permite a\u00f1adir tantas caracter\u00edsticas como deseemos, hacemos clic en \u00e9l y nos aparecen los siguientes campos.<\/p>\n\n\n\n<figure class=\"wp-block-image size-large\"><img loading=\"lazy\" decoding=\"async\" width=\"1024\" height=\"468\" src=\"https:\/\/blog.sutilweb.eu\/wp-content\/uploads\/2024\/09\/Caracteristicas-en-Prestashop-1024x468.png\" alt=\"\" class=\"wp-image-3095\" srcset=\"https:\/\/sutilweb.eu\/wp-content\/uploads\/2024\/09\/Caracteristicas-en-Prestashop-1024x468.png 1024w, https:\/\/sutilweb.eu\/wp-content\/uploads\/2024\/09\/Caracteristicas-en-Prestashop-300x137.png 300w, https:\/\/sutilweb.eu\/wp-content\/uploads\/2024\/09\/Caracteristicas-en-Prestashop-768x351.png 768w, https:\/\/sutilweb.eu\/wp-content\/uploads\/2024\/09\/Caracteristicas-en-Prestashop-1536x702.png 1536w, https:\/\/sutilweb.eu\/wp-content\/uploads\/2024\/09\/Caracteristicas-en-Prestashop-1320x603.png 1320w, https:\/\/sutilweb.eu\/wp-content\/uploads\/2024\/09\/Caracteristicas-en-Prestashop.png 1645w\" sizes=\"auto, (max-width: 1024px) 100vw, 1024px\" \/><\/figure>\n\n\n\n<p>En el campo <em><strong>Nombre<\/strong><\/em> le damos el valor <em>N\u00famero de piezas<\/em> y hacemos clic en el bot\u00f3n <em><strong>Guardar<\/strong><\/em>. Volvemos a a\u00f1adir una segunda caracter\u00edstica, denominada <em>Edad recomendada<\/em> y nuevamente guardamos.<\/p>\n\n\n\n<p>Ahora toca a\u00f1adir valores a las caracter\u00edsticas creadas, para ello hacemos clic en la caracter\u00edstica a la que le vayamos a crear valores, y dentro de dicha caracter\u00edstica le damos al bot\u00f3n <em><strong>A\u00f1adir un nuevo valor de caracter\u00edstica<\/strong><\/em>. Se nos abrir\u00e1 la siguiente p\u00e1gina.<\/p>\n\n\n\n<figure class=\"wp-block-image size-large\"><img loading=\"lazy\" decoding=\"async\" width=\"1024\" height=\"438\" src=\"https:\/\/blog.sutilweb.eu\/wp-content\/uploads\/2024\/09\/Caracteristicas-en-Prestashop-2-1024x438.png\" alt=\"\" class=\"wp-image-3099\" srcset=\"https:\/\/sutilweb.eu\/wp-content\/uploads\/2024\/09\/Caracteristicas-en-Prestashop-2-1024x438.png 1024w, https:\/\/sutilweb.eu\/wp-content\/uploads\/2024\/09\/Caracteristicas-en-Prestashop-2-300x128.png 300w, https:\/\/sutilweb.eu\/wp-content\/uploads\/2024\/09\/Caracteristicas-en-Prestashop-2-768x329.png 768w, https:\/\/sutilweb.eu\/wp-content\/uploads\/2024\/09\/Caracteristicas-en-Prestashop-2-1536x657.png 1536w, https:\/\/sutilweb.eu\/wp-content\/uploads\/2024\/09\/Caracteristicas-en-Prestashop-2-1320x565.png 1320w, https:\/\/sutilweb.eu\/wp-content\/uploads\/2024\/09\/Caracteristicas-en-Prestashop-2.png 1643w\" sizes=\"auto, (max-width: 1024px) 100vw, 1024px\" \/><\/figure>\n\n\n\n<p>Y vemos que dentro de la caracter\u00edstica <em>N\u00famero de piezas<\/em>, el siguiente campo <em><strong>Valor<\/strong><\/em> podremos poner el valor que deseemos. De esta forma podemos crear tantas caracter\u00edsticas como deseemos.<\/p>\n","protected":false},"excerpt":{"rendered":"<p>Para gestionar las caracter\u00edsticas, la ruta es Cat\u00e1logo -> Atributos y Caracter\u00edsticas, y veremos que junto a la pesta\u00f1a Atributos [&hellip;]<\/p>\n","protected":false},"author":1,"featured_media":0,"parent":2580,"menu_order":10,"comment_status":"closed","ping_status":"closed","template":"","meta":{"_uag_custom_page_level_css":"","site-sidebar-layout":"default","site-content-layout":"","ast-site-content-layout":"default","site-content-style":"default","site-sidebar-style":"default","ast-global-header-display":"","ast-banner-title-visibility":"","ast-main-header-display":"","ast-hfb-above-header-display":"","ast-hfb-below-header-display":"","ast-hfb-mobile-header-display":"","site-post-title":"","ast-breadcrumbs-content":"","ast-featured-img":"","footer-sml-layout":"","ast-disable-related-posts":"","theme-transparent-header-meta":"","adv-header-id-meta":"","stick-header-meta":"","header-above-stick-meta":"","header-main-stick-meta":"","header-below-stick-meta":"","astra-migrate-meta-layouts":"default","ast-page-background-enabled":"default","ast-page-background-meta":{"desktop":{"background-color":"var(--ast-global-color-4)","background-image":"","background-repeat":"repeat","background-position":"center center","background-size":"auto","background-attachment":"scroll","background-type":"","background-media":"","overlay-type":"","overlay-color":"","overlay-opacity":"","overlay-gradient":""},"tablet":{"background-color":"","background-image":"","background-repeat":"repeat","background-position":"center center","background-size":"auto","background-attachment":"scroll","background-type":"","background-media":"","overlay-type":"","overlay-color":"","overlay-opacity":"","overlay-gradient":""},"mobile":{"background-color":"","background-image":"","background-repeat":"repeat","background-position":"center center","background-size":"auto","background-attachment":"scroll","background-type":"","background-media":"","overlay-type":"","overlay-color":"","overlay-opacity":"","overlay-gradient":""}},"ast-content-background-meta":{"desktop":{"background-color":"var(--ast-global-color-5)","background-image":"","background-repeat":"repeat","background-position":"center center","background-size":"auto","background-attachment":"scroll","background-type":"","background-media":"","overlay-type":"","overlay-color":"","overlay-opacity":"","overlay-gradient":""},"tablet":{"background-color":"var(--ast-global-color-5)","background-image":"","background-repeat":"repeat","background-position":"center center","background-size":"auto","background-attachment":"scroll","background-type":"","background-media":"","overlay-type":"","overlay-color":"","overlay-opacity":"","overlay-gradient":""},"mobile":{"background-color":"var(--ast-global-color-5)","background-image":"","background-repeat":"repeat","background-position":"center center","background-size":"auto","background-attachment":"scroll","background-type":"","background-media":"","overlay-type":"","overlay-color":"","overlay-opacity":"","overlay-gradient":""}},"footnotes":""},"class_list":["post-3081","page","type-page","status-publish","hentry"],"uagb_featured_image_src":{"full":false,"thumbnail":false,"medium":false,"medium_large":false,"large":false,"1536x1536":false,"2048x2048":false},"uagb_author_info":{"display_name":"Sutil Web","author_link":"https:\/\/sutilweb.eu\/index.php\/author\/sutilweb\/"},"uagb_comment_info":0,"uagb_excerpt":"Para gestionar las caracter\u00edsticas, la ruta es Cat\u00e1logo -> Atributos y Caracter\u00edsticas, y veremos que junto a la pesta\u00f1a Atributos [&hellip;]","_links":{"self":[{"href":"https:\/\/sutilweb.eu\/index.php\/wp-json\/wp\/v2\/pages\/3081","targetHints":{"allow":["GET"]}}],"collection":[{"href":"https:\/\/sutilweb.eu\/index.php\/wp-json\/wp\/v2\/pages"}],"about":[{"href":"https:\/\/sutilweb.eu\/index.php\/wp-json\/wp\/v2\/types\/page"}],"author":[{"embeddable":true,"href":"https:\/\/sutilweb.eu\/index.php\/wp-json\/wp\/v2\/users\/1"}],"replies":[{"embeddable":true,"href":"https:\/\/sutilweb.eu\/index.php\/wp-json\/wp\/v2\/comments?post=3081"}],"version-history":[{"count":18,"href":"https:\/\/sutilweb.eu\/index.php\/wp-json\/wp\/v2\/pages\/3081\/revisions"}],"predecessor-version":[{"id":3101,"href":"https:\/\/sutilweb.eu\/index.php\/wp-json\/wp\/v2\/pages\/3081\/revisions\/3101"}],"up":[{"embeddable":true,"href":"https:\/\/sutilweb.eu\/index.php\/wp-json\/wp\/v2\/pages\/2580"}],"wp:attachment":[{"href":"https:\/\/sutilweb.eu\/index.php\/wp-json\/wp\/v2\/media?parent=3081"}],"curies":[{"name":"wp","href":"https:\/\/api.w.org\/{rel}","templated":true}]}}