{"id":2965,"date":"2024-09-10T13:23:21","date_gmt":"2024-09-10T11:23:21","guid":{"rendered":"https:\/\/blog.sutilweb.eu\/?page_id=2965"},"modified":"2024-09-10T13:23:22","modified_gmt":"2024-09-10T11:23:22","slug":"06-configurar-metodos-de-pago-en-prestashop-8","status":"publish","type":"page","link":"https:\/\/sutilweb.eu\/index.php\/cmss-frameworks\/prestashop\/prestashop-8\/06-configurar-metodos-de-pago-en-prestashop-8\/","title":{"rendered":"06. Configurar m\u00e9todos de pago en Prestashop 8"},"content":{"rendered":"\n<p>Para gestionar los m\u00e9todos de pago, nos vamos a la casilla <em><strong>Pagos<\/strong><\/em>, donde tenemos dos opciones, <em><strong>M\u00e9todos de pago<\/strong><\/em> y <em><strong>Transferencias<\/strong><\/em>. La primera opci\u00f3n que vamos a ver son los m\u00e9todos de pago, donde veremos todos los m\u00f3dulos de pago que tenemos instalados en nuestro Prestashop. En nuestro caso nos aparecer\u00e1 la siguiente pantalla<\/p>\n\n\n\n<figure class=\"wp-block-image size-large is-resized\"><img loading=\"lazy\" decoding=\"async\" width=\"1024\" height=\"249\" src=\"https:\/\/blog.sutilweb.eu\/wp-content\/uploads\/2024\/09\/Metodos-de-pago-1024x249.png\" alt=\"\" class=\"wp-image-2971\" style=\"width:1053px;height:auto\" srcset=\"https:\/\/sutilweb.eu\/wp-content\/uploads\/2024\/09\/Metodos-de-pago-1024x249.png 1024w, https:\/\/sutilweb.eu\/wp-content\/uploads\/2024\/09\/Metodos-de-pago-300x73.png 300w, https:\/\/sutilweb.eu\/wp-content\/uploads\/2024\/09\/Metodos-de-pago-768x186.png 768w, https:\/\/sutilweb.eu\/wp-content\/uploads\/2024\/09\/Metodos-de-pago-1536x373.png 1536w, https:\/\/sutilweb.eu\/wp-content\/uploads\/2024\/09\/Metodos-de-pago-2048x497.png 2048w, https:\/\/sutilweb.eu\/wp-content\/uploads\/2024\/09\/Metodos-de-pago-1320x320.png 1320w\" sizes=\"auto, (max-width: 1024px) 100vw, 1024px\" \/><\/figure>\n\n\n\n<p>Como vemos, aparecen 3 m\u00e9todos: <em>pagos por transferencia bancaria<\/em>, <em>pago contra reembolso<\/em> y <em>pagos por cheque<\/em>. Dentro de estos pagos, hay algunos que tenemos que configurar. Si no aparece el bot\u00f3n de <em><strong>Configurar<\/strong><\/em> es porque ese m\u00f3dulo no tiene configuraci\u00f3n.<\/p>\n\n\n\n<p>En este cap\u00edtulo no vamos a ver como instalar otros m\u00e9todos de pago, lo veremos m\u00e1s adelante, en este cap\u00edtulo vamos a ver como gestionar los m\u00e9todos de pago que tenemos.<\/p>\n\n\n\n<p>Si queremos configurar los pagos por transferencia bancaria, hacemos clic en el bot\u00f3n <em><strong>Configurar<\/strong><\/em> y aparecer\u00e1n las siguientes casillas.<\/p>\n\n\n\n<figure class=\"wp-block-image size-large\"><img loading=\"lazy\" decoding=\"async\" width=\"1024\" height=\"566\" src=\"https:\/\/blog.sutilweb.eu\/wp-content\/uploads\/2024\/09\/Metodos-de-pago--1024x566.png\" alt=\"\" class=\"wp-image-2977\" srcset=\"https:\/\/sutilweb.eu\/wp-content\/uploads\/2024\/09\/Metodos-de-pago--1024x566.png 1024w, https:\/\/sutilweb.eu\/wp-content\/uploads\/2024\/09\/Metodos-de-pago--300x166.png 300w, https:\/\/sutilweb.eu\/wp-content\/uploads\/2024\/09\/Metodos-de-pago--768x424.png 768w, https:\/\/sutilweb.eu\/wp-content\/uploads\/2024\/09\/Metodos-de-pago--1536x848.png 1536w, https:\/\/sutilweb.eu\/wp-content\/uploads\/2024\/09\/Metodos-de-pago--2048x1131.png 2048w, https:\/\/sutilweb.eu\/wp-content\/uploads\/2024\/09\/Metodos-de-pago--1320x729.png 1320w\" sizes=\"auto, (max-width: 1024px) 100vw, 1024px\" \/><\/figure>\n\n\n\n<p>Y vamos rellenando los datos que piden.<\/p>\n\n\n\n<h2 class=\"wp-block-heading\">Preferencias<\/h2>\n\n\n\n<p>En la ruta <em><strong>Pagos -> Preferencias<\/strong><\/em> es donde est\u00e1 la configuraci\u00f3n de verdad, donde podemos configurar para que podamos restringir que el pago s\u00f3lo aparezca cuando queramos. El tipo de restricci\u00f3n se puede hacer por diferentes formatos:<\/p>\n\n\n\n<ul class=\"wp-block-list\">\n<li>Por moneda<\/li>\n\n\n\n<li>Por grupo de clientes: supongamos que tenemos un cliente VIP en el que el pago contra reembolso fuera exclusivo para este cliente, lo que hacemos es desactivar el resto de casillas (<em>Visitante<\/em> e <em>Invitado<\/em>) y \u00fanicamente dejamos activada la casilla <em>Cliente<\/em>.<\/li>\n\n\n\n<li>Por pa\u00eds<\/li>\n\n\n\n<li>Por transportista<\/li>\n<\/ul>\n","protected":false},"excerpt":{"rendered":"<p>Para gestionar los m\u00e9todos de pago, nos vamos a la casilla Pagos, donde tenemos dos opciones, M\u00e9todos de pago y [&hellip;]<\/p>\n","protected":false},"author":1,"featured_media":0,"parent":2580,"menu_order":5,"comment_status":"closed","ping_status":"closed","template":"","meta":{"_uag_custom_page_level_css":"","site-sidebar-layout":"default","site-content-layout":"","ast-site-content-layout":"default","site-content-style":"default","site-sidebar-style":"default","ast-global-header-display":"","ast-banner-title-visibility":"","ast-main-header-display":"","ast-hfb-above-header-display":"","ast-hfb-below-header-display":"","ast-hfb-mobile-header-display":"","site-post-title":"","ast-breadcrumbs-content":"","ast-featured-img":"","footer-sml-layout":"","ast-disable-related-posts":"","theme-transparent-header-meta":"","adv-header-id-meta":"","stick-header-meta":"","header-above-stick-meta":"","header-main-stick-meta":"","header-below-stick-meta":"","astra-migrate-meta-layouts":"default","ast-page-background-enabled":"default","ast-page-background-meta":{"desktop":{"background-color":"var(--ast-global-color-4)","background-image":"","background-repeat":"repeat","background-position":"center center","background-size":"auto","background-attachment":"scroll","background-type":"","background-media":"","overlay-type":"","overlay-color":"","overlay-opacity":"","overlay-gradient":""},"tablet":{"background-color":"","background-image":"","background-repeat":"repeat","background-position":"center center","background-size":"auto","background-attachment":"scroll","background-type":"","background-media":"","overlay-type":"","overlay-color":"","overlay-opacity":"","overlay-gradient":""},"mobile":{"background-color":"","background-image":"","background-repeat":"repeat","background-position":"center center","background-size":"auto","background-attachment":"scroll","background-type":"","background-media":"","overlay-type":"","overlay-color":"","overlay-opacity":"","overlay-gradient":""}},"ast-content-background-meta":{"desktop":{"background-color":"var(--ast-global-color-5)","background-image":"","background-repeat":"repeat","background-position":"center center","background-size":"auto","background-attachment":"scroll","background-type":"","background-media":"","overlay-type":"","overlay-color":"","overlay-opacity":"","overlay-gradient":""},"tablet":{"background-color":"var(--ast-global-color-5)","background-image":"","background-repeat":"repeat","background-position":"center center","background-size":"auto","background-attachment":"scroll","background-type":"","background-media":"","overlay-type":"","overlay-color":"","overlay-opacity":"","overlay-gradient":""},"mobile":{"background-color":"var(--ast-global-color-5)","background-image":"","background-repeat":"repeat","background-position":"center center","background-size":"auto","background-attachment":"scroll","background-type":"","background-media":"","overlay-type":"","overlay-color":"","overlay-opacity":"","overlay-gradient":""}},"footnotes":""},"class_list":["post-2965","page","type-page","status-publish","hentry"],"uagb_featured_image_src":{"full":false,"thumbnail":false,"medium":false,"medium_large":false,"large":false,"1536x1536":false,"2048x2048":false},"uagb_author_info":{"display_name":"Sutil Web","author_link":"https:\/\/sutilweb.eu\/index.php\/author\/sutilweb\/"},"uagb_comment_info":0,"uagb_excerpt":"Para gestionar los m\u00e9todos de pago, nos vamos a la casilla Pagos, donde tenemos dos opciones, M\u00e9todos de pago y [&hellip;]","_links":{"self":[{"href":"https:\/\/sutilweb.eu\/index.php\/wp-json\/wp\/v2\/pages\/2965","targetHints":{"allow":["GET"]}}],"collection":[{"href":"https:\/\/sutilweb.eu\/index.php\/wp-json\/wp\/v2\/pages"}],"about":[{"href":"https:\/\/sutilweb.eu\/index.php\/wp-json\/wp\/v2\/types\/page"}],"author":[{"embeddable":true,"href":"https:\/\/sutilweb.eu\/index.php\/wp-json\/wp\/v2\/users\/1"}],"replies":[{"embeddable":true,"href":"https:\/\/sutilweb.eu\/index.php\/wp-json\/wp\/v2\/comments?post=2965"}],"version-history":[{"count":20,"href":"https:\/\/sutilweb.eu\/index.php\/wp-json\/wp\/v2\/pages\/2965\/revisions"}],"predecessor-version":[{"id":2987,"href":"https:\/\/sutilweb.eu\/index.php\/wp-json\/wp\/v2\/pages\/2965\/revisions\/2987"}],"up":[{"embeddable":true,"href":"https:\/\/sutilweb.eu\/index.php\/wp-json\/wp\/v2\/pages\/2580"}],"wp:attachment":[{"href":"https:\/\/sutilweb.eu\/index.php\/wp-json\/wp\/v2\/media?parent=2965"}],"curies":[{"name":"wp","href":"https:\/\/api.w.org\/{rel}","templated":true}]}}