{"id":279,"date":"2024-05-21T10:19:48","date_gmt":"2024-05-21T08:19:48","guid":{"rendered":"https:\/\/blog.sutilweb.eu\/?page_id=279"},"modified":"2024-05-21T10:19:48","modified_gmt":"2024-05-21T08:19:48","slug":"64-youtube-en-html","status":"publish","type":"page","link":"https:\/\/sutilweb.eu\/index.php\/lenguajes\/html5\/html5-manual\/64-youtube-en-html\/","title":{"rendered":"64. Youtube en HTML"},"content":{"rendered":"\n<p>La forma m\u00e1s f\u00e1cil de reproducir videos en <strong>HTML<\/strong> es usar <strong>YouTube<\/strong>. Convertir videos a diferentes formatos puede ser dif\u00edcil y llevar mucho tiempo. Una soluci\u00f3n m\u00e1s f\u00e1cil es permitir que <strong>YouTube<\/strong> reproduzca los videos en nuestra p\u00e1gina web.<\/p>\n\n\n\n<h2 class=\"wp-block-heading\">YouTube Video Id<\/h2>\n\n\n\n<p><strong>YouTube<\/strong> mostrar\u00e1 una <strong>id<\/strong> (como tgbNymZ7vqY), cuando guarde (o reproduzca) un video. Puede usar esta identificaci\u00f3n y hacer referencia a su video en el c\u00f3digo <strong>HTML<\/strong>.<\/p>\n\n\n\n<h2 class=\"wp-block-heading\">Incluyendo un video de Youtube en HTML<\/h2>\n\n\n\n<p>Para reproducir un video en una p\u00e1gina web, haz lo siguiente:<\/p>\n\n\n\n<ul class=\"wp-block-list\">\n<li>Sube el v\u00eddeo a <strong>YouTube<\/strong><\/li>\n\n\n\n<li>Toma nota de la identificaci\u00f3n del video<\/li>\n\n\n\n<li>Define un elemento <strong><em>&lt;iframe><\/em><\/strong> en su p\u00e1gina web<\/li>\n\n\n\n<li>Deja que el atributo <strong><em>src<\/em><\/strong> apunte a la <strong>URL<\/strong> del video<\/li>\n\n\n\n<li>Usa los atributos <strong><em>width<\/em> <\/strong>y <strong><em>height<\/em><\/strong> para especificar la dimensi\u00f3n del video<\/li>\n\n\n\n<li>Agrega cualquier otro par\u00e1metro a la <strong>URL<\/strong> (ver m\u00e1s abajo)<\/li>\n<\/ul>\n\n\n\n<p><strong>Ejm<\/strong><\/p>\n\n\n\n<pre class=\"wp-block-preformatted\">&lt;iframe&nbsp;width=\"420\"&nbsp;height=\"315\"\nsrc=\"https:\/\/www.youtube.com\/embed\/tgbNymZ7vqY\"&gt;\n&lt;\/iframe&gt;<\/pre>\n\n\n\n<h2 class=\"wp-block-heading\">YouTube Autoplay + Mute<\/h2>\n\n\n\n<p>Puedes permitir que su video comience a reproducirse autom\u00e1ticamente cuando un usuario visite la p\u00e1gina, agregando <strong>autoplay = 1<\/strong> a la URL de <strong>YouTube<\/strong>. Sin embargo, \u00a1iniciar autom\u00e1ticamente un video es molesto para sus visitantes!<\/p>\n\n\n\n<p><strong>Ejm<\/strong><\/p>\n\n\n\n<pre class=\"wp-block-preformatted\">&lt;!DOCTYPE html&gt;\n&lt;html&gt;\n&lt;body&gt;\n\n&lt;iframe width=\"420\" height=\"345\"\n src=\"https:\/\/www.youtube.com\/embed\/tgbNymZ7vqY?autoplay=1&amp;mute=1\"&gt;\n&lt;\/iframe&gt;\n\n&lt;\/body&gt;\n&lt;\/html&gt;<\/pre>\n\n\n\n<h2 class=\"wp-block-heading\">YouTube Playlist<\/h2>\n\n\n\n<p>Una lista separada por comas de videos para reproducir (adem\u00e1s de la <strong>URL<\/strong> original).<\/p>\n\n\n\n<h2 class=\"wp-block-heading\">YouTube Loop<\/h2>\n\n\n\n<p>Agrega <strong><em>loop=1<\/em><\/strong> para dejar que su video se reproduzca para siempre. Valor 0 (predeterminado): El video se reproducir\u00e1 solo una vez. Valor 1: el video se reproducir\u00e1 en bucle (para siempre).<\/p>\n\n\n\n<p><strong>Ejm<\/strong><\/p>\n\n\n\n<pre class=\"wp-block-preformatted\">&lt;!DOCTYPE html&gt;\n&lt;html&gt;\n&lt;body&gt;\n\n&lt;iframe width=\"420\" height=\"345\"\n src=\"https:\/\/www.youtube.com\/embed\/tgbNymZ7vqY?playlist=tgbNymZ7vqY&amp;loop=1\"&gt;\n&lt;\/iframe&gt;\n\n&lt;\/body&gt;\n&lt;\/html&gt;<\/pre>\n\n\n\n<h2 class=\"wp-block-heading\">Controles Youtube<\/h2>\n\n\n\n<p>Agrega <strong><em>controls = 0<\/em><\/strong> para no mostrar los controles en el reproductor de video. Valor 0: los controles del reproductor no se muestran. Valor 1 (predeterminado): Visualizaci\u00f3n de los controles del reproductor.<\/p>\n\n\n\n<p><strong>Ejm<\/strong><\/p>\n\n\n\n<pre class=\"wp-block-preformatted\">&lt;iframe&nbsp;width=\"420\"&nbsp;height=\"315\"\nsrc=\"https:\/\/www.youtube.com\/embed\/tgbNymZ7vqY?controls=0\"&gt;\n&lt;\/iframe&gt;<\/pre>\n","protected":false},"excerpt":{"rendered":"<p>La forma m\u00e1s f\u00e1cil de reproducir videos en HTML es usar YouTube. Convertir videos a diferentes formatos puede ser dif\u00edcil [&hellip;]<\/p>\n","protected":false},"author":1,"featured_media":0,"parent":41,"menu_order":63,"comment_status":"closed","ping_status":"closed","template":"","meta":{"_uag_custom_page_level_css":"","site-sidebar-layout":"default","site-content-layout":"","ast-site-content-layout":"default","site-content-style":"default","site-sidebar-style":"default","ast-global-header-display":"","ast-banner-title-visibility":"","ast-main-header-display":"","ast-hfb-above-header-display":"","ast-hfb-below-header-display":"","ast-hfb-mobile-header-display":"","site-post-title":"","ast-breadcrumbs-content":"","ast-featured-img":"","footer-sml-layout":"","ast-disable-related-posts":"","theme-transparent-header-meta":"","adv-header-id-meta":"","stick-header-meta":"","header-above-stick-meta":"","header-main-stick-meta":"","header-below-stick-meta":"","astra-migrate-meta-layouts":"default","ast-page-background-enabled":"default","ast-page-background-meta":{"desktop":{"background-color":"var(--ast-global-color-4)","background-image":"","background-repeat":"repeat","background-position":"center center","background-size":"auto","background-attachment":"scroll","background-type":"","background-media":"","overlay-type":"","overlay-color":"","overlay-opacity":"","overlay-gradient":""},"tablet":{"background-color":"","background-image":"","background-repeat":"repeat","background-position":"center center","background-size":"auto","background-attachment":"scroll","background-type":"","background-media":"","overlay-type":"","overlay-color":"","overlay-opacity":"","overlay-gradient":""},"mobile":{"background-color":"","background-image":"","background-repeat":"repeat","background-position":"center center","background-size":"auto","background-attachment":"scroll","background-type":"","background-media":"","overlay-type":"","overlay-color":"","overlay-opacity":"","overlay-gradient":""}},"ast-content-background-meta":{"desktop":{"background-color":"var(--ast-global-color-5)","background-image":"","background-repeat":"repeat","background-position":"center center","background-size":"auto","background-attachment":"scroll","background-type":"","background-media":"","overlay-type":"","overlay-color":"","overlay-opacity":"","overlay-gradient":""},"tablet":{"background-color":"var(--ast-global-color-5)","background-image":"","background-repeat":"repeat","background-position":"center center","background-size":"auto","background-attachment":"scroll","background-type":"","background-media":"","overlay-type":"","overlay-color":"","overlay-opacity":"","overlay-gradient":""},"mobile":{"background-color":"var(--ast-global-color-5)","background-image":"","background-repeat":"repeat","background-position":"center center","background-size":"auto","background-attachment":"scroll","background-type":"","background-media":"","overlay-type":"","overlay-color":"","overlay-opacity":"","overlay-gradient":""}},"footnotes":""},"class_list":["post-279","page","type-page","status-publish","hentry"],"uagb_featured_image_src":{"full":false,"thumbnail":false,"medium":false,"medium_large":false,"large":false,"1536x1536":false,"2048x2048":false},"uagb_author_info":{"display_name":"Sutil Web","author_link":"https:\/\/sutilweb.eu\/index.php\/author\/sutilweb\/"},"uagb_comment_info":0,"uagb_excerpt":"La forma m\u00e1s f\u00e1cil de reproducir videos en HTML es usar YouTube. Convertir videos a diferentes formatos puede ser dif\u00edcil [&hellip;]","_links":{"self":[{"href":"https:\/\/sutilweb.eu\/index.php\/wp-json\/wp\/v2\/pages\/279","targetHints":{"allow":["GET"]}}],"collection":[{"href":"https:\/\/sutilweb.eu\/index.php\/wp-json\/wp\/v2\/pages"}],"about":[{"href":"https:\/\/sutilweb.eu\/index.php\/wp-json\/wp\/v2\/types\/page"}],"author":[{"embeddable":true,"href":"https:\/\/sutilweb.eu\/index.php\/wp-json\/wp\/v2\/users\/1"}],"replies":[{"embeddable":true,"href":"https:\/\/sutilweb.eu\/index.php\/wp-json\/wp\/v2\/comments?post=279"}],"version-history":[{"count":2,"href":"https:\/\/sutilweb.eu\/index.php\/wp-json\/wp\/v2\/pages\/279\/revisions"}],"predecessor-version":[{"id":281,"href":"https:\/\/sutilweb.eu\/index.php\/wp-json\/wp\/v2\/pages\/279\/revisions\/281"}],"up":[{"embeddable":true,"href":"https:\/\/sutilweb.eu\/index.php\/wp-json\/wp\/v2\/pages\/41"}],"wp:attachment":[{"href":"https:\/\/sutilweb.eu\/index.php\/wp-json\/wp\/v2\/media?parent=279"}],"curies":[{"name":"wp","href":"https:\/\/api.w.org\/{rel}","templated":true}]}}