{"id":2715,"date":"2024-09-10T13:00:54","date_gmt":"2024-09-10T11:00:54","guid":{"rendered":"https:\/\/blog.sutilweb.eu\/?page_id=2715"},"modified":"2024-09-10T13:00:55","modified_gmt":"2024-09-10T11:00:55","slug":"05-configurar-transportistas-en-prestashop-8","status":"publish","type":"page","link":"https:\/\/sutilweb.eu\/index.php\/cmss-frameworks\/prestashop\/prestashop-8\/05-configurar-transportistas-en-prestashop-8\/","title":{"rendered":"05. Configurar transportistas en Prestashop 8"},"content":{"rendered":"\n<p>Para configurar los <strong>transportistas<\/strong>, dentro del Back Office vamos a la secci\u00f3n <em><strong>Transportes -> Transportistas<\/strong><\/em>, donde es posible que aparezcan algunos transportistas preconfigurados, pero vamos a empezar desde cero.<\/p>\n\n\n\n<h2 class=\"wp-block-heading\">Ejemplo<\/h2>\n\n\n\n<p>Para entender mejor el funcionamiento vamos a crear dos transportistas, uno va a ser gratuito y recogida en tienda, y s\u00f3lo para que sea dentro de la pen\u00ednsula. Y vamos a crear otro para distintas zonas en las que vamos a poner precio de env\u00edo y que NO sea de forma gratuita.<\/p>\n\n\n\n<p>Para crear un transportista hacemos clic en el bot\u00f3n <em><strong>A\u00f1adir transportista<\/strong><\/em>, y encontraremos los siguientes campos.<\/p>\n\n\n\n<figure class=\"wp-block-image size-large is-resized\"><img loading=\"lazy\" decoding=\"async\" width=\"1024\" height=\"523\" src=\"https:\/\/blog.sutilweb.eu\/wp-content\/uploads\/2024\/09\/Anadir-transportista-1024x523.png\" alt=\"\" class=\"wp-image-2724\" style=\"width:1053px;height:auto\" srcset=\"https:\/\/sutilweb.eu\/wp-content\/uploads\/2024\/09\/Anadir-transportista-1024x523.png 1024w, https:\/\/sutilweb.eu\/wp-content\/uploads\/2024\/09\/Anadir-transportista-300x153.png 300w, https:\/\/sutilweb.eu\/wp-content\/uploads\/2024\/09\/Anadir-transportista-768x393.png 768w, https:\/\/sutilweb.eu\/wp-content\/uploads\/2024\/09\/Anadir-transportista-1320x675.png 1320w, https:\/\/sutilweb.eu\/wp-content\/uploads\/2024\/09\/Anadir-transportista.png 1485w\" sizes=\"auto, (max-width: 1024px) 100vw, 1024px\" \/><\/figure>\n\n\n\n<p>Como vemos, en <em><strong>Nombre del transportista<\/strong><\/em> hemos puesto el valor <em>Recoger en Tienda<\/em>, en <em><strong>Tiempo de tr\u00e1nsito<\/strong><\/em> el valor Instant\u00e1neo, y la \u00faltima casilla, la <em><strong>URL de seguimiento<\/strong><\/em> es la URL que nos facilita el transportista, la @ ser\u00eda la variable con el n\u00famero de transporte que despu\u00e9s nosotros le podemos asignar en el pedido. De esta manera cuando hagamos pedidos, a cada pedido le podemos asignar su n\u00famero, de manera que al cliente por email le llegar\u00e1 la URL con esa variable de n\u00famero para que de esa forma saber y poder trackear, ver por donde va el transporte. Hacemos clic en el bot\u00f3n <em><strong>Siguiente<\/strong><\/em>, y nos aparecen los siguientes campos.<\/p>\n\n\n\n<figure class=\"wp-block-image size-large\"><img loading=\"lazy\" decoding=\"async\" width=\"769\" height=\"1024\" src=\"https:\/\/blog.sutilweb.eu\/wp-content\/uploads\/2024\/09\/Anadir-transportista-2-769x1024.png\" alt=\"\" class=\"wp-image-2729\" srcset=\"https:\/\/sutilweb.eu\/wp-content\/uploads\/2024\/09\/Anadir-transportista-2-769x1024.png 769w, https:\/\/sutilweb.eu\/wp-content\/uploads\/2024\/09\/Anadir-transportista-2-225x300.png 225w, https:\/\/sutilweb.eu\/wp-content\/uploads\/2024\/09\/Anadir-transportista-2-768x1023.png 768w, https:\/\/sutilweb.eu\/wp-content\/uploads\/2024\/09\/Anadir-transportista-2.png 959w\" sizes=\"auto, (max-width: 769px) 100vw, 769px\" \/><\/figure>\n\n\n\n<p>En nuestro ejm no vamos a aplicar ning\u00fan coste de manipulaci\u00f3n, el env\u00edo gratuito lo activamos en este caso, y como el env\u00edo va a ser gratuito no hay que hacer mucho m\u00e1s. Y hacemos clic en el bot\u00f3n <em><strong>Siguiente<\/strong><\/em>, donde aparecer\u00e1n los siguientes campos.<\/p>\n\n\n\n<figure class=\"wp-block-image size-large is-resized\"><img loading=\"lazy\" decoding=\"async\" width=\"1024\" height=\"697\" src=\"https:\/\/blog.sutilweb.eu\/wp-content\/uploads\/2024\/09\/Anadir-transportista-3-1024x697.png\" alt=\"\" class=\"wp-image-2735\" style=\"width:1053px;height:auto\" srcset=\"https:\/\/sutilweb.eu\/wp-content\/uploads\/2024\/09\/Anadir-transportista-3-1024x697.png 1024w, https:\/\/sutilweb.eu\/wp-content\/uploads\/2024\/09\/Anadir-transportista-3-300x204.png 300w, https:\/\/sutilweb.eu\/wp-content\/uploads\/2024\/09\/Anadir-transportista-3-768x523.png 768w, https:\/\/sutilweb.eu\/wp-content\/uploads\/2024\/09\/Anadir-transportista-3-1320x899.png 1320w, https:\/\/sutilweb.eu\/wp-content\/uploads\/2024\/09\/Anadir-transportista-3.png 1501w\" sizes=\"auto, (max-width: 1024px) 100vw, 1024px\" \/><\/figure>\n\n\n\n<p>Donde encontraremos las opciones de <strong>ancho<\/strong>, <strong>alto<\/strong>, <strong>profundo<\/strong> y <strong>peso<\/strong>, y la casilla <em><strong>Acceso al grupo<\/strong><\/em> si es para todos los tipos de clientes, o este tipo de transportista sea s\u00f3lo para un grupo de clientes distinto. Hacemos clic en el bot\u00f3n <em><strong>Siguiente<\/strong><\/em> que nos lleva a los siguientes campos.<\/p>\n\n\n\n<figure class=\"wp-block-image size-large\"><img loading=\"lazy\" decoding=\"async\" width=\"1024\" height=\"561\" src=\"https:\/\/blog.sutilweb.eu\/wp-content\/uploads\/2024\/09\/Anadir-transportista-4-1024x561.png\" alt=\"\" class=\"wp-image-2739\" srcset=\"https:\/\/sutilweb.eu\/wp-content\/uploads\/2024\/09\/Anadir-transportista-4-1024x561.png 1024w, https:\/\/sutilweb.eu\/wp-content\/uploads\/2024\/09\/Anadir-transportista-4-300x164.png 300w, https:\/\/sutilweb.eu\/wp-content\/uploads\/2024\/09\/Anadir-transportista-4-768x421.png 768w, https:\/\/sutilweb.eu\/wp-content\/uploads\/2024\/09\/Anadir-transportista-4-1320x723.png 1320w, https:\/\/sutilweb.eu\/wp-content\/uploads\/2024\/09\/Anadir-transportista-4.png 1508w\" sizes=\"auto, (max-width: 1024px) 100vw, 1024px\" \/><\/figure>\n\n\n\n<p>Esta \u00faltima p\u00e1gina nos muestra un resumen de lo que hemos hecho y si lo queremos activo. Lo dejamos por defecto activado. Hacemos clic en el bot\u00f3n <em><strong>Terminar<\/strong><\/em> y acabamos de crear nuestro primer transportista.<\/p>\n\n\n\n<p>Ahora vamos a crear un transportista que S\u00cd va a cobrar el transporte, al que llamaremos <em>Correos<\/em>, cuyo <em><strong>Tiempo de tr\u00e1nsito<\/strong><\/em> ser\u00e1 de <em>24 &#8211; 48 horas<\/em>, este tipo de dato aparecer\u00e1 a la hora de seleccionar el transportista en el <strong>checkout<\/strong> o <strong>paso final de compra<\/strong>, es por ello que podemos tener transportistas m\u00e1s baratos o m\u00e1s caros dependiendo del tr\u00e1nsito. Si nosotros como clientes vemos 10 transportistas con diferentes precios, en que se diferencian, normalmente ser\u00e1 por el tiempo. Seleccionaremos un logotipo. Si tenemos una URL de seguimiento la ponemos.<\/p>\n\n\n\n<p>Volvemos a seguir la ruta Transporte -> Transportistas -> A\u00f1adir transportista, a\u00f1adimos el valor Correos y 24 &#8211; 48h como dijimos, e incluimos el logo de Correos por ejm. Le damos al bot\u00f3n <em><strong>Siguiente<\/strong><\/em>. Nos aparecer\u00e1 el siguiente formato.<\/p>\n\n\n\n<figure class=\"wp-block-image size-full\"><img loading=\"lazy\" decoding=\"async\" width=\"1023\" height=\"651\" src=\"https:\/\/blog.sutilweb.eu\/wp-content\/uploads\/2024\/09\/Transportistas.png\" alt=\"\" class=\"wp-image-2916\" srcset=\"https:\/\/sutilweb.eu\/wp-content\/uploads\/2024\/09\/Transportistas.png 1023w, https:\/\/sutilweb.eu\/wp-content\/uploads\/2024\/09\/Transportistas-300x191.png 300w, https:\/\/sutilweb.eu\/wp-content\/uploads\/2024\/09\/Transportistas-768x489.png 768w\" sizes=\"auto, (max-width: 1023px) 100vw, 1023px\" \/><\/figure>\n\n\n\n<figure class=\"wp-block-image size-large is-resized\"><img loading=\"lazy\" decoding=\"async\" width=\"797\" height=\"1024\" src=\"https:\/\/blog.sutilweb.eu\/wp-content\/uploads\/2024\/09\/Transportistas-2-797x1024.png\" alt=\"\" class=\"wp-image-2917\" style=\"width:1053px;height:auto\" srcset=\"https:\/\/sutilweb.eu\/wp-content\/uploads\/2024\/09\/Transportistas-2-797x1024.png 797w, https:\/\/sutilweb.eu\/wp-content\/uploads\/2024\/09\/Transportistas-2-233x300.png 233w, https:\/\/sutilweb.eu\/wp-content\/uploads\/2024\/09\/Transportistas-2-768x987.png 768w, https:\/\/sutilweb.eu\/wp-content\/uploads\/2024\/09\/Transportistas-2.png 897w\" sizes=\"auto, (max-width: 797px) 100vw, 797px\" \/><\/figure>\n\n\n\n<p>En la casilla <em><strong>Facturaci\u00f3n<\/strong><\/em> decidiremos como queremos cobrar, lo normal es cobrar por peso. Lo normal que hacen los transportistas es que de un peso a otro cobramos tanto, a partir de tanto peso cobran otra cantidad, y as\u00ed. Tambi\u00e9n se puede cobrar por el <strong>rango de precio del pedido<\/strong>, puede haber un pedido de entre 0 y 20 euros, al que se le cobrar\u00e1 distinto de otro rango m\u00e1s alto. Existe de forma habitual el caso de que no se rellena la casilla del peso al producto, no se puede calcular, si no sabemos cuanto pesa cada producto no se puede calcular el peso total del producto. Si es este el caso, lo normal es configurarlo por precio, pero lo mejor es tener siempre todos los pesos de todos los pedidos configurados en nuestro Prestashop para que de esta manera no haya problemas en el checkout. En nuestro caso lo vamos a hacer en formato peso.<\/p>\n\n\n\n<p>En la casilla <em><strong>Impuestos<\/strong><\/em>, a la casilla <em><strong>Pen\u00ednsula<\/strong><\/em> le va a sumar los impuestos. En la casilla <em><strong>fuera de la gama de comportamiento<\/strong><\/em> se puede elegir aplicar <em>el precio m\u00e1s alto<\/em> o que <strong>no aparezca el transportista<\/strong>. Lo normal es la primera opci\u00f3n, aplicar el precio m\u00e1s alto, es decir, a partir de tal peso, el precio es el m\u00e1s alto, o bien, no se env\u00edan mas de tal peso, y para ello elegimos el valor de que no aparezca el transportista.<\/p>\n\n\n\n<h2 class=\"wp-block-heading\">Crear rangos de pesos<\/h2>\n\n\n\n<p>Vamos a crear <strong>rangos de pesos<\/strong>, para ello en la casilla <em><strong>Rangos<\/strong><\/em> comenzamos a trabajar:<\/p>\n\n\n\n<ul class=\"wp-block-list\">\n<li><em>>= 0 y &lt; 1 kg<\/em> para los valores <em>Pen\u00ednsula<\/em> y <em>Fuera de la Pen\u00ednsula<\/em>. Y para la pen\u00ednsula el transporte va a ser de 3 euros m\u00e1s IVA, y para fuera va a ser de 5 euros m\u00e1s IVA.<\/li>\n\n\n\n<li><em>&lt;= 1 y &lt; 5 kg<\/em> igualmente para los valores <em>Pen\u00ednsula<\/em> y <em>Fuera de la Pen\u00ednsula<\/em>, con los valores 5 y 8 euros respectivamente<\/li>\n\n\n\n<li><em>&lt;= 5 y >20 kg<\/em>, valores para <em>Pen\u00ednsula<\/em> y <em>Fuera de la Pen\u00ednsula<\/em> con los valores 8 y 10 euros respectivamente<\/li>\n\n\n\n<li>Para el \u00faltimo rango vamos a dejar (en la casilla <em><strong>Fuera de la gama de comportamiento<\/strong><\/em> el valor <em>Aplicar el coste m\u00e1s alto<\/em>.<\/li>\n<\/ul>\n\n\n\n<p>Y le damos al bot\u00f3n Siguiente, donde nos aparecer\u00e1 otra p\u00e1gina con las siguiente opciones.<\/p>\n\n\n\n<figure class=\"wp-block-image size-large is-resized\"><img loading=\"lazy\" decoding=\"async\" width=\"1024\" height=\"605\" src=\"https:\/\/blog.sutilweb.eu\/wp-content\/uploads\/2024\/09\/Transportistas-3-1024x605.png\" alt=\"\" class=\"wp-image-2940\" style=\"width:1053px;height:auto\" srcset=\"https:\/\/sutilweb.eu\/wp-content\/uploads\/2024\/09\/Transportistas-3-1024x605.png 1024w, https:\/\/sutilweb.eu\/wp-content\/uploads\/2024\/09\/Transportistas-3-300x177.png 300w, https:\/\/sutilweb.eu\/wp-content\/uploads\/2024\/09\/Transportistas-3-768x454.png 768w, https:\/\/sutilweb.eu\/wp-content\/uploads\/2024\/09\/Transportistas-3-1536x908.png 1536w, https:\/\/sutilweb.eu\/wp-content\/uploads\/2024\/09\/Transportistas-3-1320x780.png 1320w, https:\/\/sutilweb.eu\/wp-content\/uploads\/2024\/09\/Transportistas-3.png 1580w\" sizes=\"auto, (max-width: 1024px) 100vw, 1024px\" \/><\/figure>\n\n\n\n<p>Si tenemos todo configurado correctamente mejor. Cuando incluyamos los valores (si necesitamos hacerlo), le damos al bot\u00f3n <em><strong>Siguiente<\/strong><\/em>, y nos aparecen los siguientes campos.<\/p>\n\n\n\n<figure class=\"wp-block-image size-large is-resized\"><img loading=\"lazy\" decoding=\"async\" width=\"1024\" height=\"498\" src=\"https:\/\/blog.sutilweb.eu\/wp-content\/uploads\/2024\/09\/Transportistas-4-1024x498.png\" alt=\"\" class=\"wp-image-2944\" style=\"width:1053px;height:auto\" srcset=\"https:\/\/sutilweb.eu\/wp-content\/uploads\/2024\/09\/Transportistas-4-1024x498.png 1024w, https:\/\/sutilweb.eu\/wp-content\/uploads\/2024\/09\/Transportistas-4-300x146.png 300w, https:\/\/sutilweb.eu\/wp-content\/uploads\/2024\/09\/Transportistas-4-768x373.png 768w, https:\/\/sutilweb.eu\/wp-content\/uploads\/2024\/09\/Transportistas-4-1536x747.png 1536w, https:\/\/sutilweb.eu\/wp-content\/uploads\/2024\/09\/Transportistas-4-1320x642.png 1320w, https:\/\/sutilweb.eu\/wp-content\/uploads\/2024\/09\/Transportistas-4.png 1643w\" sizes=\"auto, (max-width: 1024px) 100vw, 1024px\" \/><\/figure>\n\n\n\n<p>En este caso muestra un resumen. Le damos al bot\u00f3n <em><strong>Terminar<\/strong><\/em> y hemos creado nuestro transportista <em>Correos<\/em>.<\/p>\n\n\n\n<h2 class=\"wp-block-heading\">Preferencias de transporte<\/h2>\n\n\n\n<p>Para ver las preferencias vamos a <em><strong>Transporte -> Preferencias<\/strong><\/em>, y nos encontramos los siguientes campos.<\/p>\n\n\n\n<figure class=\"wp-block-image size-large\"><img loading=\"lazy\" decoding=\"async\" width=\"1024\" height=\"575\" src=\"https:\/\/blog.sutilweb.eu\/wp-content\/uploads\/2024\/09\/Preferencias-de-transporte-1024x575.png\" alt=\"\" class=\"wp-image-2950\" srcset=\"https:\/\/sutilweb.eu\/wp-content\/uploads\/2024\/09\/Preferencias-de-transporte-1024x575.png 1024w, https:\/\/sutilweb.eu\/wp-content\/uploads\/2024\/09\/Preferencias-de-transporte-300x169.png 300w, https:\/\/sutilweb.eu\/wp-content\/uploads\/2024\/09\/Preferencias-de-transporte-768x432.png 768w, https:\/\/sutilweb.eu\/wp-content\/uploads\/2024\/09\/Preferencias-de-transporte-1536x863.png 1536w, https:\/\/sutilweb.eu\/wp-content\/uploads\/2024\/09\/Preferencias-de-transporte-2048x1151.png 2048w, https:\/\/sutilweb.eu\/wp-content\/uploads\/2024\/09\/Preferencias-de-transporte-1320x742.png 1320w\" sizes=\"auto, (max-width: 1024px) 100vw, 1024px\" \/><\/figure>\n\n\n\n<p>En la casilla <em><strong>Gastos de manipulaci\u00f3n y gesti\u00f3n<\/strong><\/em> en el ejm estamos cobrando 2 euros por la manipulaci\u00f3n del paquete. Como nota no se puede cobrar la manipulaci\u00f3n para cada transportista, se trata de una manipulaci\u00f3n general para todos los transportistas. Y como se puede ver, el impuesto est\u00e1 excluido.<\/p>\n\n\n\n<p>En la casilla <em><strong>Env\u00edo gratuito a partir de<\/strong><\/em>, de forma global, si hemos configurado que el pedido gratis, pero quiero que el pedido gratis sea a partir de 50 euros, en esta casilla se puede poner. Como se puede ver, se puede incluir a partir de precio y a partir de Kg.<\/p>\n\n\n\n<p>En la casilla <em><strong>Opciones del transportista<\/strong><\/em>, las opciones que vamos a encontrar podemos encontrar el de mejor precio (<em>Best price<\/em>), el de mejor puntuaci\u00f3n (<em>Best grade<\/em>) junto con los dos transportistas que hemos creado. En nuestro ejm elegimos <em>Correos<\/em> como valor.<\/p>\n","protected":false},"excerpt":{"rendered":"<p>Para configurar los transportistas, dentro del Back Office vamos a la secci\u00f3n Transportes -> Transportistas, donde es posible que aparezcan [&hellip;]<\/p>\n","protected":false},"author":1,"featured_media":0,"parent":2580,"menu_order":4,"comment_status":"closed","ping_status":"closed","template":"","meta":{"_uag_custom_page_level_css":"","site-sidebar-layout":"default","site-content-layout":"","ast-site-content-layout":"default","site-content-style":"default","site-sidebar-style":"default","ast-global-header-display":"","ast-banner-title-visibility":"","ast-main-header-display":"","ast-hfb-above-header-display":"","ast-hfb-below-header-display":"","ast-hfb-mobile-header-display":"","site-post-title":"","ast-breadcrumbs-content":"","ast-featured-img":"","footer-sml-layout":"","ast-disable-related-posts":"","theme-transparent-header-meta":"","adv-header-id-meta":"","stick-header-meta":"","header-above-stick-meta":"","header-main-stick-meta":"","header-below-stick-meta":"","astra-migrate-meta-layouts":"default","ast-page-background-enabled":"default","ast-page-background-meta":{"desktop":{"background-color":"var(--ast-global-color-4)","background-image":"","background-repeat":"repeat","background-position":"center center","background-size":"auto","background-attachment":"scroll","background-type":"","background-media":"","overlay-type":"","overlay-color":"","overlay-opacity":"","overlay-gradient":""},"tablet":{"background-color":"","background-image":"","background-repeat":"repeat","background-position":"center center","background-size":"auto","background-attachment":"scroll","background-type":"","background-media":"","overlay-type":"","overlay-color":"","overlay-opacity":"","overlay-gradient":""},"mobile":{"background-color":"","background-image":"","background-repeat":"repeat","background-position":"center center","background-size":"auto","background-attachment":"scroll","background-type":"","background-media":"","overlay-type":"","overlay-color":"","overlay-opacity":"","overlay-gradient":""}},"ast-content-background-meta":{"desktop":{"background-color":"var(--ast-global-color-5)","background-image":"","background-repeat":"repeat","background-position":"center center","background-size":"auto","background-attachment":"scroll","background-type":"","background-media":"","overlay-type":"","overlay-color":"","overlay-opacity":"","overlay-gradient":""},"tablet":{"background-color":"var(--ast-global-color-5)","background-image":"","background-repeat":"repeat","background-position":"center center","background-size":"auto","background-attachment":"scroll","background-type":"","background-media":"","overlay-type":"","overlay-color":"","overlay-opacity":"","overlay-gradient":""},"mobile":{"background-color":"var(--ast-global-color-5)","background-image":"","background-repeat":"repeat","background-position":"center center","background-size":"auto","background-attachment":"scroll","background-type":"","background-media":"","overlay-type":"","overlay-color":"","overlay-opacity":"","overlay-gradient":""}},"footnotes":""},"class_list":["post-2715","page","type-page","status-publish","hentry"],"uagb_featured_image_src":{"full":false,"thumbnail":false,"medium":false,"medium_large":false,"large":false,"1536x1536":false,"2048x2048":false},"uagb_author_info":{"display_name":"Sutil Web","author_link":"https:\/\/sutilweb.eu\/index.php\/author\/sutilweb\/"},"uagb_comment_info":0,"uagb_excerpt":"Para configurar los transportistas, dentro del Back Office vamos a la secci\u00f3n Transportes -> Transportistas, donde es posible que aparezcan [&hellip;]","_links":{"self":[{"href":"https:\/\/sutilweb.eu\/index.php\/wp-json\/wp\/v2\/pages\/2715","targetHints":{"allow":["GET"]}}],"collection":[{"href":"https:\/\/sutilweb.eu\/index.php\/wp-json\/wp\/v2\/pages"}],"about":[{"href":"https:\/\/sutilweb.eu\/index.php\/wp-json\/wp\/v2\/types\/page"}],"author":[{"embeddable":true,"href":"https:\/\/sutilweb.eu\/index.php\/wp-json\/wp\/v2\/users\/1"}],"replies":[{"embeddable":true,"href":"https:\/\/sutilweb.eu\/index.php\/wp-json\/wp\/v2\/comments?post=2715"}],"version-history":[{"count":78,"href":"https:\/\/sutilweb.eu\/index.php\/wp-json\/wp\/v2\/pages\/2715\/revisions"}],"predecessor-version":[{"id":2964,"href":"https:\/\/sutilweb.eu\/index.php\/wp-json\/wp\/v2\/pages\/2715\/revisions\/2964"}],"up":[{"embeddable":true,"href":"https:\/\/sutilweb.eu\/index.php\/wp-json\/wp\/v2\/pages\/2580"}],"wp:attachment":[{"href":"https:\/\/sutilweb.eu\/index.php\/wp-json\/wp\/v2\/media?parent=2715"}],"curies":[{"name":"wp","href":"https:\/\/api.w.org\/{rel}","templated":true}]}}