{"id":2690,"date":"2024-09-10T12:03:42","date_gmt":"2024-09-10T10:03:42","guid":{"rendered":"https:\/\/blog.sutilweb.eu\/?page_id=2690"},"modified":"2024-09-10T12:03:42","modified_gmt":"2024-09-10T10:03:42","slug":"04-configurar-zonas-paises-y-provincias-en-prestashop-8","status":"publish","type":"page","link":"https:\/\/sutilweb.eu\/index.php\/cmss-frameworks\/prestashop\/prestashop-8\/04-configurar-zonas-paises-y-provincias-en-prestashop-8\/","title":{"rendered":"04. Configurar Zonas, Pa\u00edses y Provincias en Prestashop 8"},"content":{"rendered":"\n<p>Para configurar <strong>zonas<\/strong>, <strong>pa\u00edses<\/strong> y <strong>provincias<\/strong>, volvemos a ir al apartado <em><strong>Internacional -> Ubicaciones Geogr\u00e1ficas<\/strong><\/em>. En dicha p\u00e1gina encontraremos tres casillas: <em><strong>Zonas<\/strong><\/em>, <em><strong>Pa\u00edses<\/strong><\/em> y <em><strong>Provincias<\/strong><\/em>. Por defecto Prestashop trae las zonas m\u00e1s comunes. Las zonas las trae por continentes.<\/p>\n\n\n\n<h2 class=\"wp-block-heading\">Concepto de &#8216;Zonas&#8217;<\/h2>\n\n\n\n<p>Las zonas se utilizan sobretodo para despu\u00e9s configurar los <strong>transportistas<\/strong>. Sabiendo los precios que pueden tener los transportistas, o sabiendo que van a cobrar a la empresa por zona o a cada sitio, tenemos que pensar las zonas. Lo normal es que tienen unos precios dentro de Espa\u00f1a, otros fuera de Espa\u00f1a, pero dentro de Espa\u00f1a tenemos la zona que est\u00e1 dentro de la pen\u00ednsula y la que est\u00e1 fuera. A veces, el precio de la misma provincia donde reside el E-commerce puede ser m\u00e1s barato. Un consejo es crear una zona para pen\u00ednsula y otra zona para fuera de la pen\u00ednsula. Si tenemos precio distinto para Baleares y Canarias, una zona para cada una.<\/p>\n\n\n\n<h2 class=\"wp-block-heading\">Crear zonas<\/h2>\n\n\n\n<p>Para ello hacemos clic en <em><strong>A\u00f1adir nueva zona<\/strong><\/em> y ponemos <em>Pen\u00ednsula<\/em>, y creamos otra zona que ponga <em>Fuera de Pen\u00ednsula<\/em>. De esta manera podemos asociar todas las provincias a cada zona. Si por ejm no vamos a vender fuera de Europa, sobran el resto de zonas. Las zonas donde no vayamos a vender las podemos desactivar.<\/p>\n\n\n\n<h2 class=\"wp-block-heading\">Casilla &#8216;Pa\u00edses&#8217;<\/h2>\n\n\n\n<p>Donde queremos que aparezcan o que se quiera comprar. Prestashop por defecto, est\u00e1n todos los pa\u00edses desactivados excepto Espa\u00f1a, EEUU y Francia. Si s\u00f3lo queremos que se venda en Espa\u00f1a, desactivamos EEUU y Francia.<\/p>\n\n\n\n<p>Tenemos s\u00f3lo nuestro pa\u00eds, ahora vamos a configurarlo, para ello hacemos clic en la casilla <em><strong>Modificar<\/strong><\/em>. Y vamos a cambiar la casilla <em><strong>Zona<\/strong><\/em> con el valor <em>Pen\u00ednsula<\/em>.<\/p>\n\n\n\n<p>En la casilla <em><strong>Formato de la direcci\u00f3n<\/strong><\/em> vamos a configurar el formato de la direcci\u00f3n que le pedimos a nuestro cliente. Es el t\u00edpico formulario en el que nos tiene que decir a donde quiere enviar. Por defecto no viene el estado incluido, para ello al lado hay un bot\u00f3n que pone <em><strong>STATE<\/strong><\/em>, usamos el valor <em>+name<\/em>. Esto lo ponemos entre <em><strong>city<\/strong><\/em> y <em><strong>Coutry:name<\/strong><\/em>.<\/p>\n\n\n\n<h2 class=\"wp-block-heading\">Casilla &#8216;Provincias&#8217;<\/h2>\n\n\n\n<p>Por defecto Prestashop incluye las provincias de otros pa\u00edses junto con las de Espa\u00f1a, que si vemos, tiene la zona peninsular asociada. Lo que vamos a modificar es Baleares, Canarias, Ceuta y Melilla que est\u00e1n fuera de la pen\u00ednsula, para ello hacemos clic en modificar cada provincia, vamos a la casilla <em><strong>Zona<\/strong><\/em> y la modificamos al valor <em>Fuera de Pen\u00ednsula<\/em> que creamos anteriormente.<\/p>\n","protected":false},"excerpt":{"rendered":"<p>Para configurar zonas, pa\u00edses y provincias, volvemos a ir al apartado Internacional -> Ubicaciones Geogr\u00e1ficas. En dicha p\u00e1gina encontraremos tres [&hellip;]<\/p>\n","protected":false},"author":1,"featured_media":0,"parent":2580,"menu_order":4,"comment_status":"closed","ping_status":"closed","template":"","meta":{"_uag_custom_page_level_css":"","site-sidebar-layout":"default","site-content-layout":"","ast-site-content-layout":"default","site-content-style":"default","site-sidebar-style":"default","ast-global-header-display":"","ast-banner-title-visibility":"","ast-main-header-display":"","ast-hfb-above-header-display":"","ast-hfb-below-header-display":"","ast-hfb-mobile-header-display":"","site-post-title":"","ast-breadcrumbs-content":"","ast-featured-img":"","footer-sml-layout":"","ast-disable-related-posts":"","theme-transparent-header-meta":"","adv-header-id-meta":"","stick-header-meta":"","header-above-stick-meta":"","header-main-stick-meta":"","header-below-stick-meta":"","astra-migrate-meta-layouts":"default","ast-page-background-enabled":"default","ast-page-background-meta":{"desktop":{"background-color":"var(--ast-global-color-4)","background-image":"","background-repeat":"repeat","background-position":"center center","background-size":"auto","background-attachment":"scroll","background-type":"","background-media":"","overlay-type":"","overlay-color":"","overlay-opacity":"","overlay-gradient":""},"tablet":{"background-color":"","background-image":"","background-repeat":"repeat","background-position":"center center","background-size":"auto","background-attachment":"scroll","background-type":"","background-media":"","overlay-type":"","overlay-color":"","overlay-opacity":"","overlay-gradient":""},"mobile":{"background-color":"","background-image":"","background-repeat":"repeat","background-position":"center center","background-size":"auto","background-attachment":"scroll","background-type":"","background-media":"","overlay-type":"","overlay-color":"","overlay-opacity":"","overlay-gradient":""}},"ast-content-background-meta":{"desktop":{"background-color":"var(--ast-global-color-5)","background-image":"","background-repeat":"repeat","background-position":"center center","background-size":"auto","background-attachment":"scroll","background-type":"","background-media":"","overlay-type":"","overlay-color":"","overlay-opacity":"","overlay-gradient":""},"tablet":{"background-color":"var(--ast-global-color-5)","background-image":"","background-repeat":"repeat","background-position":"center center","background-size":"auto","background-attachment":"scroll","background-type":"","background-media":"","overlay-type":"","overlay-color":"","overlay-opacity":"","overlay-gradient":""},"mobile":{"background-color":"var(--ast-global-color-5)","background-image":"","background-repeat":"repeat","background-position":"center center","background-size":"auto","background-attachment":"scroll","background-type":"","background-media":"","overlay-type":"","overlay-color":"","overlay-opacity":"","overlay-gradient":""}},"footnotes":""},"class_list":["post-2690","page","type-page","status-publish","hentry"],"uagb_featured_image_src":{"full":false,"thumbnail":false,"medium":false,"medium_large":false,"large":false,"1536x1536":false,"2048x2048":false},"uagb_author_info":{"display_name":"Sutil Web","author_link":"https:\/\/sutilweb.eu\/index.php\/author\/sutilweb\/"},"uagb_comment_info":0,"uagb_excerpt":"Para configurar zonas, pa\u00edses y provincias, volvemos a ir al apartado Internacional -> Ubicaciones Geogr\u00e1ficas. En dicha p\u00e1gina encontraremos tres [&hellip;]","_links":{"self":[{"href":"https:\/\/sutilweb.eu\/index.php\/wp-json\/wp\/v2\/pages\/2690","targetHints":{"allow":["GET"]}}],"collection":[{"href":"https:\/\/sutilweb.eu\/index.php\/wp-json\/wp\/v2\/pages"}],"about":[{"href":"https:\/\/sutilweb.eu\/index.php\/wp-json\/wp\/v2\/types\/page"}],"author":[{"embeddable":true,"href":"https:\/\/sutilweb.eu\/index.php\/wp-json\/wp\/v2\/users\/1"}],"replies":[{"embeddable":true,"href":"https:\/\/sutilweb.eu\/index.php\/wp-json\/wp\/v2\/comments?post=2690"}],"version-history":[{"count":27,"href":"https:\/\/sutilweb.eu\/index.php\/wp-json\/wp\/v2\/pages\/2690\/revisions"}],"predecessor-version":[{"id":2908,"href":"https:\/\/sutilweb.eu\/index.php\/wp-json\/wp\/v2\/pages\/2690\/revisions\/2908"}],"up":[{"embeddable":true,"href":"https:\/\/sutilweb.eu\/index.php\/wp-json\/wp\/v2\/pages\/2580"}],"wp:attachment":[{"href":"https:\/\/sutilweb.eu\/index.php\/wp-json\/wp\/v2\/media?parent=2690"}],"curies":[{"name":"wp","href":"https:\/\/api.w.org\/{rel}","templated":true}]}}