{"id":2654,"date":"2024-09-10T12:00:17","date_gmt":"2024-09-10T10:00:17","guid":{"rendered":"https:\/\/blog.sutilweb.eu\/?page_id=2654"},"modified":"2024-09-10T12:00:19","modified_gmt":"2024-09-10T10:00:19","slug":"03-configurar-impuestos-en-prestashop-8","status":"publish","type":"page","link":"https:\/\/sutilweb.eu\/index.php\/cmss-frameworks\/prestashop\/prestashop-8\/03-configurar-impuestos-en-prestashop-8\/","title":{"rendered":"03. Configurar impuestos en Prestashop 8"},"content":{"rendered":"\n<p>Para configurar los <strong>impuestos<\/strong> en <strong>Prestashop<\/strong>, la ruta que debemos seguir es <em><strong>Internacional -> Impuestos<\/strong><\/em>. Encontraremos las pesta\u00f1as <em><strong>Impuestos<\/strong><\/em> y <em><strong>Reglas de Impuestos<\/strong><\/em>. Prestashop, cuando lo instalas, ya incluye todos los impuestos de casi toda Europa, incluido el de Espa\u00f1a, que tiene los impuestos <em><strong>Reducido<\/strong><\/em>, <em><strong>Super Reducido<\/strong><\/em> y <em><strong>Normal <\/strong><\/em>y las <em><strong>Reglas de Impuestos<\/strong><\/em>. En esta secci\u00f3n lo que hacemos es definir el impuesto a nivel visual o a nivel para entender que tasa vamos a aplicar. En nuestro caso vamos a aplicar una tasa del 21% y le vamos a cambiar el nombre por un nombre f\u00e1cil que luego podamos identificar. Y en Reglas de Impuestos lo que hacemos es que cada regla le asociamos ese tipo de regla a pa\u00edses, incluso provincias.<\/p>\n\n\n\n<h2 class=\"wp-block-heading\">Ejemplo<\/h2>\n\n\n\n<p>Vamos a crear un nuevo impuesto del 5%, para ello hacemos clic en el bot\u00f3n <em><strong>A\u00f1adir nuevo impuesto<\/strong><\/em>, donde aparecer\u00e1n 3 casillas: <em><strong>Nombre<\/strong><\/em>, <em><strong>Tasa <\/strong><\/em>y <em><strong>Activar<\/strong><\/em>. Creamos el impuesto con los valores <em>nombre: IVA AL 5%<\/em>, y <em>Tasa: 5%<\/em> y activamos el impuesto mediante la casilla <em><strong>Activar<\/strong><\/em>.<\/p>\n\n\n\n<h3 class=\"wp-block-heading\">Cu\u00e1ndo o D\u00f3nde aplicar el impuesto creado<\/h3>\n\n\n\n<p>Esto lo haremos dentro de la casilla <em><strong>Reglas de impuestos<\/strong><\/em>. Para ello creamos una nueva Regla de impuestos en el bot\u00f3n que aparece arriba a la derecha. Copiamos el valor <em>ES Standard rate (21%)<\/em> y le vamos a poner este nombre cambiando el 21% por el 5% en la casilla <em><strong>Nombre<\/strong><\/em>, posteriormente activamos la regla y hacemos clic en el bot\u00f3n <em><strong>Guardar y Permanecer<\/strong><\/em>, nos aparecer\u00e1 una nueva configuraci\u00f3n en la que decimos donde y cuando aplicamos este nuevo impuesto. En un principio vamos a elegir Espa\u00f1a, y nos aparecer\u00e1 una nueva casilla con todas las comunidades, por si quisi\u00e9ramos s\u00f3lo aplicarlo a algunas. Si no es nuestro caso hacemos clic en <em>Todas.<\/em><\/p>\n\n\n\n<p>Tambi\u00e9n podr\u00edamos hacerlo por rango de c\u00f3digo postal. En nuestro caso vamos a dejar el valor 0 para todos los c\u00f3digos postales (valor que viene por defecto).<\/p>\n\n\n\n<p>En la casilla <em><strong>Comportamiento <\/strong><\/em>podemos tener s\u00f3lo este impuesto o bien combinarlo con otro, o va a ser uno despu\u00e9s de otro y posteriormente se va a sumar, o los sumo los dos y se lo aplico. Lo normal es el valor <em>S\u00f3lo este impuesto<\/em>.<\/p>\n\n\n\n<p>En la siguiente casilla <em><strong>Impuestos<\/strong><\/em>, cuyo valor por defecto es <em>Sin impuestos<\/em>, es donde asociamos el impuesto que hemos creado del 5%.<\/p>\n\n\n\n<p>La \u00faltima casilla que encontraremos es la de <em><strong>Descripci\u00f3n<\/strong><\/em>. Podemos poner una descripci\u00f3n para nosotros, para saber por qu\u00e9 hemos creado el impuesto.<\/p>\n","protected":false},"excerpt":{"rendered":"<p>Para configurar los impuestos en Prestashop, la ruta que debemos seguir es Internacional -> Impuestos. Encontraremos las pesta\u00f1as Impuestos y [&hellip;]<\/p>\n","protected":false},"author":1,"featured_media":0,"parent":2580,"menu_order":2,"comment_status":"closed","ping_status":"closed","template":"","meta":{"_uag_custom_page_level_css":"","site-sidebar-layout":"default","site-content-layout":"","ast-site-content-layout":"default","site-content-style":"default","site-sidebar-style":"default","ast-global-header-display":"","ast-banner-title-visibility":"","ast-main-header-display":"","ast-hfb-above-header-display":"","ast-hfb-below-header-display":"","ast-hfb-mobile-header-display":"","site-post-title":"","ast-breadcrumbs-content":"","ast-featured-img":"","footer-sml-layout":"","ast-disable-related-posts":"","theme-transparent-header-meta":"","adv-header-id-meta":"","stick-header-meta":"","header-above-stick-meta":"","header-main-stick-meta":"","header-below-stick-meta":"","astra-migrate-meta-layouts":"default","ast-page-background-enabled":"default","ast-page-background-meta":{"desktop":{"background-color":"var(--ast-global-color-4)","background-image":"","background-repeat":"repeat","background-position":"center center","background-size":"auto","background-attachment":"scroll","background-type":"","background-media":"","overlay-type":"","overlay-color":"","overlay-opacity":"","overlay-gradient":""},"tablet":{"background-color":"","background-image":"","background-repeat":"repeat","background-position":"center center","background-size":"auto","background-attachment":"scroll","background-type":"","background-media":"","overlay-type":"","overlay-color":"","overlay-opacity":"","overlay-gradient":""},"mobile":{"background-color":"","background-image":"","background-repeat":"repeat","background-position":"center center","background-size":"auto","background-attachment":"scroll","background-type":"","background-media":"","overlay-type":"","overlay-color":"","overlay-opacity":"","overlay-gradient":""}},"ast-content-background-meta":{"desktop":{"background-color":"var(--ast-global-color-5)","background-image":"","background-repeat":"repeat","background-position":"center center","background-size":"auto","background-attachment":"scroll","background-type":"","background-media":"","overlay-type":"","overlay-color":"","overlay-opacity":"","overlay-gradient":""},"tablet":{"background-color":"var(--ast-global-color-5)","background-image":"","background-repeat":"repeat","background-position":"center center","background-size":"auto","background-attachment":"scroll","background-type":"","background-media":"","overlay-type":"","overlay-color":"","overlay-opacity":"","overlay-gradient":""},"mobile":{"background-color":"var(--ast-global-color-5)","background-image":"","background-repeat":"repeat","background-position":"center center","background-size":"auto","background-attachment":"scroll","background-type":"","background-media":"","overlay-type":"","overlay-color":"","overlay-opacity":"","overlay-gradient":""}},"footnotes":""},"class_list":["post-2654","page","type-page","status-publish","hentry"],"uagb_featured_image_src":{"full":false,"thumbnail":false,"medium":false,"medium_large":false,"large":false,"1536x1536":false,"2048x2048":false},"uagb_author_info":{"display_name":"Sutil Web","author_link":"https:\/\/sutilweb.eu\/index.php\/author\/sutilweb\/"},"uagb_comment_info":0,"uagb_excerpt":"Para configurar los impuestos en Prestashop, la ruta que debemos seguir es Internacional -> Impuestos. Encontraremos las pesta\u00f1as Impuestos y [&hellip;]","_links":{"self":[{"href":"https:\/\/sutilweb.eu\/index.php\/wp-json\/wp\/v2\/pages\/2654","targetHints":{"allow":["GET"]}}],"collection":[{"href":"https:\/\/sutilweb.eu\/index.php\/wp-json\/wp\/v2\/pages"}],"about":[{"href":"https:\/\/sutilweb.eu\/index.php\/wp-json\/wp\/v2\/types\/page"}],"author":[{"embeddable":true,"href":"https:\/\/sutilweb.eu\/index.php\/wp-json\/wp\/v2\/users\/1"}],"replies":[{"embeddable":true,"href":"https:\/\/sutilweb.eu\/index.php\/wp-json\/wp\/v2\/comments?post=2654"}],"version-history":[{"count":37,"href":"https:\/\/sutilweb.eu\/index.php\/wp-json\/wp\/v2\/pages\/2654\/revisions"}],"predecessor-version":[{"id":2905,"href":"https:\/\/sutilweb.eu\/index.php\/wp-json\/wp\/v2\/pages\/2654\/revisions\/2905"}],"up":[{"embeddable":true,"href":"https:\/\/sutilweb.eu\/index.php\/wp-json\/wp\/v2\/pages\/2580"}],"wp:attachment":[{"href":"https:\/\/sutilweb.eu\/index.php\/wp-json\/wp\/v2\/media?parent=2654"}],"curies":[{"name":"wp","href":"https:\/\/api.w.org\/{rel}","templated":true}]}}