{"id":2582,"date":"2024-09-10T11:45:21","date_gmt":"2024-09-10T09:45:21","guid":{"rendered":"https:\/\/blog.sutilweb.eu\/?page_id=2582"},"modified":"2024-10-03T12:15:23","modified_gmt":"2024-10-03T10:15:23","slug":"01-instalar-prestashop-8","status":"publish","type":"page","link":"https:\/\/sutilweb.eu\/index.php\/cmss-frameworks\/prestashop\/prestashop-8\/01-instalar-prestashop-8\/","title":{"rendered":"01. Instalar Prestashop 8"},"content":{"rendered":"\n<p>En este primer cap\u00edtulo vamos a ver como instalar Prestashop versi\u00f3n 8. Lo podemos hacer desde varios sitios. Disponemos de la versi\u00f3n de Prestashop desde <a href=\"https:\/\/prestashop.es\/?kw=prestashop+download&amp;cpn=615070727&amp;utm_term=prestashop+download&amp;utm_campaign=.Com+-+ES+-+SN+-+Brandname+-+Download&amp;utm_source=adwords&amp;utm_medium=ppc&amp;hsa_acc=4484307406&amp;hsa_cam=615070727&amp;hsa_grp=35896915091&amp;hsa_ad=478795039328&amp;hsa_src=g&amp;hsa_tgt=kwd-303218937110&amp;hsa_kw=prestashop+download&amp;hsa_mt=b&amp;hsa_net=adwords&amp;hsa_ver=3&amp;gad_source=1&amp;gclid=Cj0KCQjw0Oq2BhCCARIsAA5hubUQn1FhVxXuRLmCbOzi_KN1_sy1LYAW17knrY22IqRb4ySSOWWNeZAaAoBVEALw_wcB\">https:\/\/prestashop.<\/a><a href=\"https:\/\/prestashop.es\/?kw=prestashop+download&amp;cpn=615070727&amp;utm_term=prestashop+download&amp;utm_campaign=.Com+-+ES+-+SN+-+Brandname+-+Download&amp;utm_source=adwords&amp;utm_medium=ppc&amp;hsa_acc=4484307406&amp;hsa_cam=615070727&amp;hsa_grp=35896915091&amp;hsa_ad=478795039328&amp;hsa_src=g&amp;hsa_tgt=kwd-303218937110&amp;hsa_kw=prestashop+download&amp;hsa_mt=b&amp;hsa_net=adwords&amp;hsa_ver=3&amp;gad_source=1&amp;gclid=Cj0KCQjw0Oq2BhCCARIsAA5hubUQn1FhVxXuRLmCbOzi_KN1_sy1LYAW17knrY22IqRb4ySSOWWNeZAaAoBVEALw_wcB\" target=\"_blank\" rel=\"noreferrer noopener nofollow\">es<\/a>, en la cual existe una p\u00e1gina con todas las versiones, a la que se accede desde la URL <a href=\"https:\/\/prestashop.es\/versions\/\" target=\"_blank\" rel=\"noreferrer noopener nofollow\">https:\/\/prestashop.es\/versions\/<\/a> donde tenemos la \u00faltima versi\u00f3n.<\/p>\n\n\n\n<p>En nuestro caso no lo vamos a hacer desde estos enlaces, sino desde el <strong>sitio oficial de Prestashop Project<\/strong> a partir de la versi\u00f3n 8, sobretodo porque est\u00e1 m\u00e1s actualizada y vamos a tener las \u00faltimas versiones disponibles a d\u00eda en el cual lo instalemos. Para ello nos vamos a la URL <a href=\"https:\/\/prestashop-project.org\" target=\"_blank\" rel=\"noreferrer noopener nofollow\">https:\/\/prestashop-project.org<\/a>. Esta es la web del proyecto y no de la empresa, y en la secci\u00f3n de <strong>Download<\/strong> podemos ir a ver las \u00faltimas <strong>Releases<\/strong> o versiones de Prestashop 8. Esto nos lleva a <strong><a href=\"https:\/\/github.com\/PrestaShop\/PrestaShop\" target=\"_blank\" rel=\"noreferrer noopener\">GitHub<\/a><\/strong>, cuya URL es <a href=\"https:\/\/github.com\/PrestaShop\/PrestaShop\/releases\" target=\"_blank\" rel=\"noreferrer noopener nofollow\">https:\/\/github.com\/PrestaShop\/PrestaShop\/releases<\/a>, que es la plataforma donde se suben todos los cambios a nivel de desarrollo, y vemos como tenemos la \u00faltima versi\u00f3n de Prestashop disponible.<\/p>\n\n\n\n<p>Dentro de los ficheros que encontraremos en GitHub tenemos que descargar el que pone <em><strong>Prestashop.zip<\/strong><\/em> (con la \u00faltima versi\u00f3n que indique). Una vez lo tengamos descargado nos dirigimos a nuestro hosting y subimos el fichero.<\/p>\n\n\n\n<p>Una vez tengamos subido el zip en nuestro servidor hay que descomprimirlo, esto nos va a extraer el archivo, el cual incluye otro zip. El zip bueno es el que se llama prestashop.zip, todo lo dem\u00e1s lo podemos eliminar.<\/p>\n\n\n\n<p>Una vez tenemos nuestro Prestashop.zip, lo descomprimimos. De esta forma nos extrae todos los archivos de Prestashop en nuestro servidor. Una vez extra\u00eddos todos los ficheros, podemos borrar el zip que lo \u00fanico que hace es ocupar espacio.<\/p>\n\n\n\n<h2 class=\"wp-block-heading\">Crear la base de datos<\/h2>\n\n\n\n<p>Nuestro Prestashop tiene que estar sincronizado a una base de datos, por lo que tenemos que tener una base de datos que est\u00e9 sincronizada con nuestro Prestashop. Los datos de acceso (nombre de la base de datos, usuario y contrase\u00f1a) a nuestra base de datos los guardamos en un fichero para posteriormente linkar nuestro Prestashop a dicha base de datos.<\/p>\n\n\n\n<p>Una vez tengamos creada la base de datos accedemos directamente al dominio, y comenzamos la configuraci\u00f3n de la creaci\u00f3n de nuestra tienda. Para ello tan s\u00f3lo tenemos que seguir el asistente que nos ir\u00e1 indicando qu\u00e9 campos se han de ir rellenando, entre los que se incluyen la conexi\u00f3n a la base de datos que hayamos creado con anterioridad.<\/p>\n\n\n\n<p>Una vez hemos rellenado todas las casillas y hemos llegado al final, podremos acceder a nuestro Prestashop, tanto a la parte del <strong>Back Office<\/strong> como a la parte del <strong>Front Office<\/strong>. Primero vamos a probar la parte del Back Office, para ello hacemos clic en el bot\u00f3n correspondiente, y nos da una peque\u00f1a seguridad indic\u00e1ndonos que tenemos que eliminar de nuestro hosting la carpeta <em><strong>install<\/strong><\/em>. Una vez borrada la carpeta <em><strong>Install<\/strong><\/em> recargamos y ya no aparece dicho aviso.<\/p>\n\n\n\n<p>Una vez recargada la p\u00e1gina, entramos con el usuario y contrase\u00f1a que nos ha pedido la configuraci\u00f3n de la instalaci\u00f3n en el paso previo. Al hacer login accedemos a nuestro Back Office. Una vez dentro vemos que estamos dentro de un Prestashop limpio con todo instalado y de demo. Vamos a la tienda pinchando en el enlace de arriba a la derecha y vemos que tambi\u00e9n est\u00e1n todas las partes de demo y funcional Prestashop como reci\u00e9n instalado, as\u00ed que ya tenemos nuestro Prestashop instalado de forma correcta en nuestro servidor. <\/p>\n\n\n\n<p>A partir de ahora lo que tenemos que hacer es configurar nuestra tienda, que lo haremos en el siguiente cap\u00edtulo.<\/p>\n","protected":false},"excerpt":{"rendered":"<p>En este primer cap\u00edtulo vamos a ver como instalar Prestashop versi\u00f3n 8. Lo podemos hacer desde varios sitios. Disponemos de [&hellip;]<\/p>\n","protected":false},"author":1,"featured_media":0,"parent":2580,"menu_order":0,"comment_status":"closed","ping_status":"closed","template":"","meta":{"_uag_custom_page_level_css":"","site-sidebar-layout":"default","site-content-layout":"","ast-site-content-layout":"default","site-content-style":"default","site-sidebar-style":"default","ast-global-header-display":"","ast-banner-title-visibility":"","ast-main-header-display":"","ast-hfb-above-header-display":"","ast-hfb-below-header-display":"","ast-hfb-mobile-header-display":"","site-post-title":"","ast-breadcrumbs-content":"","ast-featured-img":"","footer-sml-layout":"","ast-disable-related-posts":"","theme-transparent-header-meta":"","adv-header-id-meta":"","stick-header-meta":"","header-above-stick-meta":"","header-main-stick-meta":"","header-below-stick-meta":"","astra-migrate-meta-layouts":"default","ast-page-background-enabled":"default","ast-page-background-meta":{"desktop":{"background-color":"var(--ast-global-color-4)","background-image":"","background-repeat":"repeat","background-position":"center center","background-size":"auto","background-attachment":"scroll","background-type":"","background-media":"","overlay-type":"","overlay-color":"","overlay-opacity":"","overlay-gradient":""},"tablet":{"background-color":"","background-image":"","background-repeat":"repeat","background-position":"center center","background-size":"auto","background-attachment":"scroll","background-type":"","background-media":"","overlay-type":"","overlay-color":"","overlay-opacity":"","overlay-gradient":""},"mobile":{"background-color":"","background-image":"","background-repeat":"repeat","background-position":"center center","background-size":"auto","background-attachment":"scroll","background-type":"","background-media":"","overlay-type":"","overlay-color":"","overlay-opacity":"","overlay-gradient":""}},"ast-content-background-meta":{"desktop":{"background-color":"var(--ast-global-color-5)","background-image":"","background-repeat":"repeat","background-position":"center center","background-size":"auto","background-attachment":"scroll","background-type":"","background-media":"","overlay-type":"","overlay-color":"","overlay-opacity":"","overlay-gradient":""},"tablet":{"background-color":"var(--ast-global-color-5)","background-image":"","background-repeat":"repeat","background-position":"center center","background-size":"auto","background-attachment":"scroll","background-type":"","background-media":"","overlay-type":"","overlay-color":"","overlay-opacity":"","overlay-gradient":""},"mobile":{"background-color":"var(--ast-global-color-5)","background-image":"","background-repeat":"repeat","background-position":"center center","background-size":"auto","background-attachment":"scroll","background-type":"","background-media":"","overlay-type":"","overlay-color":"","overlay-opacity":"","overlay-gradient":""}},"footnotes":""},"class_list":["post-2582","page","type-page","status-publish","hentry"],"uagb_featured_image_src":{"full":false,"thumbnail":false,"medium":false,"medium_large":false,"large":false,"1536x1536":false,"2048x2048":false},"uagb_author_info":{"display_name":"Sutil Web","author_link":"https:\/\/sutilweb.eu\/index.php\/author\/sutilweb\/"},"uagb_comment_info":0,"uagb_excerpt":"En este primer cap\u00edtulo vamos a ver como instalar Prestashop versi\u00f3n 8. Lo podemos hacer desde varios sitios. Disponemos de [&hellip;]","_links":{"self":[{"href":"https:\/\/sutilweb.eu\/index.php\/wp-json\/wp\/v2\/pages\/2582","targetHints":{"allow":["GET"]}}],"collection":[{"href":"https:\/\/sutilweb.eu\/index.php\/wp-json\/wp\/v2\/pages"}],"about":[{"href":"https:\/\/sutilweb.eu\/index.php\/wp-json\/wp\/v2\/types\/page"}],"author":[{"embeddable":true,"href":"https:\/\/sutilweb.eu\/index.php\/wp-json\/wp\/v2\/users\/1"}],"replies":[{"embeddable":true,"href":"https:\/\/sutilweb.eu\/index.php\/wp-json\/wp\/v2\/comments?post=2582"}],"version-history":[{"count":37,"href":"https:\/\/sutilweb.eu\/index.php\/wp-json\/wp\/v2\/pages\/2582\/revisions"}],"predecessor-version":[{"id":3937,"href":"https:\/\/sutilweb.eu\/index.php\/wp-json\/wp\/v2\/pages\/2582\/revisions\/3937"}],"up":[{"embeddable":true,"href":"https:\/\/sutilweb.eu\/index.php\/wp-json\/wp\/v2\/pages\/2580"}],"wp:attachment":[{"href":"https:\/\/sutilweb.eu\/index.php\/wp-json\/wp\/v2\/media?parent=2582"}],"curies":[{"name":"wp","href":"https:\/\/api.w.org\/{rel}","templated":true}]}}