{"id":221,"date":"2024-05-21T09:54:24","date_gmt":"2024-05-21T07:54:24","guid":{"rendered":"https:\/\/blog.sutilweb.eu\/?page_id=221"},"modified":"2024-05-21T09:54:24","modified_gmt":"2024-05-21T07:54:24","slug":"45-elementos-semanticos-html","status":"publish","type":"page","link":"https:\/\/sutilweb.eu\/index.php\/lenguajes\/html5\/html5-manual\/45-elementos-semanticos-html\/","title":{"rendered":"45. Elementos sem\u00e1nticos HTML"},"content":{"rendered":"\n<h2 class=\"wp-block-heading\">Que son elementos sem\u00e1nticos<\/h2>\n\n\n\n<p>Un elemento sem\u00e1ntico describe claramente su significado tanto para el navegador como para el desarrollador.&nbsp;Ejemplos de elementos no sem\u00e1nticos: <strong><em>&lt;div&gt;<\/em><\/strong> y <strong><em>&lt;span&gt;<\/em><\/strong>: no dice nada sobre su contenido.&nbsp;Ejemplos de elementos sem\u00e1nticos: <strong><em>&lt;form&gt;<\/em><\/strong>, <strong><em>&lt;table&gt;<\/em><\/strong> y <strong><em>&lt;article&gt;<\/em><\/strong> &#8211; Define claramente su contenido.<\/p>\n\n\n\n<!--more-->\n\n\n\n<h2 class=\"wp-block-heading\">Elementos sem\u00e1nticos en HTML<\/h2>\n\n\n\n<p>Muchos sitios web contienen c\u00f3digo HTML como: <strong><em>&lt;div id=\u00bbnav\u00bb&gt;<\/em> <em>&lt;div class=\u00bbheader\u00bb&gt;<\/em> <em>&lt;div id=\u00bbfooter\u00bb&gt;<\/em><\/strong> para indicar navegaci\u00f3n, <strong>encabezado<\/strong> y <strong>pie<\/strong> de p\u00e1gina.<\/p>\n\n\n\n<p>En HTML hay algunos elementos sem\u00e1nticos que se pueden usar para definir diferentes partes de una p\u00e1gina web:<\/p>\n\n\n\n<figure class=\"wp-block-image size-full\"><img loading=\"lazy\" decoding=\"async\" width=\"638\" height=\"345\" src=\"https:\/\/blog.sutilweb.eu\/wp-content\/uploads\/2024\/05\/Elementos-semanticos-en-HTML5.png\" alt=\"\" class=\"wp-image-223\" srcset=\"https:\/\/sutilweb.eu\/wp-content\/uploads\/2024\/05\/Elementos-semanticos-en-HTML5.png 638w, https:\/\/sutilweb.eu\/wp-content\/uploads\/2024\/05\/Elementos-semanticos-en-HTML5-300x162.png 300w\" sizes=\"auto, (max-width: 638px) 100vw, 638px\" \/><\/figure>\n\n\n\n<h2 class=\"wp-block-heading\">El elemento &lt;section&gt;<\/h2>\n\n\n\n<p>El elemento <strong><em>&lt;section&gt;<\/em><\/strong> define una secci\u00f3n en un documento.&nbsp;De acuerdo con la documentaci\u00f3n HTML de W3C: \u00abUna secci\u00f3n es una agrupaci\u00f3n tem\u00e1tica de contenido, generalmente con un encabezado\u00bb.&nbsp;Ejemplos de d\u00f3nde se puede usar un elemento <strong><em>&lt;section&gt;<\/em><\/strong>:<\/p>\n\n\n\n<ul class=\"wp-block-list\">\n<li>Cap\u00edtulos<\/li>\n\n\n\n<li>Introducci\u00f3n<\/li>\n\n\n\n<li>Noticias<\/li>\n\n\n\n<li>Informaci\u00f3n de contacto<\/li>\n<\/ul>\n\n\n\n<p>Normalmente, una p\u00e1gina web se puede dividir en secciones para la introducci\u00f3n, el contenido y la informaci\u00f3n de contacto.<\/p>\n\n\n\n<h2 class=\"wp-block-heading\">El elemento &lt;article&gt;<\/h2>\n\n\n\n<p>El elemento <strong><em>&lt;article&gt;<\/em><\/strong> especifica contenido independiente. Un art\u00edculo debe tener sentido por s\u00ed mismo y debe ser posible distribuirlo independientemente del resto del sitio web.&nbsp;Ejemplos de d\u00f3nde se puede usar el elemento <strong><em>&lt;article&gt;<\/em><\/strong>:<\/p>\n\n\n\n<ul class=\"wp-block-list\">\n<li>Mensajes del foro<\/li>\n\n\n\n<li>Publicaciones de blog<\/li>\n\n\n\n<li>Comentarios del usuario<\/li>\n\n\n\n<li>Tarjetas de productos<\/li>\n\n\n\n<li>Art\u00edculos del peri\u00f3dico<\/li>\n<\/ul>\n\n\n\n<h2 class=\"wp-block-heading\">Anidar &lt;article&gt; en &lt;section&gt; o viceversa<\/h2>\n\n\n\n<p>El elemento <strong><em>&lt;article&gt;<\/em><\/strong> especifica contenido independiente e independiente. El elemento <strong><em>&lt;section&gt;<\/em><\/strong> define la secci\u00f3n en un documento. \u00bfPodemos usar las definiciones para decidir c\u00f3mo anidar esos elementos? \u00a1No podemos!. Por lo tanto, encontrar\u00e1s p\u00e1ginas HTML con elementos <strong><em>&lt;section&gt;<\/em><\/strong> que contienen elementos <strong><em>&lt;article&gt;<\/em><\/strong> y elementos <strong><em>&lt;article&gt;<\/em><\/strong> que contienen elementos <strong><em>&lt;section&gt;<\/em><\/strong>.<\/p>\n\n\n\n<h2 class=\"wp-block-heading\">El elemento &lt;header&gt;<\/h2>\n\n\n\n<p>El elemento <strong><em>&lt;header&gt;<\/em><\/strong> representa un contenedor de contenido introductorio o un conjunto de enlaces de navegaci\u00f3n.&nbsp;Un elemento <strong><em>&lt;header&gt;<\/em><\/strong> normalmente contiene:<\/p>\n\n\n\n<ul class=\"wp-block-list\">\n<li>uno o m\u00e1s elementos de encabezado (&lt;h1> &#8211; &lt;h6>)<\/li>\n\n\n\n<li>logotipo o icono<\/li>\n\n\n\n<li>informaci\u00f3n de autor\u00eda<\/li>\n<\/ul>\n\n\n\n<blockquote class=\"wp-block-quote is-layout-flow wp-block-quote-is-layout-flow\">\n<p><strong>Nota<\/strong>: Puedes tener varios elementos <strong><em>&lt;header&gt;<\/em><\/strong> en un documento HTML. Sin embargo, <strong><em>&lt;header&gt;<\/em><\/strong> no se puede colocar dentro de un <strong><em>&lt;footer&gt;<\/em><\/strong>, <strong><em>&lt;address&gt;<\/em><\/strong> u otro elemento <strong><em>&lt;header&gt;.<\/em><\/strong><\/p>\n<\/blockquote>\n\n\n\n<p><strong>Ejm<\/strong><\/p>\n\n\n\n<pre class=\"wp-block-preformatted\">&lt;!DOCTYPE html&gt;\n&lt;html&gt;\n&lt;body&gt;\n\n&lt;article&gt;\n&lt;header&gt;\n&lt;h1&gt;What Does WWF Do?&lt;\/h1&gt;\n&lt;p&gt;WWF's mission:&lt;\/p&gt;\n&lt;\/header&gt;\n&lt;p&gt;WWF's mission is to stop the degradation of our planet's \nnatural environment, and build a future in which humans live \nin harmony with nature.&lt;\/p&gt;\n&lt;\/article&gt;\n\n&lt;\/body&gt;\n&lt;\/html&gt;<\/pre>\n\n\n\n<h2 class=\"wp-block-heading\">El elemento &lt;footer&gt;<\/h2>\n\n\n\n<p>El elemento <strong><em>&lt;footer&gt;<\/em><\/strong> define un pie de p\u00e1gina para un documento o secci\u00f3n.&nbsp;Un elemento <strong><em>&lt;footer&gt;<\/em><\/strong> normalmente contiene:<\/p>\n\n\n\n<ul class=\"wp-block-list\">\n<li>Informaci\u00f3n de autor\u00eda<\/li>\n\n\n\n<li>Informaci\u00f3n registrada<\/li>\n\n\n\n<li>Informaci\u00f3n del contacto<\/li>\n\n\n\n<li>Mapa del sitio<\/li>\n\n\n\n<li>Volver a los enlaces superiores<\/li>\n\n\n\n<li>Documentos relacionados<\/li>\n<\/ul>\n\n\n\n<p>Puedes encontrar diferentes <strong><em>&lt;footer&gt;<\/em><\/strong> en un documento HTML.<\/p>\n\n\n\n<h2 class=\"wp-block-heading\">El elemento &lt;nav&gt;<\/h2>\n\n\n\n<p>El elemento <strong><em>&lt;nav&gt;<\/em><\/strong> define un set de enlaces de navegaci\u00f3n.<\/p>\n\n\n\n<p>Ten en cuenta que NO todos los enlaces de un documento deben estar dentro de un elemento <strong><em>&lt;nav&gt;<\/em><\/strong>. El elemento <strong><em>&lt;nav&gt;<\/em><\/strong> est\u00e1 dise\u00f1ado solo para el bloque principal de enlaces de navegaci\u00f3n. Los navegadores, como los lectores de pantalla para usuarios discapacitados, pueden usar este elemento para determinar si omitir la representaci\u00f3n inicial de este contenido.<\/p>\n\n\n\n<h2 class=\"wp-block-heading\">El elemento &lt;aside&gt;<\/h2>\n\n\n\n<p>El elemento <strong><em>&lt;aside&gt;<\/em><\/strong> define alg\u00fan contenido adem\u00e1s del contenido en el que se coloca (como una barra lateral). El contenido <strong><em>&lt;aside&gt;<\/em><\/strong> debe estar indirectamente relacionado con el contenido circundante.<\/p>\n\n\n\n<h2 class=\"wp-block-heading\">Los elementos &lt;figure&gt; y &lt;figcaption&gt;<\/h2>\n\n\n\n<p>La etiqueta <strong><em>&lt;figure&gt;<\/em><\/strong> especifica contenido independiente, como ilustraciones, diagramas, fotos, listas de c\u00f3digos, etc. La etiqueta <strong><em>&lt;figcaption&gt;<\/em><\/strong> define un t\u00edtulo para un elemento <strong><em>&lt;figure&gt;<\/em><\/strong>. El elemento <strong><em>&lt;figcaption&gt;<\/em><\/strong> se puede colocar como el primero o como el \u00faltimo hijo de un elemento <strong><em>&lt;figure&gt;<\/em><\/strong>. El elemento <strong><em>&lt;img&gt;<\/em><\/strong> define la imagen\/ilustraci\u00f3n real.<\/p>\n\n\n\n<p><strong>Ejm<\/strong><\/p>\n\n\n\n<pre class=\"wp-block-preformatted\">&lt;!DOCTYPE html&gt;\n&lt;html&gt;\n&lt;body&gt;\n\n&lt;h2&gt;Places to Visit&lt;\/h2&gt;\n\n&lt;p&gt;Puglia's most famous sight is the unique conical houses\n (Trulli) found in the area around Alberobello, a declared UNESCO\n World Heritage Site.&lt;\/p&gt;\n\n&lt;figure&gt;\n&lt;img src=\"pic_trulli.jpg\" alt=\"Trulli\" style=\"width:100%\"&gt;\n&lt;figcaption&gt;Fig.1 - Trulli, Puglia, Italy.&lt;\/figcaption&gt;\n&lt;\/figure&gt;\n\n&lt;\/body&gt;\n&lt;\/html&gt;<\/pre>\n\n\n\n<h2 class=\"wp-block-heading\">Por qu\u00e9 elementos sem\u00e1nticos<\/h2>\n\n\n\n<p>Seg\u00fan el W3C: \u00abUna Web sem\u00e1ntica permite que los datos se compartan y reutilicen entre aplicaciones, empresas y comunidades\u00bb.<\/p>\n","protected":false},"excerpt":{"rendered":"<p>Que son elementos sem\u00e1nticos Un elemento sem\u00e1ntico describe claramente su significado tanto para el navegador como para el desarrollador.&nbsp;Ejemplos de [&hellip;]<\/p>\n","protected":false},"author":1,"featured_media":0,"parent":41,"menu_order":44,"comment_status":"closed","ping_status":"closed","template":"","meta":{"_uag_custom_page_level_css":"","site-sidebar-layout":"default","site-content-layout":"","ast-site-content-layout":"default","site-content-style":"default","site-sidebar-style":"default","ast-global-header-display":"","ast-banner-title-visibility":"","ast-main-header-display":"","ast-hfb-above-header-display":"","ast-hfb-below-header-display":"","ast-hfb-mobile-header-display":"","site-post-title":"","ast-breadcrumbs-content":"","ast-featured-img":"","footer-sml-layout":"","ast-disable-related-posts":"","theme-transparent-header-meta":"","adv-header-id-meta":"","stick-header-meta":"","header-above-stick-meta":"","header-main-stick-meta":"","header-below-stick-meta":"","astra-migrate-meta-layouts":"default","ast-page-background-enabled":"default","ast-page-background-meta":{"desktop":{"background-color":"var(--ast-global-color-4)","background-image":"","background-repeat":"repeat","background-position":"center center","background-size":"auto","background-attachment":"scroll","background-type":"","background-media":"","overlay-type":"","overlay-color":"","overlay-opacity":"","overlay-gradient":""},"tablet":{"background-color":"","background-image":"","background-repeat":"repeat","background-position":"center center","background-size":"auto","background-attachment":"scroll","background-type":"","background-media":"","overlay-type":"","overlay-color":"","overlay-opacity":"","overlay-gradient":""},"mobile":{"background-color":"","background-image":"","background-repeat":"repeat","background-position":"center center","background-size":"auto","background-attachment":"scroll","background-type":"","background-media":"","overlay-type":"","overlay-color":"","overlay-opacity":"","overlay-gradient":""}},"ast-content-background-meta":{"desktop":{"background-color":"var(--ast-global-color-5)","background-image":"","background-repeat":"repeat","background-position":"center center","background-size":"auto","background-attachment":"scroll","background-type":"","background-media":"","overlay-type":"","overlay-color":"","overlay-opacity":"","overlay-gradient":""},"tablet":{"background-color":"var(--ast-global-color-5)","background-image":"","background-repeat":"repeat","background-position":"center center","background-size":"auto","background-attachment":"scroll","background-type":"","background-media":"","overlay-type":"","overlay-color":"","overlay-opacity":"","overlay-gradient":""},"mobile":{"background-color":"var(--ast-global-color-5)","background-image":"","background-repeat":"repeat","background-position":"center center","background-size":"auto","background-attachment":"scroll","background-type":"","background-media":"","overlay-type":"","overlay-color":"","overlay-opacity":"","overlay-gradient":""}},"footnotes":""},"class_list":["post-221","page","type-page","status-publish","hentry"],"uagb_featured_image_src":{"full":false,"thumbnail":false,"medium":false,"medium_large":false,"large":false,"1536x1536":false,"2048x2048":false},"uagb_author_info":{"display_name":"Sutil Web","author_link":"https:\/\/sutilweb.eu\/index.php\/author\/sutilweb\/"},"uagb_comment_info":0,"uagb_excerpt":"Que son elementos sem\u00e1nticos Un elemento sem\u00e1ntico describe claramente su significado tanto para el navegador como para el desarrollador.&nbsp;Ejemplos de [&hellip;]","_links":{"self":[{"href":"https:\/\/sutilweb.eu\/index.php\/wp-json\/wp\/v2\/pages\/221","targetHints":{"allow":["GET"]}}],"collection":[{"href":"https:\/\/sutilweb.eu\/index.php\/wp-json\/wp\/v2\/pages"}],"about":[{"href":"https:\/\/sutilweb.eu\/index.php\/wp-json\/wp\/v2\/types\/page"}],"author":[{"embeddable":true,"href":"https:\/\/sutilweb.eu\/index.php\/wp-json\/wp\/v2\/users\/1"}],"replies":[{"embeddable":true,"href":"https:\/\/sutilweb.eu\/index.php\/wp-json\/wp\/v2\/comments?post=221"}],"version-history":[{"count":2,"href":"https:\/\/sutilweb.eu\/index.php\/wp-json\/wp\/v2\/pages\/221\/revisions"}],"predecessor-version":[{"id":224,"href":"https:\/\/sutilweb.eu\/index.php\/wp-json\/wp\/v2\/pages\/221\/revisions\/224"}],"up":[{"embeddable":true,"href":"https:\/\/sutilweb.eu\/index.php\/wp-json\/wp\/v2\/pages\/41"}],"wp:attachment":[{"href":"https:\/\/sutilweb.eu\/index.php\/wp-json\/wp\/v2\/media?parent=221"}],"curies":[{"name":"wp","href":"https:\/\/api.w.org\/{rel}","templated":true}]}}