{"id":1919,"date":"2024-08-03T09:10:35","date_gmt":"2024-08-03T07:10:35","guid":{"rendered":"https:\/\/blog.sutilweb.eu\/?page_id=1919"},"modified":"2024-08-03T09:10:36","modified_gmt":"2024-08-03T07:10:36","slug":"10-crear-una-tienda-online-con-woocommerce","status":"publish","type":"page","link":"https:\/\/sutilweb.eu\/index.php\/cmss-frameworks\/wordpress-2\/wordpress-basico\/10-crear-una-tienda-online-con-woocommerce\/","title":{"rendered":"10. Crear una Tienda Online con WooCommerce"},"content":{"rendered":"\n<p>Una de las cosas que <strong>WordPress<\/strong> permite, y adem\u00e1s de manera sumamente f\u00e1cil y al mismo tiempo profesional, es el <strong>e-commerce<\/strong>, lo cual es fant\u00e1stico ya que puedes incluir una tienda en tu sitio web donde tienes.<\/p>\n\n\n\n<!--more-->\n\n\n\n<p>Hacer&nbsp;una <strong>tienda online<\/strong> en <strong>WordPress<\/strong> es f\u00e1cil y gratuito, gracias al plugin&nbsp;<a href=\"http:\/\/www.woothemes.com\/woocommerce\/\" target=\"_blank\" rel=\"noreferrer noopener\">WooCommerce<\/a>. A continuaci\u00f3n te explicamos paso a paso c\u00f3mo crear una <strong>Tienda Online<\/strong> con <strong>WordPress<\/strong>:<\/p>\n\n\n\n<h2 class=\"wp-block-heading\">A\u00f1adir plugin<\/h2>\n\n\n\n<p>Lo primero que tenemos que hacer es instalar el plugin en nuestro WordPress, para ello.<\/p>\n\n\n\n<p><strong>Ve a <em>Plugins &gt; A\u00f1adir Nuevo<\/em><\/strong>&nbsp;y busca&nbsp;<strong>WooCommerce<\/strong>. Inst\u00e1lalo y act\u00edvalo.<\/p>\n\n\n\n<p>Al activar <strong>WooCommerce<\/strong>, en la parte de arriba aparecen algunos botones en color morado. Uno de ellos da la posibilidad de instalar autom\u00e1ticamente las p\u00e1ginas b\u00e1sicas para tu tienda online. Haz click para <strong>instalar las p\u00e1ginas de WooCommerce<\/strong>.<\/p>\n\n\n\n<h2 class=\"wp-block-heading\">WooCommerce y Productos<\/h2>\n\n\n\n<p>En el men\u00fa principal de la izquierda del panel de <strong>WordPress<\/strong> hay dos nuevas secciones: <strong>WooCommerce<\/strong>&nbsp;y&nbsp;<strong>Productos<\/strong>.<\/p>\n\n\n\n<p>Haz click en&nbsp;<strong>WooCommerce &gt; Ajustes<\/strong>&nbsp;y configura todos los aspectos b\u00e1sicos de tu e-commerce:&nbsp;<strong>moneda<\/strong>,&nbsp;<strong>m\u00e9todos de pago y env\u00edo, impuestos, registro de clientes, correos electr\u00f3nicos, etc.<\/strong><\/p>\n\n\n\n<blockquote class=\"wp-block-quote is-layout-flow wp-block-quote-is-layout-flow\">\n<p><strong>Nota<\/strong>: Es muy importante que en estos ajustes asignes correctamente las p\u00e1ginas que van a realizar cada una de las fumciones de la tienda, como son la p\u00e1gina base de la tienda que mostrar\u00e1 los productos, carrito, pago, t\u00e9rminos y condiciones, etc.<\/p>\n<\/blockquote>\n\n\n\n<h2 class=\"wp-block-heading\">A\u00f1adir productos<\/h2>\n\n\n\n<p>Comienza a crear tus productos, para ello.<\/p>\n\n\n\n<p><strong>Ve a <em>Productos &gt; A\u00f1adir Nuevo<\/em><\/strong> y crea tu primer producto. Al igual que en el caso de las p\u00e1ginas y entradas, en la pantalla de producto debes poner un&nbsp; <strong>t\u00edtulo<\/strong>,&nbsp;<strong>contenido<\/strong>&nbsp;para la ficha del producto,&nbsp;<strong>categor\u00eda<\/strong> de&nbsp; producto, <strong>imagen<\/strong>&nbsp;destacada,&nbsp;<strong>variaciones<\/strong>&nbsp;del producto,&nbsp;<strong>precio, stock, m\u00e9todos de env\u00edo, promociones&#8230;<\/strong><\/p>\n\n\n\n<p>Una vez lo tengas completo, haz clic en <strong>Publicar<\/strong>. Este proceso deber\u00e1s realizarlo con todos los productos que vayas a incluir en tu <strong>tienda online<\/strong>.<\/p>\n\n\n\n<h2 class=\"wp-block-heading\">A\u00f1ade tu tienda al men\u00fa<\/h2>\n\n\n\n<p><strong>Es importante que a\u00f1adas tu tienda al men\u00fa de tu p\u00e1gina web<\/strong>. para ello v<strong>e a <em>Apariencia &gt; Men\u00fas<\/em><\/strong> y elige el men\u00fa principal que creaste con anterioridad. Busca en la parte de la izquierda la p\u00e1gina de tienda, que tendr\u00e1 el nombre en ingl\u00e9s: Shop.<\/p>\n\n\n\n<p>Tienes dos opciones: puedes ir a <strong><em>P\u00e1ginas<\/em><\/strong>, buscar la p\u00e1gina <strong><em>Shop<\/em> <\/strong>y editar su t\u00edtulo o a\u00f1adir directamente al men\u00fa la p\u00e1gina <strong><em>Shop<\/em> <\/strong>y cambiar la etiqueta de navegaci\u00f3n para que ponga <strong><em>Tienda<\/em><\/strong>.<\/p>\n\n\n\n<p>Una vez a\u00f1adido,&nbsp;<strong>guarda el men\u00fa y ve a <em>Visitar Sitio<\/em><\/strong>&nbsp;para comprobar que tienes ya tu bot\u00f3n&nbsp;<em><strong>Tienda<\/strong>&nbsp;<\/em>en el men\u00fa superior de la web.<\/p>\n\n\n\n<h2 class=\"wp-block-heading\">Categor\u00edas de productos<\/h2>\n\n\n\n<p>Puedes a\u00f1adir tambi\u00e9n&nbsp;<strong>categor\u00edas de productos al men\u00fa<\/strong>, de tal manera que puedes ofrecer al usuario la posibilidad de navegar directamente hasta la secci\u00f3n o producto que desee. Para ello, en <em><strong>Apariencia &gt; Men\u00fas<\/strong><\/em>&nbsp;selecciona&nbsp;<em><strong>Categor\u00edas de Producto<\/strong><\/em>&nbsp;en la zona izquierda de la secci\u00f3n.<\/p>\n\n\n\n<p>Si no tienes habilitada esta cajita, ve a la parte superior de la secci\u00f3n, despliega la pesta\u00f1a&nbsp;<em><strong>Opciones de p\u00e1gina<\/strong><\/em>&nbsp;y marca la casilla&nbsp;<strong><em>Categor\u00edas de producto<\/em>.<\/strong><\/p>\n\n\n\n<h2 class=\"wp-block-heading\">Men\u00fa de categor\u00edas de productos<\/h2>\n\n\n\n<p>Lo que tambi\u00e9n puedes hacer es <strong>colocar un men\u00fa de categor\u00edas de productos<\/strong> en tu <strong>barra lateral<\/strong> (<strong>sidebar<\/strong>) de la tienda mediante un <strong>widget<\/strong>. Para ello, <strong>ve a <em>Apariencia &gt; Widgets<\/em><\/strong>&nbsp;y arrastra desde la izquierda la caja de&nbsp;<em><strong>widget Categor\u00edas de productos<\/strong><\/em>&nbsp;y col\u00f3cala en el \u00e1rea de <strong>widget<\/strong> que prefieras. As\u00ed har\u00e1s que tu tienda sea mucho m\u00e1s usable que si \u00fanicamente pusieras todos los productos sin posibilidad de filtrar la navegaci\u00f3n.<\/p>\n","protected":false},"excerpt":{"rendered":"<p>Una de las cosas que WordPress permite, y adem\u00e1s de manera sumamente f\u00e1cil y al mismo tiempo profesional, es el [&hellip;]<\/p>\n","protected":false},"author":1,"featured_media":0,"parent":1877,"menu_order":9,"comment_status":"closed","ping_status":"closed","template":"","meta":{"_uag_custom_page_level_css":"","site-sidebar-layout":"default","site-content-layout":"","ast-site-content-layout":"default","site-content-style":"default","site-sidebar-style":"default","ast-global-header-display":"","ast-banner-title-visibility":"","ast-main-header-display":"","ast-hfb-above-header-display":"","ast-hfb-below-header-display":"","ast-hfb-mobile-header-display":"","site-post-title":"","ast-breadcrumbs-content":"","ast-featured-img":"","footer-sml-layout":"","ast-disable-related-posts":"","theme-transparent-header-meta":"","adv-header-id-meta":"","stick-header-meta":"","header-above-stick-meta":"","header-main-stick-meta":"","header-below-stick-meta":"","astra-migrate-meta-layouts":"default","ast-page-background-enabled":"default","ast-page-background-meta":{"desktop":{"background-color":"var(--ast-global-color-4)","background-image":"","background-repeat":"repeat","background-position":"center center","background-size":"auto","background-attachment":"scroll","background-type":"","background-media":"","overlay-type":"","overlay-color":"","overlay-opacity":"","overlay-gradient":""},"tablet":{"background-color":"","background-image":"","background-repeat":"repeat","background-position":"center center","background-size":"auto","background-attachment":"scroll","background-type":"","background-media":"","overlay-type":"","overlay-color":"","overlay-opacity":"","overlay-gradient":""},"mobile":{"background-color":"","background-image":"","background-repeat":"repeat","background-position":"center center","background-size":"auto","background-attachment":"scroll","background-type":"","background-media":"","overlay-type":"","overlay-color":"","overlay-opacity":"","overlay-gradient":""}},"ast-content-background-meta":{"desktop":{"background-color":"var(--ast-global-color-5)","background-image":"","background-repeat":"repeat","background-position":"center center","background-size":"auto","background-attachment":"scroll","background-type":"","background-media":"","overlay-type":"","overlay-color":"","overlay-opacity":"","overlay-gradient":""},"tablet":{"background-color":"var(--ast-global-color-5)","background-image":"","background-repeat":"repeat","background-position":"center center","background-size":"auto","background-attachment":"scroll","background-type":"","background-media":"","overlay-type":"","overlay-color":"","overlay-opacity":"","overlay-gradient":""},"mobile":{"background-color":"var(--ast-global-color-5)","background-image":"","background-repeat":"repeat","background-position":"center center","background-size":"auto","background-attachment":"scroll","background-type":"","background-media":"","overlay-type":"","overlay-color":"","overlay-opacity":"","overlay-gradient":""}},"footnotes":""},"class_list":["post-1919","page","type-page","status-publish","hentry"],"uagb_featured_image_src":{"full":false,"thumbnail":false,"medium":false,"medium_large":false,"large":false,"1536x1536":false,"2048x2048":false},"uagb_author_info":{"display_name":"Sutil Web","author_link":"https:\/\/sutilweb.eu\/index.php\/author\/sutilweb\/"},"uagb_comment_info":0,"uagb_excerpt":"Una de las cosas que WordPress permite, y adem\u00e1s de manera sumamente f\u00e1cil y al mismo tiempo profesional, es el [&hellip;]","_links":{"self":[{"href":"https:\/\/sutilweb.eu\/index.php\/wp-json\/wp\/v2\/pages\/1919","targetHints":{"allow":["GET"]}}],"collection":[{"href":"https:\/\/sutilweb.eu\/index.php\/wp-json\/wp\/v2\/pages"}],"about":[{"href":"https:\/\/sutilweb.eu\/index.php\/wp-json\/wp\/v2\/types\/page"}],"author":[{"embeddable":true,"href":"https:\/\/sutilweb.eu\/index.php\/wp-json\/wp\/v2\/users\/1"}],"replies":[{"embeddable":true,"href":"https:\/\/sutilweb.eu\/index.php\/wp-json\/wp\/v2\/comments?post=1919"}],"version-history":[{"count":2,"href":"https:\/\/sutilweb.eu\/index.php\/wp-json\/wp\/v2\/pages\/1919\/revisions"}],"predecessor-version":[{"id":1921,"href":"https:\/\/sutilweb.eu\/index.php\/wp-json\/wp\/v2\/pages\/1919\/revisions\/1921"}],"up":[{"embeddable":true,"href":"https:\/\/sutilweb.eu\/index.php\/wp-json\/wp\/v2\/pages\/1877"}],"wp:attachment":[{"href":"https:\/\/sutilweb.eu\/index.php\/wp-json\/wp\/v2\/media?parent=1919"}],"curies":[{"name":"wp","href":"https:\/\/api.w.org\/{rel}","templated":true}]}}