{"id":1916,"date":"2024-08-03T09:09:43","date_gmt":"2024-08-03T07:09:43","guid":{"rendered":"https:\/\/blog.sutilweb.eu\/?page_id=1916"},"modified":"2024-08-03T09:09:44","modified_gmt":"2024-08-03T07:09:44","slug":"09-crear-entradas-posts-o-articulos-en-wordpress","status":"publish","type":"page","link":"https:\/\/sutilweb.eu\/index.php\/cmss-frameworks\/wordpress-2\/wordpress-basico\/09-crear-entradas-posts-o-articulos-en-wordpress\/","title":{"rendered":"09. Crear entradas, posts o art\u00edculos en WordPress"},"content":{"rendered":"\n<p>La creaci\u00f3n de <strong>entradas<\/strong> es una de las funcionalidades b\u00e1sicas y principales de <strong>WordPress<\/strong> desde el principio, y se trata de un proceso sencillo y sumamente poderoso.<\/p>\n\n\n\n<!--more-->\n\n\n\n<p>Para crear una entrada tenemos que seguir la siguiente ruta:<\/p>\n\n\n\n<p><strong>Ve a <em>Entradas &gt; A\u00f1adir Nueva<\/em><\/strong> y crea tu primera entrada. Pon un t\u00edtulo adecuado a tu art\u00edculo y escribe el contenido. Tambi\u00e9n puedes a\u00f1adir contenido multimedia haciendo click en <strong>A\u00f1adir Objeto<\/strong>. Aqu\u00ed accedes a tu <strong>librer\u00eda multimedia <\/strong>en la que puedes subir cualquier <strong>imagen<\/strong>, <strong>foto<\/strong> o <strong>icono<\/strong> que quieras. Pon muchos iconos para adornar visualmente el contenido y ayudar a los usuarios a leer con mayor comodidad.<\/p>\n\n\n\n<h2 class=\"wp-block-heading\">Textos largos<\/h2>\n\n\n\n<p>Entre los textos largos es importante a\u00f1adir im\u00e1genes para la experiencia del usuario.<\/p>\n\n\n\n<h2 class=\"wp-block-heading\">Categor\u00edas<\/h2>\n\n\n\n<p>No olvides asignar una&nbsp;<strong>categor\u00eda<\/strong>&nbsp;a tu art\u00edculo en la parte derecha de la zona de edici\u00f3n. Las <strong>categor\u00edas<\/strong> deben ser tem\u00e1ticas centrales de tu sitio, no pongas muchas, pon nombres descriptivos y gen\u00e9ricos.<\/p>\n\n\n\n<h2 class=\"wp-block-heading\">Imagen principal<\/h2>\n\n\n\n<p>A\u00f1ade una&nbsp;<strong>imagen de cabecera principal<\/strong>. Ve a la zona inferior derecha de la zona de edici\u00f3n de entrada y haz click en&nbsp;<strong>Imagen destacada<\/strong>. De nuevo accedes a la <strong>librer\u00eda multimedia<\/strong>. Coloca una cabecera para tu post que sea atractiva, con un texto para aumentar la interacci\u00f3n de&nbsp;los usuarios cuando la vean en redes sociales, con elementos modernos y gr\u00e1ficamente potentes, bien dise\u00f1ados. A veces los usuarios lo primero que ven de tu post es la <strong>cabecera<\/strong>,&nbsp;y de ella puede depender que entren a visitar el art\u00edculo o no.<\/p>\n\n\n\n<h2 class=\"wp-block-heading\">Comentarios<\/h2>\n\n\n\n<p>Aseg\u00farate de que has dejado marcada la casilla de&nbsp;<strong>Permitir Comentarios<\/strong>&nbsp;para que los usuarios te dejen opiniones y exista una interacci\u00f3n. Adem\u00e1s, los comentarios benefician el posicionamiento <strong>SEO<\/strong>.<\/p>\n\n\n\n<h2 class=\"wp-block-heading\">Contenido de calidad<\/h2>\n\n\n\n<p>Escribe <strong>contenido de calidad,<\/strong>&nbsp;que sea&nbsp;<strong>original y \u00fatil,<\/strong>&nbsp;que los usuarios compartan, que la gente lea de verdad de principio a fin y consigas un&nbsp;<strong>tiempo de permanencia<\/strong> alto&nbsp;lo cual mejorar\u00e1 tu <strong>SEO<\/strong>.<\/p>\n\n\n\n<h2 class=\"wp-block-heading\">Plagio ni copia<\/h2>\n\n\n\n<p>Nunca copies o plagies contenido de otras webs o blogs. Lo \u00fanico que conseguir\u00e1s es obtener mala reputaci\u00f3n, lo que penalizar\u00e1 tu posicionamiento SEO.<\/p>\n\n\n\n<h2 class=\"wp-block-heading\">Consejos para buenos t\u00edtulos en tus entradas<\/h2>\n\n\n\n<h3 class=\"wp-block-heading\">1. Palabras clave<\/h3>\n\n\n\n<p><strong>Pon palabras clave<\/strong>&nbsp;que tengan muchas b\u00fasquedas mensuales. Usa herramientas como&nbsp;<a href=\"https:\/\/www.google.es\/trends\/\" target=\"_blank\" rel=\"noreferrer noopener\">Google Trends<\/a>,&nbsp;<a href=\"https:\/\/adwords.google.com\/KeywordPlanner#start\" target=\"_blank\" rel=\"noreferrer noopener\">Planificador de palabras clave de Google Adwords&nbsp;<\/a>y&nbsp;<a href=\"http:\/\/keywordtool.io\/\" target=\"_blank\" rel=\"noreferrer noopener\">Keywordtool.io.<\/a><\/p>\n\n\n\n<h3 class=\"wp-block-heading\"><strong>2. No escribir m\u00e1s de 60 caracteres<\/strong><\/h3>\n\n\n\n<p>De este modo, el t\u00edtulo no quedar\u00e1 cortado cuando se vea en los resultados de b\u00fasqueda de <strong>Google<\/strong>.<\/p>\n\n\n\n<h3 class=\"wp-block-heading\">3. Palabras que inviten a hacer click<\/h3>\n\n\n\n<p>Incluye promesas que luego cumplas dentro del contenido.<\/p>\n","protected":false},"excerpt":{"rendered":"<p>La creaci\u00f3n de entradas es una de las funcionalidades b\u00e1sicas y principales de WordPress desde el principio, y se trata [&hellip;]<\/p>\n","protected":false},"author":1,"featured_media":0,"parent":1877,"menu_order":8,"comment_status":"closed","ping_status":"closed","template":"","meta":{"_uag_custom_page_level_css":"","site-sidebar-layout":"default","site-content-layout":"","ast-site-content-layout":"default","site-content-style":"default","site-sidebar-style":"default","ast-global-header-display":"","ast-banner-title-visibility":"","ast-main-header-display":"","ast-hfb-above-header-display":"","ast-hfb-below-header-display":"","ast-hfb-mobile-header-display":"","site-post-title":"","ast-breadcrumbs-content":"","ast-featured-img":"","footer-sml-layout":"","ast-disable-related-posts":"","theme-transparent-header-meta":"","adv-header-id-meta":"","stick-header-meta":"","header-above-stick-meta":"","header-main-stick-meta":"","header-below-stick-meta":"","astra-migrate-meta-layouts":"default","ast-page-background-enabled":"default","ast-page-background-meta":{"desktop":{"background-color":"var(--ast-global-color-4)","background-image":"","background-repeat":"repeat","background-position":"center center","background-size":"auto","background-attachment":"scroll","background-type":"","background-media":"","overlay-type":"","overlay-color":"","overlay-opacity":"","overlay-gradient":""},"tablet":{"background-color":"","background-image":"","background-repeat":"repeat","background-position":"center center","background-size":"auto","background-attachment":"scroll","background-type":"","background-media":"","overlay-type":"","overlay-color":"","overlay-opacity":"","overlay-gradient":""},"mobile":{"background-color":"","background-image":"","background-repeat":"repeat","background-position":"center center","background-size":"auto","background-attachment":"scroll","background-type":"","background-media":"","overlay-type":"","overlay-color":"","overlay-opacity":"","overlay-gradient":""}},"ast-content-background-meta":{"desktop":{"background-color":"var(--ast-global-color-5)","background-image":"","background-repeat":"repeat","background-position":"center center","background-size":"auto","background-attachment":"scroll","background-type":"","background-media":"","overlay-type":"","overlay-color":"","overlay-opacity":"","overlay-gradient":""},"tablet":{"background-color":"var(--ast-global-color-5)","background-image":"","background-repeat":"repeat","background-position":"center center","background-size":"auto","background-attachment":"scroll","background-type":"","background-media":"","overlay-type":"","overlay-color":"","overlay-opacity":"","overlay-gradient":""},"mobile":{"background-color":"var(--ast-global-color-5)","background-image":"","background-repeat":"repeat","background-position":"center center","background-size":"auto","background-attachment":"scroll","background-type":"","background-media":"","overlay-type":"","overlay-color":"","overlay-opacity":"","overlay-gradient":""}},"footnotes":""},"class_list":["post-1916","page","type-page","status-publish","hentry"],"uagb_featured_image_src":{"full":false,"thumbnail":false,"medium":false,"medium_large":false,"large":false,"1536x1536":false,"2048x2048":false},"uagb_author_info":{"display_name":"Sutil Web","author_link":"https:\/\/sutilweb.eu\/index.php\/author\/sutilweb\/"},"uagb_comment_info":0,"uagb_excerpt":"La creaci\u00f3n de entradas es una de las funcionalidades b\u00e1sicas y principales de WordPress desde el principio, y se trata [&hellip;]","_links":{"self":[{"href":"https:\/\/sutilweb.eu\/index.php\/wp-json\/wp\/v2\/pages\/1916","targetHints":{"allow":["GET"]}}],"collection":[{"href":"https:\/\/sutilweb.eu\/index.php\/wp-json\/wp\/v2\/pages"}],"about":[{"href":"https:\/\/sutilweb.eu\/index.php\/wp-json\/wp\/v2\/types\/page"}],"author":[{"embeddable":true,"href":"https:\/\/sutilweb.eu\/index.php\/wp-json\/wp\/v2\/users\/1"}],"replies":[{"embeddable":true,"href":"https:\/\/sutilweb.eu\/index.php\/wp-json\/wp\/v2\/comments?post=1916"}],"version-history":[{"count":2,"href":"https:\/\/sutilweb.eu\/index.php\/wp-json\/wp\/v2\/pages\/1916\/revisions"}],"predecessor-version":[{"id":1918,"href":"https:\/\/sutilweb.eu\/index.php\/wp-json\/wp\/v2\/pages\/1916\/revisions\/1918"}],"up":[{"embeddable":true,"href":"https:\/\/sutilweb.eu\/index.php\/wp-json\/wp\/v2\/pages\/1877"}],"wp:attachment":[{"href":"https:\/\/sutilweb.eu\/index.php\/wp-json\/wp\/v2\/media?parent=1916"}],"curies":[{"name":"wp","href":"https:\/\/api.w.org\/{rel}","templated":true}]}}