{"id":1906,"date":"2024-08-03T09:06:36","date_gmt":"2024-08-03T07:06:36","guid":{"rendered":"https:\/\/blog.sutilweb.eu\/?page_id=1906"},"modified":"2024-08-03T09:06:37","modified_gmt":"2024-08-03T07:06:37","slug":"07-conseguir-imagenes-gratuitas-o-de-pago-para-nuestro-sitio-web","status":"publish","type":"page","link":"https:\/\/sutilweb.eu\/index.php\/cmss-frameworks\/wordpress-2\/wordpress-basico\/07-conseguir-imagenes-gratuitas-o-de-pago-para-nuestro-sitio-web\/","title":{"rendered":"07. Conseguir im\u00e1genes gratuitas o de pago para nuestro sitio web"},"content":{"rendered":"\n<p>Si vas a conseguir un sitio web profesional recomendamos hacer una peque\u00f1a inversi\u00f3n comprando un paquete de im\u00e1genes buenas. La <strong>calidad de las im\u00e1genes <\/strong>resulta un elemento decisivo para asegurarnos que nuestra web luce bien y tiene un aspecto profesional.<\/p>\n\n\n\n<!--more-->\n\n\n\n<p>Existen opciones de pago como&nbsp;<a href=\"http:\/\/www.shutterstock.com\/\" target=\"_blank\" rel=\"noreferrer noopener\">Shutterstock<\/a>,&nbsp;<a href=\"http:\/\/espanol.istockphoto.com\/?esource=SEM_IS_GO_ES_Brand_iStockphoto_ES_Exact&amp;kw=ES_istockphoto_Exact_istockphoto_e&amp;kwid=s_43700005518538785_dc&amp;pcrid=78744412110&amp;gclid=CJqn0ruRhsgCFQmNGwoduu8D4A&amp;gclsrc=aw.ds\" target=\"_blank\" rel=\"noreferrer noopener\">IstockPhoto<\/a>&nbsp;y&nbsp;<a href=\"https:\/\/es.fotolia.com\/?&amp;utm_source=Google&amp;utm_campaign=&amp;utm_medium=cpc&amp;ES_Fotolia_Brand_T1&amp;tmplaceref=es&amp;tmad=c&amp;tmcampid=6&amp;gclid=CIP728ORhsgCFQs8GwodT2kN9Q\" target=\"_blank\" rel=\"noreferrer noopener\">Fotolia<\/a>, aunque el coste es elevado. Desde <strong>Sutil Web<\/strong> te recomendamos una opci\u00f3n muy buena, <a href=\"https:\/\/es.dollarphotoclub.com\/\" target=\"_blank\" rel=\"noreferrer noopener\">DollarPhotoClub<\/a>, en la que puedes descargar im\u00e1genes premium a precio de un d\u00f3lar por imagen.<\/p>\n\n\n\n<p>Si lo que has decidido es no gastar nada en im\u00e1genes, puedes optar por opciones gratuitas como <a href=\"http:\/\/www.freepik.com\/\" target=\"_blank\" rel=\"noreferrer noopener\">Freepik<\/a>&nbsp;(gratuitas pero con atribuci\u00f3n) que es genial para encontrar todo tipo de ilustraciones&nbsp;vectoriales y&nbsp;<a href=\"https:\/\/pixabay.com\/es\/\" target=\"_blank\" rel=\"noreferrer noopener\">Pixabay<\/a>, que integra un buscador de im\u00e1genes en alta calidad y libres de derechos.<\/p>\n\n\n\n<h2 class=\"wp-block-heading\">Dise\u00f1ar im\u00e1genes personalizadas para tu web<\/h2>\n\n\n\n<p>Si quieres que tu web tenga un aspecto atractivo y proyectar una buena&nbsp;imagen de marca ya seas una empresa o una persona, deber\u00e1s <strong>personalizar algunas im\u00e1genes<\/strong>, sobre todo las que vayan en las zonas principales del sitio, como son cabeceras de secciones, <strong>cabeceras de los art\u00edculos<\/strong>, <strong>sliders<\/strong>, <strong>infograf\u00edas<\/strong>, <strong>iconos<\/strong>, etc.<\/p>\n\n\n\n<p>Dise\u00f1ar tus im\u00e1genes no debe ser una tarea complicada y cara. Puedes dise\u00f1ar las im\u00e1genes con Adobe Ilustrator, herramienta de uso profesional. Pero si no tienes tiempo para aprender un software o no quieres invertir en comprar su licencia, existen opciones gratuitas online. De todas ellas, <a href=\"https:\/\/www.canva.com\/\" target=\"_blank\" rel=\"noreferrer noopener\">Canva<\/a> es de lo mejor, pues es gratis y muy sencilla de manejar. Otra opci\u00f3n muy buena es <a href=\"http:\/\/piktochart.com\/\" target=\"_blank\" rel=\"noreferrer noopener\">Piktochart<\/a>.<\/p>\n","protected":false},"excerpt":{"rendered":"<p>Si vas a conseguir un sitio web profesional recomendamos hacer una peque\u00f1a inversi\u00f3n comprando un paquete de im\u00e1genes buenas. La [&hellip;]<\/p>\n","protected":false},"author":1,"featured_media":0,"parent":1877,"menu_order":6,"comment_status":"closed","ping_status":"closed","template":"","meta":{"_uag_custom_page_level_css":"","site-sidebar-layout":"default","site-content-layout":"","ast-site-content-layout":"default","site-content-style":"default","site-sidebar-style":"default","ast-global-header-display":"","ast-banner-title-visibility":"","ast-main-header-display":"","ast-hfb-above-header-display":"","ast-hfb-below-header-display":"","ast-hfb-mobile-header-display":"","site-post-title":"","ast-breadcrumbs-content":"","ast-featured-img":"","footer-sml-layout":"","ast-disable-related-posts":"","theme-transparent-header-meta":"","adv-header-id-meta":"","stick-header-meta":"","header-above-stick-meta":"","header-main-stick-meta":"","header-below-stick-meta":"","astra-migrate-meta-layouts":"default","ast-page-background-enabled":"default","ast-page-background-meta":{"desktop":{"background-color":"var(--ast-global-color-4)","background-image":"","background-repeat":"repeat","background-position":"center center","background-size":"auto","background-attachment":"scroll","background-type":"","background-media":"","overlay-type":"","overlay-color":"","overlay-opacity":"","overlay-gradient":""},"tablet":{"background-color":"","background-image":"","background-repeat":"repeat","background-position":"center center","background-size":"auto","background-attachment":"scroll","background-type":"","background-media":"","overlay-type":"","overlay-color":"","overlay-opacity":"","overlay-gradient":""},"mobile":{"background-color":"","background-image":"","background-repeat":"repeat","background-position":"center center","background-size":"auto","background-attachment":"scroll","background-type":"","background-media":"","overlay-type":"","overlay-color":"","overlay-opacity":"","overlay-gradient":""}},"ast-content-background-meta":{"desktop":{"background-color":"var(--ast-global-color-5)","background-image":"","background-repeat":"repeat","background-position":"center center","background-size":"auto","background-attachment":"scroll","background-type":"","background-media":"","overlay-type":"","overlay-color":"","overlay-opacity":"","overlay-gradient":""},"tablet":{"background-color":"var(--ast-global-color-5)","background-image":"","background-repeat":"repeat","background-position":"center center","background-size":"auto","background-attachment":"scroll","background-type":"","background-media":"","overlay-type":"","overlay-color":"","overlay-opacity":"","overlay-gradient":""},"mobile":{"background-color":"var(--ast-global-color-5)","background-image":"","background-repeat":"repeat","background-position":"center center","background-size":"auto","background-attachment":"scroll","background-type":"","background-media":"","overlay-type":"","overlay-color":"","overlay-opacity":"","overlay-gradient":""}},"footnotes":""},"class_list":["post-1906","page","type-page","status-publish","hentry"],"uagb_featured_image_src":{"full":false,"thumbnail":false,"medium":false,"medium_large":false,"large":false,"1536x1536":false,"2048x2048":false},"uagb_author_info":{"display_name":"Sutil Web","author_link":"https:\/\/sutilweb.eu\/index.php\/author\/sutilweb\/"},"uagb_comment_info":0,"uagb_excerpt":"Si vas a conseguir un sitio web profesional recomendamos hacer una peque\u00f1a inversi\u00f3n comprando un paquete de im\u00e1genes buenas. La [&hellip;]","_links":{"self":[{"href":"https:\/\/sutilweb.eu\/index.php\/wp-json\/wp\/v2\/pages\/1906","targetHints":{"allow":["GET"]}}],"collection":[{"href":"https:\/\/sutilweb.eu\/index.php\/wp-json\/wp\/v2\/pages"}],"about":[{"href":"https:\/\/sutilweb.eu\/index.php\/wp-json\/wp\/v2\/types\/page"}],"author":[{"embeddable":true,"href":"https:\/\/sutilweb.eu\/index.php\/wp-json\/wp\/v2\/users\/1"}],"replies":[{"embeddable":true,"href":"https:\/\/sutilweb.eu\/index.php\/wp-json\/wp\/v2\/comments?post=1906"}],"version-history":[{"count":2,"href":"https:\/\/sutilweb.eu\/index.php\/wp-json\/wp\/v2\/pages\/1906\/revisions"}],"predecessor-version":[{"id":1908,"href":"https:\/\/sutilweb.eu\/index.php\/wp-json\/wp\/v2\/pages\/1906\/revisions\/1908"}],"up":[{"embeddable":true,"href":"https:\/\/sutilweb.eu\/index.php\/wp-json\/wp\/v2\/pages\/1877"}],"wp:attachment":[{"href":"https:\/\/sutilweb.eu\/index.php\/wp-json\/wp\/v2\/media?parent=1906"}],"curies":[{"name":"wp","href":"https:\/\/api.w.org\/{rel}","templated":true}]}}