{"id":1888,"date":"2024-08-03T09:01:52","date_gmt":"2024-08-03T07:01:52","guid":{"rendered":"https:\/\/blog.sutilweb.eu\/?page_id=1888"},"modified":"2024-08-03T09:01:54","modified_gmt":"2024-08-03T07:01:54","slug":"03-acceso-a-la-web-ajuste-de-funciones-basicas-de-wordpress","status":"publish","type":"page","link":"https:\/\/sutilweb.eu\/index.php\/cmss-frameworks\/wordpress-2\/wordpress-basico\/03-acceso-a-la-web-ajuste-de-funciones-basicas-de-wordpress\/","title":{"rendered":"03. Acceso a la web: ajuste de funciones b\u00e1sicas de WordPress"},"content":{"rendered":"\n<p>Para acceder a la zona de administraci\u00f3n de nuestro <strong>WordPress<\/strong>, escribimos lo siguiente: <a href=\"#\">http:\/\/www.tudominio.com\/wp-login.php<\/a>. Nos solicitar\u00e1 <strong>usuario<\/strong> y <strong>contrase\u00f1a<\/strong> de acceso, lo ponemos, y accederemos a la zona de administraci\u00f3n desde la cual se realizar\u00e1n todas las tareas.<\/p>\n\n\n\n<!--more-->\n\n\n\n<p>Antes de comenzar, hay varias cosas que debemos ajustar en nuestra web:<\/p>\n\n\n\n<h2 class=\"wp-block-heading\">T\u00edtulo y descripci\u00f3n del sitio<\/h2>\n\n\n\n<p>Para ello vamos a <em><strong>Ajustes &gt; Generales<\/strong>,&nbsp;<\/em>y revisamos el <strong>t\u00edtulo<\/strong> que incluimos cuando realizamos la instalaci\u00f3n. Hay que intentar que el t\u00edtulo incluya <strong>palabras clave<\/strong> para posicionar bien en <a href=\"https:\/\/google.es\" target=\"_blank\" rel=\"noreferrer noopener\"><strong>Google<\/strong><\/a>, tambi\u00e9n insertar una descripci\u00f3n para <strong>Google<\/strong>.<\/p>\n\n\n\n<p>Aqu\u00ed tambi\u00e9n podemos cambiar la <strong>direcci\u00f3n de correo electr\u00f3nico<\/strong> asociada a esta instalaci\u00f3n de <strong>WordPress<\/strong>, a esta direcci\u00f3n de correo llegar\u00e1n todas las notificaciones de actualizaciones, mensajes desde el formulario de contacto de la web.<\/p>\n\n\n\n<h2 class=\"wp-block-heading\">Ajustar las opciones de comentarios<\/h2>\n\n\n\n<p>Para ajustar las opciones de comentarios nos debemos ir a <em><strong>Ajustes &gt; Comentarios<\/strong>, <\/em>desde esta secci\u00f3n tienes diversas opciones, configurar la que m\u00e1s convenga.<\/p>\n\n\n\n<h2 class=\"wp-block-heading\">Enlaces permanentes<\/h2>\n\n\n\n<p>Es importante que definamos como se van a crear las <strong>URLs<\/strong> autom\u00e1ticamente cada vez que publiquemos una <strong>p\u00e1gina<\/strong> o <strong>entrada<\/strong>, para ello vamos a <em><strong>Ajustes &gt; Enlaces permanentes<\/strong>, <\/em>y seleccionamos la opci\u00f3n <strong><em>Nombre Entrada<\/em>.<\/strong><\/p>\n\n\n\n<p>Esto har\u00e1 que todos nuestros contenidos tomen por defecto en la <strong>URL<\/strong> el <strong>t\u00edtulo<\/strong> que le hayamos puesto, de esta manera evitamos generar <strong>URLs<\/strong> complejas. Las <strong>URLs<\/strong> tendr\u00e1n las <strong>palabras clave<\/strong> que hayamos puesto en el t\u00edtulo, lo cual es ideal para el posicionamiento.<\/p>\n\n\n\n<blockquote class=\"wp-block-quote is-layout-flow wp-block-quote-is-layout-flow\">\n<p><strong>Nota<\/strong>: aunque hayamos automatizado las <strong>URL<\/strong>, cuando estemos editando una p\u00e1gina o entrada, podemos editar tambi\u00e9n la <strong>URL<\/strong>, y es recomendable simplificar al m\u00e1ximo el <strong>slug<\/strong> dejando s\u00f3lo las palabras clave separadas por guiones medios (no utilizar guiones bajos en las <strong>URLs<\/strong>).<\/p>\n<\/blockquote>\n\n\n\n<p>En <strong><em>Escritorio &gt; Actualizaciones <\/em><\/strong>es importante revisar regularmente las nuevas versiones de <strong>WordPress<\/strong> para mantener actualizado nuestro sitio.<\/p>\n\n\n\n<blockquote class=\"wp-block-quote is-layout-flow wp-block-quote-is-layout-flow\">\n<p><strong>Nota<\/strong>: antes de dar a actualizar la versi\u00f3n de <strong>WordPress<\/strong>, hay que asegurarse de que dicha versi\u00f3n es compatible con todos nuestros <strong>plugins<\/strong>, de no hacerlo nos podemos llevar alguna sorpresa.;<\/p>\n<\/blockquote>\n","protected":false},"excerpt":{"rendered":"<p>Para acceder a la zona de administraci\u00f3n de nuestro WordPress, escribimos lo siguiente: http:\/\/www.tudominio.com\/wp-login.php. Nos solicitar\u00e1 usuario y contrase\u00f1a de [&hellip;]<\/p>\n","protected":false},"author":1,"featured_media":0,"parent":1877,"menu_order":2,"comment_status":"closed","ping_status":"closed","template":"","meta":{"_uag_custom_page_level_css":"","site-sidebar-layout":"default","site-content-layout":"","ast-site-content-layout":"default","site-content-style":"default","site-sidebar-style":"default","ast-global-header-display":"","ast-banner-title-visibility":"","ast-main-header-display":"","ast-hfb-above-header-display":"","ast-hfb-below-header-display":"","ast-hfb-mobile-header-display":"","site-post-title":"","ast-breadcrumbs-content":"","ast-featured-img":"","footer-sml-layout":"","ast-disable-related-posts":"","theme-transparent-header-meta":"","adv-header-id-meta":"","stick-header-meta":"","header-above-stick-meta":"","header-main-stick-meta":"","header-below-stick-meta":"","astra-migrate-meta-layouts":"default","ast-page-background-enabled":"default","ast-page-background-meta":{"desktop":{"background-color":"var(--ast-global-color-4)","background-image":"","background-repeat":"repeat","background-position":"center center","background-size":"auto","background-attachment":"scroll","background-type":"","background-media":"","overlay-type":"","overlay-color":"","overlay-opacity":"","overlay-gradient":""},"tablet":{"background-color":"","background-image":"","background-repeat":"repeat","background-position":"center center","background-size":"auto","background-attachment":"scroll","background-type":"","background-media":"","overlay-type":"","overlay-color":"","overlay-opacity":"","overlay-gradient":""},"mobile":{"background-color":"","background-image":"","background-repeat":"repeat","background-position":"center center","background-size":"auto","background-attachment":"scroll","background-type":"","background-media":"","overlay-type":"","overlay-color":"","overlay-opacity":"","overlay-gradient":""}},"ast-content-background-meta":{"desktop":{"background-color":"var(--ast-global-color-5)","background-image":"","background-repeat":"repeat","background-position":"center center","background-size":"auto","background-attachment":"scroll","background-type":"","background-media":"","overlay-type":"","overlay-color":"","overlay-opacity":"","overlay-gradient":""},"tablet":{"background-color":"var(--ast-global-color-5)","background-image":"","background-repeat":"repeat","background-position":"center center","background-size":"auto","background-attachment":"scroll","background-type":"","background-media":"","overlay-type":"","overlay-color":"","overlay-opacity":"","overlay-gradient":""},"mobile":{"background-color":"var(--ast-global-color-5)","background-image":"","background-repeat":"repeat","background-position":"center center","background-size":"auto","background-attachment":"scroll","background-type":"","background-media":"","overlay-type":"","overlay-color":"","overlay-opacity":"","overlay-gradient":""}},"footnotes":""},"class_list":["post-1888","page","type-page","status-publish","hentry"],"uagb_featured_image_src":{"full":false,"thumbnail":false,"medium":false,"medium_large":false,"large":false,"1536x1536":false,"2048x2048":false},"uagb_author_info":{"display_name":"Sutil Web","author_link":"https:\/\/sutilweb.eu\/index.php\/author\/sutilweb\/"},"uagb_comment_info":0,"uagb_excerpt":"Para acceder a la zona de administraci\u00f3n de nuestro WordPress, escribimos lo siguiente: http:\/\/www.tudominio.com\/wp-login.php. Nos solicitar\u00e1 usuario y contrase\u00f1a de [&hellip;]","_links":{"self":[{"href":"https:\/\/sutilweb.eu\/index.php\/wp-json\/wp\/v2\/pages\/1888","targetHints":{"allow":["GET"]}}],"collection":[{"href":"https:\/\/sutilweb.eu\/index.php\/wp-json\/wp\/v2\/pages"}],"about":[{"href":"https:\/\/sutilweb.eu\/index.php\/wp-json\/wp\/v2\/types\/page"}],"author":[{"embeddable":true,"href":"https:\/\/sutilweb.eu\/index.php\/wp-json\/wp\/v2\/users\/1"}],"replies":[{"embeddable":true,"href":"https:\/\/sutilweb.eu\/index.php\/wp-json\/wp\/v2\/comments?post=1888"}],"version-history":[{"count":2,"href":"https:\/\/sutilweb.eu\/index.php\/wp-json\/wp\/v2\/pages\/1888\/revisions"}],"predecessor-version":[{"id":1890,"href":"https:\/\/sutilweb.eu\/index.php\/wp-json\/wp\/v2\/pages\/1888\/revisions\/1890"}],"up":[{"embeddable":true,"href":"https:\/\/sutilweb.eu\/index.php\/wp-json\/wp\/v2\/pages\/1877"}],"wp:attachment":[{"href":"https:\/\/sutilweb.eu\/index.php\/wp-json\/wp\/v2\/media?parent=1888"}],"curies":[{"name":"wp","href":"https:\/\/api.w.org\/{rel}","templated":true}]}}