{"id":1858,"date":"2024-08-03T08:47:33","date_gmt":"2024-08-03T06:47:33","guid":{"rendered":"https:\/\/blog.sutilweb.eu\/?page_id=1858"},"modified":"2024-08-03T08:47:34","modified_gmt":"2024-08-03T06:47:34","slug":"15-plantillas-personalizadas","status":"publish","type":"page","link":"https:\/\/sutilweb.eu\/index.php\/cmss-frameworks\/wordpress-2\/wordpress-avanzado\/15-plantillas-personalizadas\/","title":{"rendered":"15. Plantillas personalizadas"},"content":{"rendered":"\n<h2 class=\"wp-block-heading\">Recordando<\/h2>\n\n\n\n<p>Del cap\u00edtulo anterior vimos el esquema WP<\/p>\n\n\n\n<ul class=\"wp-block-list\">\n<li><em>index.php<\/em>\n<ul class=\"wp-block-list\">\n<li><em>home.php<\/em><\/li>\n\n\n\n<li><em>archive.php<\/em>\n<ul class=\"wp-block-list\">\n<li><em>category.php<\/em><\/li>\n\n\n\n<li><em>tag.php<\/em><\/li>\n<\/ul>\n<\/li>\n\n\n\n<li><em>singular.php<\/em>\n<ul class=\"wp-block-list\">\n<li><em>page.php<\/em><\/li>\n\n\n\n<li><em>single.php<\/em><\/li>\n<\/ul>\n<\/li>\n\n\n\n<li><em>404.php<\/em><\/li>\n\n\n\n<li><em>search.php<\/em><\/li>\n\n\n\n<li><em>comments.php<\/em><\/li>\n\n\n\n<li><em>author.php<\/em><\/li>\n<\/ul>\n<\/li>\n<\/ul>\n\n\n\n<p>El archivo <em>index.php<\/em> es el primer archivo que nuestro <strong>WP<\/strong> lee. En la clase anterior vimos las archivas b\u00e1sicas de nuestro <strong>WP.<\/strong> No s\u00f3lamente tenemos que tener plantillas relacionadas con la taxonom\u00eda de <strong>WP.<\/strong><\/p>\n\n\n\n<!--more-->\n\n\n\n<h2 class=\"wp-block-heading\">Templates personalizados<\/h2>\n\n\n\n<h3 class=\"wp-block-heading\">Tener templates personalizados<\/h3>\n\n\n\n<p>Los&nbsp;<strong>templates personalizados<\/strong>&nbsp;los podemos tener para<\/p>\n\n\n\n<ul class=\"wp-block-list\">\n<li>Categor\u00edas,<\/li>\n\n\n\n<li>Etiquetas<\/li>\n\n\n\n<li>P\u00e1ginas est\u00e1ticas.<\/li>\n<\/ul>\n\n\n\n<p><strong>S\u00f3lo para estos tres casos.<\/strong><\/p>\n\n\n\n<h3 class=\"wp-block-heading\">C\u00f3mo crear templates personalizados<\/h3>\n\n\n\n<p>Podemos crear templates personalizados por<\/p>\n\n\n\n<ul class=\"wp-block-list\">\n<li><strong>slug<\/strong> (URL amigable)<\/li>\n\n\n\n<li><strong>id<\/strong> de <strong>categor\u00eda<\/strong> o <strong>publicaci\u00f3n<\/strong><\/li>\n<\/ul>\n\n\n\n<p>Todo ello se utiliza por si hay que cambiar el dise\u00f1o de alguna p\u00e1gina en particular.<\/p>\n\n\n\n<h2 class=\"wp-block-heading\">Crear plantillas para p\u00e1ginas est\u00e1ticas<\/h2>\n\n\n\n<p><strong>Ojo, s\u00f3lo para las p\u00e1ginas est\u00e1ticas.<\/strong><\/p>\n\n\n\n<p>En nuestro ejm creamos el archivo <em>page-sin-sidebar.php<\/em> y escribimos el siguiente c\u00f3digo<\/p>\n\n\n\n<pre class=\"wp-block-preformatted\">&lt;?php\n\/*\nTemplate name: Plantilla de p\u00e1gina est\u00e1tica sin sidebar\n*\/\n\nget_header(); &nbsp;\/\/ CABECERA\nprintf ( '\n&nbsp; &nbsp; &lt;h1 class=\"item title-template\"&gt;El archivo &lt;b&gt;page.php&lt;\/b&gt; es el archivo que toma por defecto\n&nbsp; &nbsp; WordPress para mostrar una p\u00e1gina est\u00e1tica.&lt;\/h1&gt;\n&nbsp;');\n\nget_template_part('content'); \/\/ CONTENIDO PRINCIPAL\nget_sidebar(); \/\/ SIDEBAR\nget_footer(); \/\/ FOOTER - PIE DE P\u00c1GINA<\/pre>\n\n\n\n<p>El comentario que hemos puesto aparecer\u00e1 reflejado en la edici\u00f3n de la p\u00e1gina como plantilla, se puede elegir y ser\u00eda otra plantilla de p\u00e1gina. De esta manera podr\u00edamos ofrecer a nuestros clientes sitios donde el contenido de las p\u00e1ginas sea distinto dependiendo de lo que necesite el cliente.<\/p>\n\n\n\n<blockquote class=\"wp-block-quote is-layout-flow wp-block-quote-is-layout-flow\">\n<p><strong>Nota:<\/strong> muy importante, en el comentario ponga: <strong>Template name: nombre de la plantilla. <\/strong>Para crear templates para categor\u00edas y etiquetas va a ser muy complicado hacerlos ya que est\u00e1n vinculados a ids y slugs. Para las p\u00e1ginas est\u00e1ticas no hay problema.<\/p>\n<\/blockquote>\n","protected":false},"excerpt":{"rendered":"<p>Recordando Del cap\u00edtulo anterior vimos el esquema WP El archivo index.php es el primer archivo que nuestro WP lee. En [&hellip;]<\/p>\n","protected":false},"author":1,"featured_media":0,"parent":1809,"menu_order":14,"comment_status":"closed","ping_status":"closed","template":"","meta":{"_uag_custom_page_level_css":"","site-sidebar-layout":"default","site-content-layout":"","ast-site-content-layout":"default","site-content-style":"default","site-sidebar-style":"default","ast-global-header-display":"","ast-banner-title-visibility":"","ast-main-header-display":"","ast-hfb-above-header-display":"","ast-hfb-below-header-display":"","ast-hfb-mobile-header-display":"","site-post-title":"","ast-breadcrumbs-content":"","ast-featured-img":"","footer-sml-layout":"","ast-disable-related-posts":"","theme-transparent-header-meta":"","adv-header-id-meta":"","stick-header-meta":"","header-above-stick-meta":"","header-main-stick-meta":"","header-below-stick-meta":"","astra-migrate-meta-layouts":"default","ast-page-background-enabled":"default","ast-page-background-meta":{"desktop":{"background-color":"var(--ast-global-color-4)","background-image":"","background-repeat":"repeat","background-position":"center center","background-size":"auto","background-attachment":"scroll","background-type":"","background-media":"","overlay-type":"","overlay-color":"","overlay-opacity":"","overlay-gradient":""},"tablet":{"background-color":"","background-image":"","background-repeat":"repeat","background-position":"center center","background-size":"auto","background-attachment":"scroll","background-type":"","background-media":"","overlay-type":"","overlay-color":"","overlay-opacity":"","overlay-gradient":""},"mobile":{"background-color":"","background-image":"","background-repeat":"repeat","background-position":"center center","background-size":"auto","background-attachment":"scroll","background-type":"","background-media":"","overlay-type":"","overlay-color":"","overlay-opacity":"","overlay-gradient":""}},"ast-content-background-meta":{"desktop":{"background-color":"var(--ast-global-color-5)","background-image":"","background-repeat":"repeat","background-position":"center center","background-size":"auto","background-attachment":"scroll","background-type":"","background-media":"","overlay-type":"","overlay-color":"","overlay-opacity":"","overlay-gradient":""},"tablet":{"background-color":"var(--ast-global-color-5)","background-image":"","background-repeat":"repeat","background-position":"center center","background-size":"auto","background-attachment":"scroll","background-type":"","background-media":"","overlay-type":"","overlay-color":"","overlay-opacity":"","overlay-gradient":""},"mobile":{"background-color":"var(--ast-global-color-5)","background-image":"","background-repeat":"repeat","background-position":"center center","background-size":"auto","background-attachment":"scroll","background-type":"","background-media":"","overlay-type":"","overlay-color":"","overlay-opacity":"","overlay-gradient":""}},"footnotes":""},"class_list":["post-1858","page","type-page","status-publish","hentry"],"uagb_featured_image_src":{"full":false,"thumbnail":false,"medium":false,"medium_large":false,"large":false,"1536x1536":false,"2048x2048":false},"uagb_author_info":{"display_name":"Sutil Web","author_link":"https:\/\/sutilweb.eu\/index.php\/author\/sutilweb\/"},"uagb_comment_info":0,"uagb_excerpt":"Recordando Del cap\u00edtulo anterior vimos el esquema WP El archivo index.php es el primer archivo que nuestro WP lee. En [&hellip;]","_links":{"self":[{"href":"https:\/\/sutilweb.eu\/index.php\/wp-json\/wp\/v2\/pages\/1858","targetHints":{"allow":["GET"]}}],"collection":[{"href":"https:\/\/sutilweb.eu\/index.php\/wp-json\/wp\/v2\/pages"}],"about":[{"href":"https:\/\/sutilweb.eu\/index.php\/wp-json\/wp\/v2\/types\/page"}],"author":[{"embeddable":true,"href":"https:\/\/sutilweb.eu\/index.php\/wp-json\/wp\/v2\/users\/1"}],"replies":[{"embeddable":true,"href":"https:\/\/sutilweb.eu\/index.php\/wp-json\/wp\/v2\/comments?post=1858"}],"version-history":[{"count":2,"href":"https:\/\/sutilweb.eu\/index.php\/wp-json\/wp\/v2\/pages\/1858\/revisions"}],"predecessor-version":[{"id":1860,"href":"https:\/\/sutilweb.eu\/index.php\/wp-json\/wp\/v2\/pages\/1858\/revisions\/1860"}],"up":[{"embeddable":true,"href":"https:\/\/sutilweb.eu\/index.php\/wp-json\/wp\/v2\/pages\/1809"}],"wp:attachment":[{"href":"https:\/\/sutilweb.eu\/index.php\/wp-json\/wp\/v2\/media?parent=1858"}],"curies":[{"name":"wp","href":"https:\/\/api.w.org\/{rel}","templated":true}]}}