{"id":1826,"date":"2024-08-03T08:36:50","date_gmt":"2024-08-03T06:36:50","guid":{"rendered":"https:\/\/blog.sutilweb.eu\/?page_id=1826"},"modified":"2024-08-03T08:37:40","modified_gmt":"2024-08-03T06:37:40","slug":"06-administrador-de-contenidos-1","status":"publish","type":"page","link":"https:\/\/sutilweb.eu\/index.php\/cmss-frameworks\/wordpress-2\/wordpress-avanzado\/06-administrador-de-contenidos-1\/","title":{"rendered":"05. Administrador de Contenidos (1)"},"content":{"rendered":"\n<h2 class=\"wp-block-heading\">Opciones del administrador<\/h2>\n\n\n\n<p>Lo primero que nos encontramos cuando hacemos <strong>Login<\/strong> en nuestra p\u00e1gina web es el escritorio, donde podemos arrastrar y soltar elementos. De primera mano tenemos todo lo nuevo de nuestro sitio web.<\/p>\n\n\n\n<!--more-->\n\n\n\n<blockquote class=\"wp-block-quote is-layout-flow wp-block-quote-is-layout-flow\">\n<p><strong>Nota<\/strong>: El <strong>administrador<\/strong> de <strong>Admin<\/strong> es <strong>Responsive<\/strong> desde el a\u00f1o 2012.<\/p>\n<\/blockquote>\n\n\n\n<h2 class=\"wp-block-heading\">Panel<\/h2>\n\n\n\n<p>Despu\u00e9s del escritorio tenemos una zona de actualizaciones, que es para <strong>plugins<\/strong>,&nbsp;<strong>temas<\/strong>&nbsp;o&nbsp;<strong>traducciones<\/strong>.<\/p>\n\n\n\n<p>Como dijimos en el cap\u00edtulo anterior, la carpeta&nbsp;<em>wp-content<\/em>&nbsp;tiene todo lo necesario para que el sitio se visualice correctamente, y dentro de \u00e9sta hay una carpeta de&nbsp;<em>plugins<\/em>en la que cada vez que instalemos un <strong>plugin<\/strong> aparecer\u00e1 una carpeta con el nombre de dicho <strong>plugin.<\/strong> Tambi\u00e9n hay una carpeta de&nbsp;<em>languages<\/em>&nbsp;con los lenguajes que tenemos instalados, la carpeta de&nbsp;<strong><em>themes<\/em>&nbsp;<\/strong>con todos los temas que tenemos instalados. Y luego est\u00e1 la carpeta de&nbsp;<em>upgrade<\/em>que es donde se guardan temporalmente las cosas que <strong>WP<\/strong> descarga cuando se va a actualizar algo del <strong>core,<\/strong> y adicionalmente se va a crear una carpeta denominada&nbsp;<em>upload<\/em>que es la que contiene los archivos de las im\u00e1genes, v\u00eddeos, en definitiva, todos los elementos multimedia que vayamos agregando a <strong>WP.<\/strong><\/p>\n\n\n\n<p>Por lo tanto, en la carpeta <em>wp-content<\/em> tenemos las siguientes subcarpetas:<\/p>\n\n\n\n<ul class=\"wp-block-list\">\n<li><em>plugins<\/em><\/li>\n\n\n\n<li><em>languages<\/em><\/li>\n\n\n\n<li><em>themes<\/em><\/li>\n\n\n\n<li><em>upgrade<\/em><\/li>\n\n\n\n<li><em>upload<\/em><\/li>\n<\/ul>\n\n\n\n<h2 class=\"wp-block-heading\">Entradas<\/h2>\n\n\n\n<p>Podemos incluir estilos directos con la etiqueta <strong><em>&lt;style&gt;<\/em><\/strong> a las propias entradas desde el men\u00fa text, lo \u00fanico guardar antes de pasar al editor visual parar que guarde el estilo. Tambi\u00e9n se pueden incluir <strong>scripts Javascript<\/strong> con la etiqueta <strong><em>&lt;script&gt;<\/em><\/strong>, pero no se puede meter c\u00f3digo <strong>PHP.<\/strong><\/p>\n\n\n\n<p>Para las im\u00e1genes ser\u00eda conveniente rellenar los campos:<\/p>\n\n\n\n<ul class=\"wp-block-list\">\n<li>T\u00edtulo<\/li>\n\n\n\n<li>Leyenda<\/li>\n\n\n\n<li>Alt<\/li>\n<\/ul>\n\n\n\n<p>Cada vez que subimos una imagen, se guarda en la carpeta&nbsp;<strong><em>upload<\/em>&nbsp;<\/strong>dentro de la carpeta&nbsp;<strong><em>wp-content<\/em><\/strong>, y se guarda por a\u00f1o y por mes. Dependiendo de la imagen que subamos, <strong>WP<\/strong> crea varias im\u00e1genes con respecto a \u00e9sta. Muchas veces las categor\u00edas se convierten en los men\u00fas de navegaci\u00f3n de nuestros <strong>WP.<\/strong><\/p>\n\n\n\n<h2 class=\"wp-block-heading\">V\u00eddeos<\/h2>\n\n\n\n<p>Si es necesario subir v\u00eddeos, lo mejor es subirlo a alg\u00fan servicio de video como <strong>Youtube, Vimeo, Metacaf\u00e9<\/strong> y pegar el link en la publicaci\u00f3n donde lo necesitemos mostrar. No subir v\u00eddeos directamente en la carpeta, hay que pasar por WP. <strong>No es recomendable subir v\u00eddeos ni audio.<\/strong><\/p>\n","protected":false},"excerpt":{"rendered":"<p>Opciones del administrador Lo primero que nos encontramos cuando hacemos Login en nuestra p\u00e1gina web es el escritorio, donde podemos [&hellip;]<\/p>\n","protected":false},"author":1,"featured_media":0,"parent":1809,"menu_order":4,"comment_status":"closed","ping_status":"closed","template":"","meta":{"_uag_custom_page_level_css":"","site-sidebar-layout":"default","site-content-layout":"","ast-site-content-layout":"default","site-content-style":"default","site-sidebar-style":"default","ast-global-header-display":"","ast-banner-title-visibility":"","ast-main-header-display":"","ast-hfb-above-header-display":"","ast-hfb-below-header-display":"","ast-hfb-mobile-header-display":"","site-post-title":"","ast-breadcrumbs-content":"","ast-featured-img":"","footer-sml-layout":"","ast-disable-related-posts":"","theme-transparent-header-meta":"","adv-header-id-meta":"","stick-header-meta":"","header-above-stick-meta":"","header-main-stick-meta":"","header-below-stick-meta":"","astra-migrate-meta-layouts":"default","ast-page-background-enabled":"default","ast-page-background-meta":{"desktop":{"background-color":"var(--ast-global-color-4)","background-image":"","background-repeat":"repeat","background-position":"center center","background-size":"auto","background-attachment":"scroll","background-type":"","background-media":"","overlay-type":"","overlay-color":"","overlay-opacity":"","overlay-gradient":""},"tablet":{"background-color":"","background-image":"","background-repeat":"repeat","background-position":"center center","background-size":"auto","background-attachment":"scroll","background-type":"","background-media":"","overlay-type":"","overlay-color":"","overlay-opacity":"","overlay-gradient":""},"mobile":{"background-color":"","background-image":"","background-repeat":"repeat","background-position":"center center","background-size":"auto","background-attachment":"scroll","background-type":"","background-media":"","overlay-type":"","overlay-color":"","overlay-opacity":"","overlay-gradient":""}},"ast-content-background-meta":{"desktop":{"background-color":"var(--ast-global-color-5)","background-image":"","background-repeat":"repeat","background-position":"center center","background-size":"auto","background-attachment":"scroll","background-type":"","background-media":"","overlay-type":"","overlay-color":"","overlay-opacity":"","overlay-gradient":""},"tablet":{"background-color":"var(--ast-global-color-5)","background-image":"","background-repeat":"repeat","background-position":"center center","background-size":"auto","background-attachment":"scroll","background-type":"","background-media":"","overlay-type":"","overlay-color":"","overlay-opacity":"","overlay-gradient":""},"mobile":{"background-color":"var(--ast-global-color-5)","background-image":"","background-repeat":"repeat","background-position":"center center","background-size":"auto","background-attachment":"scroll","background-type":"","background-media":"","overlay-type":"","overlay-color":"","overlay-opacity":"","overlay-gradient":""}},"footnotes":""},"class_list":["post-1826","page","type-page","status-publish","hentry"],"uagb_featured_image_src":{"full":false,"thumbnail":false,"medium":false,"medium_large":false,"large":false,"1536x1536":false,"2048x2048":false},"uagb_author_info":{"display_name":"Sutil Web","author_link":"https:\/\/sutilweb.eu\/index.php\/author\/sutilweb\/"},"uagb_comment_info":0,"uagb_excerpt":"Opciones del administrador Lo primero que nos encontramos cuando hacemos Login en nuestra p\u00e1gina web es el escritorio, donde podemos [&hellip;]","_links":{"self":[{"href":"https:\/\/sutilweb.eu\/index.php\/wp-json\/wp\/v2\/pages\/1826","targetHints":{"allow":["GET"]}}],"collection":[{"href":"https:\/\/sutilweb.eu\/index.php\/wp-json\/wp\/v2\/pages"}],"about":[{"href":"https:\/\/sutilweb.eu\/index.php\/wp-json\/wp\/v2\/types\/page"}],"author":[{"embeddable":true,"href":"https:\/\/sutilweb.eu\/index.php\/wp-json\/wp\/v2\/users\/1"}],"replies":[{"embeddable":true,"href":"https:\/\/sutilweb.eu\/index.php\/wp-json\/wp\/v2\/comments?post=1826"}],"version-history":[{"count":3,"href":"https:\/\/sutilweb.eu\/index.php\/wp-json\/wp\/v2\/pages\/1826\/revisions"}],"predecessor-version":[{"id":1830,"href":"https:\/\/sutilweb.eu\/index.php\/wp-json\/wp\/v2\/pages\/1826\/revisions\/1830"}],"up":[{"embeddable":true,"href":"https:\/\/sutilweb.eu\/index.php\/wp-json\/wp\/v2\/pages\/1809"}],"wp:attachment":[{"href":"https:\/\/sutilweb.eu\/index.php\/wp-json\/wp\/v2\/media?parent=1826"}],"curies":[{"name":"wp","href":"https:\/\/api.w.org\/{rel}","templated":true}]}}