{"id":1823,"date":"2024-08-03T08:36:05","date_gmt":"2024-08-03T06:36:05","guid":{"rendered":"https:\/\/blog.sutilweb.eu\/?page_id=1823"},"modified":"2024-08-03T08:36:07","modified_gmt":"2024-08-03T06:36:07","slug":"04-instalacion-y-configuracion-local","status":"publish","type":"page","link":"https:\/\/sutilweb.eu\/index.php\/cmss-frameworks\/wordpress-2\/wordpress-avanzado\/04-instalacion-y-configuracion-local\/","title":{"rendered":"04. Instalaci\u00f3n y configuraci\u00f3n local"},"content":{"rendered":"\n<p><a href=\"https:\/\/wordpress.org\" target=\"_blank\" rel=\"noreferrer noopener\"><strong>WordPress<\/strong> <\/a>est\u00e1 creado con <strong>PHP<\/strong> y <strong>MySQL<\/strong>, por lo que necesitamos un servidor web s\u00ed o s\u00ed. Se recomienda que las carpetas sean s\u00f3lo en min\u00fasculas. Lo que es recomendable es poner los datos de instalaci\u00f3n en el archivo que tiene <strong>WordPress<\/strong> para ello, no en la <strong>URL<\/strong> que nos facilita <strong>WordPress<\/strong>.<\/p>\n\n\n\n<!--more-->\n\n\n\n<h2 class=\"wp-block-heading\">6 pasos para instalar WP<\/h2>\n\n\n\n<p>Los 6 pasos que debemos seguir a la hora de configurar nuestro <strong>WordPress<\/strong> son los siguientes:<\/p>\n\n\n\n<ol class=\"wp-block-list\">\n<li>Descargar WordPress de su web oficial <a href=\"https:\/\/wordpress.org\" target=\"_blank\" rel=\"noreferrer noopener\">https:\/\/wordpress.org<\/a>.<\/li>\n\n\n\n<li>Descomprimir <strong>WordPress<\/strong>.<\/li>\n\n\n\n<li>Buscar archivo <em>wp-config-sample.php<\/em>, renombrarlo como <em>wp-config.php<\/em> y editar:\n<ul class=\"wp-block-list\">\n<li>db<\/li>\n\n\n\n<li>user<\/li>\n\n\n\n<li>pwd<\/li>\n\n\n\n<li>host<\/li>\n\n\n\n<li>charset<\/li>\n\n\n\n<li>table_prefix<\/li>\n\n\n\n<li>Authentication Unique Keys<\/li>\n<\/ul>\n<\/li>\n\n\n\n<li>Crear una base de datos en MySQL.<\/li>\n\n\n\n<li>Ejecutar la carpeta del sitio en el navegador y rellenar la informaci\u00f3n de la instalaci\u00f3n.<\/li>\n\n\n\n<li>Una vez instalado podemos ir a la zona <em>admin<\/em> por medio de estas dos rutas:\n<ul class=\"wp-block-list\">\n<li>rutadelsitio\/wp-admin<\/li>\n\n\n\n<li>rutadelsitio\/wp-login.php<\/li>\n<\/ul>\n<\/li>\n<\/ol>\n\n\n\n<h2 class=\"wp-block-heading\">Bases de datos que utiliza MySQL<\/h2>\n\n\n\n<p>Las <strong>bases de datos<\/strong> que utiliza <strong>MySQL<\/strong> son:<\/p>\n\n\n\n<ul class=\"wp-block-list\">\n<li>mysql<\/li>\n\n\n\n<li>perfomance_schema<\/li>\n\n\n\n<li>phpmyadmin<\/li>\n\n\n\n<li>webauth<\/li>\n<\/ul>\n\n\n\n<p>Son las que utiliza tanto <a href=\"https:\/\/www.mysql.com\/\" target=\"_blank\" rel=\"noreferrer noopener\"><strong>MySQL<\/strong> <\/a>como la aplicaci\u00f3n <a href=\"https:\/\/www.phpmyadmin.net\/\" target=\"_blank\" rel=\"noreferrer noopener\"><strong>PHPMyAdmin<\/strong><\/a>.<\/p>\n\n\n\n<h2 class=\"wp-block-heading\">Llaves del API de WordPress<\/h2>\n\n\n\n<p>Es important\u00edsimo cambiarlas todas, agregan seguridad. se encuentran en el archivo m\u00e1s abajo. Tambi\u00e9n es muy importante cambiar la ruta wp_ utilizando por ejm el denominado <strong>efecto pianista<\/strong>.<\/p>\n","protected":false},"excerpt":{"rendered":"<p>WordPress est\u00e1 creado con PHP y MySQL, por lo que necesitamos un servidor web s\u00ed o s\u00ed. Se recomienda que [&hellip;]<\/p>\n","protected":false},"author":1,"featured_media":0,"parent":1809,"menu_order":3,"comment_status":"closed","ping_status":"closed","template":"","meta":{"_uag_custom_page_level_css":"","site-sidebar-layout":"default","site-content-layout":"","ast-site-content-layout":"default","site-content-style":"default","site-sidebar-style":"default","ast-global-header-display":"","ast-banner-title-visibility":"","ast-main-header-display":"","ast-hfb-above-header-display":"","ast-hfb-below-header-display":"","ast-hfb-mobile-header-display":"","site-post-title":"","ast-breadcrumbs-content":"","ast-featured-img":"","footer-sml-layout":"","ast-disable-related-posts":"","theme-transparent-header-meta":"","adv-header-id-meta":"","stick-header-meta":"","header-above-stick-meta":"","header-main-stick-meta":"","header-below-stick-meta":"","astra-migrate-meta-layouts":"default","ast-page-background-enabled":"default","ast-page-background-meta":{"desktop":{"background-color":"var(--ast-global-color-4)","background-image":"","background-repeat":"repeat","background-position":"center center","background-size":"auto","background-attachment":"scroll","background-type":"","background-media":"","overlay-type":"","overlay-color":"","overlay-opacity":"","overlay-gradient":""},"tablet":{"background-color":"","background-image":"","background-repeat":"repeat","background-position":"center center","background-size":"auto","background-attachment":"scroll","background-type":"","background-media":"","overlay-type":"","overlay-color":"","overlay-opacity":"","overlay-gradient":""},"mobile":{"background-color":"","background-image":"","background-repeat":"repeat","background-position":"center center","background-size":"auto","background-attachment":"scroll","background-type":"","background-media":"","overlay-type":"","overlay-color":"","overlay-opacity":"","overlay-gradient":""}},"ast-content-background-meta":{"desktop":{"background-color":"var(--ast-global-color-5)","background-image":"","background-repeat":"repeat","background-position":"center center","background-size":"auto","background-attachment":"scroll","background-type":"","background-media":"","overlay-type":"","overlay-color":"","overlay-opacity":"","overlay-gradient":""},"tablet":{"background-color":"var(--ast-global-color-5)","background-image":"","background-repeat":"repeat","background-position":"center center","background-size":"auto","background-attachment":"scroll","background-type":"","background-media":"","overlay-type":"","overlay-color":"","overlay-opacity":"","overlay-gradient":""},"mobile":{"background-color":"var(--ast-global-color-5)","background-image":"","background-repeat":"repeat","background-position":"center center","background-size":"auto","background-attachment":"scroll","background-type":"","background-media":"","overlay-type":"","overlay-color":"","overlay-opacity":"","overlay-gradient":""}},"footnotes":""},"class_list":["post-1823","page","type-page","status-publish","hentry"],"uagb_featured_image_src":{"full":false,"thumbnail":false,"medium":false,"medium_large":false,"large":false,"1536x1536":false,"2048x2048":false},"uagb_author_info":{"display_name":"Sutil Web","author_link":"https:\/\/sutilweb.eu\/index.php\/author\/sutilweb\/"},"uagb_comment_info":0,"uagb_excerpt":"WordPress est\u00e1 creado con PHP y MySQL, por lo que necesitamos un servidor web s\u00ed o s\u00ed. Se recomienda que [&hellip;]","_links":{"self":[{"href":"https:\/\/sutilweb.eu\/index.php\/wp-json\/wp\/v2\/pages\/1823","targetHints":{"allow":["GET"]}}],"collection":[{"href":"https:\/\/sutilweb.eu\/index.php\/wp-json\/wp\/v2\/pages"}],"about":[{"href":"https:\/\/sutilweb.eu\/index.php\/wp-json\/wp\/v2\/types\/page"}],"author":[{"embeddable":true,"href":"https:\/\/sutilweb.eu\/index.php\/wp-json\/wp\/v2\/users\/1"}],"replies":[{"embeddable":true,"href":"https:\/\/sutilweb.eu\/index.php\/wp-json\/wp\/v2\/comments?post=1823"}],"version-history":[{"count":2,"href":"https:\/\/sutilweb.eu\/index.php\/wp-json\/wp\/v2\/pages\/1823\/revisions"}],"predecessor-version":[{"id":1825,"href":"https:\/\/sutilweb.eu\/index.php\/wp-json\/wp\/v2\/pages\/1823\/revisions\/1825"}],"up":[{"embeddable":true,"href":"https:\/\/sutilweb.eu\/index.php\/wp-json\/wp\/v2\/pages\/1809"}],"wp:attachment":[{"href":"https:\/\/sutilweb.eu\/index.php\/wp-json\/wp\/v2\/media?parent=1823"}],"curies":[{"name":"wp","href":"https:\/\/api.w.org\/{rel}","templated":true}]}}