{"id":1820,"date":"2024-08-03T08:35:20","date_gmt":"2024-08-03T06:35:20","guid":{"rendered":"https:\/\/blog.sutilweb.eu\/?page_id=1820"},"modified":"2024-08-03T08:35:22","modified_gmt":"2024-08-03T06:35:22","slug":"03-taxonomias-en-wordpress","status":"publish","type":"page","link":"https:\/\/sutilweb.eu\/index.php\/cmss-frameworks\/wordpress-2\/wordpress-avanzado\/03-taxonomias-en-wordpress\/","title":{"rendered":"03. Taxonom\u00edas en WordPress"},"content":{"rendered":"\n<h2 class=\"wp-block-heading\">Taxonom\u00eda<\/h2>\n\n\n\n<p>La <strong>taxonom\u00eda<\/strong> es la forma como <strong>WordPress<\/strong> estructura el contenido de nuestro sitio, y lo hace a trav\u00e9s de.<\/p>\n\n\n\n<!--more-->\n\n\n\n<ul class=\"wp-block-list\">\n<li>Categor\u00edas<\/li>\n\n\n\n<li>Etiquetas<\/li>\n\n\n\n<li>Entradas<\/li>\n\n\n\n<li>P\u00e1ginas<\/li>\n<\/ul>\n\n\n\n<h3 class=\"wp-block-heading\">Categor\u00edas<\/h3>\n\n\n\n<p><strong>(Clasifican el contenido)<\/strong><\/p>\n\n\n\n<p>Las categor\u00edas son la <strong>tabla de contenido<\/strong> de nuestro sitio web. Son utilizadas para agrupar nuestros contenidos y mantener una clasificaci\u00f3n. Deben ser la base de la organizaci\u00f3n ya que conservan un orden jer\u00e1rquico, se pueden generar sub-categor\u00edas.<\/p>\n\n\n\n<h3 class=\"wp-block-heading\">Etiquetas<\/h3>\n\n\n\n<p><strong>(Palabras clave, para b\u00fasquedas internas)<\/strong><\/p>\n\n\n\n<p>Se utilizan como <strong>microdatos<\/strong> que describen detalles espec\u00edficos del contenido. Sirven como <strong>keywords<\/strong> para el <strong>SEO<\/strong> de nuestras publicaciones.<\/p>\n\n\n\n<h3 class=\"wp-block-heading\">Entradas<\/h3>\n\n\n\n<p><strong>(Publicaciones)<\/strong><\/p>\n\n\n\n<p>Es el contenido final de nuestras <strong>p\u00e1ginas<\/strong> o <strong>secciones<\/strong>, pueden tener asociada m\u00e1s de una <strong>categor\u00eda<\/strong>, si no le especificamos una, se guardar\u00e1n como parte de la categor\u00eda que trae <strong>WordPress<\/strong> por defecto <strong><em>Sin categor\u00eda<\/em><\/strong>. Podemos agregarles tantas <strong>etiquetas<\/strong> como sean necesarias.<\/p>\n\n\n\n<h3 class=\"wp-block-heading\">P\u00e1ginas<\/h3>\n\n\n\n<p><strong>(Contenido est\u00e1tico)<\/strong><\/p>\n\n\n\n<p>Son contenidos que dif\u00edcilmente van a cambiar, por ejm la secci\u00f3n de <em>Contacto<\/em> o <em>Acerca<\/em>. No se pueden asociar a <strong>categor\u00edas<\/strong> ni a <strong>etiquetas<\/strong>.<\/p>\n","protected":false},"excerpt":{"rendered":"<p>Taxonom\u00eda La taxonom\u00eda es la forma como WordPress estructura el contenido de nuestro sitio, y lo hace a trav\u00e9s de.<\/p>\n","protected":false},"author":1,"featured_media":0,"parent":1809,"menu_order":2,"comment_status":"closed","ping_status":"closed","template":"","meta":{"_uag_custom_page_level_css":"","site-sidebar-layout":"default","site-content-layout":"","ast-site-content-layout":"default","site-content-style":"default","site-sidebar-style":"default","ast-global-header-display":"","ast-banner-title-visibility":"","ast-main-header-display":"","ast-hfb-above-header-display":"","ast-hfb-below-header-display":"","ast-hfb-mobile-header-display":"","site-post-title":"","ast-breadcrumbs-content":"","ast-featured-img":"","footer-sml-layout":"","ast-disable-related-posts":"","theme-transparent-header-meta":"","adv-header-id-meta":"","stick-header-meta":"","header-above-stick-meta":"","header-main-stick-meta":"","header-below-stick-meta":"","astra-migrate-meta-layouts":"default","ast-page-background-enabled":"default","ast-page-background-meta":{"desktop":{"background-color":"var(--ast-global-color-4)","background-image":"","background-repeat":"repeat","background-position":"center center","background-size":"auto","background-attachment":"scroll","background-type":"","background-media":"","overlay-type":"","overlay-color":"","overlay-opacity":"","overlay-gradient":""},"tablet":{"background-color":"","background-image":"","background-repeat":"repeat","background-position":"center center","background-size":"auto","background-attachment":"scroll","background-type":"","background-media":"","overlay-type":"","overlay-color":"","overlay-opacity":"","overlay-gradient":""},"mobile":{"background-color":"","background-image":"","background-repeat":"repeat","background-position":"center center","background-size":"auto","background-attachment":"scroll","background-type":"","background-media":"","overlay-type":"","overlay-color":"","overlay-opacity":"","overlay-gradient":""}},"ast-content-background-meta":{"desktop":{"background-color":"var(--ast-global-color-5)","background-image":"","background-repeat":"repeat","background-position":"center center","background-size":"auto","background-attachment":"scroll","background-type":"","background-media":"","overlay-type":"","overlay-color":"","overlay-opacity":"","overlay-gradient":""},"tablet":{"background-color":"var(--ast-global-color-5)","background-image":"","background-repeat":"repeat","background-position":"center center","background-size":"auto","background-attachment":"scroll","background-type":"","background-media":"","overlay-type":"","overlay-color":"","overlay-opacity":"","overlay-gradient":""},"mobile":{"background-color":"var(--ast-global-color-5)","background-image":"","background-repeat":"repeat","background-position":"center center","background-size":"auto","background-attachment":"scroll","background-type":"","background-media":"","overlay-type":"","overlay-color":"","overlay-opacity":"","overlay-gradient":""}},"footnotes":""},"class_list":["post-1820","page","type-page","status-publish","hentry"],"uagb_featured_image_src":{"full":false,"thumbnail":false,"medium":false,"medium_large":false,"large":false,"1536x1536":false,"2048x2048":false},"uagb_author_info":{"display_name":"Sutil Web","author_link":"https:\/\/sutilweb.eu\/index.php\/author\/sutilweb\/"},"uagb_comment_info":0,"uagb_excerpt":"Taxonom\u00eda La taxonom\u00eda es la forma como WordPress estructura el contenido de nuestro sitio, y lo hace a trav\u00e9s de.","_links":{"self":[{"href":"https:\/\/sutilweb.eu\/index.php\/wp-json\/wp\/v2\/pages\/1820","targetHints":{"allow":["GET"]}}],"collection":[{"href":"https:\/\/sutilweb.eu\/index.php\/wp-json\/wp\/v2\/pages"}],"about":[{"href":"https:\/\/sutilweb.eu\/index.php\/wp-json\/wp\/v2\/types\/page"}],"author":[{"embeddable":true,"href":"https:\/\/sutilweb.eu\/index.php\/wp-json\/wp\/v2\/users\/1"}],"replies":[{"embeddable":true,"href":"https:\/\/sutilweb.eu\/index.php\/wp-json\/wp\/v2\/comments?post=1820"}],"version-history":[{"count":2,"href":"https:\/\/sutilweb.eu\/index.php\/wp-json\/wp\/v2\/pages\/1820\/revisions"}],"predecessor-version":[{"id":1822,"href":"https:\/\/sutilweb.eu\/index.php\/wp-json\/wp\/v2\/pages\/1820\/revisions\/1822"}],"up":[{"embeddable":true,"href":"https:\/\/sutilweb.eu\/index.php\/wp-json\/wp\/v2\/pages\/1809"}],"wp:attachment":[{"href":"https:\/\/sutilweb.eu\/index.php\/wp-json\/wp\/v2\/media?parent=1820"}],"curies":[{"name":"wp","href":"https:\/\/api.w.org\/{rel}","templated":true}]}}