{"id":1814,"date":"2024-08-03T08:33:35","date_gmt":"2024-08-03T06:33:35","guid":{"rendered":"https:\/\/blog.sutilweb.eu\/?page_id=1814"},"modified":"2024-08-03T08:33:36","modified_gmt":"2024-08-03T06:33:36","slug":"01-introduccion-a-wordpress","status":"publish","type":"page","link":"https:\/\/sutilweb.eu\/index.php\/cmss-frameworks\/wordpress-2\/wordpress-avanzado\/01-introduccion-a-wordpress\/","title":{"rendered":"01. Introducci\u00f3n a WordPress"},"content":{"rendered":"\n<p>Este es un curso en el que podr\u00e1s aprender <strong>WordPress<\/strong> desde cero, entendiendo todo lo que hace <strong>WordPress<\/strong> desde su ra\u00edz, e incluso podr\u00e1s crear tu propio tema <strong>WordPress<\/strong>. Comenzamos.<\/p>\n\n\n\n<h2 class=\"wp-block-heading\">Taxonom\u00eda<\/h2>\n\n\n\n<p>Es el concepto dentro de <strong>WordPress<\/strong> que nos va a permitir organizar y estructurar nuestra informaci\u00f3n. Muchas veces se da por hecho que uno entiende a la perfecci\u00f3n dicha taxonom\u00eda.<\/p>\n\n\n\n<!--more-->\n\n\n\n<h2 class=\"wp-block-heading\">Temas<\/h2>\n\n\n\n<ul class=\"wp-block-list\">\n<li>Presentaci\u00f3n<\/li>\n\n\n\n<li>Consideraciones<\/li>\n\n\n\n<li>CMS<\/li>\n\n\n\n<li>WordPress<\/li>\n<\/ul>\n\n\n\n<h3 class=\"wp-block-heading\">Consideraciones<\/h3>\n\n\n\n<ul class=\"wp-block-list\">\n<li>WordPress usa Backend<\/li>\n\n\n\n<li>PHP y MySQL<\/li>\n\n\n\n<li>Servidor Web<\/li>\n<\/ul>\n\n\n\n<p><strong>WordPresss<\/strong> es un <strong>CMS<\/strong> construido con <strong>PHP<\/strong>, por lo que para que funcione, debemos tener instalado un servidor web local o bien subir los archivos a un servidor remoto. Recomendamos utilizar <strong>XAMPP<\/strong> como <strong>servidor web local<\/strong>, aunque existen otras variedades como son <strong>MAMP<\/strong> o <strong>WAMP<\/strong>.<\/p>\n\n\n\n<h2 class=\"wp-block-heading\">Qu\u00e9 es un CMS<\/h2>\n\n\n\n<p>Se define como una aplicaci\u00f3n web que va a facilitar la <strong>producci\u00f3n y publicaci\u00f3n de contenido<\/strong>. Sus siglas en ingl\u00e9s son <strong>Content Manage System<\/strong> (<strong>Sistema&nbsp; gestor de contenido<\/strong>).<\/p>\n\n\n\n<blockquote class=\"wp-block-quote is-layout-flow wp-block-quote-is-layout-flow\">\n<p><strong>Nota<\/strong>: <strong>PHP<\/strong> es bien conocido por mezclar c\u00f3digo <strong>PHP<\/strong> con <strong>HTML<\/strong>, y en <strong>WordPress<\/strong> se cae mucho con esos detalles.<\/p>\n<\/blockquote>\n\n\n\n<h2 class=\"wp-block-heading\">Los CMSs m\u00e1s importantes<\/h2>\n\n\n\n<p>Los 3 CMS m\u00e1s importantes en la actualidad son:<\/p>\n\n\n\n<ul class=\"wp-block-list\">\n<li><strong>Joomla<\/strong>: tiene mucha comunidad.<\/li>\n\n\n\n<li><strong>Drupal<\/strong>: tiene menos comunidad en espa\u00f1ol, es muy buena opci\u00f3n para el desarrollo de sitios que tengan que gestionar una gran cantidad de contenido.<\/li>\n\n\n\n<li><strong>WordPress<\/strong>: la ruta de aprendizaje de los tres es la m\u00e1s sencilla. Tiene una gran comunidad en espa\u00f1ol.<\/li>\n<\/ul>\n\n\n\n<p>Lo utilizan muchos sitios importantes, como <strong>Rolling Stones<\/strong>, la <strong>Casablanca<\/strong>\u2026 <strong>WordPress<\/strong> tiene una comunidad muy activa. Es muy intuitivo y f\u00e1cil de entender y aprender. Es muy seguro.<\/p>\n\n\n\n<h2 class=\"wp-block-heading\">WordPress<\/h2>\n\n\n\n<p>Tiene dos grandes mundos<\/p>\n\n\n\n<ul class=\"wp-block-list\">\n<li>La parte comercial que se encuentra en\u00a0<a href=\"https:\/\/wordpress.com\/\">https:\/\/wordpress.com<\/a>.<\/li>\n\n\n\n<li>La parte gratuita o abierta en\u00a0<a href=\"https:\/\/wordpress.org\/\">https:\/\/wordpress.org<\/a>.<\/li>\n<\/ul>\n","protected":false},"excerpt":{"rendered":"<p>Este es un curso en el que podr\u00e1s aprender WordPress desde cero, entendiendo todo lo que hace WordPress desde su [&hellip;]<\/p>\n","protected":false},"author":1,"featured_media":0,"parent":1809,"menu_order":0,"comment_status":"closed","ping_status":"closed","template":"","meta":{"_uag_custom_page_level_css":"","site-sidebar-layout":"default","site-content-layout":"","ast-site-content-layout":"default","site-content-style":"default","site-sidebar-style":"default","ast-global-header-display":"","ast-banner-title-visibility":"","ast-main-header-display":"","ast-hfb-above-header-display":"","ast-hfb-below-header-display":"","ast-hfb-mobile-header-display":"","site-post-title":"","ast-breadcrumbs-content":"","ast-featured-img":"","footer-sml-layout":"","ast-disable-related-posts":"","theme-transparent-header-meta":"","adv-header-id-meta":"","stick-header-meta":"","header-above-stick-meta":"","header-main-stick-meta":"","header-below-stick-meta":"","astra-migrate-meta-layouts":"default","ast-page-background-enabled":"default","ast-page-background-meta":{"desktop":{"background-color":"var(--ast-global-color-4)","background-image":"","background-repeat":"repeat","background-position":"center center","background-size":"auto","background-attachment":"scroll","background-type":"","background-media":"","overlay-type":"","overlay-color":"","overlay-opacity":"","overlay-gradient":""},"tablet":{"background-color":"","background-image":"","background-repeat":"repeat","background-position":"center center","background-size":"auto","background-attachment":"scroll","background-type":"","background-media":"","overlay-type":"","overlay-color":"","overlay-opacity":"","overlay-gradient":""},"mobile":{"background-color":"","background-image":"","background-repeat":"repeat","background-position":"center center","background-size":"auto","background-attachment":"scroll","background-type":"","background-media":"","overlay-type":"","overlay-color":"","overlay-opacity":"","overlay-gradient":""}},"ast-content-background-meta":{"desktop":{"background-color":"var(--ast-global-color-5)","background-image":"","background-repeat":"repeat","background-position":"center center","background-size":"auto","background-attachment":"scroll","background-type":"","background-media":"","overlay-type":"","overlay-color":"","overlay-opacity":"","overlay-gradient":""},"tablet":{"background-color":"var(--ast-global-color-5)","background-image":"","background-repeat":"repeat","background-position":"center center","background-size":"auto","background-attachment":"scroll","background-type":"","background-media":"","overlay-type":"","overlay-color":"","overlay-opacity":"","overlay-gradient":""},"mobile":{"background-color":"var(--ast-global-color-5)","background-image":"","background-repeat":"repeat","background-position":"center center","background-size":"auto","background-attachment":"scroll","background-type":"","background-media":"","overlay-type":"","overlay-color":"","overlay-opacity":"","overlay-gradient":""}},"footnotes":""},"class_list":["post-1814","page","type-page","status-publish","hentry"],"uagb_featured_image_src":{"full":false,"thumbnail":false,"medium":false,"medium_large":false,"large":false,"1536x1536":false,"2048x2048":false},"uagb_author_info":{"display_name":"Sutil Web","author_link":"https:\/\/sutilweb.eu\/index.php\/author\/sutilweb\/"},"uagb_comment_info":0,"uagb_excerpt":"Este es un curso en el que podr\u00e1s aprender WordPress desde cero, entendiendo todo lo que hace WordPress desde su [&hellip;]","_links":{"self":[{"href":"https:\/\/sutilweb.eu\/index.php\/wp-json\/wp\/v2\/pages\/1814","targetHints":{"allow":["GET"]}}],"collection":[{"href":"https:\/\/sutilweb.eu\/index.php\/wp-json\/wp\/v2\/pages"}],"about":[{"href":"https:\/\/sutilweb.eu\/index.php\/wp-json\/wp\/v2\/types\/page"}],"author":[{"embeddable":true,"href":"https:\/\/sutilweb.eu\/index.php\/wp-json\/wp\/v2\/users\/1"}],"replies":[{"embeddable":true,"href":"https:\/\/sutilweb.eu\/index.php\/wp-json\/wp\/v2\/comments?post=1814"}],"version-history":[{"count":2,"href":"https:\/\/sutilweb.eu\/index.php\/wp-json\/wp\/v2\/pages\/1814\/revisions"}],"predecessor-version":[{"id":1816,"href":"https:\/\/sutilweb.eu\/index.php\/wp-json\/wp\/v2\/pages\/1814\/revisions\/1816"}],"up":[{"embeddable":true,"href":"https:\/\/sutilweb.eu\/index.php\/wp-json\/wp\/v2\/pages\/1809"}],"wp:attachment":[{"href":"https:\/\/sutilweb.eu\/index.php\/wp-json\/wp\/v2\/media?parent=1814"}],"curies":[{"name":"wp","href":"https:\/\/api.w.org\/{rel}","templated":true}]}}