{"id":1699,"date":"2024-08-02T11:13:25","date_gmt":"2024-08-02T09:13:25","guid":{"rendered":"https:\/\/blog.sutilweb.eu\/?page_id=1699"},"modified":"2024-08-02T11:13:26","modified_gmt":"2024-08-02T09:13:26","slug":"014-styled-components-single-file-components","status":"publish","type":"page","link":"https:\/\/sutilweb.eu\/index.php\/lenguajes\/javascript\/javascript-practico\/18-single-page-application-spa\/014-styled-components-single-file-components\/","title":{"rendered":"014. Styled Components &amp; Single File Components"},"content":{"rendered":"\n<p>En este cap\u00edtulo vamos a hacer la vista de contacto y vamos a ver como aplicar estilos en los componentes de nuestra <strong>SPA<\/strong> con un enfoque denominado <strong>Styled Components<\/strong>. De hecho los <strong>Styled Components<\/strong> se utilizan en otras librer\u00edas y <strong>framework<\/strong> como <strong>React<\/strong> o <strong>Angular<\/strong>. De hecho, existe una p\u00e1gina donde se puede ver como funcionan.<\/p>\n\n\n\n<!--more-->\n\n\n\n<ul class=\"wp-block-list\">\n<li><a href=\"https:\/\/styled-components.com\/\" target=\"_blank\" rel=\"noreferrer noopener\">https:\/\/styled-components.com\/<\/a><\/li>\n<\/ul>\n\n\n\n<p>En este cap\u00edtulo vamos a utilizar los Styled Components s\u00f3lo con Javascript, sin necesidad de ninguna librer\u00eda.<\/p>\n\n\n\n<p>Tambi\u00e9n vamos a crear un formulario de contacto, creando el componente ContactForm.js, el cual va a ser un elemento<\/p>\n\n\n\n<h2 class=\"wp-block-heading\">Archivos<\/h2>\n\n\n\n<p>Estos son todos los archivos del ejercicio que hemos venido realizando a lo largo de estos cap\u00edtulos dedicados a la Single Page Applicattions.<\/p>\n\n\n\n<div class=\"wp-block-file alignleft\"><a id=\"wp-block-file--media-7e6875ee-5ce4-465a-bbf8-a6eef520f693\" href=\"https:\/\/blog.sutilweb.eu\/wp-content\/uploads\/2024\/08\/spa-11.zip\">spa-11<\/a><a href=\"https:\/\/blog.sutilweb.eu\/wp-content\/uploads\/2024\/08\/spa-11.zip\" class=\"wp-block-file__button wp-element-button\" download aria-describedby=\"wp-block-file--media-7e6875ee-5ce4-465a-bbf8-a6eef520f693\">Descarga<\/a><\/div>\n","protected":false},"excerpt":{"rendered":"<p>En este cap\u00edtulo vamos a hacer la vista de contacto y vamos a ver como aplicar estilos en los componentes [&hellip;]<\/p>\n","protected":false},"author":1,"featured_media":0,"parent":1646,"menu_order":13,"comment_status":"closed","ping_status":"closed","template":"","meta":{"_uag_custom_page_level_css":"","site-sidebar-layout":"default","site-content-layout":"","ast-site-content-layout":"default","site-content-style":"default","site-sidebar-style":"default","ast-global-header-display":"","ast-banner-title-visibility":"","ast-main-header-display":"","ast-hfb-above-header-display":"","ast-hfb-below-header-display":"","ast-hfb-mobile-header-display":"","site-post-title":"","ast-breadcrumbs-content":"","ast-featured-img":"","footer-sml-layout":"","ast-disable-related-posts":"","theme-transparent-header-meta":"","adv-header-id-meta":"","stick-header-meta":"","header-above-stick-meta":"","header-main-stick-meta":"","header-below-stick-meta":"","astra-migrate-meta-layouts":"default","ast-page-background-enabled":"default","ast-page-background-meta":{"desktop":{"background-color":"var(--ast-global-color-4)","background-image":"","background-repeat":"repeat","background-position":"center center","background-size":"auto","background-attachment":"scroll","background-type":"","background-media":"","overlay-type":"","overlay-color":"","overlay-opacity":"","overlay-gradient":""},"tablet":{"background-color":"","background-image":"","background-repeat":"repeat","background-position":"center center","background-size":"auto","background-attachment":"scroll","background-type":"","background-media":"","overlay-type":"","overlay-color":"","overlay-opacity":"","overlay-gradient":""},"mobile":{"background-color":"","background-image":"","background-repeat":"repeat","background-position":"center center","background-size":"auto","background-attachment":"scroll","background-type":"","background-media":"","overlay-type":"","overlay-color":"","overlay-opacity":"","overlay-gradient":""}},"ast-content-background-meta":{"desktop":{"background-color":"var(--ast-global-color-5)","background-image":"","background-repeat":"repeat","background-position":"center center","background-size":"auto","background-attachment":"scroll","background-type":"","background-media":"","overlay-type":"","overlay-color":"","overlay-opacity":"","overlay-gradient":""},"tablet":{"background-color":"var(--ast-global-color-5)","background-image":"","background-repeat":"repeat","background-position":"center center","background-size":"auto","background-attachment":"scroll","background-type":"","background-media":"","overlay-type":"","overlay-color":"","overlay-opacity":"","overlay-gradient":""},"mobile":{"background-color":"var(--ast-global-color-5)","background-image":"","background-repeat":"repeat","background-position":"center center","background-size":"auto","background-attachment":"scroll","background-type":"","background-media":"","overlay-type":"","overlay-color":"","overlay-opacity":"","overlay-gradient":""}},"footnotes":""},"class_list":["post-1699","page","type-page","status-publish","hentry"],"uagb_featured_image_src":{"full":false,"thumbnail":false,"medium":false,"medium_large":false,"large":false,"1536x1536":false,"2048x2048":false},"uagb_author_info":{"display_name":"Sutil Web","author_link":"https:\/\/sutilweb.eu\/index.php\/author\/sutilweb\/"},"uagb_comment_info":0,"uagb_excerpt":"En este cap\u00edtulo vamos a hacer la vista de contacto y vamos a ver como aplicar estilos en los componentes [&hellip;]","_links":{"self":[{"href":"https:\/\/sutilweb.eu\/index.php\/wp-json\/wp\/v2\/pages\/1699","targetHints":{"allow":["GET"]}}],"collection":[{"href":"https:\/\/sutilweb.eu\/index.php\/wp-json\/wp\/v2\/pages"}],"about":[{"href":"https:\/\/sutilweb.eu\/index.php\/wp-json\/wp\/v2\/types\/page"}],"author":[{"embeddable":true,"href":"https:\/\/sutilweb.eu\/index.php\/wp-json\/wp\/v2\/users\/1"}],"replies":[{"embeddable":true,"href":"https:\/\/sutilweb.eu\/index.php\/wp-json\/wp\/v2\/comments?post=1699"}],"version-history":[{"count":2,"href":"https:\/\/sutilweb.eu\/index.php\/wp-json\/wp\/v2\/pages\/1699\/revisions"}],"predecessor-version":[{"id":1702,"href":"https:\/\/sutilweb.eu\/index.php\/wp-json\/wp\/v2\/pages\/1699\/revisions\/1702"}],"up":[{"embeddable":true,"href":"https:\/\/sutilweb.eu\/index.php\/wp-json\/wp\/v2\/pages\/1646"}],"wp:attachment":[{"href":"https:\/\/sutilweb.eu\/index.php\/wp-json\/wp\/v2\/media?parent=1699"}],"curies":[{"name":"wp","href":"https:\/\/api.w.org\/{rel}","templated":true}]}}